{"id":2248,"date":"2022-01-25T08:14:40","date_gmt":"2022-01-25T08:14:40","guid":{"rendered":"https:\/\/www.stoaktechnologies.com\/?page_id=2248"},"modified":"2024-08-26T12:40:48","modified_gmt":"2024-08-26T12:40:48","slug":"technology","status":"publish","type":"page","link":"https:\/\/www.stoaktechnologies.com\/pt\/casa\/about\/technology\/","title":{"rendered":"Tecnologia"},"content":{"rendered":"<div class=\"fusion-fullwidth fullwidth-box fusion-builder-row-1 fusion-flex-container nonhundred-percent-fullwidth non-hundred-percent-height-scrolling\" style=\"--awb-background-position:left top;--awb-border-sizes-top:0px;--awb-border-sizes-bottom:0px;--awb-border-sizes-left:0px;--awb-border-sizes-right:0px;--awb-border-radius-top-left:0px;--awb-border-radius-top-right:0px;--awb-border-radius-bottom-right:0px;--awb-border-radius-bottom-left:0px;--awb-padding-top:60px;--awb-padding-bottom:0px;--awb-padding-left:0px;--awb-padding-right-small:13px;--awb-padding-left-small:19px;--awb-margin-bottom:0px;--awb-flex-wrap:wrap;\" ><div class=\"fusion-builder-row fusion-row fusion-flex-align-items-stretch fusion-flex-justify-content-center fusion-flex-content-wrap\" style=\"max-width:1216.8px;margin-left: calc(-4% \/ 2 );margin-right: calc(-4% \/ 2 );\"><div class=\"fusion-layout-column fusion_builder_column fusion-builder-column-0 fusion_builder_column_1_1 1_1 fusion-flex-column\" style=\"--awb-bg-blend:overlay;--awb-bg-size:cover;--awb-width-large:100%;--awb-margin-top-large:0px;--awb-spacing-right-large:1.92%;--awb-margin-bottom-large:40px;--awb-spacing-left-large:1.92%;--awb-width-medium:100%;--awb-order-medium:0;--awb-spacing-right-medium:1.92%;--awb-spacing-left-medium:1.92%;--awb-width-small:100%;--awb-order-small:0;--awb-spacing-right-small:1.92%;--awb-spacing-left-small:1.92%;\"><div class=\"fusion-column-wrapper fusion-column-has-shadow fusion-flex-justify-content-flex-start fusion-content-layout-column\"><div class=\"fusion-title title fusion-title-1 fusion-sep-none fusion-title-text fusion-title-size-one\"><h1 class=\"fusion-title-heading title-heading-left fusion-responsive-typography-calculated\" style=\"margin:0;--fontSize:50;line-height:1.16;\">TECNOLOGIA<\/h1><\/div><div class=\"fusion-text fusion-text-1 payoff\" style=\"--awb-text-transform:none;\"><p>A base de nossos produtos<\/p>\n<\/div><div class=\"fusion-text fusion-text-2\" style=\"--awb-text-transform:none;\"><p>Stoak tem pesquisado e testado seus extratos naturais por mais de 15 anos, desenvolvendo processos de extra\u00e7\u00e3o de biotecnologia altamente precisos que s\u00e3o naturais e altamente eficazes no isolamento dos principais cong\u00eaneres e ingredientes ativos que podem transformar alimentos e bebidas.<\/p>\n<\/div><\/div><\/div><div class=\"fusion-layout-column fusion_builder_column fusion-builder-column-1 fusion_builder_column_1_1 1_1 fusion-flex-column\" style=\"--awb-bg-size:cover;--awb-width-large:100%;--awb-margin-top-large:0px;--awb-spacing-right-large:1.92%;--awb-margin-bottom-large:40px;--awb-spacing-left-large:1.92%;--awb-width-medium:100%;--awb-order-medium:0;--awb-spacing-right-medium:1.92%;--awb-spacing-left-medium:1.92%;--awb-width-small:100%;--awb-order-small:0;--awb-spacing-right-small:1.92%;--awb-spacing-left-small:1.92%;\"><div class=\"fusion-column-wrapper fusion-column-has-shadow fusion-flex-justify-content-flex-start fusion-content-layout-column\"><div class=\"fusion-title title fusion-title-2 fusion-sep-none fusion-title-text fusion-title-size-three\"><h3 class=\"fusion-title-heading title-heading-left fusion-responsive-typography-calculated\" style=\"margin:0;--fontSize:32;line-height:1.25;\">MADEIRA \u2013 ALQUIMIA ORG\u00c2NICA<\/h3><\/div><div class=\"fusion-text fusion-text-3 awb-text-cols fusion-text-columns-2\" style=\"--awb-text-transform:none;--awb-columns:2;--awb-column-spacing:2em;--awb-column-min-width:100px;\"><p>A madeira \u00e9 um material altamente complexo, composta por elementos essenciais, incluindo hemicelulose, lignina, taninos e lactonas. Os subconjuntos de madeira s\u00e3o chamados de cong\u00eaneres e s\u00e3o considerados os principais impulsionadores do que torna a madeira \u00fanica, especificamente a madeira de carvalho.<\/p>\n<p>Existem mais de 20.000 cong\u00eaneres contidos na madeira de carvalho, dos quais apenas algumas centenas s\u00e3o nomeados e a maioria deles \u00e9 amplamente desconhecida em termos de sua relev\u00e2ncia org\u00e2nica. \u00c9 nesses cong\u00eaneres-chave que nossa tecnologia se concentrou, n\u00e3o \u00e9 particularmente complicado realizar um extrato bot\u00e2nico, a ind\u00fastria de fragr\u00e2ncias e aromatizantes foi constru\u00edda em extratos, no entanto, como voc\u00ea extrai a magia chave da madeira de carvalho para fornecer solu\u00e7\u00f5es direcionadas ?<\/p>\n<p>Stoak levou muitos anos com uma equipe cient\u00edfica s\u00eanior para aperfei\u00e7oar seu m\u00e9todo de extra\u00e7\u00e3o que se concentra em dois conjuntos diferentes de cong\u00eaneres que nos permitem entregar a preserva\u00e7\u00e3o potente de alimentos e bebidas e em nosso conjunto de produtos separados a estrutura\u00e7\u00e3o e acabamento de vinho e esp\u00edritos.<\/p>\n<\/div><\/div><\/div><div class=\"fusion-layout-column fusion_builder_column fusion-builder-column-2 fusion_builder_column_1_2 1_2 fusion-flex-column\" style=\"--awb-bg-size:cover;--awb-width-large:50%;--awb-margin-top-large:0px;--awb-spacing-right-large:3.84%;--awb-margin-bottom-large:40px;--awb-spacing-left-large:3.84%;--awb-width-medium:100%;--awb-order-medium:0;--awb-spacing-right-medium:1.92%;--awb-spacing-left-medium:1.92%;--awb-width-small:100%;--awb-order-small:0;--awb-spacing-right-small:1.92%;--awb-spacing-left-small:1.92%;\"><div class=\"fusion-column-wrapper fusion-column-has-shadow fusion-flex-justify-content-flex-start fusion-content-layout-column\"><div class=\"fusion-title title fusion-title-3 fusion-sep-none fusion-title-text fusion-title-size-three\"><h3 class=\"fusion-title-heading title-heading-left fusion-responsive-typography-calculated\" style=\"margin:0;--fontSize:32;line-height:1.25;\">OAK WOOD, NATURES LI\u00c7\u00c3O EM RESILI\u00caNCIA<\/h3><\/div><div class=\"fusion-text fusion-text-4\" style=\"--awb-text-transform:none;\"><p>O carvalho mais antigo que existe hoje tem mais de 2.000 anos.<\/p>\n<p>Os principais constituintes existem na madeira dessas \u00e1rvores para garantir sua preserva\u00e7\u00e3o a longo prazo, evitando a podrid\u00e3o, mantendo a estrutura e apoiando um ecossistema saud\u00e1vel. Isso \u00e9 ainda mais not\u00e1vel quando voc\u00ea considera que as se\u00e7\u00f5es internas das \u00e1rvores n\u00e3o s\u00e3o mais essencialmente vivas, mas s\u00e3o capazes de se decompor e apodrecer. Como a \u00e1rvore continua em bom estado depois de uma d\u00e9cada ou um s\u00e9culo depois?<\/p>\n<p>Stoak foi capaz de identificar e extrair uma fam\u00edlia de cong\u00eaneres em um conservante natural e org\u00e2nico altamente concentrado para a ind\u00fastria de alimentos e bebidas.<\/p>\n<\/div><\/div><\/div><div class=\"fusion-layout-column fusion_builder_column fusion-builder-column-3 fusion_builder_column_1_2 1_2 fusion-flex-column\" style=\"--awb-bg-position:center center;--awb-bg-size:cover;--awb-width-large:50%;--awb-margin-top-large:0px;--awb-spacing-right-large:3.84%;--awb-margin-bottom-large:40px;--awb-spacing-left-large:3.84%;--awb-width-medium:100%;--awb-order-medium:0;--awb-spacing-right-medium:1.92%;--awb-spacing-left-medium:1.92%;--awb-width-small:100%;--awb-order-small:0;--awb-spacing-right-small:1.92%;--awb-spacing-left-small:1.92%;\"><div class=\"fusion-column-wrapper lazyload fusion-column-has-shadow fusion-flex-justify-content-flex-start fusion-content-layout-column fusion-empty-column-bg-image fusion-column-has-bg-image\" data-bg-url=\"https:\/\/www.stoaktechnologies.com\/wp-content\/uploads\/2022\/01\/avenue-g1af52538f_1920.jpg\" data-bg=\"https:\/\/www.stoaktechnologies.com\/wp-content\/uploads\/2022\/01\/avenue-g1af52538f_1920.jpg\"><img decoding=\"async\" class=\"fusion-empty-dims-img-placeholder fusion-no-large-visibility\" alt=\"O carvalho como conservante tem sido utilizado ao longo dos tempos para conservar l\u00edquidos\" aria-label=\"O carvalho como conservante ao longo dos tempos\" src=\"data:image\/svg+xml,%3Csvg%20xmlns%3D%27http%3A%2F%2Fwww.w3.org%2F2000%2Fsvg%27%20width%3D%271536%27%20height%3D%271024%27%20viewBox%3D%270%200%201536%201024%27%3E%3Crect%20width%3D%271536%27%20height%3D%271024%27%20fill-opacity%3D%220%22%2F%3E%3C%2Fsvg%3E\"><\/div><\/div><div class=\"fusion-layout-column fusion_builder_column fusion-builder-column-4 fusion_builder_column_1_2 1_2 fusion-flex-column\" style=\"--awb-bg-position:center center;--awb-bg-size:cover;--awb-width-large:50%;--awb-margin-top-large:0px;--awb-spacing-right-large:3.84%;--awb-margin-bottom-large:40px;--awb-spacing-left-large:3.84%;--awb-width-medium:100%;--awb-order-medium:0;--awb-spacing-right-medium:1.92%;--awb-spacing-left-medium:1.92%;--awb-width-small:100%;--awb-order-small:0;--awb-spacing-right-small:1.92%;--awb-spacing-left-small:1.92%;\"><div class=\"fusion-column-wrapper lazyload fusion-column-has-shadow fusion-flex-justify-content-flex-start fusion-content-layout-column fusion-empty-column-bg-image fusion-column-has-bg-image\" data-bg-url=\"https:\/\/www.stoaktechnologies.com\/wp-content\/uploads\/2021\/12\/barrels-52934.jpg\" data-bg=\"https:\/\/www.stoaktechnologies.com\/wp-content\/uploads\/2021\/12\/barrels-52934.jpg\"><img decoding=\"async\" class=\"fusion-empty-dims-img-placeholder fusion-no-large-visibility\" aria-label=\"barris-52934\" src=\"data:image\/svg+xml,%3Csvg%20xmlns%3D%27http%3A%2F%2Fwww.w3.org%2F2000%2Fsvg%27%20width%3D%271365%27%20height%3D%271024%27%20viewBox%3D%270%200%201365%201024%27%3E%3Crect%20width%3D%271365%27%20height%3D%271024%27%20fill-opacity%3D%220%22%2F%3E%3C%2Fsvg%3E\"><\/div><\/div><div class=\"fusion-layout-column fusion_builder_column fusion-builder-column-5 fusion_builder_column_1_2 1_2 fusion-flex-column\" style=\"--awb-bg-size:cover;--awb-width-large:50%;--awb-margin-top-large:0px;--awb-spacing-right-large:3.84%;--awb-margin-bottom-large:40px;--awb-spacing-left-large:3.84%;--awb-width-medium:100%;--awb-order-medium:0;--awb-spacing-right-medium:1.92%;--awb-spacing-left-medium:1.92%;--awb-width-small:100%;--awb-order-small:0;--awb-spacing-right-small:1.92%;--awb-spacing-left-small:1.92%;\"><div class=\"fusion-column-wrapper fusion-column-has-shadow fusion-flex-justify-content-flex-start fusion-content-layout-column\"><div class=\"fusion-title title fusion-title-4 fusion-sep-none fusion-title-text fusion-title-size-three\"><h3 class=\"fusion-title-heading title-heading-left fusion-responsive-typography-calculated\" style=\"margin:0;--fontSize:32;line-height:1.25;\">TAMBORES, UMA SOLU\u00c7\u00c3O PERFEITA PARA A HIST\u00d3RIA<\/h3><\/div><div class=\"fusion-text fusion-text-5\" style=\"--awb-text-transform:none;\"><p>Os barris de carvalho t\u00eam sido usados h\u00e1 milhares de anos, simples de fazer, \u00e0 prova d&#039;\u00e1gua, circulares e capazes de serem movidos facilmente e empilhados em um espa\u00e7o eficiente. Os barris foram a \u00fanica solu\u00e7\u00e3o de armazenamento em massa por muito tempo.<\/p>\n<p>Durante este tempo, habituamo-nos ao sabor que a aguardente e o vinho conferem ao armazenamento em barricas.<\/p>\n<p>Stoak foi capaz de extrair esses mesmos cong\u00eaneres de aroma, acabamento e matura\u00e7\u00e3o que permitem aos destiladores e vinicultores emular o processo de barrilagem.<\/p>\n<\/div><\/div><\/div><div class=\"fusion-layout-column fusion_builder_column fusion-builder-column-6 fusion_builder_column_1_2 1_2 fusion-flex-column\" style=\"--awb-bg-size:cover;--awb-width-large:50%;--awb-margin-top-large:0px;--awb-spacing-right-large:3.84%;--awb-margin-bottom-large:0px;--awb-spacing-left-large:3.84%;--awb-width-medium:100%;--awb-order-medium:0;--awb-spacing-right-medium:1.92%;--awb-spacing-left-medium:1.92%;--awb-width-small:100%;--awb-order-small:0;--awb-spacing-right-small:1.92%;--awb-spacing-left-small:1.92%;\"><div class=\"fusion-column-wrapper fusion-column-has-shadow fusion-flex-justify-content-flex-start fusion-content-layout-column\"><div class=\"fusion-title title fusion-title-5 fusion-sep-none fusion-title-text fusion-title-size-three\"><h3 class=\"fusion-title-heading title-heading-left fusion-responsive-typography-calculated\" style=\"margin:0;--fontSize:32;line-height:1.25;\">PESQUISA E DESENVOLVIMENTO EM ANDAMENTO<\/h3><\/div><div class=\"fusion-text fusion-text-6\" style=\"--awb-text-transform:none;\"><p>Stoak \u00e9 voltado para apoiar o conhecimento cont\u00ednuo, compreens\u00e3o e expans\u00e3o de nossa tecnologia de extra\u00e7\u00e3o e produtos.<\/p>\n<p>Desde nossa equipe t\u00e9cnica at\u00e9 nossa infraestrutura de vendas e suporte ao cliente, estamos constantemente desenvolvendo a tecnologia de aplica\u00e7\u00e3o e extra\u00e7\u00e3o.<\/p>\n<p>Nosso objetivo \u00e9 entender melhor como a natureza est\u00e1 agindo em nosso produto e como isso pode ajudar os clientes de alimentos e bebidas a cumprir seus desafios de estabilidade e desenvolvimento de produtos atuais e futuros, bem como economizar custos em processos de produ\u00e7\u00e3o essenciais.<\/p>\n<\/div><\/div><\/div><div class=\"fusion-layout-column fusion_builder_column fusion-builder-column-7 fusion_builder_column_1_2 1_2 fusion-flex-column\" style=\"--awb-bg-position:center center;--awb-bg-size:cover;--awb-width-large:50%;--awb-margin-top-large:0px;--awb-spacing-right-large:3.84%;--awb-margin-bottom-large:0px;--awb-spacing-left-large:3.84%;--awb-width-medium:100%;--awb-order-medium:0;--awb-spacing-right-medium:1.92%;--awb-spacing-left-medium:1.92%;--awb-width-small:100%;--awb-order-small:0;--awb-spacing-right-small:1.92%;--awb-spacing-left-small:1.92%;\"><div class=\"fusion-column-wrapper fusion-column-has-shadow fusion-flex-justify-content-flex-start fusion-content-layout-column\"><div class=\"fusion-video fusion-youtube\" style=\"--awb-max-width:600px;--awb-max-height:360px;\"><div class=\"video-shortcode\"><lite-youtube videoid=\"MNyFYHAnUwU\" class=\"landscape\" params=\"wmode=transparent&autoplay=1&enablejsapi=1\" title=\"Player de v\u00eddeo 1 do YouTube\" width=\"600\" height=\"360\" data-thumbnail-size=\"auto\" data-no-cookie=\"on\"><\/lite-youtube><\/div><\/div><\/div><\/div><\/div><\/div>","protected":false},"excerpt":{"rendered":"","protected":false},"author":10,"featured_media":1187,"parent":1154,"menu_order":3,"comment_status":"closed","ping_status":"closed","template":"100-width.php","meta":{"footnotes":""},"wf_page_folders":[41],"class_list":["post-2248","page","type-page","status-publish","has-post-thumbnail","hentry"],"_links":{"self":[{"href":"https:\/\/www.stoaktechnologies.com\/pt\/wp-json\/wp\/v2\/pages\/2248","targetHints":{"allow":["GET"]}}],"collection":[{"href":"https:\/\/www.stoaktechnologies.com\/pt\/wp-json\/wp\/v2\/pages"}],"about":[{"href":"https:\/\/www.stoaktechnologies.com\/pt\/wp-json\/wp\/v2\/types\/page"}],"author":[{"embeddable":true,"href":"https:\/\/www.stoaktechnologies.com\/pt\/wp-json\/wp\/v2\/users\/10"}],"replies":[{"embeddable":true,"href":"https:\/\/www.stoaktechnologies.com\/pt\/wp-json\/wp\/v2\/comments?post=2248"}],"version-history":[{"count":14,"href":"https:\/\/www.stoaktechnologies.com\/pt\/wp-json\/wp\/v2\/pages\/2248\/revisions"}],"predecessor-version":[{"id":2462,"href":"https:\/\/www.stoaktechnologies.com\/pt\/wp-json\/wp\/v2\/pages\/2248\/revisions\/2462"}],"up":[{"embeddable":true,"href":"https:\/\/www.stoaktechnologies.com\/pt\/wp-json\/wp\/v2\/pages\/1154"}],"wp:featuredmedia":[{"embeddable":true,"href":"https:\/\/www.stoaktechnologies.com\/pt\/wp-json\/wp\/v2\/media\/1187"}],"wp:attachment":[{"href":"https:\/\/www.stoaktechnologies.com\/pt\/wp-json\/wp\/v2\/media?parent=2248"}],"wp:term":[{"taxonomy":"wf_page_folders","embeddable":true,"href":"https:\/\/www.stoaktechnologies.com\/pt\/wp-json\/wp\/v2\/wf_page_folders?post=2248"}],"curies":[{"name":"wp","href":"https:\/\/api.w.org\/{rel}","templated":true}]}}