{"id":1335,"date":"2021-02-04T08:26:10","date_gmt":"2021-02-04T08:26:10","guid":{"rendered":"https:\/\/www.stoaktechnologies.com\/?page_id=1335"},"modified":"2024-08-26T12:59:53","modified_gmt":"2024-08-26T12:59:53","slug":"structan-finishing-tannins-2","status":"publish","type":"page","link":"https:\/\/www.stoaktechnologies.com\/pt\/products\/structan-finishing-tannins-2\/","title":{"rendered":"Taninos de acabamento estruturais"},"content":{"rendered":"<div class=\"fusion-fullwidth fullwidth-box fusion-builder-row-1 fusion-flex-container nonhundred-percent-fullwidth non-hundred-percent-height-scrolling\" style=\"--awb-background-position:left top;--awb-border-sizes-top:0px;--awb-border-sizes-bottom:0px;--awb-border-sizes-left:0px;--awb-border-sizes-right:0px;--awb-border-radius-top-left:0px;--awb-border-radius-top-right:0px;--awb-border-radius-bottom-right:0px;--awb-border-radius-bottom-left:0px;--awb-padding-top:60px;--awb-padding-bottom:0px;--awb-padding-left:0px;--awb-padding-right-small:13px;--awb-padding-left-small:19px;--awb-margin-bottom:0px;--awb-flex-wrap:wrap;\" ><div class=\"fusion-builder-row fusion-row fusion-flex-align-items-stretch fusion-flex-justify-content-center fusion-flex-content-wrap\" style=\"max-width:1216.8px;margin-left: calc(-4% \/ 2 );margin-right: calc(-4% \/ 2 );\"><div class=\"fusion-layout-column fusion_builder_column fusion-builder-column-0 fusion_builder_column_1_1 1_1 fusion-flex-column\" style=\"--awb-bg-blend:overlay;--awb-bg-size:cover;--awb-width-large:100%;--awb-margin-top-large:0px;--awb-spacing-right-large:1.92%;--awb-margin-bottom-large:40px;--awb-spacing-left-large:1.92%;--awb-width-medium:100%;--awb-order-medium:0;--awb-spacing-right-medium:1.92%;--awb-spacing-left-medium:1.92%;--awb-width-small:100%;--awb-order-small:0;--awb-spacing-right-small:1.92%;--awb-spacing-left-small:1.92%;\"><div class=\"fusion-column-wrapper fusion-column-has-shadow fusion-flex-justify-content-flex-start fusion-content-layout-column\"><div class=\"fusion-title title fusion-title-1 fusion-sep-none fusion-title-text fusion-title-size-one\"><h1 class=\"fusion-title-heading title-heading-left fusion-responsive-typography-calculated\" style=\"margin:0;--fontSize:50;line-height:1.16;\">TANINOS DE ACABAMENTO ESTRUTANO<\/h1><\/div><div class=\"fusion-text fusion-text-1 payoff\" style=\"--awb-text-transform:none;\"><p>Agente estruturante natural para o desenvolvimento do car\u00e1ter do vinho<\/p>\n<\/div><div class=\"fusion-text fusion-text-2\" style=\"--awb-text-transform:none;\"><p>A gama de taninos de finaliza\u00e7\u00e3o da Structan oferece estrutura, complexidade, equil\u00edbrio e sensa\u00e7\u00e3o na boca. Os en\u00f3logos que procuram a mais recente tecnologia na extra\u00e7\u00e3o de carvalhos concebidos para a m\u00e1xima facilidade na dosagem, sem necessidade de filtra\u00e7\u00e3o, 100% natural e biol\u00f3gico, t\u00eam agora acesso a um conjunto \u00fanico de ferramentas para estruturar, finalizar e aperfei\u00e7oar os seus vinhos.<\/p>\n<\/div><\/div><\/div><div class=\"fusion-layout-column fusion_builder_column fusion-builder-column-1 fusion_builder_column_1_1 1_1 fusion-flex-column\" style=\"--awb-bg-size:cover;--awb-width-large:100%;--awb-margin-top-large:0px;--awb-spacing-right-large:1.92%;--awb-margin-bottom-large:40px;--awb-spacing-left-large:1.92%;--awb-width-medium:100%;--awb-order-medium:0;--awb-spacing-right-medium:1.92%;--awb-spacing-left-medium:1.92%;--awb-width-small:100%;--awb-order-small:0;--awb-spacing-right-small:1.92%;--awb-spacing-left-small:1.92%;\"><div class=\"fusion-column-wrapper fusion-column-has-shadow fusion-flex-justify-content-flex-start fusion-content-layout-column\"><div class=\"fusion-title title fusion-title-2 fusion-sep-none fusion-title-text fusion-title-size-three\"><h3 class=\"fusion-title-heading title-heading-left fusion-responsive-typography-calculated\" style=\"margin:0;--fontSize:32;line-height:1.25;\">TERMINE SEU VINHO<\/h3><\/div><div class=\"fusion-text fusion-text-3 awb-text-cols fusion-text-columns-2\" style=\"--awb-text-transform:none;--awb-columns:2;--awb-column-spacing:2em;--awb-column-min-width:100px;\"><p>Structan foi desenvolvido como um tanino de acabamento usando carvalho franc\u00eas de 150 anos e carvalho americano de 90 anos, a mesma mat\u00e9ria-prima usada para fazer barris.<\/p>\n<p>Os mesmos cong\u00eaneres encontrados em um novo barril de carvalho s\u00e3o encontrados no Structan com consist\u00eancia e concentra\u00e7\u00e3o substancialmente melhoradas, contribuindo para um resultado mais eficiente e eficaz quando usado na produ\u00e7\u00e3o de vinho. Nosso processo de extra\u00e7\u00e3o \u00e9 altamente sequenciado, mas consagrado pelo tempo e n\u00e3o envolve produtos qu\u00edmicos ou ingredientes sint\u00e9ticos. \u00c9 por esta raz\u00e3o que todos os nossos produtos s\u00e3o certificados 100% natural e org\u00e2nico, essenciais para vinhos org\u00e2nicos e sem enxofre.<\/p>\n<\/div><div ><a class=\"fusion-button button-flat fusion-button-default-size button-default fusion-button-default button-1 fusion-button-default-span fusion-button-default-type\" style=\"--button_margin-top:40px;width:calc(100%);\" target=\"_blank\" rel=\"noopener noreferrer\" href=\"https:\/\/www.stoaktechnologies.com\/pt\/structan-finishing-tannins-2\/\"><span class=\"fusion-button-text awb-button__text awb-button__text--default\">CLIQUE AQUI PARA IR DIRETAMENTE PARA O SITE STRUCTAN\/WINESHIELD<\/span><\/a><\/div><\/div><\/div><div class=\"fusion-layout-column fusion_builder_column fusion-builder-column-2 fusion_builder_column_1_2 1_2 fusion-flex-column\" style=\"--awb-bg-size:cover;--awb-width-large:50%;--awb-margin-top-large:0px;--awb-spacing-right-large:3.84%;--awb-margin-bottom-large:40px;--awb-spacing-left-large:3.84%;--awb-width-medium:100%;--awb-order-medium:0;--awb-spacing-right-medium:1.92%;--awb-spacing-left-medium:1.92%;--awb-width-small:100%;--awb-order-small:0;--awb-spacing-right-small:1.92%;--awb-spacing-left-small:1.92%;\"><div class=\"fusion-column-wrapper fusion-column-has-shadow fusion-flex-justify-content-flex-start fusion-content-layout-column\"><div class=\"fusion-title title fusion-title-3 fusion-sep-none fusion-title-text fusion-title-size-three\"><h3 class=\"fusion-title-heading title-heading-left fusion-responsive-typography-calculated\" style=\"margin:0;--fontSize:32;line-height:1.25;\">PERFIS DE TANINOS EXCLUSIVOS<\/h3><\/div><div class=\"fusion-text fusion-text-4\" style=\"--awb-text-transform:none;\"><p>Os taninos enol\u00f3gicos s\u00e3o amplamente utilizados na ind\u00fastria do vinho para melhorar a qualidade do vinho. A maior parte deles \u00e9 fornecida por meio de produtos alternativos de carvalho, como lascas, aduelas e p\u00f3s, ou derivados de sementes de uva, nozes e outras fontes bot\u00e2nicas.<\/p>\n<p>A variedade de taninos enol\u00f3gicos de Structan oferece a profundidade, o car\u00e1ter, a estrutura e a sensa\u00e7\u00e3o na boca familiares que voc\u00ea encontraria em barris de carvalho. Structan \u00e9 usado para estruturar, desenvolver e real\u00e7ar os sabores e arom\u00e1ticos naturais do seu vinho e se ligar a antocianinas para melhorar a estabilidade da cor.<\/p>\n<p>O Strucan transmite os sentidos organol\u00e9pticos t\u00edpicos geralmente derivados da matura\u00e7\u00e3o em barris e \u00e9 composto por taninos Gallo-Ell\u00e1gicos extra\u00eddos do carvalho franc\u00eas e americano.<\/p>\n<\/div><div class=\"fusion-title title fusion-title-4 fusion-sep-none fusion-title-text fusion-title-size-three\"><h3 class=\"fusion-title-heading title-heading-left fusion-responsive-typography-calculated\" style=\"margin:0;--fontSize:32;line-height:1.25;\">GAMA DE VINHOS COMPLETA<\/h3><\/div><div class=\"fusion-text fusion-text-5\" style=\"--awb-text-transform:none;\"><p>A gama de taninos de acabamento Structan cobre todo o espectro de aplica\u00e7\u00f5es do vinho em vinhos tintos e brancos que s\u00e3o uma mistura de carvalho franc\u00eas e americano, com o vinho branco expressando menos cor e intensidade que o tinto.<\/p>\n<p>Tamb\u00e9m formulamos extratos franceses e americanos espec\u00edficos que oferecem as principais vantagens dessas duas variedades:<\/p>\n<p>Franc\u00eas \u2013 concentra-se mais na maior riqueza do palato m\u00e9dio<\/p>\n<p>Americano \u2013 oferece maior vanilina e compostos odor\u00edferos, proporcionando uma sensa\u00e7\u00e3o e aroma mais agressivos na boca.<\/p>\n<\/div><\/div><\/div><div class=\"fusion-layout-column fusion_builder_column fusion-builder-column-3 fusion_builder_column_1_2 1_2 fusion-flex-column\" style=\"--awb-bg-position:center center;--awb-bg-size:cover;--awb-width-large:50%;--awb-margin-top-large:0px;--awb-spacing-right-large:3.84%;--awb-margin-bottom-large:40px;--awb-spacing-left-large:3.84%;--awb-width-medium:100%;--awb-order-medium:0;--awb-spacing-right-medium:1.92%;--awb-spacing-left-medium:1.92%;--awb-width-small:100%;--awb-order-small:0;--awb-spacing-right-small:1.92%;--awb-spacing-left-small:1.92%;\"><div class=\"fusion-column-wrapper lazyload fusion-column-has-shadow fusion-flex-justify-content-flex-start fusion-content-layout-column fusion-empty-column-bg-image fusion-column-has-bg-image\" data-bg-url=\"https:\/\/www.stoaktechnologies.com\/wp-content\/uploads\/2022\/01\/corks.jpg\" data-bg=\"https:\/\/www.stoaktechnologies.com\/wp-content\/uploads\/2022\/01\/corks.jpg\"><img decoding=\"async\" class=\"fusion-empty-dims-img-placeholder fusion-no-large-visibility\" aria-label=\"rolhas\" src=\"data:image\/svg+xml,%3Csvg%20xmlns%3D%27http%3A%2F%2Fwww.w3.org%2F2000%2Fsvg%27%20width%3D%271536%27%20height%3D%271024%27%20viewBox%3D%270%200%201536%201024%27%3E%3Crect%20width%3D%271536%27%20height%3D%271024%27%20fill-opacity%3D%220%22%2F%3E%3C%2Fsvg%3E\"><\/div><\/div><div class=\"fusion-layout-column fusion_builder_column fusion-builder-column-4 fusion_builder_column_1_1 1_1 fusion-flex-column\" style=\"--awb-bg-size:cover;--awb-width-large:100%;--awb-margin-top-large:0px;--awb-spacing-right-large:1.92%;--awb-margin-bottom-large:40px;--awb-spacing-left-large:1.92%;--awb-width-medium:100%;--awb-order-medium:0;--awb-spacing-right-medium:1.92%;--awb-spacing-left-medium:1.92%;--awb-width-small:100%;--awb-order-small:0;--awb-spacing-right-small:1.92%;--awb-spacing-left-small:1.92%;\"><div class=\"fusion-column-wrapper fusion-column-has-shadow fusion-flex-justify-content-flex-start fusion-content-layout-column\"><div class=\"fusion-title title fusion-title-5 fusion-sep-none fusion-title-text fusion-title-size-three\"><h3 class=\"fusion-title-heading title-heading-left fusion-responsive-typography-calculated\" style=\"margin:0;--fontSize:32;line-height:1.25;\">N\u00c3O AQUOSO, UMA DISTIN\u00c7\u00c3O CR\u00cdTICA<\/h3><\/div><div class=\"fusion-text fusion-text-6 awb-text-cols fusion-text-columns-2\" style=\"--awb-text-transform:none;--awb-columns:2;--awb-column-spacing:2em;--awb-column-min-width:100px;\"><p>Os taninos aquosos s\u00e3o usados na vinifica\u00e7\u00e3o h\u00e1 muitos anos. Normalmente, esses taninos s\u00e3o derivados de fontes vegetais verdes e frescas, em muitos casos derivados de produtos de uva, a fim de extrair os taninos aquosos, a mat\u00e9ria-prima precisa ser macerada e aquecida at\u00e9 o ponto de se quebrar, perdendo muito do car\u00e1ter essencial que os produtores de vinho desejam em seu produto final.<\/p>\n<p>A gama de taninos n\u00e3o aquosos de Structan \u00e9 derivada apenas da madeira de carvalho envelhecida com o car\u00e1ter, profundidade e perfil t\u00edpicos que o barrilete traz. Nossos extratos est\u00e3o todos na forma l\u00edquida, mas mais pr\u00f3ximos da sensa\u00e7\u00e3o na boca desejada que o carvalho traz, muitos de nossos clientes dizem que \u00e9 muito superior do que qualquer coisa que eles tenham experimentado antes<\/p>\n<\/div><\/div><\/div><div class=\"fusion-layout-column fusion_builder_column fusion-builder-column-5 fusion_builder_column_1_1 1_1 fusion-flex-column\" style=\"--awb-bg-size:cover;--awb-width-large:100%;--awb-margin-top-large:0px;--awb-spacing-right-large:1.92%;--awb-margin-bottom-large:40px;--awb-spacing-left-large:1.92%;--awb-width-medium:100%;--awb-order-medium:0;--awb-spacing-right-medium:1.92%;--awb-spacing-left-medium:1.92%;--awb-width-small:100%;--awb-order-small:0;--awb-spacing-right-small:1.92%;--awb-spacing-left-small:1.92%;\"><div class=\"fusion-column-wrapper fusion-column-has-shadow fusion-flex-justify-content-flex-start fusion-content-layout-column\"><div class=\"fusion-title title fusion-title-6 fusion-sep-none fusion-title-text fusion-title-size-three\"><h3 class=\"fusion-title-heading title-heading-left fusion-responsive-typography-calculated\" style=\"margin:0;--fontSize:32;line-height:1.25;\">A\u00c7\u00c3O MOLECULAR DE NOSSA GAMA DE CARVALHO L\u00cdQUIDO<\/h3><\/div><div class=\"fusion-text fusion-text-7 awb-text-cols fusion-text-columns-2\" style=\"--awb-text-transform:none;--awb-columns:2;--awb-column-spacing:2em;--awb-column-min-width:100px;\"><p>Os extratos de Stoak s\u00e3o todos na forma l\u00edquida altamente concentrada, o que traz grandes benef\u00edcios para nossos clientes, pois significa adi\u00e7\u00e3o simples, sem mistura, prepara\u00e7\u00e3o, bagun\u00e7a ou confus\u00e3o. O extrato entra em a\u00e7\u00e3o imediatamente, uma vez que se envolve com o produto imediatamente em um n\u00edvel molecular, permitindo uma integra\u00e7\u00e3o r\u00e1pida e previs\u00edvel.<\/p>\n<p>N\u00e3o h\u00e1 riscos de escalpelamento normalmente associados a p\u00f3s, sem necessidade de circula\u00e7\u00e3o prolongada associada a s\u00f3lidos e sem necessidade de filtra\u00e7\u00e3o p\u00f3s-adi\u00e7\u00e3o, basta adicionar, bombear e permitir que nosso extrato fa\u00e7a seu trabalho.<\/p>\n<\/div><\/div><\/div><div class=\"fusion-layout-column fusion_builder_column fusion-builder-column-6 fusion_builder_column_1_1 1_1 fusion-flex-column\" style=\"--awb-bg-size:cover;--awb-width-large:100%;--awb-margin-top-large:0px;--awb-spacing-right-large:1.92%;--awb-margin-bottom-large:40px;--awb-spacing-left-large:1.92%;--awb-width-medium:100%;--awb-order-medium:0;--awb-spacing-right-medium:1.92%;--awb-spacing-left-medium:1.92%;--awb-width-small:100%;--awb-order-small:0;--awb-spacing-right-small:1.92%;--awb-spacing-left-small:1.92%;\"><div class=\"fusion-column-wrapper fusion-column-has-shadow fusion-flex-justify-content-flex-start fusion-content-layout-column\"><div class=\"fusion-title title fusion-title-7 fusion-sep-none fusion-title-text fusion-title-size-three\"><h3 class=\"fusion-title-heading title-heading-left fusion-responsive-typography-calculated\" style=\"margin:0;--fontSize:32;line-height:1.25;\">100% NATURAL E SEGURO<\/h3><\/div><div class=\"fusion-text fusion-text-8 awb-text-cols fusion-text-columns-2\" style=\"--awb-text-transform:none;--awb-columns:2;--awb-column-spacing:2em;--awb-column-min-width:100px;\"><p>Todos os nossos produtos s\u00e3o certificados como org\u00e2nicos e registrados como GRAS (geralmente reconhecido como seguro), eles se enquadram na categoria de corantes, aromatizantes e materiais de mistura inofensivos e s\u00e3o adequados para uso em uma ampla variedade de produtos aliment\u00edcios e bebidas.<\/p>\n<p>Ser org\u00e2nico registrado significa que voc\u00ea tem a tranquilidade de saber que nossos produtos s\u00e3o seguros para uso em seus produtos, ao mesmo tempo que garante que estamos em conformidade com qualquer certifica\u00e7\u00e3o org\u00e2nica que voc\u00ea tenha ou esteja se inscrevendo.<\/p>\n<p>Os produtos Stoak possuem certifica\u00e7\u00f5es adicionais, incluindo N\u00e3o Al\u00e9rgico, N\u00e3o OGM, Kosher, Sem metais pesados e pesticidas, Kosher, Halal e muito mais.<\/p>\n<\/div><\/div><\/div><div class=\"fusion-layout-column fusion_builder_column fusion-builder-column-7 fusion_builder_column_1_1 1_1 fusion-flex-column\" style=\"--awb-bg-size:cover;--awb-width-large:100%;--awb-margin-top-large:0px;--awb-spacing-right-large:1.92%;--awb-margin-bottom-large:40px;--awb-spacing-left-large:1.92%;--awb-width-medium:100%;--awb-order-medium:0;--awb-spacing-right-medium:1.92%;--awb-spacing-left-medium:1.92%;--awb-width-small:100%;--awb-order-small:0;--awb-spacing-right-small:1.92%;--awb-spacing-left-small:1.92%;\"><div class=\"fusion-column-wrapper fusion-column-has-shadow fusion-flex-justify-content-flex-start fusion-content-layout-column\"><div class=\"fusion-title title fusion-title-8 fusion-sep-none fusion-title-text fusion-title-size-three\"><h3 class=\"fusion-title-heading title-heading-left fusion-responsive-typography-calculated\" style=\"margin:0;--fontSize:32;line-height:1.25;\">PESQUISA E DESENVOLVIMENTO EM ANDAMENTO<\/h3><\/div><div class=\"fusion-text fusion-text-9 awb-text-cols fusion-text-columns-2\" style=\"--awb-text-transform:none;--awb-columns:2;--awb-column-spacing:2em;--awb-column-min-width:100px;\"><p>A organiza\u00e7\u00e3o Stoak \u00e9 voltada para apoiar o conhecimento cont\u00ednuo, a compreens\u00e3o e a expans\u00e3o de nossa tecnologia de extra\u00e7\u00e3o e produtos.<\/p>\n<p>Desde nossa equipe t\u00e9cnica at\u00e9 nossa infraestrutura de vendas e suporte ao cliente, estamos constantemente desenvolvendo a tecnologia de aplica\u00e7\u00e3o e extra\u00e7\u00e3o.<\/p>\n<p>Nosso objetivo \u00e9 entender melhor como a natureza est\u00e1 agindo em nosso produto e como isso pode ajudar os clientes de alimentos e bebidas a cumprir seus desafios de estabilidade e desenvolvimento de produtos atuais e futuros, bem como economizar custos em processos de produ\u00e7\u00e3o essenciais.<\/p>\n<\/div><\/div><\/div><div class=\"fusion-layout-column fusion_builder_column fusion-builder-column-8 fusion_builder_column_1_2 1_2 fusion-flex-column\" style=\"--awb-bg-size:cover;--awb-width-large:50%;--awb-margin-top-large:0px;--awb-spacing-right-large:3.84%;--awb-margin-bottom-large:0px;--awb-spacing-left-large:3.84%;--awb-width-medium:100%;--awb-order-medium:0;--awb-spacing-right-medium:1.92%;--awb-spacing-left-medium:1.92%;--awb-width-small:100%;--awb-order-small:0;--awb-spacing-right-small:1.92%;--awb-spacing-left-small:1.92%;\"><div class=\"fusion-column-wrapper fusion-column-has-shadow fusion-flex-justify-content-flex-start fusion-content-layout-column\"><div class=\"fusion-title title fusion-title-9 fusion-sep-none fusion-title-text fusion-title-size-three\"><h3 class=\"fusion-title-heading title-heading-left fusion-responsive-typography-calculated\" style=\"margin:0;--fontSize:32;line-height:1.25;\">SEM SABOR, COR OU AROMA ADICIONADO<\/h3><\/div><div class=\"fusion-text fusion-text-10\" style=\"--awb-text-transform:none;\"><p>Nossos produtos de preserva\u00e7\u00e3o foram exaustivamente testados para garantir que n\u00e3o interfiram de forma alguma com sua receita existente ou perfil de produto.<\/p>\n<p>A linha de conservantes Stoak foi especificamente formulada e extra\u00edda para garantir que nosso objetivo seja apenas os cong\u00eaneres, taninos e fen\u00f3is especificamente voltados para a preserva\u00e7\u00e3o, n\u00e3o o sabor.<\/p>\n<p>As taxas de dosagem s\u00e3o extremamente baixas e os testes foram realizados em tipos de alimentos extremamente sens\u00edveis, sem altera\u00e7\u00f5es identific\u00e1veis. Trabalhamos em estreita colabora\u00e7\u00e3o com todos os nossos clientes para garantir que todas as preocupa\u00e7\u00f5es sejam gerenciadas na fase de teste.<\/p>\n<\/div><div class=\"fusion-title title fusion-title-10 fusion-sep-none fusion-title-text fusion-title-size-three\"><h3 class=\"fusion-title-heading title-heading-left fusion-responsive-typography-calculated\" style=\"margin:0;--fontSize:32;line-height:1.25;\">ASSIST\u00caNCIA E TESTE DE BESPOKE<\/h3><\/div><div class=\"fusion-text fusion-text-11\" style=\"--awb-text-transform:none;\"><p>A Stoak se envolve regularmente com seus clientes para avaliar e testar os requisitos exclusivos de suas equipes de desenvolvimento de produtos. Isso envolve a formula\u00e7\u00e3o do produto, an\u00e1lise de variantes de extrato, bem como testes de aplica\u00e7\u00e3o do produto.<\/p>\n<p>Temos protocolos de trilha, white papers e programas configurados para realizar avalia\u00e7\u00f5es e testes completos para fornecer prova de conceito e an\u00e1lise de estabilidade com nossos clientes. Em todos os casos, trabalhamos lado a lado com o cliente desenvolvendo a mistura certa de ingredientes para usar em seus produtos.<\/p>\n<\/div><\/div><\/div><div class=\"fusion-layout-column fusion_builder_column fusion-builder-column-9 fusion_builder_column_1_2 1_2 fusion-flex-column\" style=\"--awb-bg-position:center center;--awb-bg-size:cover;--awb-width-large:50%;--awb-margin-top-large:0px;--awb-spacing-right-large:3.84%;--awb-margin-bottom-large:0px;--awb-spacing-left-large:3.84%;--awb-width-medium:100%;--awb-order-medium:0;--awb-spacing-right-medium:1.92%;--awb-spacing-left-medium:1.92%;--awb-width-small:100%;--awb-order-small:0;--awb-spacing-right-small:1.92%;--awb-spacing-left-small:1.92%;\"><div class=\"fusion-column-wrapper lazyload fusion-column-has-shadow fusion-flex-justify-content-flex-start fusion-content-layout-column fusion-empty-column-bg-image fusion-column-has-bg-image\" data-bg-url=\"https:\/\/www.stoaktechnologies.com\/wp-content\/uploads\/2022\/02\/test-214185_1280.jpg\" data-bg=\"https:\/\/www.stoaktechnologies.com\/wp-content\/uploads\/2022\/02\/test-214185_1280.jpg\"><img decoding=\"async\" class=\"fusion-empty-dims-img-placeholder fusion-no-large-visibility\" aria-label=\"teste-214185_1280\" src=\"data:image\/svg+xml,%3Csvg%20xmlns%3D%27http%3A%2F%2Fwww.w3.org%2F2000%2Fsvg%27%20width%3D%271280%27%20height%3D%27847%27%20viewBox%3D%270%200%201280%20847%27%3E%3Crect%20width%3D%271280%27%20height%3D%27847%27%20fill-opacity%3D%220%22%2F%3E%3C%2Fsvg%3E\"><\/div><\/div><\/div><\/div>","protected":false},"excerpt":{"rendered":"","protected":false},"author":1,"featured_media":2388,"parent":2390,"menu_order":0,"comment_status":"closed","ping_status":"closed","template":"100-width.php","meta":{"footnotes":""},"wf_page_folders":[41],"class_list":["post-1335","page","type-page","status-publish","has-post-thumbnail","hentry"],"_links":{"self":[{"href":"https:\/\/www.stoaktechnologies.com\/pt\/wp-json\/wp\/v2\/pages\/1335","targetHints":{"allow":["GET"]}}],"collection":[{"href":"https:\/\/www.stoaktechnologies.com\/pt\/wp-json\/wp\/v2\/pages"}],"about":[{"href":"https:\/\/www.stoaktechnologies.com\/pt\/wp-json\/wp\/v2\/types\/page"}],"author":[{"embeddable":true,"href":"https:\/\/www.stoaktechnologies.com\/pt\/wp-json\/wp\/v2\/users\/1"}],"replies":[{"embeddable":true,"href":"https:\/\/www.stoaktechnologies.com\/pt\/wp-json\/wp\/v2\/comments?post=1335"}],"version-history":[{"count":32,"href":"https:\/\/www.stoaktechnologies.com\/pt\/wp-json\/wp\/v2\/pages\/1335\/revisions"}],"predecessor-version":[{"id":4468,"href":"https:\/\/www.stoaktechnologies.com\/pt\/wp-json\/wp\/v2\/pages\/1335\/revisions\/4468"}],"up":[{"embeddable":true,"href":"https:\/\/www.stoaktechnologies.com\/pt\/wp-json\/wp\/v2\/pages\/2390"}],"wp:featuredmedia":[{"embeddable":true,"href":"https:\/\/www.stoaktechnologies.com\/pt\/wp-json\/wp\/v2\/media\/2388"}],"wp:attachment":[{"href":"https:\/\/www.stoaktechnologies.com\/pt\/wp-json\/wp\/v2\/media?parent=1335"}],"wp:term":[{"taxonomy":"wf_page_folders","embeddable":true,"href":"https:\/\/www.stoaktechnologies.com\/pt\/wp-json\/wp\/v2\/wf_page_folders?post=1335"}],"curies":[{"name":"wp","href":"https:\/\/api.w.org\/{rel}","templated":true}]}}