{"id":1076,"date":"2021-02-01T11:10:43","date_gmt":"2021-02-01T11:10:43","guid":{"rendered":"https:\/\/www.stoaktechnologies.com\/?page_id=1076"},"modified":"2024-08-26T12:46:25","modified_gmt":"2024-08-26T12:46:25","slug":"expertise","status":"publish","type":"page","link":"https:\/\/www.stoaktechnologies.com\/pt\/expertise\/","title":{"rendered":"Per\u00edcia"},"content":{"rendered":"<div class=\"fusion-fullwidth fullwidth-box fusion-builder-row-1 fusion-flex-container nonhundred-percent-fullwidth non-hundred-percent-height-scrolling\" style=\"--awb-background-position:left top;--awb-border-sizes-top:0px;--awb-border-sizes-bottom:0px;--awb-border-sizes-left:0px;--awb-border-sizes-right:0px;--awb-border-radius-top-left:0px;--awb-border-radius-top-right:0px;--awb-border-radius-bottom-right:0px;--awb-border-radius-bottom-left:0px;--awb-padding-top:60px;--awb-padding-bottom:0px;--awb-padding-left:0px;--awb-padding-right-small:13px;--awb-padding-left-small:19px;--awb-margin-bottom:0px;--awb-flex-wrap:wrap;\" ><div class=\"fusion-builder-row fusion-row fusion-flex-align-items-stretch fusion-flex-justify-content-center fusion-flex-content-wrap\" style=\"max-width:1216.8px;margin-left: calc(-4% \/ 2 );margin-right: calc(-4% \/ 2 );\"><div class=\"fusion-layout-column fusion_builder_column fusion-builder-column-0 fusion_builder_column_1_1 1_1 fusion-flex-column\" style=\"--awb-bg-blend:overlay;--awb-bg-size:cover;--awb-width-large:100%;--awb-margin-top-large:0px;--awb-spacing-right-large:1.92%;--awb-margin-bottom-large:40px;--awb-spacing-left-large:1.92%;--awb-width-medium:100%;--awb-order-medium:0;--awb-spacing-right-medium:1.92%;--awb-spacing-left-medium:1.92%;--awb-width-small:100%;--awb-order-small:0;--awb-spacing-right-small:1.92%;--awb-spacing-left-small:1.92%;\"><div class=\"fusion-column-wrapper fusion-column-has-shadow fusion-flex-justify-content-flex-start fusion-content-layout-column\"><div class=\"fusion-title title fusion-title-1 fusion-sep-none fusion-title-text fusion-title-size-one\"><h1 class=\"fusion-title-heading title-heading-left fusion-responsive-typography-calculated\" style=\"margin:0;--fontSize:50;line-height:1.16;\">PER\u00cdCIA<\/h1><\/div><div class=\"fusion-text fusion-text-1 payoff\" style=\"--awb-text-transform:none;\"><p>A base de nossos produtos<\/p>\n<\/div><div class=\"fusion-text fusion-text-2\" style=\"--awb-text-transform:none;\"><p>A Stoak pesquisa e testa seus extratos naturais h\u00e1 mais de 15 anos, desenvolvendo processos de extra\u00e7\u00e3o precisos que s\u00e3o naturais e altamente eficazes no isolamento dos principais cong\u00eaneres e ingredientes ativos que podem transformar as bebidas.<\/p>\n<\/div><\/div><\/div><div class=\"fusion-layout-column fusion_builder_column fusion-builder-column-1 fusion_builder_column_1_1 1_1 fusion-flex-column\" style=\"--awb-bg-size:cover;--awb-width-large:100%;--awb-margin-top-large:0px;--awb-spacing-right-large:1.92%;--awb-margin-bottom-large:40px;--awb-spacing-left-large:1.92%;--awb-width-medium:100%;--awb-order-medium:0;--awb-spacing-right-medium:1.92%;--awb-spacing-left-medium:1.92%;--awb-width-small:100%;--awb-order-small:0;--awb-spacing-right-small:1.92%;--awb-spacing-left-small:1.92%;\"><div class=\"fusion-column-wrapper fusion-column-has-shadow fusion-flex-justify-content-flex-start fusion-content-layout-column\"><div class=\"fusion-title title fusion-title-2 fusion-sep-none fusion-title-text fusion-title-size-three\"><h3 class=\"fusion-title-heading title-heading-left fusion-responsive-typography-calculated\" style=\"margin:0;--fontSize:32;line-height:1.25;\">SOLU\u00c7\u00d5ES ALIMENTARES MODERNAS<\/h3><\/div><div class=\"fusion-text fusion-text-3 awb-text-cols fusion-text-columns-2\" style=\"--awb-text-transform:none;--awb-columns:2;--awb-column-spacing:2em;--awb-column-min-width:100px;\"><p>As demandas regulat\u00f3rias e de clientes nas ind\u00fastrias de alimentos e bebidas s\u00e3o din\u00e2micas e desafiadoras. As demandas por solu\u00e7\u00f5es mais saud\u00e1veis, naturais e n\u00e3o sint\u00e9ticas representam um fardo crescente para as empresas inovarem e desenvolverem continuamente novas solu\u00e7\u00f5es para atender \u00e0 demanda em constante mudan\u00e7a.<\/p>\n<p>A Stoak tem trabalhado em conjunto com clientes da ind\u00fastria aliment\u00edcia por muitos anos na cria\u00e7\u00e3o de aplica\u00e7\u00f5es novas e inovadoras de nossos extratos de madeira de carvalho. Aplicamos nossa tecnologia a uma ampla gama de ind\u00fastrias onde os clientes procuram solu\u00e7\u00f5es exclusivas para problemas que as abordagens tradicionais simplesmente n\u00e3o conseguem resolver.<\/p>\n<\/div><\/div><\/div><div class=\"fusion-layout-column fusion_builder_column fusion-builder-column-2 fusion_builder_column_1_2 1_2 fusion-flex-column\" style=\"--awb-bg-size:cover;--awb-width-large:50%;--awb-margin-top-large:0px;--awb-spacing-right-large:3.84%;--awb-margin-bottom-large:40px;--awb-spacing-left-large:3.84%;--awb-width-medium:100%;--awb-order-medium:0;--awb-spacing-right-medium:1.92%;--awb-spacing-left-medium:1.92%;--awb-width-small:100%;--awb-order-small:0;--awb-spacing-right-small:1.92%;--awb-spacing-left-small:1.92%;\"><div class=\"fusion-column-wrapper fusion-column-has-shadow fusion-flex-justify-content-flex-start fusion-content-layout-column\"><div class=\"fusion-title title fusion-title-3 fusion-sep-none fusion-title-text fusion-title-size-three\"><h3 class=\"fusion-title-heading title-heading-left fusion-responsive-typography-calculated\" style=\"margin:0;--fontSize:32;line-height:1.25;\">UM INVESTIMENTO NO FUTURO<\/h3><\/div><div class=\"fusion-text fusion-text-4\" style=\"--awb-text-transform:none;\"><p>A Stoak investiu em ampla tecnologia, mat\u00e9rias-primas e infraestrutura para garantir que os produtos que vendemos atendam \u00e0 \u00e9tica de pureza e preserva\u00e7\u00e3o. Acreditamos que os alimentos e bebidas que consumimos devem ser o mais pr\u00f3ximo poss\u00edvel da natureza. Por esta raz\u00e3o, todas as nossas mat\u00e9rias-primas s\u00e3o cultivadas e mantidas de forma sustent\u00e1vel e respons\u00e1vel.<\/p>\n<p>Da mesma forma, nosso processo de produ\u00e7\u00e3o n\u00e3o faz uso de quaisquer produtos qu\u00edmicos ou ingredientes n\u00e3o naturais, nosso processo de extra\u00e7\u00e3o enquanto complexo \u00e9 projetado inteiramente em torno do \u00fanico objetivo de ser sustent\u00e1vel, sens\u00edvel e natural, ausente de todos os insumos e processos sint\u00e9ticos ou n\u00e3o naturais.<\/p>\n<p>Reunimo-nos regularmente com nossos fornecedores para garantir que nossa cadeia de insumos de qualidade seja mantida, de modo que possamos continuar a garantir aos nossos clientes e seus clientes extratos naturais e solu\u00e7\u00f5es da mais alta qualidade.<\/p>\n<\/div><div class=\"fusion-title title fusion-title-4 fusion-sep-none fusion-title-text fusion-title-size-three\"><h3 class=\"fusion-title-heading title-heading-left fusion-responsive-typography-calculated\" style=\"margin:0;--fontSize:32;line-height:1.25;\">PADR\u00d5ES E PR\u00c1TICAS DE QUALIDADE<\/h3><\/div><div class=\"fusion-text fusion-text-5\" style=\"--awb-text-transform:none;\"><p>Temos foco nos padr\u00f5es de qualidade em toda a nossa organiza\u00e7\u00e3o, isso est\u00e1 embutido em nossos processos, nossas atitudes e nossas certifica\u00e7\u00f5es.<\/p>\n<p>A conformidade total com os padr\u00f5es alimentares e o acompanhamento e rastreamento em todos os processos s\u00e3o de import\u00e2ncia cr\u00edtica, assim como o ensaio e a an\u00e1lise de cada lote produzido.<\/p>\n<p>Trabalhamos lado a lado com nossos parceiros de distribui\u00e7\u00e3o global e clientes para garantir que isso seja mantido em toda a cadeia de abastecimento do produto final de alimentos ou bebidas, isso proporciona aos nossos clientes a tranquilidade que o uso ou conjunto de produtos traz.<\/p>\n<\/div><\/div><\/div><div class=\"fusion-layout-column fusion_builder_column fusion-builder-column-3 fusion_builder_column_1_2 1_2 fusion-flex-column\" style=\"--awb-bg-position:center center;--awb-bg-size:cover;--awb-width-large:50%;--awb-margin-top-large:0px;--awb-spacing-right-large:3.84%;--awb-margin-bottom-large:40px;--awb-spacing-left-large:3.84%;--awb-width-medium:100%;--awb-order-medium:0;--awb-spacing-right-medium:1.92%;--awb-spacing-left-medium:1.92%;--awb-width-small:100%;--awb-order-small:0;--awb-spacing-right-small:1.92%;--awb-spacing-left-small:1.92%;\"><div class=\"fusion-column-wrapper lazyload fusion-column-has-shadow fusion-flex-justify-content-flex-start fusion-content-layout-column fusion-empty-column-bg-image fusion-column-has-bg-image\" data-bg-url=\"https:\/\/www.stoaktechnologies.com\/wp-content\/uploads\/2021\/02\/RD-e1612189914882.jpg\" data-bg=\"https:\/\/www.stoaktechnologies.com\/wp-content\/uploads\/2021\/02\/RD-e1612189914882.jpg\"><img decoding=\"async\" class=\"fusion-empty-dims-img-placeholder fusion-no-large-visibility\" aria-label=\"P&amp;D\" src=\"data:image\/svg+xml,%3Csvg%20xmlns%3D%27http%3A%2F%2Fwww.w3.org%2F2000%2Fsvg%27%20width%3D%27348%27%20height%3D%27348%27%20viewBox%3D%270%200%20348%20348%27%3E%3Crect%20width%3D%27348%27%20height%3D%27348%27%20fill-opacity%3D%220%22%2F%3E%3C%2Fsvg%3E\"><\/div><\/div><div class=\"fusion-layout-column fusion_builder_column fusion-builder-column-4 fusion_builder_column_1_1 1_1 fusion-flex-column\" style=\"--awb-bg-size:cover;--awb-width-large:100%;--awb-margin-top-large:0px;--awb-spacing-right-large:1.92%;--awb-margin-bottom-large:0px;--awb-spacing-left-large:1.92%;--awb-width-medium:100%;--awb-order-medium:0;--awb-spacing-right-medium:1.92%;--awb-spacing-left-medium:1.92%;--awb-width-small:100%;--awb-order-small:0;--awb-spacing-right-small:1.92%;--awb-spacing-left-small:1.92%;\"><div class=\"fusion-column-wrapper fusion-column-has-shadow fusion-flex-justify-content-flex-start fusion-content-layout-column\"><div class=\"fusion-title title fusion-title-5 fusion-sep-none fusion-title-text fusion-title-size-three\"><h3 class=\"fusion-title-heading title-heading-left fusion-responsive-typography-calculated\" style=\"margin:0;--fontSize:32;line-height:1.25;\">CONFORMIDADE, ACREDITA\u00c7\u00c3O E APROVA\u00c7\u00d5ES<\/h3><\/div><div class=\"fusion-text fusion-text-6 awb-text-cols fusion-text-columns-2\" style=\"--awb-text-transform:none;--awb-columns:2;--awb-column-spacing:2em;--awb-column-min-width:100px;\"><p>A Stoak investiu um esfor\u00e7o significativo para garantir que atendesse a toda seguran\u00e7a de alimentos e bebidas e conformidade de qualidade. Esses controles e regulamentos rigorosos abrangem uma ampla gama de \u00e1reas comerciais e de produ\u00e7\u00e3o, desde nossos processos at\u00e9 nossos sistemas de gerenciamento de rastreamento e rastreamento, qualidade e seguran\u00e7a. Esses registros n\u00e3o s\u00e3o apenas para atender aos padr\u00f5es b\u00e1sicos, mas s\u00e3o a base do nosso compromisso com nossos clientes e seus clientes.<\/p>\n<p>Todas as conformidades s\u00e3o anualmente auditadas, revisadas e assinadas por empresas de valida\u00e7\u00e3o independentes credenciadas e autorizadas.<\/p>\n<p>A Stoak alcan\u00e7ou a seguinte conformidade, onde todas as conformidades s\u00e3o atuais e licenciadas sem nenhum problema material registrado.<\/p>\n<\/div><\/div><\/div><div class=\"fusion-layout-column fusion_builder_column fusion-builder-column-5 fusion_builder_column_1_1 1_1 fusion-flex-column\" style=\"--awb-bg-size:cover;--awb-width-large:100%;--awb-margin-top-large:0px;--awb-spacing-right-large:1.92%;--awb-margin-bottom-large:40px;--awb-spacing-left-large:1.92%;--awb-width-medium:100%;--awb-order-medium:0;--awb-spacing-right-medium:1.92%;--awb-spacing-left-medium:1.92%;--awb-width-small:100%;--awb-order-small:0;--awb-spacing-right-small:1.92%;--awb-spacing-left-small:1.92%;\"><div class=\"fusion-column-wrapper fusion-column-has-shadow fusion-flex-justify-content-flex-start fusion-content-layout-column\"><div class=\"fusion-title title fusion-title-6 fusion-sep-none fusion-title-text fusion-title-size-three\"><h3 class=\"fusion-title-heading title-heading-left fusion-responsive-typography-calculated\" style=\"margin:0;--fontSize:32;line-height:1.25;\">ASSIST\u00caNCIA E TESTE DE BESPOKE<\/h3><\/div><div class=\"fusion-text fusion-text-7 awb-text-cols fusion-text-columns-2\" style=\"--awb-text-transform:none;--awb-columns:2;--awb-column-spacing:2em;--awb-column-min-width:100px;\"><p>A Stoak se envolve regularmente com seus clientes para avaliar e testar os requisitos exclusivos de suas equipes de desenvolvimento de produtos. Isso envolve a formula\u00e7\u00e3o do produto, an\u00e1lise de variantes de extrato, bem como testes de aplica\u00e7\u00e3o do produto.<\/p>\n<p>Temos protocolos de trilha, white papers e programas configurados para realizar avalia\u00e7\u00f5es e testes completos para fornecer prova de conceito e an\u00e1lise de estabilidade com nossos clientes. Em todos os casos, trabalhamos lado a lado com o cliente desenvolvendo a mistura certa de ingredientes para usar em seus produtos.<\/p>\n<\/div><\/div><\/div><div class=\"fusion-layout-column fusion_builder_column fusion-builder-column-6 fusion_builder_column_1_1 1_1 fusion-flex-column\" style=\"--awb-bg-size:cover;--awb-width-large:100%;--awb-margin-top-large:0px;--awb-spacing-right-large:1.92%;--awb-margin-bottom-large:0px;--awb-spacing-left-large:1.92%;--awb-width-medium:100%;--awb-order-medium:0;--awb-spacing-right-medium:1.92%;--awb-spacing-left-medium:1.92%;--awb-width-small:100%;--awb-order-small:0;--awb-spacing-right-small:1.92%;--awb-spacing-left-small:1.92%;\"><div class=\"fusion-column-wrapper fusion-column-has-shadow fusion-flex-justify-content-flex-start fusion-content-layout-column\"><div class=\"fusion-title title fusion-title-7 fusion-sep-none fusion-title-text fusion-title-size-three\"><h3 class=\"fusion-title-heading title-heading-left fusion-responsive-typography-calculated\" style=\"margin:0;--fontSize:32;line-height:1.25;\">PESQUISA E DESENVOLVIMENTO EM ANDAMENTO<\/h3><\/div><div class=\"fusion-text fusion-text-8 awb-text-cols fusion-text-columns-2\" style=\"--awb-text-transform:none;--awb-columns:2;--awb-column-spacing:2em;--awb-column-min-width:100px;\"><p>A organiza\u00e7\u00e3o Stoak \u00e9 voltada para apoiar o conhecimento cont\u00ednuo, a compreens\u00e3o e a expans\u00e3o de nossa tecnologia de extra\u00e7\u00e3o e produtos.<\/p>\n<p>Desde nossa equipe t\u00e9cnica at\u00e9 nossa infraestrutura de vendas e suporte ao cliente, estamos constantemente desenvolvendo a tecnologia de aplica\u00e7\u00e3o e extra\u00e7\u00e3o.<\/p>\n<p>Nosso objetivo \u00e9 entender melhor como a natureza est\u00e1 agindo em nosso produto e como isso pode ajudar os clientes de alimentos e bebidas a cumprir seus desafios de estabilidade e desenvolvimento de produtos atuais e futuros, bem como economizar custos em processos de produ\u00e7\u00e3o essenciais.<\/p>\n<\/div><\/div><\/div><\/div><\/div>","protected":false},"excerpt":{"rendered":"","protected":false},"author":1,"featured_media":2422,"parent":0,"menu_order":10,"comment_status":"closed","ping_status":"closed","template":"100-width.php","meta":{"footnotes":""},"wf_page_folders":[41],"class_list":["post-1076","page","type-page","status-publish","has-post-thumbnail","hentry"],"_links":{"self":[{"href":"https:\/\/www.stoaktechnologies.com\/pt\/wp-json\/wp\/v2\/pages\/1076","targetHints":{"allow":["GET"]}}],"collection":[{"href":"https:\/\/www.stoaktechnologies.com\/pt\/wp-json\/wp\/v2\/pages"}],"about":[{"href":"https:\/\/www.stoaktechnologies.com\/pt\/wp-json\/wp\/v2\/types\/page"}],"author":[{"embeddable":true,"href":"https:\/\/www.stoaktechnologies.com\/pt\/wp-json\/wp\/v2\/users\/1"}],"replies":[{"embeddable":true,"href":"https:\/\/www.stoaktechnologies.com\/pt\/wp-json\/wp\/v2\/comments?post=1076"}],"version-history":[{"count":48,"href":"https:\/\/www.stoaktechnologies.com\/pt\/wp-json\/wp\/v2\/pages\/1076\/revisions"}],"predecessor-version":[{"id":4438,"href":"https:\/\/www.stoaktechnologies.com\/pt\/wp-json\/wp\/v2\/pages\/1076\/revisions\/4438"}],"wp:featuredmedia":[{"embeddable":true,"href":"https:\/\/www.stoaktechnologies.com\/pt\/wp-json\/wp\/v2\/media\/2422"}],"wp:attachment":[{"href":"https:\/\/www.stoaktechnologies.com\/pt\/wp-json\/wp\/v2\/media?parent=1076"}],"wp:term":[{"taxonomy":"wf_page_folders","embeddable":true,"href":"https:\/\/www.stoaktechnologies.com\/pt\/wp-json\/wp\/v2\/wf_page_folders?post=1076"}],"curies":[{"name":"wp","href":"https:\/\/api.w.org\/{rel}","templated":true}]}}