{"id":1337,"date":"2021-02-04T08:26:27","date_gmt":"2021-02-04T08:26:27","guid":{"rendered":"https:\/\/www.stoaktechnologies.com\/?page_id=1337"},"modified":"2024-08-26T12:44:58","modified_gmt":"2024-08-26T12:44:58","slug":"wlt-150-barrel-solutions","status":"publish","type":"page","link":"https:\/\/www.stoaktechnologies.com\/it\/products\/wlt-150-barrel-solutions\/","title":{"rendered":"WLT-150 Soluzioni per la sostituzione della canna"},"content":{"rendered":"<div class=\"fusion-fullwidth fullwidth-box fusion-builder-row-1 fusion-flex-container nonhundred-percent-fullwidth non-hundred-percent-height-scrolling\" style=\"--awb-background-position:left top;--awb-border-sizes-top:0px;--awb-border-sizes-bottom:0px;--awb-border-sizes-left:0px;--awb-border-sizes-right:0px;--awb-border-radius-top-left:0px;--awb-border-radius-top-right:0px;--awb-border-radius-bottom-right:0px;--awb-border-radius-bottom-left:0px;--awb-padding-top:60px;--awb-padding-bottom:0px;--awb-padding-left:0px;--awb-padding-right-small:13px;--awb-padding-left-small:19px;--awb-margin-bottom:0px;--awb-flex-wrap:wrap;\" ><div class=\"fusion-builder-row fusion-row fusion-flex-align-items-stretch fusion-flex-justify-content-center fusion-flex-content-wrap\" style=\"max-width:1216.8px;margin-left: calc(-4% \/ 2 );margin-right: calc(-4% \/ 2 );\"><div class=\"fusion-layout-column fusion_builder_column fusion-builder-column-0 fusion_builder_column_1_1 1_1 fusion-flex-column\" style=\"--awb-bg-blend:overlay;--awb-bg-size:cover;--awb-width-large:100%;--awb-margin-top-large:0px;--awb-spacing-right-large:1.92%;--awb-margin-bottom-large:40px;--awb-spacing-left-large:1.92%;--awb-width-medium:100%;--awb-order-medium:0;--awb-spacing-right-medium:1.92%;--awb-spacing-left-medium:1.92%;--awb-width-small:100%;--awb-order-small:0;--awb-spacing-right-small:1.92%;--awb-spacing-left-small:1.92%;\"><div class=\"fusion-column-wrapper fusion-column-has-shadow fusion-flex-justify-content-flex-start fusion-content-layout-column\"><div class=\"fusion-title title fusion-title-1 fusion-sep-none fusion-title-text fusion-title-size-one\"><h1 class=\"fusion-title-heading title-heading-left fusion-responsive-typography-calculated\" style=\"margin:0;--fontSize:50;line-height:1.16;\">LIQUORI INVECCHIAMENTO<\/h1><\/div><div class=\"fusion-text fusion-text-1 payoff\" style=\"--awb-text-transform:none;\"><p>Trasforma i tuoi spiriti<\/p>\n<\/div><div class=\"fusion-text fusion-text-2\" style=\"--awb-text-transform:none;\"><p>WLT150 ha la capacit\u00e0 di trasformare la tua attivit\u00e0, i tuoi processi e, in definitiva, gli alcolici di qualit\u00e0 che produci.<\/p>\n<\/div><\/div><\/div><div class=\"fusion-layout-column fusion_builder_column fusion-builder-column-1 fusion_builder_column_1_1 1_1 fusion-flex-column\" style=\"--awb-bg-size:cover;--awb-width-large:100%;--awb-margin-top-large:0px;--awb-spacing-right-large:1.92%;--awb-margin-bottom-large:40px;--awb-spacing-left-large:1.92%;--awb-width-medium:100%;--awb-order-medium:0;--awb-spacing-right-medium:1.92%;--awb-spacing-left-medium:1.92%;--awb-width-small:100%;--awb-order-small:0;--awb-spacing-right-small:1.92%;--awb-spacing-left-small:1.92%;\"><div class=\"fusion-column-wrapper fusion-column-has-shadow fusion-flex-justify-content-flex-start fusion-content-layout-column\"><div class=\"fusion-title title fusion-title-2 fusion-sep-none fusion-title-text fusion-title-size-three\"><h3 class=\"fusion-title-heading title-heading-left fusion-responsive-typography-calculated\" style=\"margin:0;--fontSize:32;line-height:1.25;\">ECCEZIONALE MATURIT\u00c0, LEVIGATURA E COLORE<\/h3><\/div><div class=\"fusion-text fusion-text-3 awb-text-cols fusion-text-columns-2\" style=\"--awb-text-transform:none;--awb-columns:2;--awb-column-spacing:2em;--awb-column-min-width:100px;\"><p>L&#039;industria dell&#039;alcol ha utilizzato per secoli botti di rovere francese e americano vecchie di 150 anni come un modo efficace per conservare e trasportare i prodotti di liquori. Si \u00e8 scoperto nel tempo che la bevanda alcolica conservata in queste botti di rovere conferiva profili gustativi di legno desiderati e complessi e aromi ricchi.<\/p>\n<p>Stoak estrae sia i congeneri aromatici (carattere di quercia) che quelli di maturazione contenuti nel legno e li converte in una forma liquida altamente concentrata ed efficace. Rilasciato nei tuoi distillati, WLT150 \u00e8 in grado di aggiungere il colore, la maturazione e il carattere che si trovano nei tipici processi di invecchiamento in botte.<\/p>\n<\/div><div ><a class=\"fusion-button button-flat fusion-button-default-size button-default fusion-button-default button-1 fusion-button-default-span fusion-button-default-type\" style=\"--button_margin-top:40px;width:calc(100%);\" target=\"_blank\" rel=\"noopener noreferrer\" href=\"https:\/\/www.stoaktechnologies.com\/it\/wlt150\/\"><span class=\"fusion-button-text awb-button__text awb-button__text--default\">CLICCA QUI PER ANDARE DIRETTAMENTE AL SITO WLT150<\/span><\/a><\/div><\/div><\/div><div class=\"fusion-layout-column fusion_builder_column fusion-builder-column-2 fusion_builder_column_1_2 1_2 fusion-flex-column\" style=\"--awb-bg-size:cover;--awb-width-large:50%;--awb-margin-top-large:0px;--awb-spacing-right-large:3.84%;--awb-margin-bottom-large:40px;--awb-spacing-left-large:3.84%;--awb-width-medium:100%;--awb-order-medium:0;--awb-spacing-right-medium:1.92%;--awb-spacing-left-medium:1.92%;--awb-width-small:100%;--awb-order-small:0;--awb-spacing-right-small:1.92%;--awb-spacing-left-small:1.92%;\"><div class=\"fusion-column-wrapper fusion-column-has-shadow fusion-flex-justify-content-flex-start fusion-content-layout-column\"><div class=\"fusion-title title fusion-title-3 fusion-sep-none fusion-title-text fusion-title-size-three\"><h3 class=\"fusion-title-heading title-heading-left fusion-responsive-typography-calculated\" style=\"margin:0;--fontSize:32;line-height:1.25;\">LAVORARE CON LE VOSTRE BOTTI<\/h3><\/div><div class=\"fusion-text fusion-text-4\" style=\"--awb-text-transform:none;\"><p>Come molte industrie, i distillatori sono sottoposti a una crescente pressione finanziaria, soprattutto quando devono finanziare la sostituzione annuale dei barili, una parte significativa del costo di produzione degli alcolici. Molti distillatori scelgono di ridurre il numero di barili che sostituiscono annualmente nel tentativo di contenere i costi, tuttavia i barili pi\u00f9 vecchi semplicemente non funzionano pi\u00f9 cos\u00ec come i barili nuovi e questa non \u00e8 una relazione lineare.<\/p>\n<p>WLT150 contiene gli stessi componenti principali che si trovano nel tradizionale processo di maturazione invecchiata in botte. Quindi il WLT-150 funziona con i programmi di barriccatura esistenti, i distillatori stanno optando per ritardare la sostituzione dei vecchi barili e aggiungere WLT150 nella miscela finale per ottenere un prodotto finito coerente e complesso.<\/p>\n<\/div><div class=\"fusion-title title fusion-title-4 fusion-sep-none fusion-title-text fusion-title-size-three\"><h3 class=\"fusion-title-heading title-heading-left fusion-responsive-typography-calculated\" style=\"margin:0;--fontSize:32;line-height:1.25;\">FORNIRE GLI STESSI ELEMENTI IN LEGNO DI ROVERE<\/h3><\/div><div class=\"fusion-text fusion-text-5\" style=\"--awb-text-transform:none;\"><p>La ricerca sull&#039;invecchiamento della quercia ha identificato i principali marcatori chimici che vengono impartiti dal processo di barricatura.<\/p>\n<p>Attraverso gli stessi processi analitici che incorporano la cromatografia liquida ad alta pressione (HPLC), la gascromatografia e la spettrometria di massa, il WLT150 \u00e8 in grado di fornire una quantit\u00e0 enorme degli stessi composti sottostanti mostrati nella ricerca.<\/p>\n<p>Ci\u00f2 dimostra che, sebbene non affermiamo che esista un sostituto per l&#039;invecchiamento degli alcolici in botte, il WLT150 \u00e8 in grado di aiutare il distillatore a raffinare, bilanciare e completare il processo in botte con gli stessi composti e risultati ottenuti da una botte.<\/p>\n<\/div><\/div><\/div><div class=\"fusion-layout-column fusion_builder_column fusion-builder-column-3 fusion_builder_column_1_2 1_2 fusion-flex-column\" style=\"--awb-bg-position:center center;--awb-bg-size:cover;--awb-width-large:50%;--awb-margin-top-large:0px;--awb-spacing-right-large:3.84%;--awb-margin-bottom-large:40px;--awb-spacing-left-large:3.84%;--awb-width-medium:100%;--awb-order-medium:0;--awb-spacing-right-medium:1.92%;--awb-spacing-left-medium:1.92%;--awb-width-small:100%;--awb-order-small:0;--awb-spacing-right-small:1.92%;--awb-spacing-left-small:1.92%;\"><div class=\"fusion-column-wrapper lazyload fusion-column-has-shadow fusion-flex-justify-content-flex-start fusion-content-layout-column fusion-empty-column-bg-image fusion-column-has-bg-image\" data-bg-url=\"https:\/\/www.stoaktechnologies.com\/wp-content\/uploads\/2018\/02\/glass-of-whiskey1.png\" data-bg=\"https:\/\/www.stoaktechnologies.com\/wp-content\/uploads\/2018\/02\/glass-of-whiskey1.png\"><img decoding=\"async\" class=\"fusion-empty-dims-img-placeholder fusion-no-large-visibility\" aria-label=\"Whisky invecchiato con estratti di quercia\" src=\"data:image\/svg+xml,%3Csvg%20xmlns%3D%27http%3A%2F%2Fwww.w3.org%2F2000%2Fsvg%27%20width%3D%27632%27%20height%3D%27750%27%20viewBox%3D%270%200%20632%20750%27%3E%3Crect%20width%3D%27632%27%20height%3D%27750%27%20fill-opacity%3D%220%22%2F%3E%3C%2Fsvg%3E\"><\/div><\/div><div class=\"fusion-layout-column fusion_builder_column fusion-builder-column-4 fusion_builder_column_1_1 1_1 fusion-flex-column\" style=\"--awb-bg-size:cover;--awb-width-large:100%;--awb-margin-top-large:0px;--awb-spacing-right-large:1.92%;--awb-margin-bottom-large:40px;--awb-spacing-left-large:1.92%;--awb-width-medium:100%;--awb-order-medium:0;--awb-spacing-right-medium:1.92%;--awb-spacing-left-medium:1.92%;--awb-width-small:100%;--awb-order-small:0;--awb-spacing-right-small:1.92%;--awb-spacing-left-small:1.92%;\"><div class=\"fusion-column-wrapper fusion-column-has-shadow fusion-flex-justify-content-flex-start fusion-content-layout-column\"><div class=\"fusion-title title fusion-title-5 fusion-sep-none fusion-title-text fusion-title-size-three\"><h3 class=\"fusion-title-heading title-heading-left fusion-responsive-typography-calculated\" style=\"margin:0;--fontSize:32;line-height:1.25;\">PRODOTTI A SPETTRO COMPLETO<\/h3><\/div><div class=\"fusion-text fusion-text-6 awb-text-cols fusion-text-columns-2\" style=\"--awb-text-transform:none;--awb-columns:2;--awb-column-spacing:2em;--awb-column-min-width:100px;\"><p>WLT-150 Blend incorpora il meglio del rovere francese e americano, offrendo legno, vaniglia e altri componenti aromatici.<\/p>\n<p>WLT-150 French \u00e8 realizzato in rovere francese di 150 anni e conferisce sapori pi\u00f9 sottili e tannini pi\u00f9 solidi, ma pi\u00f9 setosi che forniscono note di spezie, vaniglia e fumo per una maggiore ricchezza del palato medio.<\/p>\n<p>WLT-150 American \u00e8 realizzato con rovere americano di 90 anni, che \u00e8 pi\u00f9 dolce e contiene pi\u00f9 composti di vanillina e conferisce aromi e sapori pi\u00f9 evidenti, pi\u00f9 forti e pi\u00f9 dolci. Questi includono cocco, spezie dolci e aneto.<\/p>\n<\/div><\/div><\/div><div class=\"fusion-layout-column fusion_builder_column fusion-builder-column-5 fusion_builder_column_1_1 1_1 fusion-flex-column\" style=\"--awb-bg-size:cover;--awb-width-large:100%;--awb-margin-top-large:0px;--awb-spacing-right-large:1.92%;--awb-margin-bottom-large:40px;--awb-spacing-left-large:1.92%;--awb-width-medium:100%;--awb-order-medium:0;--awb-spacing-right-medium:1.92%;--awb-spacing-left-medium:1.92%;--awb-width-small:100%;--awb-order-small:0;--awb-spacing-right-small:1.92%;--awb-spacing-left-small:1.92%;\"><div class=\"fusion-column-wrapper fusion-column-has-shadow fusion-flex-justify-content-flex-start fusion-content-layout-column\"><div class=\"fusion-title title fusion-title-6 fusion-sep-none fusion-title-text fusion-title-size-three\"><h3 class=\"fusion-title-heading title-heading-left fusion-responsive-typography-calculated\" style=\"margin:0;--fontSize:32;line-height:1.25;\">AZIONE MOLECOLARE DELLA NOSTRA GAMMA ROVERE LIQUIDO<\/h3><\/div><div class=\"fusion-text fusion-text-7 awb-text-cols fusion-text-columns-2\" style=\"--awb-text-transform:none;--awb-columns:2;--awb-column-spacing:2em;--awb-column-min-width:100px;\"><p>Gli estratti di Stoak sono tutti in forma liquida altamente concentrata, questo ha grandi vantaggi per i nostri clienti in quanto significa semplice aggiunta senza miscelazione, preparazione, confusione o confusione. L&#039;estratto si attiva immediatamente poich\u00e9 interagisce immediatamente con il prodotto a livello molecolare consentendo un&#039;integrazione rapida e prevedibile.<\/p>\n<p>Non ci sono rischi di scalping normalmente associati alle polveri, nessuna necessit\u00e0 di una lunga circolazione associata ai solidi e nessun requisito per la filtrazione post-aggiunta, \u00e8 sufficiente aggiungere, pompare e lasciare che il nostro estratto faccia il suo lavoro.<\/p>\n<\/div><\/div><\/div><div class=\"fusion-layout-column fusion_builder_column fusion-builder-column-6 fusion_builder_column_1_1 1_1 fusion-flex-column\" style=\"--awb-bg-size:cover;--awb-width-large:100%;--awb-margin-top-large:0px;--awb-spacing-right-large:1.92%;--awb-margin-bottom-large:40px;--awb-spacing-left-large:1.92%;--awb-width-medium:100%;--awb-order-medium:0;--awb-spacing-right-medium:1.92%;--awb-spacing-left-medium:1.92%;--awb-width-small:100%;--awb-order-small:0;--awb-spacing-right-small:1.92%;--awb-spacing-left-small:1.92%;\"><div class=\"fusion-column-wrapper fusion-column-has-shadow fusion-flex-justify-content-flex-start fusion-content-layout-column\"><div class=\"fusion-title title fusion-title-7 fusion-sep-none fusion-title-text fusion-title-size-three\"><h3 class=\"fusion-title-heading title-heading-left fusion-responsive-typography-calculated\" style=\"margin:0;--fontSize:32;line-height:1.25;\">100% NATURALE E SICURO<\/h3><\/div><div class=\"fusion-text fusion-text-8 awb-text-cols fusion-text-columns-2\" style=\"--awb-text-transform:none;--awb-columns:2;--awb-column-spacing:2em;--awb-column-min-width:100px;\"><p>Tutti i nostri prodotti sono certificati biologici e registrati come GRAS (generalmente riconosciuto come sicuro), rientrano nella categoria di coloranti, aromi e miscele innocui e sono adatti per l&#039;uso in un&#039;ampia variet\u00e0 di prodotti alimentari e bevande.<\/p>\n<p>Essere registrati biologici significa avere la certezza che i nostri prodotti sono sicuri per l&#039;uso nei tuoi prodotti, garantendo al tempo stesso che siamo conformi a qualsiasi certificazione biologica che hai o stai richiedendo.<\/p>\n<p>I prodotti Stoak sono dotati di certificazioni aggiuntive tra cui Non-Allergen, Non-OGM, Kosher, Senza metalli pesanti e pesticidi, Kosher, Halal e altro.<\/p>\n<\/div><\/div><\/div><div class=\"fusion-layout-column fusion_builder_column fusion-builder-column-7 fusion_builder_column_1_1 1_1 fusion-flex-column\" style=\"--awb-bg-size:cover;--awb-width-large:100%;--awb-margin-top-large:0px;--awb-spacing-right-large:1.92%;--awb-margin-bottom-large:40px;--awb-spacing-left-large:1.92%;--awb-width-medium:100%;--awb-order-medium:0;--awb-spacing-right-medium:1.92%;--awb-spacing-left-medium:1.92%;--awb-width-small:100%;--awb-order-small:0;--awb-spacing-right-small:1.92%;--awb-spacing-left-small:1.92%;\"><div class=\"fusion-column-wrapper fusion-column-has-shadow fusion-flex-justify-content-flex-start fusion-content-layout-column\"><div class=\"fusion-title title fusion-title-8 fusion-sep-none fusion-title-text fusion-title-size-three\"><h3 class=\"fusion-title-heading title-heading-left fusion-responsive-typography-calculated\" style=\"margin:0;--fontSize:32;line-height:1.25;\">RICERCA E SVILUPPO IN CORSO<\/h3><\/div><div class=\"fusion-text fusion-text-9 awb-text-cols fusion-text-columns-2\" style=\"--awb-text-transform:none;--awb-columns:2;--awb-column-spacing:2em;--awb-column-min-width:100px;\"><p>L&#039;organizzazione Stoak \u00e8 orientata a supportare la conoscenza continua, la comprensione e l&#039;espansione della nostra tecnologia e dei nostri prodotti di estrazione.<\/p>\n<p>Dal nostro team tecnico fino alla nostra infrastruttura di vendita e assistenza clienti, sviluppiamo costantemente la tecnologia applicativa e di estrazione.<\/p>\n<p>Il nostro obiettivo \u00e8 comprendere meglio come agisce la natura nel nostro prodotto e come questo pu\u00f2 aiutare i clienti del settore alimentare e delle bevande a soddisfare le sfide attuali e future relative allo sviluppo e alla stabilit\u00e0 dei prodotti, nonch\u00e9 a risparmiare sui costi nei processi di produzione essenziali.<\/p>\n<\/div><\/div><\/div><div class=\"fusion-layout-column fusion_builder_column fusion-builder-column-8 fusion_builder_column_1_2 1_2 fusion-flex-column\" style=\"--awb-bg-size:cover;--awb-width-large:50%;--awb-margin-top-large:0px;--awb-spacing-right-large:3.84%;--awb-margin-bottom-large:0px;--awb-spacing-left-large:3.84%;--awb-width-medium:100%;--awb-order-medium:0;--awb-spacing-right-medium:1.92%;--awb-spacing-left-medium:1.92%;--awb-width-small:100%;--awb-order-small:0;--awb-spacing-right-small:1.92%;--awb-spacing-left-small:1.92%;\"><div class=\"fusion-column-wrapper fusion-column-has-shadow fusion-flex-justify-content-flex-start fusion-content-layout-column\"><div class=\"fusion-title title fusion-title-9 fusion-sep-none fusion-title-text fusion-title-size-three\"><h3 class=\"fusion-title-heading title-heading-left fusion-responsive-typography-calculated\" style=\"margin:0;--fontSize:32;line-height:1.25;\">NESSUN SAPORE, COLORE O AROMA AGGIUNTO<\/h3><\/div><div class=\"fusion-text fusion-text-10\" style=\"--awb-text-transform:none;\"><p>I nostri prodotti per la conservazione sono stati tutti ampiamente testati per garantire che non interferiscano in alcun modo con la ricetta esistente o il profilo del prodotto.<\/p>\n<p>La gamma di conservanti Stoak \u00e8 stata specificamente formulata ed estratta per garantire che stiamo prendendo di mira solo i congeneri, i tannini e i fenoli specificamente mirati alla conservazione, non al sapore.<\/p>\n<p>I tassi di dosaggio sono estremamente bassi e sono stati effettuati test su tipi di alimenti estremamente sensibili senza alcun cambiamento identificabile. Lavoriamo a stretto contatto con tutti i nostri clienti per garantire che qualsiasi problema venga gestito nella fase di prova.<\/p>\n<\/div><div class=\"fusion-title title fusion-title-10 fusion-sep-none fusion-title-text fusion-title-size-three\"><h3 class=\"fusion-title-heading title-heading-left fusion-responsive-typography-calculated\" style=\"margin:0;--fontSize:32;line-height:1.25;\">ASSISTENZA E COLLAUDO SU MISURA<\/h3><\/div><div class=\"fusion-text fusion-text-11\" style=\"--awb-text-transform:none;\"><p>Stoak si impegna regolarmente con i suoi clienti per valutare e testare i requisiti unici dei loro team di sviluppo prodotto. Ci\u00f2 comporta la formulazione del prodotto, l&#039;analisi della variante dell&#039;estratto e il test dell&#039;applicazione del prodotto.<\/p>\n<p>Disponiamo di protocolli di prova, white paper e programmi di installazione per eseguire valutazioni e test completi per fornire prove di concetto e analisi di stabilit\u00e0 con i nostri clienti. In tutti i casi lavoriamo fianco a fianco con il cliente sviluppando il giusto mix di ingredienti da utilizzare nei suoi prodotti.<\/p>\n<\/div><\/div><\/div><div class=\"fusion-layout-column fusion_builder_column fusion-builder-column-9 fusion_builder_column_1_2 1_2 fusion-flex-column\" style=\"--awb-bg-position:center center;--awb-bg-size:cover;--awb-width-large:50%;--awb-margin-top-large:0px;--awb-spacing-right-large:3.84%;--awb-margin-bottom-large:0px;--awb-spacing-left-large:3.84%;--awb-width-medium:100%;--awb-order-medium:0;--awb-spacing-right-medium:1.92%;--awb-spacing-left-medium:1.92%;--awb-width-small:100%;--awb-order-small:0;--awb-spacing-right-small:1.92%;--awb-spacing-left-small:1.92%;\"><div class=\"fusion-column-wrapper lazyload fusion-column-has-shadow fusion-flex-justify-content-flex-start fusion-content-layout-column fusion-empty-column-bg-image fusion-column-has-bg-image\" data-bg-url=\"https:\/\/www.stoaktechnologies.com\/wp-content\/uploads\/2022\/02\/test-214185_1280.jpg\" data-bg=\"https:\/\/www.stoaktechnologies.com\/wp-content\/uploads\/2022\/02\/test-214185_1280.jpg\"><img decoding=\"async\" class=\"fusion-empty-dims-img-placeholder fusion-no-large-visibility\" aria-label=\"prova-214185_1280\" src=\"data:image\/svg+xml,%3Csvg%20xmlns%3D%27http%3A%2F%2Fwww.w3.org%2F2000%2Fsvg%27%20width%3D%271280%27%20height%3D%27847%27%20viewBox%3D%270%200%201280%20847%27%3E%3Crect%20width%3D%271280%27%20height%3D%27847%27%20fill-opacity%3D%220%22%2F%3E%3C%2Fsvg%3E\"><\/div><\/div><\/div><\/div>","protected":false},"excerpt":{"rendered":"","protected":false},"author":1,"featured_media":578,"parent":2390,"menu_order":0,"comment_status":"closed","ping_status":"closed","template":"100-width.php","meta":{"footnotes":""},"wf_page_folders":[41],"class_list":["post-1337","page","type-page","status-publish","has-post-thumbnail","hentry"],"_links":{"self":[{"href":"https:\/\/www.stoaktechnologies.com\/it\/wp-json\/wp\/v2\/pages\/1337","targetHints":{"allow":["GET"]}}],"collection":[{"href":"https:\/\/www.stoaktechnologies.com\/it\/wp-json\/wp\/v2\/pages"}],"about":[{"href":"https:\/\/www.stoaktechnologies.com\/it\/wp-json\/wp\/v2\/types\/page"}],"author":[{"embeddable":true,"href":"https:\/\/www.stoaktechnologies.com\/it\/wp-json\/wp\/v2\/users\/1"}],"replies":[{"embeddable":true,"href":"https:\/\/www.stoaktechnologies.com\/it\/wp-json\/wp\/v2\/comments?post=1337"}],"version-history":[{"count":38,"href":"https:\/\/www.stoaktechnologies.com\/it\/wp-json\/wp\/v2\/pages\/1337\/revisions"}],"predecessor-version":[{"id":4465,"href":"https:\/\/www.stoaktechnologies.com\/it\/wp-json\/wp\/v2\/pages\/1337\/revisions\/4465"}],"up":[{"embeddable":true,"href":"https:\/\/www.stoaktechnologies.com\/it\/wp-json\/wp\/v2\/pages\/2390"}],"wp:featuredmedia":[{"embeddable":true,"href":"https:\/\/www.stoaktechnologies.com\/it\/wp-json\/wp\/v2\/media\/578"}],"wp:attachment":[{"href":"https:\/\/www.stoaktechnologies.com\/it\/wp-json\/wp\/v2\/media?parent=1337"}],"wp:term":[{"taxonomy":"wf_page_folders","embeddable":true,"href":"https:\/\/www.stoaktechnologies.com\/it\/wp-json\/wp\/v2\/wf_page_folders?post=1337"}],"curies":[{"name":"wp","href":"https:\/\/api.w.org\/{rel}","templated":true}]}}