{"id":1335,"date":"2021-02-04T08:26:10","date_gmt":"2021-02-04T08:26:10","guid":{"rendered":"https:\/\/www.stoaktechnologies.com\/?page_id=1335"},"modified":"2024-08-26T12:59:53","modified_gmt":"2024-08-26T12:59:53","slug":"structan-finishing-tannins-2","status":"publish","type":"page","link":"https:\/\/www.stoaktechnologies.com\/it\/products\/structan-finishing-tannins-2\/","title":{"rendered":"Tannini di rifinitura dello struttano"},"content":{"rendered":"<div class=\"fusion-fullwidth fullwidth-box fusion-builder-row-1 fusion-flex-container nonhundred-percent-fullwidth non-hundred-percent-height-scrolling\" style=\"--awb-background-position:left top;--awb-border-sizes-top:0px;--awb-border-sizes-bottom:0px;--awb-border-sizes-left:0px;--awb-border-sizes-right:0px;--awb-border-radius-top-left:0px;--awb-border-radius-top-right:0px;--awb-border-radius-bottom-right:0px;--awb-border-radius-bottom-left:0px;--awb-padding-top:60px;--awb-padding-bottom:0px;--awb-padding-left:0px;--awb-padding-right-small:13px;--awb-padding-left-small:19px;--awb-margin-bottom:0px;--awb-flex-wrap:wrap;\" ><div class=\"fusion-builder-row fusion-row fusion-flex-align-items-stretch fusion-flex-justify-content-center fusion-flex-content-wrap\" style=\"max-width:1216.8px;margin-left: calc(-4% \/ 2 );margin-right: calc(-4% \/ 2 );\"><div class=\"fusion-layout-column fusion_builder_column fusion-builder-column-0 fusion_builder_column_1_1 1_1 fusion-flex-column\" style=\"--awb-bg-blend:overlay;--awb-bg-size:cover;--awb-width-large:100%;--awb-margin-top-large:0px;--awb-spacing-right-large:1.92%;--awb-margin-bottom-large:40px;--awb-spacing-left-large:1.92%;--awb-width-medium:100%;--awb-order-medium:0;--awb-spacing-right-medium:1.92%;--awb-spacing-left-medium:1.92%;--awb-width-small:100%;--awb-order-small:0;--awb-spacing-right-small:1.92%;--awb-spacing-left-small:1.92%;\"><div class=\"fusion-column-wrapper fusion-column-has-shadow fusion-flex-justify-content-flex-start fusion-content-layout-column\"><div class=\"fusion-title title fusion-title-1 fusion-sep-none fusion-title-text fusion-title-size-one\"><h1 class=\"fusion-title-heading title-heading-left fusion-responsive-typography-calculated\" style=\"margin:0;--fontSize:50;line-height:1.16;\">TANNINI DI FINITURA STRUTTURALI<\/h1><\/div><div class=\"fusion-text fusion-text-1 payoff\" style=\"--awb-text-transform:none;\"><p>Agente strutturante naturale per lo sviluppo del carattere del vino<\/p>\n<\/div><div class=\"fusion-text fusion-text-2\" style=\"--awb-text-transform:none;\"><p>La gamma di tannini finali di Structan fornisce la massima struttura, complessit\u00e0, equilibrio e sensazione in bocca. I produttori di vino che cercano la tecnologia pi\u00f9 recente nell&#039;estrazione della quercia, progettata per la massima facilit\u00e0 di dosaggio, senza necessit\u00e0 di filtrazione, 100% naturale e biologico, ora hanno accesso a un set unico di strumenti per strutturare, rifinire e perfezionare i loro vini.<\/p>\n<\/div><\/div><\/div><div class=\"fusion-layout-column fusion_builder_column fusion-builder-column-1 fusion_builder_column_1_1 1_1 fusion-flex-column\" style=\"--awb-bg-size:cover;--awb-width-large:100%;--awb-margin-top-large:0px;--awb-spacing-right-large:1.92%;--awb-margin-bottom-large:40px;--awb-spacing-left-large:1.92%;--awb-width-medium:100%;--awb-order-medium:0;--awb-spacing-right-medium:1.92%;--awb-spacing-left-medium:1.92%;--awb-width-small:100%;--awb-order-small:0;--awb-spacing-right-small:1.92%;--awb-spacing-left-small:1.92%;\"><div class=\"fusion-column-wrapper fusion-column-has-shadow fusion-flex-justify-content-flex-start fusion-content-layout-column\"><div class=\"fusion-title title fusion-title-2 fusion-sep-none fusion-title-text fusion-title-size-three\"><h3 class=\"fusion-title-heading title-heading-left fusion-responsive-typography-calculated\" style=\"margin:0;--fontSize:32;line-height:1.25;\">FINISCI IL TUO VINO<\/h3><\/div><div class=\"fusion-text fusion-text-3 awb-text-cols fusion-text-columns-2\" style=\"--awb-text-transform:none;--awb-columns:2;--awb-column-spacing:2em;--awb-column-min-width:100px;\"><p>Lo Structan \u00e8 stato sviluppato come tannino di finitura utilizzando rovere francese di 150 anni e rovere americano di 90 anni, la stessa materia prima utilizzata per la fabbricazione delle botti.<\/p>\n<p>Gli stessi congeneri trovati in una nuova botte di rovere si trovano in Structan con consistenza e concentrazione sostanzialmente migliorate, contribuendo a un risultato pi\u00f9 efficiente ed efficace quando vengono utilizzati nella produzione del vino. Il nostro processo di estrazione \u00e8 altamente sequenziato ma rispettato nel tempo e non prevede sostanze chimiche o ingredienti sintetici. \u00c8 per questo motivo che tutti i nostri prodotti sono certificati 100% naturali e biologici, fondamentali per i vini biologici e senza zolfo.<\/p>\n<\/div><div ><a class=\"fusion-button button-flat fusion-button-default-size button-default fusion-button-default button-1 fusion-button-default-span fusion-button-default-type\" style=\"--button_margin-top:40px;width:calc(100%);\" target=\"_blank\" rel=\"noopener noreferrer\" href=\"https:\/\/www.stoaktechnologies.com\/it\/structan-finishing-tannins-2\/\"><span class=\"fusion-button-text awb-button__text awb-button__text--default\">CLICCA QUI PER ANDARE DIRETTAMENTE AL SITO WEB DI STRUCTAN\/WINESHIELD<\/span><\/a><\/div><\/div><\/div><div class=\"fusion-layout-column fusion_builder_column fusion-builder-column-2 fusion_builder_column_1_2 1_2 fusion-flex-column\" style=\"--awb-bg-size:cover;--awb-width-large:50%;--awb-margin-top-large:0px;--awb-spacing-right-large:3.84%;--awb-margin-bottom-large:40px;--awb-spacing-left-large:3.84%;--awb-width-medium:100%;--awb-order-medium:0;--awb-spacing-right-medium:1.92%;--awb-spacing-left-medium:1.92%;--awb-width-small:100%;--awb-order-small:0;--awb-spacing-right-small:1.92%;--awb-spacing-left-small:1.92%;\"><div class=\"fusion-column-wrapper fusion-column-has-shadow fusion-flex-justify-content-flex-start fusion-content-layout-column\"><div class=\"fusion-title title fusion-title-3 fusion-sep-none fusion-title-text fusion-title-size-three\"><h3 class=\"fusion-title-heading title-heading-left fusion-responsive-typography-calculated\" style=\"margin:0;--fontSize:32;line-height:1.25;\">PROFILI TANNICI UNICI<\/h3><\/div><div class=\"fusion-text fusion-text-4\" style=\"--awb-text-transform:none;\"><p>I tannini enologici sono ampiamente utilizzati nell&#039;industria del vino per migliorare la qualit\u00e0 del vino. La maggior parte di questi viene fornita attraverso prodotti di quercia alternativi come trucioli, doghe e polveri o derivati da semi d&#039;uva, noci di galla e altre fonti botaniche.<\/p>\n<p>La gamma di tannini enologici di Structan offre la profondit\u00e0, il carattere, la struttura e la sensazione familiari che si trovano in botti di rovere. Lo structan viene utilizzato per strutturare, sviluppare ed esaltare gli aromi e gli aromi naturali del vino e si lega agli antociani per migliorare la stabilit\u00e0 del colore.<\/p>\n<p>Strucan conferisce i tipici sensi organolettici solitamente derivati dalla maturazione in botte ed \u00e8 composto da tannini Gallo-Ellagici estratti da Quercia Francese e Americana.<\/p>\n<\/div><div class=\"fusion-title title fusion-title-4 fusion-sep-none fusion-title-text fusion-title-size-three\"><h3 class=\"fusion-title-heading title-heading-left fusion-responsive-typography-calculated\" style=\"margin:0;--fontSize:32;line-height:1.25;\">GAMMA COMPLETA DI VINI<\/h3><\/div><div class=\"fusion-text fusion-text-5\" style=\"--awb-text-transform:none;\"><p>La gamma Structan di tannini di finitura copre l&#039;intero spettro di applicazioni del vino attraverso il vino rosso e bianco che sono una miscela di rovere francese e americano, con il vino bianco che esprime meno colore e intensit\u00e0 del rosso.<\/p>\n<p>Abbiamo anche formulato specifici estratti francesi e americani che offrono i vantaggi chiave di queste due variet\u00e0:<\/p>\n<p>Francese: si concentra maggiormente su una maggiore ricchezza del palato medio<\/p>\n<p>Americano: fornisce una maggiore vanillina e composti odorosi, conferendo una sensazione e un aroma in bocca pi\u00f9 aggressivi.<\/p>\n<\/div><\/div><\/div><div class=\"fusion-layout-column fusion_builder_column fusion-builder-column-3 fusion_builder_column_1_2 1_2 fusion-flex-column\" style=\"--awb-bg-position:center center;--awb-bg-size:cover;--awb-width-large:50%;--awb-margin-top-large:0px;--awb-spacing-right-large:3.84%;--awb-margin-bottom-large:40px;--awb-spacing-left-large:3.84%;--awb-width-medium:100%;--awb-order-medium:0;--awb-spacing-right-medium:1.92%;--awb-spacing-left-medium:1.92%;--awb-width-small:100%;--awb-order-small:0;--awb-spacing-right-small:1.92%;--awb-spacing-left-small:1.92%;\"><div class=\"fusion-column-wrapper lazyload fusion-column-has-shadow fusion-flex-justify-content-flex-start fusion-content-layout-column fusion-empty-column-bg-image fusion-column-has-bg-image\" data-bg-url=\"https:\/\/www.stoaktechnologies.com\/wp-content\/uploads\/2022\/01\/corks.jpg\" data-bg=\"https:\/\/www.stoaktechnologies.com\/wp-content\/uploads\/2022\/01\/corks.jpg\"><img decoding=\"async\" class=\"fusion-empty-dims-img-placeholder fusion-no-large-visibility\" aria-label=\"tappi di sughero\" src=\"data:image\/svg+xml,%3Csvg%20xmlns%3D%27http%3A%2F%2Fwww.w3.org%2F2000%2Fsvg%27%20width%3D%271536%27%20height%3D%271024%27%20viewBox%3D%270%200%201536%201024%27%3E%3Crect%20width%3D%271536%27%20height%3D%271024%27%20fill-opacity%3D%220%22%2F%3E%3C%2Fsvg%3E\"><\/div><\/div><div class=\"fusion-layout-column fusion_builder_column fusion-builder-column-4 fusion_builder_column_1_1 1_1 fusion-flex-column\" style=\"--awb-bg-size:cover;--awb-width-large:100%;--awb-margin-top-large:0px;--awb-spacing-right-large:1.92%;--awb-margin-bottom-large:40px;--awb-spacing-left-large:1.92%;--awb-width-medium:100%;--awb-order-medium:0;--awb-spacing-right-medium:1.92%;--awb-spacing-left-medium:1.92%;--awb-width-small:100%;--awb-order-small:0;--awb-spacing-right-small:1.92%;--awb-spacing-left-small:1.92%;\"><div class=\"fusion-column-wrapper fusion-column-has-shadow fusion-flex-justify-content-flex-start fusion-content-layout-column\"><div class=\"fusion-title title fusion-title-5 fusion-sep-none fusion-title-text fusion-title-size-three\"><h3 class=\"fusion-title-heading title-heading-left fusion-responsive-typography-calculated\" style=\"margin:0;--fontSize:32;line-height:1.25;\">NON ACQUOSO, UNA DISTINZIONE CRITICA<\/h3><\/div><div class=\"fusion-text fusion-text-6 awb-text-cols fusion-text-columns-2\" style=\"--awb-text-transform:none;--awb-columns:2;--awb-column-spacing:2em;--awb-column-min-width:100px;\"><p>I tannini acquosi sono stati utilizzati nella vinificazione per molti anni. Tipicamente questi tannini sono derivati da fonti vegetali verdi e fresche in molti casi derivati da prodotti dell&#039;uva, per estrarre i tannini acquosi la materia prima deve essere macerata e riscaldata fino a rompersi, perdendo molto del carattere essenziale che i viticoltori vogliono il loro prodotto finale.<\/p>\n<p>La gamma di tannini non acquosi di Structan deriva solo da legno di quercia invecchiato con il tipico carattere, profondit\u00e0 e profilo che conferisce la botte. I nostri estratti sono tutti in forma liquida ma pi\u00f9 vicini alla sensazione in bocca desiderata che porta la quercia, molti dei nostri clienti dicono che \u00e8 di gran lunga superiore a qualsiasi cosa abbiano provato prima<\/p>\n<\/div><\/div><\/div><div class=\"fusion-layout-column fusion_builder_column fusion-builder-column-5 fusion_builder_column_1_1 1_1 fusion-flex-column\" style=\"--awb-bg-size:cover;--awb-width-large:100%;--awb-margin-top-large:0px;--awb-spacing-right-large:1.92%;--awb-margin-bottom-large:40px;--awb-spacing-left-large:1.92%;--awb-width-medium:100%;--awb-order-medium:0;--awb-spacing-right-medium:1.92%;--awb-spacing-left-medium:1.92%;--awb-width-small:100%;--awb-order-small:0;--awb-spacing-right-small:1.92%;--awb-spacing-left-small:1.92%;\"><div class=\"fusion-column-wrapper fusion-column-has-shadow fusion-flex-justify-content-flex-start fusion-content-layout-column\"><div class=\"fusion-title title fusion-title-6 fusion-sep-none fusion-title-text fusion-title-size-three\"><h3 class=\"fusion-title-heading title-heading-left fusion-responsive-typography-calculated\" style=\"margin:0;--fontSize:32;line-height:1.25;\">AZIONE MOLECOLARE DELLA NOSTRA GAMMA ROVERE LIQUIDO<\/h3><\/div><div class=\"fusion-text fusion-text-7 awb-text-cols fusion-text-columns-2\" style=\"--awb-text-transform:none;--awb-columns:2;--awb-column-spacing:2em;--awb-column-min-width:100px;\"><p>Gli estratti di Stoak sono tutti in forma liquida altamente concentrata, questo ha grandi vantaggi per i nostri clienti in quanto significa semplice aggiunta senza miscelazione, preparazione, confusione o confusione. L&#039;estratto si attiva immediatamente poich\u00e9 interagisce immediatamente con il prodotto a livello molecolare consentendo un&#039;integrazione rapida e prevedibile.<\/p>\n<p>Non ci sono rischi di scalping normalmente associati alle polveri, nessuna necessit\u00e0 di una lunga circolazione associata ai solidi e nessun requisito per la filtrazione post-aggiunta, \u00e8 sufficiente aggiungere, pompare e lasciare che il nostro estratto faccia il suo lavoro.<\/p>\n<\/div><\/div><\/div><div class=\"fusion-layout-column fusion_builder_column fusion-builder-column-6 fusion_builder_column_1_1 1_1 fusion-flex-column\" style=\"--awb-bg-size:cover;--awb-width-large:100%;--awb-margin-top-large:0px;--awb-spacing-right-large:1.92%;--awb-margin-bottom-large:40px;--awb-spacing-left-large:1.92%;--awb-width-medium:100%;--awb-order-medium:0;--awb-spacing-right-medium:1.92%;--awb-spacing-left-medium:1.92%;--awb-width-small:100%;--awb-order-small:0;--awb-spacing-right-small:1.92%;--awb-spacing-left-small:1.92%;\"><div class=\"fusion-column-wrapper fusion-column-has-shadow fusion-flex-justify-content-flex-start fusion-content-layout-column\"><div class=\"fusion-title title fusion-title-7 fusion-sep-none fusion-title-text fusion-title-size-three\"><h3 class=\"fusion-title-heading title-heading-left fusion-responsive-typography-calculated\" style=\"margin:0;--fontSize:32;line-height:1.25;\">100% NATURALE E SICURO<\/h3><\/div><div class=\"fusion-text fusion-text-8 awb-text-cols fusion-text-columns-2\" style=\"--awb-text-transform:none;--awb-columns:2;--awb-column-spacing:2em;--awb-column-min-width:100px;\"><p>Tutti i nostri prodotti sono certificati biologici e registrati come GRAS (generalmente riconosciuto come sicuro), rientrano nella categoria di coloranti, aromi e miscele innocui e sono adatti per l&#039;uso in un&#039;ampia variet\u00e0 di prodotti alimentari e bevande.<\/p>\n<p>Essere registrati biologici significa avere la certezza che i nostri prodotti sono sicuri per l&#039;uso nei tuoi prodotti, garantendo al tempo stesso che siamo conformi a qualsiasi certificazione biologica che hai o stai richiedendo.<\/p>\n<p>I prodotti Stoak sono dotati di certificazioni aggiuntive tra cui Non-Allergen, Non-OGM, Kosher, Senza metalli pesanti e pesticidi, Kosher, Halal e altro.<\/p>\n<\/div><\/div><\/div><div class=\"fusion-layout-column fusion_builder_column fusion-builder-column-7 fusion_builder_column_1_1 1_1 fusion-flex-column\" style=\"--awb-bg-size:cover;--awb-width-large:100%;--awb-margin-top-large:0px;--awb-spacing-right-large:1.92%;--awb-margin-bottom-large:40px;--awb-spacing-left-large:1.92%;--awb-width-medium:100%;--awb-order-medium:0;--awb-spacing-right-medium:1.92%;--awb-spacing-left-medium:1.92%;--awb-width-small:100%;--awb-order-small:0;--awb-spacing-right-small:1.92%;--awb-spacing-left-small:1.92%;\"><div class=\"fusion-column-wrapper fusion-column-has-shadow fusion-flex-justify-content-flex-start fusion-content-layout-column\"><div class=\"fusion-title title fusion-title-8 fusion-sep-none fusion-title-text fusion-title-size-three\"><h3 class=\"fusion-title-heading title-heading-left fusion-responsive-typography-calculated\" style=\"margin:0;--fontSize:32;line-height:1.25;\">RICERCA E SVILUPPO IN CORSO<\/h3><\/div><div class=\"fusion-text fusion-text-9 awb-text-cols fusion-text-columns-2\" style=\"--awb-text-transform:none;--awb-columns:2;--awb-column-spacing:2em;--awb-column-min-width:100px;\"><p>L&#039;organizzazione Stoak \u00e8 orientata a supportare la conoscenza continua, la comprensione e l&#039;espansione della nostra tecnologia e dei nostri prodotti di estrazione.<\/p>\n<p>Dal nostro team tecnico fino alla nostra infrastruttura di vendita e assistenza clienti, sviluppiamo costantemente la tecnologia applicativa e di estrazione.<\/p>\n<p>Il nostro obiettivo \u00e8 comprendere meglio come agisce la natura nel nostro prodotto e come questo pu\u00f2 aiutare i clienti del settore alimentare e delle bevande a soddisfare le sfide attuali e future relative allo sviluppo e alla stabilit\u00e0 dei prodotti, nonch\u00e9 a risparmiare sui costi nei processi di produzione essenziali.<\/p>\n<\/div><\/div><\/div><div class=\"fusion-layout-column fusion_builder_column fusion-builder-column-8 fusion_builder_column_1_2 1_2 fusion-flex-column\" style=\"--awb-bg-size:cover;--awb-width-large:50%;--awb-margin-top-large:0px;--awb-spacing-right-large:3.84%;--awb-margin-bottom-large:0px;--awb-spacing-left-large:3.84%;--awb-width-medium:100%;--awb-order-medium:0;--awb-spacing-right-medium:1.92%;--awb-spacing-left-medium:1.92%;--awb-width-small:100%;--awb-order-small:0;--awb-spacing-right-small:1.92%;--awb-spacing-left-small:1.92%;\"><div class=\"fusion-column-wrapper fusion-column-has-shadow fusion-flex-justify-content-flex-start fusion-content-layout-column\"><div class=\"fusion-title title fusion-title-9 fusion-sep-none fusion-title-text fusion-title-size-three\"><h3 class=\"fusion-title-heading title-heading-left fusion-responsive-typography-calculated\" style=\"margin:0;--fontSize:32;line-height:1.25;\">NESSUN SAPORE, COLORE O AROMA AGGIUNTO<\/h3><\/div><div class=\"fusion-text fusion-text-10\" style=\"--awb-text-transform:none;\"><p>I nostri prodotti per la conservazione sono stati tutti ampiamente testati per garantire che non interferiscano in alcun modo con la ricetta esistente o il profilo del prodotto.<\/p>\n<p>La gamma di conservanti Stoak \u00e8 stata specificamente formulata ed estratta per garantire che stiamo prendendo di mira solo i congeneri, i tannini e i fenoli specificamente mirati alla conservazione, non al sapore.<\/p>\n<p>I tassi di dosaggio sono estremamente bassi e sono stati effettuati test su tipi di alimenti estremamente sensibili senza alcun cambiamento identificabile. Lavoriamo a stretto contatto con tutti i nostri clienti per garantire che qualsiasi problema venga gestito nella fase di prova.<\/p>\n<\/div><div class=\"fusion-title title fusion-title-10 fusion-sep-none fusion-title-text fusion-title-size-three\"><h3 class=\"fusion-title-heading title-heading-left fusion-responsive-typography-calculated\" style=\"margin:0;--fontSize:32;line-height:1.25;\">ASSISTENZA E COLLAUDO SU MISURA<\/h3><\/div><div class=\"fusion-text fusion-text-11\" style=\"--awb-text-transform:none;\"><p>Stoak si impegna regolarmente con i suoi clienti per valutare e testare i requisiti unici dei loro team di sviluppo prodotto. Ci\u00f2 comporta la formulazione del prodotto, l&#039;analisi della variante dell&#039;estratto e il test dell&#039;applicazione del prodotto.<\/p>\n<p>Disponiamo di protocolli di prova, white paper e programmi di installazione per eseguire valutazioni e test completi per fornire prove di concetto e analisi di stabilit\u00e0 con i nostri clienti. In tutti i casi lavoriamo fianco a fianco con il cliente sviluppando il giusto mix di ingredienti da utilizzare nei suoi prodotti.<\/p>\n<\/div><\/div><\/div><div class=\"fusion-layout-column fusion_builder_column fusion-builder-column-9 fusion_builder_column_1_2 1_2 fusion-flex-column\" style=\"--awb-bg-position:center center;--awb-bg-size:cover;--awb-width-large:50%;--awb-margin-top-large:0px;--awb-spacing-right-large:3.84%;--awb-margin-bottom-large:0px;--awb-spacing-left-large:3.84%;--awb-width-medium:100%;--awb-order-medium:0;--awb-spacing-right-medium:1.92%;--awb-spacing-left-medium:1.92%;--awb-width-small:100%;--awb-order-small:0;--awb-spacing-right-small:1.92%;--awb-spacing-left-small:1.92%;\"><div class=\"fusion-column-wrapper lazyload fusion-column-has-shadow fusion-flex-justify-content-flex-start fusion-content-layout-column fusion-empty-column-bg-image fusion-column-has-bg-image\" data-bg-url=\"https:\/\/www.stoaktechnologies.com\/wp-content\/uploads\/2022\/02\/test-214185_1280.jpg\" data-bg=\"https:\/\/www.stoaktechnologies.com\/wp-content\/uploads\/2022\/02\/test-214185_1280.jpg\"><img decoding=\"async\" class=\"fusion-empty-dims-img-placeholder fusion-no-large-visibility\" aria-label=\"prova-214185_1280\" src=\"data:image\/svg+xml,%3Csvg%20xmlns%3D%27http%3A%2F%2Fwww.w3.org%2F2000%2Fsvg%27%20width%3D%271280%27%20height%3D%27847%27%20viewBox%3D%270%200%201280%20847%27%3E%3Crect%20width%3D%271280%27%20height%3D%27847%27%20fill-opacity%3D%220%22%2F%3E%3C%2Fsvg%3E\"><\/div><\/div><\/div><\/div>","protected":false},"excerpt":{"rendered":"","protected":false},"author":1,"featured_media":2388,"parent":2390,"menu_order":0,"comment_status":"closed","ping_status":"closed","template":"100-width.php","meta":{"footnotes":""},"wf_page_folders":[41],"class_list":["post-1335","page","type-page","status-publish","has-post-thumbnail","hentry"],"_links":{"self":[{"href":"https:\/\/www.stoaktechnologies.com\/it\/wp-json\/wp\/v2\/pages\/1335","targetHints":{"allow":["GET"]}}],"collection":[{"href":"https:\/\/www.stoaktechnologies.com\/it\/wp-json\/wp\/v2\/pages"}],"about":[{"href":"https:\/\/www.stoaktechnologies.com\/it\/wp-json\/wp\/v2\/types\/page"}],"author":[{"embeddable":true,"href":"https:\/\/www.stoaktechnologies.com\/it\/wp-json\/wp\/v2\/users\/1"}],"replies":[{"embeddable":true,"href":"https:\/\/www.stoaktechnologies.com\/it\/wp-json\/wp\/v2\/comments?post=1335"}],"version-history":[{"count":32,"href":"https:\/\/www.stoaktechnologies.com\/it\/wp-json\/wp\/v2\/pages\/1335\/revisions"}],"predecessor-version":[{"id":4468,"href":"https:\/\/www.stoaktechnologies.com\/it\/wp-json\/wp\/v2\/pages\/1335\/revisions\/4468"}],"up":[{"embeddable":true,"href":"https:\/\/www.stoaktechnologies.com\/it\/wp-json\/wp\/v2\/pages\/2390"}],"wp:featuredmedia":[{"embeddable":true,"href":"https:\/\/www.stoaktechnologies.com\/it\/wp-json\/wp\/v2\/media\/2388"}],"wp:attachment":[{"href":"https:\/\/www.stoaktechnologies.com\/it\/wp-json\/wp\/v2\/media?parent=1335"}],"wp:term":[{"taxonomy":"wf_page_folders","embeddable":true,"href":"https:\/\/www.stoaktechnologies.com\/it\/wp-json\/wp\/v2\/wf_page_folders?post=1335"}],"curies":[{"name":"wp","href":"https:\/\/api.w.org\/{rel}","templated":true}]}}