{"id":1076,"date":"2021-02-01T11:10:43","date_gmt":"2021-02-01T11:10:43","guid":{"rendered":"https:\/\/www.stoaktechnologies.com\/?page_id=1076"},"modified":"2024-08-26T12:46:25","modified_gmt":"2024-08-26T12:46:25","slug":"expertise","status":"publish","type":"page","link":"https:\/\/www.stoaktechnologies.com\/it\/expertise\/","title":{"rendered":"Competenza"},"content":{"rendered":"<div class=\"fusion-fullwidth fullwidth-box fusion-builder-row-1 fusion-flex-container nonhundred-percent-fullwidth non-hundred-percent-height-scrolling\" style=\"--awb-background-position:left top;--awb-border-sizes-top:0px;--awb-border-sizes-bottom:0px;--awb-border-sizes-left:0px;--awb-border-sizes-right:0px;--awb-border-radius-top-left:0px;--awb-border-radius-top-right:0px;--awb-border-radius-bottom-right:0px;--awb-border-radius-bottom-left:0px;--awb-padding-top:60px;--awb-padding-bottom:0px;--awb-padding-left:0px;--awb-padding-right-small:13px;--awb-padding-left-small:19px;--awb-margin-bottom:0px;--awb-flex-wrap:wrap;\" ><div class=\"fusion-builder-row fusion-row fusion-flex-align-items-stretch fusion-flex-justify-content-center fusion-flex-content-wrap\" style=\"max-width:1216.8px;margin-left: calc(-4% \/ 2 );margin-right: calc(-4% \/ 2 );\"><div class=\"fusion-layout-column fusion_builder_column fusion-builder-column-0 fusion_builder_column_1_1 1_1 fusion-flex-column\" style=\"--awb-bg-blend:overlay;--awb-bg-size:cover;--awb-width-large:100%;--awb-margin-top-large:0px;--awb-spacing-right-large:1.92%;--awb-margin-bottom-large:40px;--awb-spacing-left-large:1.92%;--awb-width-medium:100%;--awb-order-medium:0;--awb-spacing-right-medium:1.92%;--awb-spacing-left-medium:1.92%;--awb-width-small:100%;--awb-order-small:0;--awb-spacing-right-small:1.92%;--awb-spacing-left-small:1.92%;\"><div class=\"fusion-column-wrapper fusion-column-has-shadow fusion-flex-justify-content-flex-start fusion-content-layout-column\"><div class=\"fusion-title title fusion-title-1 fusion-sep-none fusion-title-text fusion-title-size-one\"><h1 class=\"fusion-title-heading title-heading-left fusion-responsive-typography-calculated\" style=\"margin:0;--fontSize:50;line-height:1.16;\">COMPETENZA<\/h1><\/div><div class=\"fusion-text fusion-text-1 payoff\" style=\"--awb-text-transform:none;\"><p>La base dei nostri prodotti<\/p>\n<\/div><div class=\"fusion-text fusion-text-2\" style=\"--awb-text-transform:none;\"><p>Stoak ricerca e testa i suoi estratti naturali da oltre 15 anni, sviluppando processi di estrazione precisi che sono sia naturali che altamente efficaci nell&#039;isolare i congeneri principali e gli ingredienti attivi che possono trasformare i prodotti delle bevande.<\/p>\n<\/div><\/div><\/div><div class=\"fusion-layout-column fusion_builder_column fusion-builder-column-1 fusion_builder_column_1_1 1_1 fusion-flex-column\" style=\"--awb-bg-size:cover;--awb-width-large:100%;--awb-margin-top-large:0px;--awb-spacing-right-large:1.92%;--awb-margin-bottom-large:40px;--awb-spacing-left-large:1.92%;--awb-width-medium:100%;--awb-order-medium:0;--awb-spacing-right-medium:1.92%;--awb-spacing-left-medium:1.92%;--awb-width-small:100%;--awb-order-small:0;--awb-spacing-right-small:1.92%;--awb-spacing-left-small:1.92%;\"><div class=\"fusion-column-wrapper fusion-column-has-shadow fusion-flex-justify-content-flex-start fusion-content-layout-column\"><div class=\"fusion-title title fusion-title-2 fusion-sep-none fusion-title-text fusion-title-size-three\"><h3 class=\"fusion-title-heading title-heading-left fusion-responsive-typography-calculated\" style=\"margin:0;--fontSize:32;line-height:1.25;\">SOLUZIONI ALIMENTARI MODERNE<\/h3><\/div><div class=\"fusion-text fusion-text-3 awb-text-cols fusion-text-columns-2\" style=\"--awb-text-transform:none;--awb-columns:2;--awb-column-spacing:2em;--awb-column-min-width:100px;\"><p>Le richieste dei clienti e delle normative sulle industrie alimentari e delle bevande sono dinamiche e impegnative. La richiesta di soluzioni pi\u00f9 sane, naturali e non sintetiche impone alle aziende di innovare e sviluppare continuamente nuove soluzioni per soddisfare la domanda in continua evoluzione.<\/p>\n<p>Stoak collabora da molti anni con i clienti dell&#039;industria alimentare nella creazione di applicazioni nuove e innovative dei nostri estratti di legno di quercia. Abbiamo applicato la nostra tecnologia a un&#039;ampia gamma di settori in cui i clienti sono alla ricerca di soluzioni uniche a problemi che gli approcci tradizionali semplicemente non sono stati in grado di risolvere.<\/p>\n<\/div><\/div><\/div><div class=\"fusion-layout-column fusion_builder_column fusion-builder-column-2 fusion_builder_column_1_2 1_2 fusion-flex-column\" style=\"--awb-bg-size:cover;--awb-width-large:50%;--awb-margin-top-large:0px;--awb-spacing-right-large:3.84%;--awb-margin-bottom-large:40px;--awb-spacing-left-large:3.84%;--awb-width-medium:100%;--awb-order-medium:0;--awb-spacing-right-medium:1.92%;--awb-spacing-left-medium:1.92%;--awb-width-small:100%;--awb-order-small:0;--awb-spacing-right-small:1.92%;--awb-spacing-left-small:1.92%;\"><div class=\"fusion-column-wrapper fusion-column-has-shadow fusion-flex-justify-content-flex-start fusion-content-layout-column\"><div class=\"fusion-title title fusion-title-3 fusion-sep-none fusion-title-text fusion-title-size-three\"><h3 class=\"fusion-title-heading title-heading-left fusion-responsive-typography-calculated\" style=\"margin:0;--fontSize:32;line-height:1.25;\">UN INVESTIMENTO NEL FUTURO<\/h3><\/div><div class=\"fusion-text fusion-text-4\" style=\"--awb-text-transform:none;\"><p>Stoak ha investito in un&#039;ampia tecnologia, materie prime e infrastrutture per garantire che i prodotti che vendiamo soddisfino l&#039;etica della purezza e della conservazione. Crediamo che il cibo e le bevande che consumiamo dovrebbero essere il pi\u00f9 vicino possibile alla natura. Per questo motivo tutte le nostre materie prime sono sostenibili e coltivate e mantenute in modo responsabile.<\/p>\n<p>Allo stesso modo, il nostro processo di produzione non fa uso di sostanze chimiche o ingredienti non naturali, il nostro processo di estrazione, sebbene complesso, \u00e8 progettato interamente attorno all&#039;unico obiettivo di essere sostenibile, sensibile e naturale, privo di tutti gli input e i processi sintetici o innaturali.<\/p>\n<p>Ci incontriamo regolarmente con i nostri fornitori per garantire che la nostra catena di qualit\u00e0 degli input sia mantenuta in modo tale da poter continuare a garantire ai nostri clienti e ai loro clienti estratti e soluzioni naturali della pi\u00f9 alta qualit\u00e0.<\/p>\n<\/div><div class=\"fusion-title title fusion-title-4 fusion-sep-none fusion-title-text fusion-title-size-three\"><h3 class=\"fusion-title-heading title-heading-left fusion-responsive-typography-calculated\" style=\"margin:0;--fontSize:32;line-height:1.25;\">STANDARD E PRATICHE DI QUALIT\u00c0<\/h3><\/div><div class=\"fusion-text fusion-text-5\" style=\"--awb-text-transform:none;\"><p>Ci concentriamo sugli standard di qualit\u00e0 in tutta la nostra organizzazione, questo \u00e8 radicato nei nostri processi, nelle nostre attitudini e nelle nostre certificazioni.<\/p>\n<p>La piena conformit\u00e0 agli standard alimentari e la tracciabilit\u00e0 e la tracciabilit\u00e0 di tutti i processi sono di importanza fondamentale, cos\u00ec come il dosaggio e l&#039;analisi di ogni singolo lotto prodotto.<\/p>\n<p>Lavoriamo fianco a fianco con i nostri partner e clienti di distribuzione globale per garantire che questo venga mantenuto lungo tutta la catena di approvvigionamento nel prodotto finale di cibo o bevande, questo fornisce ai nostri clienti la tranquillit\u00e0 che l&#039;utilizzo o il set di prodotti porta.<\/p>\n<\/div><\/div><\/div><div class=\"fusion-layout-column fusion_builder_column fusion-builder-column-3 fusion_builder_column_1_2 1_2 fusion-flex-column\" style=\"--awb-bg-position:center center;--awb-bg-size:cover;--awb-width-large:50%;--awb-margin-top-large:0px;--awb-spacing-right-large:3.84%;--awb-margin-bottom-large:40px;--awb-spacing-left-large:3.84%;--awb-width-medium:100%;--awb-order-medium:0;--awb-spacing-right-medium:1.92%;--awb-spacing-left-medium:1.92%;--awb-width-small:100%;--awb-order-small:0;--awb-spacing-right-small:1.92%;--awb-spacing-left-small:1.92%;\"><div class=\"fusion-column-wrapper lazyload fusion-column-has-shadow fusion-flex-justify-content-flex-start fusion-content-layout-column fusion-empty-column-bg-image fusion-column-has-bg-image\" data-bg-url=\"https:\/\/www.stoaktechnologies.com\/wp-content\/uploads\/2021\/02\/RD-e1612189914882.jpg\" data-bg=\"https:\/\/www.stoaktechnologies.com\/wp-content\/uploads\/2021\/02\/RD-e1612189914882.jpg\"><img decoding=\"async\" class=\"fusion-empty-dims-img-placeholder fusion-no-large-visibility\" aria-label=\"R&amp;S\" src=\"data:image\/svg+xml,%3Csvg%20xmlns%3D%27http%3A%2F%2Fwww.w3.org%2F2000%2Fsvg%27%20width%3D%27348%27%20height%3D%27348%27%20viewBox%3D%270%200%20348%20348%27%3E%3Crect%20width%3D%27348%27%20height%3D%27348%27%20fill-opacity%3D%220%22%2F%3E%3C%2Fsvg%3E\"><\/div><\/div><div class=\"fusion-layout-column fusion_builder_column fusion-builder-column-4 fusion_builder_column_1_1 1_1 fusion-flex-column\" style=\"--awb-bg-size:cover;--awb-width-large:100%;--awb-margin-top-large:0px;--awb-spacing-right-large:1.92%;--awb-margin-bottom-large:0px;--awb-spacing-left-large:1.92%;--awb-width-medium:100%;--awb-order-medium:0;--awb-spacing-right-medium:1.92%;--awb-spacing-left-medium:1.92%;--awb-width-small:100%;--awb-order-small:0;--awb-spacing-right-small:1.92%;--awb-spacing-left-small:1.92%;\"><div class=\"fusion-column-wrapper fusion-column-has-shadow fusion-flex-justify-content-flex-start fusion-content-layout-column\"><div class=\"fusion-title title fusion-title-5 fusion-sep-none fusion-title-text fusion-title-size-three\"><h3 class=\"fusion-title-heading title-heading-left fusion-responsive-typography-calculated\" style=\"margin:0;--fontSize:32;line-height:1.25;\">CONFORMIT\u00c0, ACCREDITAMENTO E APPROVAZIONI<\/h3><\/div><div class=\"fusion-text fusion-text-6 awb-text-cols fusion-text-columns-2\" style=\"--awb-text-transform:none;--awb-columns:2;--awb-column-spacing:2em;--awb-column-min-width:100px;\"><p>Stoak ha investito notevoli sforzi per garantire che soddisfi tutta la sicurezza di alimenti e bevande e la conformit\u00e0 alla qualit\u00e0. Questi severi controlli e normative coprono un&#039;ampia gamma di aree commerciali e di produzione, dai nostri processi fino ai nostri sistemi di tracciabilit\u00e0, qualit\u00e0 e gestione della sicurezza. Queste registrazioni non sono solo per soddisfare gli standard di base, ma sono la pietra angolare del nostro impegno nei confronti dei nostri clienti e dei loro clienti.<\/p>\n<p>Tutte le conformit\u00e0 sono verificate, riviste e approvate annualmente da societ\u00e0 di convalida indipendenti accreditate e autorizzate.<\/p>\n<p>Stoak ha ottenuto la seguente conformit\u00e0 in cui tutte le conformit\u00e0 sono attuali e autorizzate senza questioni materiali registrate.<\/p>\n<\/div><\/div><\/div><div class=\"fusion-layout-column fusion_builder_column fusion-builder-column-5 fusion_builder_column_1_1 1_1 fusion-flex-column\" style=\"--awb-bg-size:cover;--awb-width-large:100%;--awb-margin-top-large:0px;--awb-spacing-right-large:1.92%;--awb-margin-bottom-large:40px;--awb-spacing-left-large:1.92%;--awb-width-medium:100%;--awb-order-medium:0;--awb-spacing-right-medium:1.92%;--awb-spacing-left-medium:1.92%;--awb-width-small:100%;--awb-order-small:0;--awb-spacing-right-small:1.92%;--awb-spacing-left-small:1.92%;\"><div class=\"fusion-column-wrapper fusion-column-has-shadow fusion-flex-justify-content-flex-start fusion-content-layout-column\"><div class=\"fusion-title title fusion-title-6 fusion-sep-none fusion-title-text fusion-title-size-three\"><h3 class=\"fusion-title-heading title-heading-left fusion-responsive-typography-calculated\" style=\"margin:0;--fontSize:32;line-height:1.25;\">ASSISTENZA E COLLAUDO SU MISURA<\/h3><\/div><div class=\"fusion-text fusion-text-7 awb-text-cols fusion-text-columns-2\" style=\"--awb-text-transform:none;--awb-columns:2;--awb-column-spacing:2em;--awb-column-min-width:100px;\"><p>Stoak si impegna regolarmente con i suoi clienti per valutare e testare i requisiti unici dei loro team di sviluppo prodotto. Ci\u00f2 comporta la formulazione del prodotto, l&#039;analisi della variante dell&#039;estratto e il test dell&#039;applicazione del prodotto.<\/p>\n<p>Disponiamo di protocolli di prova, white paper e programmi di installazione per eseguire valutazioni e test completi per fornire prove di concetto e analisi di stabilit\u00e0 con i nostri clienti. In tutti i casi lavoriamo fianco a fianco con il cliente sviluppando il giusto mix di ingredienti da utilizzare nei suoi prodotti.<\/p>\n<\/div><\/div><\/div><div class=\"fusion-layout-column fusion_builder_column fusion-builder-column-6 fusion_builder_column_1_1 1_1 fusion-flex-column\" style=\"--awb-bg-size:cover;--awb-width-large:100%;--awb-margin-top-large:0px;--awb-spacing-right-large:1.92%;--awb-margin-bottom-large:0px;--awb-spacing-left-large:1.92%;--awb-width-medium:100%;--awb-order-medium:0;--awb-spacing-right-medium:1.92%;--awb-spacing-left-medium:1.92%;--awb-width-small:100%;--awb-order-small:0;--awb-spacing-right-small:1.92%;--awb-spacing-left-small:1.92%;\"><div class=\"fusion-column-wrapper fusion-column-has-shadow fusion-flex-justify-content-flex-start fusion-content-layout-column\"><div class=\"fusion-title title fusion-title-7 fusion-sep-none fusion-title-text fusion-title-size-three\"><h3 class=\"fusion-title-heading title-heading-left fusion-responsive-typography-calculated\" style=\"margin:0;--fontSize:32;line-height:1.25;\">RICERCA E SVILUPPO IN CORSO<\/h3><\/div><div class=\"fusion-text fusion-text-8 awb-text-cols fusion-text-columns-2\" style=\"--awb-text-transform:none;--awb-columns:2;--awb-column-spacing:2em;--awb-column-min-width:100px;\"><p>L&#039;organizzazione Stoak \u00e8 orientata a supportare la conoscenza continua, la comprensione e l&#039;espansione della nostra tecnologia e dei nostri prodotti di estrazione.<\/p>\n<p>Dal nostro team tecnico fino alla nostra infrastruttura di vendita e assistenza clienti, sviluppiamo costantemente la tecnologia applicativa e di estrazione.<\/p>\n<p>Il nostro obiettivo \u00e8 comprendere meglio come agisce la natura nel nostro prodotto e come questo pu\u00f2 aiutare i clienti del settore alimentare e delle bevande a soddisfare le sfide attuali e future relative allo sviluppo e alla stabilit\u00e0 dei prodotti, nonch\u00e9 a risparmiare sui costi nei processi di produzione essenziali.<\/p>\n<\/div><\/div><\/div><\/div><\/div>","protected":false},"excerpt":{"rendered":"","protected":false},"author":1,"featured_media":2422,"parent":0,"menu_order":10,"comment_status":"closed","ping_status":"closed","template":"100-width.php","meta":{"footnotes":""},"wf_page_folders":[41],"class_list":["post-1076","page","type-page","status-publish","has-post-thumbnail","hentry"],"_links":{"self":[{"href":"https:\/\/www.stoaktechnologies.com\/it\/wp-json\/wp\/v2\/pages\/1076","targetHints":{"allow":["GET"]}}],"collection":[{"href":"https:\/\/www.stoaktechnologies.com\/it\/wp-json\/wp\/v2\/pages"}],"about":[{"href":"https:\/\/www.stoaktechnologies.com\/it\/wp-json\/wp\/v2\/types\/page"}],"author":[{"embeddable":true,"href":"https:\/\/www.stoaktechnologies.com\/it\/wp-json\/wp\/v2\/users\/1"}],"replies":[{"embeddable":true,"href":"https:\/\/www.stoaktechnologies.com\/it\/wp-json\/wp\/v2\/comments?post=1076"}],"version-history":[{"count":48,"href":"https:\/\/www.stoaktechnologies.com\/it\/wp-json\/wp\/v2\/pages\/1076\/revisions"}],"predecessor-version":[{"id":4438,"href":"https:\/\/www.stoaktechnologies.com\/it\/wp-json\/wp\/v2\/pages\/1076\/revisions\/4438"}],"wp:featuredmedia":[{"embeddable":true,"href":"https:\/\/www.stoaktechnologies.com\/it\/wp-json\/wp\/v2\/media\/2422"}],"wp:attachment":[{"href":"https:\/\/www.stoaktechnologies.com\/it\/wp-json\/wp\/v2\/media?parent=1076"}],"wp:term":[{"taxonomy":"wf_page_folders","embeddable":true,"href":"https:\/\/www.stoaktechnologies.com\/it\/wp-json\/wp\/v2\/wf_page_folders?post=1076"}],"curies":[{"name":"wp","href":"https:\/\/api.w.org\/{rel}","templated":true}]}}