{"id":2390,"date":"2022-01-31T14:36:07","date_gmt":"2022-01-31T14:36:07","guid":{"rendered":"https:\/\/www.stoaktechnologies.com\/?page_id=2390"},"modified":"2025-02-25T07:23:52","modified_gmt":"2025-02-25T07:23:52","slug":"products","status":"publish","type":"page","link":"https:\/\/www.stoaktechnologies.com\/fr\/products\/","title":{"rendered":"Des produits"},"content":{"rendered":"<div class=\"fusion-fullwidth fullwidth-box fusion-builder-row-1 fusion-flex-container nonhundred-percent-fullwidth non-hundred-percent-height-scrolling\" style=\"--awb-border-radius-top-left:0px;--awb-border-radius-top-right:0px;--awb-border-radius-bottom-right:0px;--awb-border-radius-bottom-left:0px;--awb-padding-top:60px;--awb-padding-right:60px;--awb-padding-bottom:60px;--awb-padding-left:60px;--awb-flex-wrap:wrap;\" ><div class=\"fusion-builder-row fusion-row fusion-flex-align-items-flex-start fusion-flex-content-wrap\" style=\"max-width:1216.8px;margin-left: calc(-4% \/ 2 );margin-right: calc(-4% \/ 2 );\"><div class=\"fusion-layout-column fusion_builder_column fusion-builder-column-0 fusion_builder_column_1_1 1_1 fusion-flex-column\" style=\"--awb-bg-size:cover;--awb-width-large:100%;--awb-margin-top-large:0px;--awb-spacing-right-large:1.92%;--awb-margin-bottom-large:0px;--awb-spacing-left-large:1.92%;--awb-width-medium:100%;--awb-order-medium:0;--awb-spacing-right-medium:1.92%;--awb-spacing-left-medium:1.92%;--awb-width-small:100%;--awb-order-small:0;--awb-spacing-right-small:1.92%;--awb-spacing-left-small:1.92%;\"><div class=\"fusion-column-wrapper fusion-column-has-shadow fusion-flex-justify-content-flex-start fusion-content-layout-column\"><div class=\"fusion-title title fusion-title-1 fusion-sep-none fusion-title-text fusion-title-size-two\" style=\"--awb-font-size:50px;\"><h2 class=\"fusion-title-heading title-heading-left fusion-responsive-typography-calculated\" style=\"margin:0;font-size:1em;--fontSize:50;line-height:1.16;\">NOS SOLUTIONS DURABLES<\/h2><\/div><div class=\"fusion-text fusion-text-1 payoff\" style=\"--awb-text-transform:none;\"><p style=\"text-align: left;\">Plus durable, plus \u00e9conomique, plus efficace \u2013 nos trois offres<\/p>\n<\/div><\/div><\/div><div class=\"fusion-layout-column fusion_builder_column fusion-builder-column-1 fusion_builder_column_1_3 1_3 fusion-flex-column fusion-flex-align-self-stretch\" style=\"--awb-bg-size:cover;--awb-width-large:33.333333333333%;--awb-margin-top-large:0px;--awb-spacing-right-large:5.76%;--awb-margin-bottom-large:0px;--awb-spacing-left-large:5.76%;--awb-width-medium:100%;--awb-order-medium:0;--awb-spacing-right-medium:1.92%;--awb-spacing-left-medium:1.92%;--awb-width-small:100%;--awb-order-small:0;--awb-spacing-right-small:1.92%;--awb-spacing-left-small:1.92%;\"><div class=\"fusion-column-wrapper fusion-column-has-shadow fusion-flex-justify-content-space-between fusion-content-layout-column\"><div class=\"jag-himg-wrapper pnnUGVHKVm\">\t<div class=\"jag-hoverimage-card  jag-himg-s1  jag-title-default\" onclick=\"\">\n\t\t\n\t\t\t\t\t<a class=\"jag-wrapper-link\" href=\"https:\/\/www.stoaktechnologies.com\/fr\/products\/preserve\/\">\n\t\t\t\t\t\t<img decoding=\"async\" src=\"data:image\/gif;base64,R0lGODlhAQABAAAAACH5BAEKAAEALAAAAAABAAEAAAICTAEAOw==\" data-orig-src=\"https:\/\/www.stoaktechnologies.com\/wp-content\/uploads\/2022\/02\/beer-closeup.jpg\" class=\"lazyload jag_fimg_main\">\n\t\t\t\t\t\t\t\t<div class=\"jag-hoverimage-image2\"><img decoding=\"async\" src=\"data:image\/svg+xml,%3Csvg%20xmlns%3D%27http%3A%2F%2Fwww.w3.org%2F2000%2Fsvg%27%20width%3D%271536%27%20height%3D%271024%27%20viewBox%3D%270%200%201536%201024%27%3E%3Crect%20width%3D%271536%27%20height%3D%271024%27%20fill-opacity%3D%220%22%2F%3E%3C%2Fsvg%3E\" data-orig-src=\"https:\/\/www.stoaktechnologies.com\/wp-content\/uploads\/2021\/12\/beer-3803425_1920.jpg\" class=\"lazyload fimg\"><\/div>\n\t\t\t\t\n            \n\t\t\t<div class=\"jag-hoverimage-overlay\"><\/div>\n\t\t\t\n\t\t\t\t\t\t\n\t\t\t<div class=\"jag-hover-content-wrapper\">\n\t\t\t\t<div class=\"jag-hoverimage-content jag-align-center jag-align-middle\">\n\t\t\t\t\t\t\t\t\t\t\t<i class=\"jag-himg-icon fusion-prefix-icon-custprodIcons-template_beer-can jag_icon_large\" aria-hidden=\"true\"><\/i>\n\t\t\t\t\t\t\t\t\t\t\t<div class=\"clearfix\"><\/div>\n\t\t\t\t\t\t<div class=\"jag-hoverimage-title\">\n\t\t\t\t\t\t\tPr\u00e9server\t\t\t\t\t\t<\/div>\n\t\t\t\t\t\t\t\t\t\t<div class=\"jag-title-default-wrapper\">\n\t\t\t\t\t\t\t\t\t\t<\/div>\n\t\t\t\t\t\t\t\t\t<\/div>\n\t\t\t<\/div>\n\t\t\t\t\t<\/a>\n\t\t\t<\/div>\n\t<\/div><div class=\"fusion-text fusion-text-2\" style=\"--awb-text-transform:none;--awb-margin-top:20px;\"><p>Nous extrayons du ch\u00eane des antioxydants \u00e9prouv\u00e9s, qui pr\u00e9servent naturellement les boissons sans en alt\u00e9rer la saveur. Nous adaptons des produits pour les industries de la bi\u00e8re artisanale, du vin biologique et en vrac ainsi que pour les boissons naturelles comme le kombucha.<\/p>\n<p>Nos produits remplacent l&#039;utilisation de produits chimiques tels que les sulfites et les proc\u00e9d\u00e9s alt\u00e9rant le go\u00fbt tels que la pasteurisation. Nos produits prolongent la dur\u00e9e de conservation et aident \u00e0 conserver la fra\u00eecheur, la couleur et l&#039;ar\u00f4me des boissons tout juste pr\u00e9par\u00e9s.<\/p>\n<p>Il y a une \u00e9volution globale des additifs synth\u00e9tiques ainsi que d&#039;autres allerg\u00e8nes, vers des solutions naturelles et biologiques sans compromis sur la qualit\u00e9. Stoak fait partie de cette r\u00e9volution et constitue une alternative naturelle pour les propri\u00e9taires de marques et les producteurs.<\/p>\n<\/div><div ><a class=\"fusion-button button-flat fusion-button-default-size button-default fusion-button-default button-1 fusion-button-default-span fusion-button-default-type\" style=\"width:calc(100%);\" target=\"_self\" href=\"https:\/\/www.stoaktechnologies.com\/fr\/products\/preserve\/\"><span class=\"fusion-button-text awb-button__text awb-button__text--default\">Lire la suite<\/span><\/a><\/div><\/div><\/div><div class=\"fusion-layout-column fusion_builder_column fusion-builder-column-2 fusion_builder_column_1_3 1_3 fusion-flex-column fusion-flex-align-self-stretch\" style=\"--awb-bg-size:cover;--awb-width-large:33.333333333333%;--awb-margin-top-large:0px;--awb-spacing-right-large:5.76%;--awb-margin-bottom-large:0px;--awb-spacing-left-large:5.76%;--awb-width-medium:100%;--awb-order-medium:0;--awb-spacing-right-medium:1.92%;--awb-spacing-left-medium:1.92%;--awb-width-small:100%;--awb-order-small:0;--awb-spacing-right-small:1.92%;--awb-spacing-left-small:1.92%;\"><div class=\"fusion-column-wrapper fusion-column-has-shadow fusion-flex-justify-content-space-between fusion-content-layout-column\"><div class=\"jag-himg-wrapper MfVIQrpKjA\">\t<div class=\"jag-hoverimage-card  jag-himg-s1  jag-title-default\" onclick=\"\">\n\t\t\n\t\t\t\t\t<a class=\"jag-wrapper-link\" href=\"https:\/\/www.stoaktechnologies.com\/fr\/products\/wlt-150-barrel-solutions\/\">\n\t\t\t\t\t\t<img decoding=\"async\" src=\"data:image\/svg+xml,%3Csvg%20xmlns%3D%27http%3A%2F%2Fwww.w3.org%2F2000%2Fsvg%27%20width%3D%271152%27%20height%3D%27864%27%20viewBox%3D%270%200%201152%20864%27%3E%3Crect%20width%3D%271152%27%20height%3D%27864%27%20fill-opacity%3D%220%22%2F%3E%3C%2Fsvg%3E\" data-orig-src=\"https:\/\/www.stoaktechnologies.com\/wp-content\/uploads\/2018\/02\/oak-barrels.jpg\" class=\"lazyload jag_fimg_main\">\n\t\t\t\t\t\t\t\t<div class=\"jag-hoverimage-image2\"><img decoding=\"async\" src=\"data:image\/svg+xml,%3Csvg%20xmlns%3D%27http%3A%2F%2Fwww.w3.org%2F2000%2Fsvg%27%20width%3D%271024%27%20height%3D%27768%27%20viewBox%3D%270%200%201024%20768%27%3E%3Crect%20width%3D%271024%27%20height%3D%27768%27%20fill-opacity%3D%220%22%2F%3E%3C%2Fsvg%3E\" data-orig-src=\"https:\/\/www.stoaktechnologies.com\/wp-content\/uploads\/2021\/02\/helping-to-age-spirits-with-WLT150.jpg\" class=\"lazyload fimg\"><\/div>\n\t\t\t\t\n            \n\t\t\t<div class=\"jag-hoverimage-overlay\"><\/div>\n\t\t\t\n\t\t\t\t\t\t\n\t\t\t<div class=\"jag-hover-content-wrapper\">\n\t\t\t\t<div class=\"jag-hoverimage-content jag-align-center jag-align-middle\">\n\t\t\t\t\t\t\t\t\t\t\t<i class=\"jag-himg-icon fusion-prefix-icon-custprodIcons-template_spirits-bottle jag_icon_large\" aria-hidden=\"true\"><\/i>\n\t\t\t\t\t\t\t\t\t\t\t<div class=\"clearfix\"><\/div>\n\t\t\t\t\t\t<div class=\"jag-hoverimage-title\">\n\t\t\t\t\t\t\tEsprits\t\t\t\t\t\t<\/div>\n\t\t\t\t\t\t\t\t\t\t<div class=\"jag-title-default-wrapper\">\n\t\t\t\t\t\t\t\t\t\t<\/div>\n\t\t\t\t\t\t\t\t\t<\/div>\n\t\t\t<\/div>\n\t\t\t\t\t<\/a>\n\t\t\t<\/div>\n\t<\/div><div class=\"fusion-text fusion-text-3\" style=\"--awb-text-transform:none;--awb-margin-top:20px;\"><p>Les fabricants de spiritueux subissent une pression croissante pour r\u00e9pondre \u00e0 la demande croissante de spiritueux premium et de qualit\u00e9. L&#039;augmentation de l&#039;offre n&#039;est pas faisable actuellement, avec une pression extraordinaire sur l&#039;offre et le prix du baril.<\/p>\n<p>Le vieillissement en barriques est un investissement pluriannuel co\u00fbteux en barils et en fonds de roulement qui a un impact sur le co\u00fbt du produit final. Il existe une contrainte d&#039;approvisionnement multig\u00e9n\u00e9rationnelle poussant les prix du baril toujours plus haut.<\/p>\n<p>Nos extraits de bois durables de ch\u00eane fran\u00e7ais de 150 ans et de ch\u00eane am\u00e9ricain de 90 ans r\u00e9volutionnent la qualit\u00e9, la vitesse et le raffinement de la production pour les producteurs de spiritueux, offrant \u00e0 chaque fois une nouvelle qualit\u00e9 de produit en f\u00fbts.<\/p>\n<\/div><div ><a class=\"fusion-button button-flat fusion-button-default-size button-default fusion-button-default button-2 fusion-button-default-span fusion-button-default-type\" style=\"width:calc(100%);\" target=\"_self\" href=\"https:\/\/www.stoaktechnologies.com\/fr\/products\/wlt-150-barrel-solutions\/\"><span class=\"fusion-button-text awb-button__text awb-button__text--default\">Lire la suite<\/span><\/a><\/div><\/div><\/div><div class=\"fusion-layout-column fusion_builder_column fusion-builder-column-3 fusion_builder_column_1_3 1_3 fusion-flex-column fusion-flex-align-self-stretch\" style=\"--awb-bg-size:cover;--awb-width-large:33.333333333333%;--awb-margin-top-large:0px;--awb-spacing-right-large:5.76%;--awb-margin-bottom-large:0px;--awb-spacing-left-large:5.76%;--awb-width-medium:100%;--awb-order-medium:0;--awb-spacing-right-medium:1.92%;--awb-spacing-left-medium:1.92%;--awb-width-small:100%;--awb-order-small:0;--awb-spacing-right-small:1.92%;--awb-spacing-left-small:1.92%;\"><div class=\"fusion-column-wrapper fusion-column-has-shadow fusion-flex-justify-content-space-between fusion-content-layout-column\"><div class=\"jag-himg-wrapper iZCHvSTeQF\">\t<div class=\"jag-hoverimage-card  jag-himg-s1  jag-title-default\" onclick=\"\">\n\t\t\n\t\t\t\t\t<a class=\"jag-wrapper-link\" href=\"https:\/\/www.stoaktechnologies.com\/fr\/structan-finishing-tannins-2\/\">\n\t\t\t\t\t\t<img decoding=\"async\" src=\"data:image\/svg+xml,%3Csvg%20xmlns%3D%27http%3A%2F%2Fwww.w3.org%2F2000%2Fsvg%27%20width%3D%271690%27%20height%3D%271024%27%20viewBox%3D%270%200%201690%201024%27%3E%3Crect%20width%3D%271690%27%20height%3D%271024%27%20fill-opacity%3D%220%22%2F%3E%3C%2Fsvg%3E\" data-orig-src=\"https:\/\/www.stoaktechnologies.com\/wp-content\/uploads\/2018\/02\/Structan-banner.gif\" class=\"lazyload jag_fimg_main\">\n\t\t\t\t\t\t\t\t<div class=\"jag-hoverimage-image2\"><img decoding=\"async\" src=\"data:image\/svg+xml,%3Csvg%20xmlns%3D%27http%3A%2F%2Fwww.w3.org%2F2000%2Fsvg%27%20width%3D%271536%27%20height%3D%271024%27%20viewBox%3D%270%200%201536%201024%27%3E%3Crect%20width%3D%271536%27%20height%3D%271024%27%20fill-opacity%3D%220%22%2F%3E%3C%2Fsvg%3E\" data-orig-src=\"https:\/\/www.stoaktechnologies.com\/wp-content\/uploads\/2021\/12\/fruit-6633086_1920.jpg\" class=\"lazyload fimg\"><\/div>\n\t\t\t\t\n            \n\t\t\t<div class=\"jag-hoverimage-overlay\"><\/div>\n\t\t\t\n\t\t\t\t\t\t\n\t\t\t<div class=\"jag-hover-content-wrapper\">\n\t\t\t\t<div class=\"jag-hoverimage-content jag-align-center jag-align-middle\">\n\t\t\t\t\t\t\t\t\t\t\t<i class=\"jag-himg-icon fusion-prefix-icon-custprodIcons-template_wine-bottle jag_icon_large\" aria-hidden=\"true\"><\/i>\n\t\t\t\t\t\t\t\t\t\t\t<div class=\"clearfix\"><\/div>\n\t\t\t\t\t\t<div class=\"jag-hoverimage-title\">\n\t\t\t\t\t\t\tVin\t\t\t\t\t\t<\/div>\n\t\t\t\t\t\t\t\t\t\t<div class=\"jag-title-default-wrapper\">\n\t\t\t\t\t\t\t\t\t\t<\/div>\n\t\t\t\t\t\t\t\t\t<\/div>\n\t\t\t<\/div>\n\t\t\t\t\t<\/a>\n\t\t\t<\/div>\n\t<\/div><div class=\"fusion-text fusion-text-4\" style=\"--awb-text-transform:none;--awb-margin-top:20px;\"><div class=\"fusion-text fusion-text-9\">\n<p style=\"text-align: left;\">La vinification en vrac est devenue une tr\u00e8s grosse affaire. Les \u00e9conomies d&#039;\u00e9chelle sont importantes, le vin en vrac repr\u00e9sentant d\u00e9sormais 34% de toutes les ventes mondiales en volume. Ce vin est exp\u00e9di\u00e9 dans des conteneurs et mis en bouteille dans le pays de destination.<\/p>\n<p style=\"text-align: left;\">Cette partie de l&#039;industrie met les viticulteurs au d\u00e9fi de livrer un produit bien structur\u00e9 et fini rapidement et en volume.<\/p>\n<p style=\"text-align: left;\">Notre gamme de produits naturels Structan r\u00e9pond \u00e0 de nombreux d\u00e9fis auxquels ces vignerons sont confront\u00e9s, de la r\u00e9duction de l&#039;utilisation de produits chimiques \u00e0 l&#039;am\u00e9lioration de la qualit\u00e9, de la structure, de la couleur et de la sensation en bouche.<\/p>\n<\/div>\n<\/div><div ><a class=\"fusion-button button-flat fusion-button-default-size button-default fusion-button-default button-3 fusion-button-default-span fusion-button-default-type\" style=\"width:calc(100%);\" target=\"_self\" href=\"https:\/\/www.stoaktechnologies.com\/fr\/structan-finishing-tannins-2\/\"><span class=\"fusion-button-text awb-button__text awb-button__text--default\">Lire la suite<\/span><\/a><\/div><\/div><\/div><\/div><\/div>","protected":false},"excerpt":{"rendered":"","protected":false},"author":10,"featured_media":496,"parent":0,"menu_order":24,"comment_status":"closed","ping_status":"closed","template":"100-width.php","meta":{"footnotes":""},"wf_page_folders":[41],"class_list":["post-2390","page","type-page","status-publish","has-post-thumbnail","hentry"],"_links":{"self":[{"href":"https:\/\/www.stoaktechnologies.com\/fr\/wp-json\/wp\/v2\/pages\/2390","targetHints":{"allow":["GET"]}}],"collection":[{"href":"https:\/\/www.stoaktechnologies.com\/fr\/wp-json\/wp\/v2\/pages"}],"about":[{"href":"https:\/\/www.stoaktechnologies.com\/fr\/wp-json\/wp\/v2\/types\/page"}],"author":[{"embeddable":true,"href":"https:\/\/www.stoaktechnologies.com\/fr\/wp-json\/wp\/v2\/users\/10"}],"replies":[{"embeddable":true,"href":"https:\/\/www.stoaktechnologies.com\/fr\/wp-json\/wp\/v2\/comments?post=2390"}],"version-history":[{"count":13,"href":"https:\/\/www.stoaktechnologies.com\/fr\/wp-json\/wp\/v2\/pages\/2390\/revisions"}],"predecessor-version":[{"id":5393,"href":"https:\/\/www.stoaktechnologies.com\/fr\/wp-json\/wp\/v2\/pages\/2390\/revisions\/5393"}],"wp:featuredmedia":[{"embeddable":true,"href":"https:\/\/www.stoaktechnologies.com\/fr\/wp-json\/wp\/v2\/media\/496"}],"wp:attachment":[{"href":"https:\/\/www.stoaktechnologies.com\/fr\/wp-json\/wp\/v2\/media?parent=2390"}],"wp:term":[{"taxonomy":"wf_page_folders","embeddable":true,"href":"https:\/\/www.stoaktechnologies.com\/fr\/wp-json\/wp\/v2\/wf_page_folders?post=2390"}],"curies":[{"name":"wp","href":"https:\/\/api.w.org\/{rel}","templated":true}]}}