{"id":2248,"date":"2022-01-25T08:14:40","date_gmt":"2022-01-25T08:14:40","guid":{"rendered":"https:\/\/www.stoaktechnologies.com\/?page_id=2248"},"modified":"2024-08-26T12:40:48","modified_gmt":"2024-08-26T12:40:48","slug":"technology","status":"publish","type":"page","link":"https:\/\/www.stoaktechnologies.com\/fr\/domicile\/about\/technology\/","title":{"rendered":"La technologie"},"content":{"rendered":"<div class=\"fusion-fullwidth fullwidth-box fusion-builder-row-1 fusion-flex-container nonhundred-percent-fullwidth non-hundred-percent-height-scrolling\" style=\"--awb-background-position:left top;--awb-border-sizes-top:0px;--awb-border-sizes-bottom:0px;--awb-border-sizes-left:0px;--awb-border-sizes-right:0px;--awb-border-radius-top-left:0px;--awb-border-radius-top-right:0px;--awb-border-radius-bottom-right:0px;--awb-border-radius-bottom-left:0px;--awb-padding-top:60px;--awb-padding-bottom:0px;--awb-padding-left:0px;--awb-padding-right-small:13px;--awb-padding-left-small:19px;--awb-margin-bottom:0px;--awb-flex-wrap:wrap;\" ><div class=\"fusion-builder-row fusion-row fusion-flex-align-items-stretch fusion-flex-justify-content-center fusion-flex-content-wrap\" style=\"max-width:1216.8px;margin-left: calc(-4% \/ 2 );margin-right: calc(-4% \/ 2 );\"><div class=\"fusion-layout-column fusion_builder_column fusion-builder-column-0 fusion_builder_column_1_1 1_1 fusion-flex-column\" style=\"--awb-bg-blend:overlay;--awb-bg-size:cover;--awb-width-large:100%;--awb-margin-top-large:0px;--awb-spacing-right-large:1.92%;--awb-margin-bottom-large:40px;--awb-spacing-left-large:1.92%;--awb-width-medium:100%;--awb-order-medium:0;--awb-spacing-right-medium:1.92%;--awb-spacing-left-medium:1.92%;--awb-width-small:100%;--awb-order-small:0;--awb-spacing-right-small:1.92%;--awb-spacing-left-small:1.92%;\"><div class=\"fusion-column-wrapper fusion-column-has-shadow fusion-flex-justify-content-flex-start fusion-content-layout-column\"><div class=\"fusion-title title fusion-title-1 fusion-sep-none fusion-title-text fusion-title-size-one\"><h1 class=\"fusion-title-heading title-heading-left fusion-responsive-typography-calculated\" style=\"margin:0;--fontSize:50;line-height:1.16;\">LA TECHNOLOGIE<\/h1><\/div><div class=\"fusion-text fusion-text-1 payoff\" style=\"--awb-text-transform:none;\"><p>La base de nos produits<\/p>\n<\/div><div class=\"fusion-text fusion-text-2\" style=\"--awb-text-transform:none;\"><p>Stoak recherche et teste ses extraits naturels depuis plus de 15 ans, d\u00e9veloppant des proc\u00e9d\u00e9s d&#039;extraction biotechnologiques tr\u00e8s pr\u00e9cis qui sont \u00e0 la fois naturels et tr\u00e8s efficaces pour isoler les principaux cong\u00e9n\u00e8res et ingr\u00e9dients actifs qui peuvent transformer les produits alimentaires et les boissons.<\/p>\n<\/div><\/div><\/div><div class=\"fusion-layout-column fusion_builder_column fusion-builder-column-1 fusion_builder_column_1_1 1_1 fusion-flex-column\" style=\"--awb-bg-size:cover;--awb-width-large:100%;--awb-margin-top-large:0px;--awb-spacing-right-large:1.92%;--awb-margin-bottom-large:40px;--awb-spacing-left-large:1.92%;--awb-width-medium:100%;--awb-order-medium:0;--awb-spacing-right-medium:1.92%;--awb-spacing-left-medium:1.92%;--awb-width-small:100%;--awb-order-small:0;--awb-spacing-right-small:1.92%;--awb-spacing-left-small:1.92%;\"><div class=\"fusion-column-wrapper fusion-column-has-shadow fusion-flex-justify-content-flex-start fusion-content-layout-column\"><div class=\"fusion-title title fusion-title-2 fusion-sep-none fusion-title-text fusion-title-size-three\"><h3 class=\"fusion-title-heading title-heading-left fusion-responsive-typography-calculated\" style=\"margin:0;--fontSize:32;line-height:1.25;\">BOIS \u2013 ALCHIMIE BIO<\/h3><\/div><div class=\"fusion-text fusion-text-3 awb-text-cols fusion-text-columns-2\" style=\"--awb-text-transform:none;--awb-columns:2;--awb-column-spacing:2em;--awb-column-min-width:100px;\"><p>Le bois est un mat\u00e9riau tr\u00e8s complexe, il est compos\u00e9 d&#039;\u00e9l\u00e9ments de base dont l&#039;h\u00e9micellulose, la lignine, les tanins et les lactones. Les sous-ensembles de bois sont appel\u00e9s cong\u00e9n\u00e8res et ceux-ci sont consid\u00e9r\u00e9s comme les principaux facteurs de ce qui rend le bois unique, en particulier le bois de ch\u00eane.<\/p>\n<p>Il y a plus de 20 000 cong\u00e9n\u00e8res contenus dans le bois de ch\u00eane dont seulement quelques centaines sont nomm\u00e9s et la plupart d&#039;entre eux sont largement inconnus en termes de pertinence organique. Ce sont ces cong\u00e9n\u00e8res cl\u00e9s sur lesquels notre technologie s&#039;est concentr\u00e9e, il n&#039;est pas particuli\u00e8rement compliqu\u00e9 de r\u00e9aliser un extrait botanique, l&#039;industrie des parfums et des ar\u00f4mes s&#039;est construite sur des extraits, cependant comment extraire la cl\u00e9 magique du Bois de Ch\u00eane pour apporter des solutions cibl\u00e9es ?<\/p>\n<p>Stoak a mis de nombreuses ann\u00e9es avec une \u00e9quipe scientifique de haut niveau pour perfectionner sa m\u00e9thode d&#039;extraction qui se concentre sur deux ensembles diff\u00e9rents de cong\u00e9n\u00e8res qui nous permettent d&#039;offrir la puissante conservation des aliments et des boissons et dans notre ensemble de produits distinct la structuration et la finition du vin et esprits.<\/p>\n<\/div><\/div><\/div><div class=\"fusion-layout-column fusion_builder_column fusion-builder-column-2 fusion_builder_column_1_2 1_2 fusion-flex-column\" style=\"--awb-bg-size:cover;--awb-width-large:50%;--awb-margin-top-large:0px;--awb-spacing-right-large:3.84%;--awb-margin-bottom-large:40px;--awb-spacing-left-large:3.84%;--awb-width-medium:100%;--awb-order-medium:0;--awb-spacing-right-medium:1.92%;--awb-spacing-left-medium:1.92%;--awb-width-small:100%;--awb-order-small:0;--awb-spacing-right-small:1.92%;--awb-spacing-left-small:1.92%;\"><div class=\"fusion-column-wrapper fusion-column-has-shadow fusion-flex-justify-content-flex-start fusion-content-layout-column\"><div class=\"fusion-title title fusion-title-3 fusion-sep-none fusion-title-text fusion-title-size-three\"><h3 class=\"fusion-title-heading title-heading-left fusion-responsive-typography-calculated\" style=\"margin:0;--fontSize:32;line-height:1.25;\">LE BOIS DE CHENE, NATURES LE\u00c7ON DE R\u00c9SILIENCE<\/h3><\/div><div class=\"fusion-text fusion-text-4\" style=\"--awb-text-transform:none;\"><p>Le plus vieux ch\u00eane vivant aujourd&#039;hui a plus de 2000 ans.<\/p>\n<p>Des constituants cl\u00e9s existent dans le bois de ces arbres pour assurer sa pr\u00e9servation \u00e0 long terme, pr\u00e9venir la pourriture, maintenir la structure et soutenir un \u00e9cosyst\u00e8me sain. Ceci est encore plus remarquable si l&#039;on consid\u00e8re que les sections int\u00e9rieures des arbres ne sont plus essentiellement vivantes mais bien capables de se d\u00e9composer et de pourrir. Comment l&#039;arbre continue-t-il en parfait \u00e9tat apr\u00e8s une d\u00e9cennie ou un si\u00e8cle plus tard ?<\/p>\n<p>Stoak a \u00e9t\u00e9 en mesure d&#039;identifier et d&#039;extraire une famille de cong\u00e9n\u00e8res dans un conservateur naturel et biologique hautement concentr\u00e9 pour l&#039;industrie alimentaire et des boissons.<\/p>\n<\/div><\/div><\/div><div class=\"fusion-layout-column fusion_builder_column fusion-builder-column-3 fusion_builder_column_1_2 1_2 fusion-flex-column\" style=\"--awb-bg-position:center center;--awb-bg-size:cover;--awb-width-large:50%;--awb-margin-top-large:0px;--awb-spacing-right-large:3.84%;--awb-margin-bottom-large:40px;--awb-spacing-left-large:3.84%;--awb-width-medium:100%;--awb-order-medium:0;--awb-spacing-right-medium:1.92%;--awb-spacing-left-medium:1.92%;--awb-width-small:100%;--awb-order-small:0;--awb-spacing-right-small:1.92%;--awb-spacing-left-small:1.92%;\"><div class=\"fusion-column-wrapper lazyload fusion-column-has-shadow fusion-flex-justify-content-flex-start fusion-content-layout-column fusion-empty-column-bg-image fusion-column-has-bg-image\" data-bg-url=\"https:\/\/www.stoaktechnologies.com\/wp-content\/uploads\/2022\/01\/avenue-g1af52538f_1920.jpg\" data-bg=\"https:\/\/www.stoaktechnologies.com\/wp-content\/uploads\/2022\/01\/avenue-g1af52538f_1920.jpg\"><img decoding=\"async\" class=\"fusion-empty-dims-img-placeholder fusion-no-large-visibility\" alt=\"Le ch\u00eane en tant que conservateur a \u00e9t\u00e9 utilis\u00e9 \u00e0 travers les \u00e2ges pour la conservation des liquides.\" aria-label=\"Le ch\u00eane comme conservateur \u00e0 travers les \u00e2ges\" src=\"data:image\/svg+xml,%3Csvg%20xmlns%3D%27http%3A%2F%2Fwww.w3.org%2F2000%2Fsvg%27%20width%3D%271536%27%20height%3D%271024%27%20viewBox%3D%270%200%201536%201024%27%3E%3Crect%20width%3D%271536%27%20height%3D%271024%27%20fill-opacity%3D%220%22%2F%3E%3C%2Fsvg%3E\"><\/div><\/div><div class=\"fusion-layout-column fusion_builder_column fusion-builder-column-4 fusion_builder_column_1_2 1_2 fusion-flex-column\" style=\"--awb-bg-position:center center;--awb-bg-size:cover;--awb-width-large:50%;--awb-margin-top-large:0px;--awb-spacing-right-large:3.84%;--awb-margin-bottom-large:40px;--awb-spacing-left-large:3.84%;--awb-width-medium:100%;--awb-order-medium:0;--awb-spacing-right-medium:1.92%;--awb-spacing-left-medium:1.92%;--awb-width-small:100%;--awb-order-small:0;--awb-spacing-right-small:1.92%;--awb-spacing-left-small:1.92%;\"><div class=\"fusion-column-wrapper lazyload fusion-column-has-shadow fusion-flex-justify-content-flex-start fusion-content-layout-column fusion-empty-column-bg-image fusion-column-has-bg-image\" data-bg-url=\"https:\/\/www.stoaktechnologies.com\/wp-content\/uploads\/2021\/12\/barrels-52934.jpg\" data-bg=\"https:\/\/www.stoaktechnologies.com\/wp-content\/uploads\/2021\/12\/barrels-52934.jpg\"><img decoding=\"async\" class=\"fusion-empty-dims-img-placeholder fusion-no-large-visibility\" aria-label=\"f\u00fbts-52934\" src=\"data:image\/svg+xml,%3Csvg%20xmlns%3D%27http%3A%2F%2Fwww.w3.org%2F2000%2Fsvg%27%20width%3D%271365%27%20height%3D%271024%27%20viewBox%3D%270%200%201365%201024%27%3E%3Crect%20width%3D%271365%27%20height%3D%271024%27%20fill-opacity%3D%220%22%2F%3E%3C%2Fsvg%3E\"><\/div><\/div><div class=\"fusion-layout-column fusion_builder_column fusion-builder-column-5 fusion_builder_column_1_2 1_2 fusion-flex-column\" style=\"--awb-bg-size:cover;--awb-width-large:50%;--awb-margin-top-large:0px;--awb-spacing-right-large:3.84%;--awb-margin-bottom-large:40px;--awb-spacing-left-large:3.84%;--awb-width-medium:100%;--awb-order-medium:0;--awb-spacing-right-medium:1.92%;--awb-spacing-left-medium:1.92%;--awb-width-small:100%;--awb-order-small:0;--awb-spacing-right-small:1.92%;--awb-spacing-left-small:1.92%;\"><div class=\"fusion-column-wrapper fusion-column-has-shadow fusion-flex-justify-content-flex-start fusion-content-layout-column\"><div class=\"fusion-title title fusion-title-4 fusion-sep-none fusion-title-text fusion-title-size-three\"><h3 class=\"fusion-title-heading title-heading-left fusion-responsive-typography-calculated\" style=\"margin:0;--fontSize:32;line-height:1.25;\">BARILS, UNE SOLUTION PARFAITE POUR L&#039;HISTOIRE<\/h3><\/div><div class=\"fusion-text fusion-text-5\" style=\"--awb-text-transform:none;\"><p>Les f\u00fbts de ch\u00eane sont utilis\u00e9s depuis des milliers d&#039;ann\u00e9es, simples \u00e0 fabriquer, \u00e9tanches \u00e0 l&#039;eau, circulaires et capables d&#039;\u00eatre d\u00e9plac\u00e9s facilement et empil\u00e9s dans un espace efficace. Les barils ont \u00e9t\u00e9 la seule solution de stockage de masse pendant tr\u00e8s longtemps.<\/p>\n<p>Pendant ce temps, nous nous sommes habitu\u00e9s \u00e0 la saveur conf\u00e9r\u00e9e par les spiritueux et le vin lorsqu&#039;ils sont stock\u00e9s dans des f\u00fbts.<\/p>\n<p>Stoak a \u00e9t\u00e9 capable d&#039;extraire ces m\u00eames cong\u00e9n\u00e8res d&#039;ar\u00f4me, de finition et de maturation qui permettent aux distillateurs et aux vignerons d&#039;imiter le processus de mise en f\u00fbt.<\/p>\n<\/div><\/div><\/div><div class=\"fusion-layout-column fusion_builder_column fusion-builder-column-6 fusion_builder_column_1_2 1_2 fusion-flex-column\" style=\"--awb-bg-size:cover;--awb-width-large:50%;--awb-margin-top-large:0px;--awb-spacing-right-large:3.84%;--awb-margin-bottom-large:0px;--awb-spacing-left-large:3.84%;--awb-width-medium:100%;--awb-order-medium:0;--awb-spacing-right-medium:1.92%;--awb-spacing-left-medium:1.92%;--awb-width-small:100%;--awb-order-small:0;--awb-spacing-right-small:1.92%;--awb-spacing-left-small:1.92%;\"><div class=\"fusion-column-wrapper fusion-column-has-shadow fusion-flex-justify-content-flex-start fusion-content-layout-column\"><div class=\"fusion-title title fusion-title-5 fusion-sep-none fusion-title-text fusion-title-size-three\"><h3 class=\"fusion-title-heading title-heading-left fusion-responsive-typography-calculated\" style=\"margin:0;--fontSize:32;line-height:1.25;\">RECHERCHE ET D\u00c9VELOPPEMENT EN COURS<\/h3><\/div><div class=\"fusion-text fusion-text-6\" style=\"--awb-text-transform:none;\"><p>Stoak vise \u00e0 soutenir les connaissances, la compr\u00e9hension et l&#039;expansion continues de notre technologie et de nos produits d&#039;extraction.<\/p>\n<p>De notre \u00e9quipe technique \u00e0 notre infrastructure de vente et de support client, nous d\u00e9veloppons constamment la technologie d&#039;application et d&#039;extraction.<\/p>\n<p>Notre objectif est de mieux comprendre comment la nature agit dans notre produit et comment cela peut aider les clients de l&#039;alimentation et des boissons \u00e0 relever leurs d\u00e9fis actuels et futurs en mati\u00e8re de d\u00e9veloppement et de stabilit\u00e9 de produits, ainsi qu&#039;\u00e0 \u00e9conomiser sur les co\u00fbts des processus de production essentiels.<\/p>\n<\/div><\/div><\/div><div class=\"fusion-layout-column fusion_builder_column fusion-builder-column-7 fusion_builder_column_1_2 1_2 fusion-flex-column\" style=\"--awb-bg-position:center center;--awb-bg-size:cover;--awb-width-large:50%;--awb-margin-top-large:0px;--awb-spacing-right-large:3.84%;--awb-margin-bottom-large:0px;--awb-spacing-left-large:3.84%;--awb-width-medium:100%;--awb-order-medium:0;--awb-spacing-right-medium:1.92%;--awb-spacing-left-medium:1.92%;--awb-width-small:100%;--awb-order-small:0;--awb-spacing-right-small:1.92%;--awb-spacing-left-small:1.92%;\"><div class=\"fusion-column-wrapper fusion-column-has-shadow fusion-flex-justify-content-flex-start fusion-content-layout-column\"><div class=\"fusion-video fusion-youtube\" style=\"--awb-max-width:600px;--awb-max-height:360px;\"><div class=\"video-shortcode\"><lite-youtube videoid=\"MNyFYHAnUwU\" class=\"landscape\" params=\"wmode=transparent&autoplay=1&enablejsapi=1\" title=\"Lecteur vid\u00e9o YouTube 1\" width=\"600\" height=\"360\" data-thumbnail-size=\"auto\" data-no-cookie=\"on\"><\/lite-youtube><\/div><\/div><\/div><\/div><\/div><\/div>","protected":false},"excerpt":{"rendered":"","protected":false},"author":10,"featured_media":1187,"parent":1154,"menu_order":3,"comment_status":"closed","ping_status":"closed","template":"100-width.php","meta":{"footnotes":""},"wf_page_folders":[41],"class_list":["post-2248","page","type-page","status-publish","has-post-thumbnail","hentry"],"_links":{"self":[{"href":"https:\/\/www.stoaktechnologies.com\/fr\/wp-json\/wp\/v2\/pages\/2248","targetHints":{"allow":["GET"]}}],"collection":[{"href":"https:\/\/www.stoaktechnologies.com\/fr\/wp-json\/wp\/v2\/pages"}],"about":[{"href":"https:\/\/www.stoaktechnologies.com\/fr\/wp-json\/wp\/v2\/types\/page"}],"author":[{"embeddable":true,"href":"https:\/\/www.stoaktechnologies.com\/fr\/wp-json\/wp\/v2\/users\/10"}],"replies":[{"embeddable":true,"href":"https:\/\/www.stoaktechnologies.com\/fr\/wp-json\/wp\/v2\/comments?post=2248"}],"version-history":[{"count":14,"href":"https:\/\/www.stoaktechnologies.com\/fr\/wp-json\/wp\/v2\/pages\/2248\/revisions"}],"predecessor-version":[{"id":2462,"href":"https:\/\/www.stoaktechnologies.com\/fr\/wp-json\/wp\/v2\/pages\/2248\/revisions\/2462"}],"up":[{"embeddable":true,"href":"https:\/\/www.stoaktechnologies.com\/fr\/wp-json\/wp\/v2\/pages\/1154"}],"wp:featuredmedia":[{"embeddable":true,"href":"https:\/\/www.stoaktechnologies.com\/fr\/wp-json\/wp\/v2\/media\/1187"}],"wp:attachment":[{"href":"https:\/\/www.stoaktechnologies.com\/fr\/wp-json\/wp\/v2\/media?parent=2248"}],"wp:term":[{"taxonomy":"wf_page_folders","embeddable":true,"href":"https:\/\/www.stoaktechnologies.com\/fr\/wp-json\/wp\/v2\/wf_page_folders?post=2248"}],"curies":[{"name":"wp","href":"https:\/\/api.w.org\/{rel}","templated":true}]}}