{"id":1337,"date":"2021-02-04T08:26:27","date_gmt":"2021-02-04T08:26:27","guid":{"rendered":"https:\/\/www.stoaktechnologies.com\/?page_id=1337"},"modified":"2024-08-26T12:44:58","modified_gmt":"2024-08-26T12:44:58","slug":"wlt-150-barrel-solutions","status":"publish","type":"page","link":"https:\/\/www.stoaktechnologies.com\/fr\/products\/wlt-150-barrel-solutions\/","title":{"rendered":"Solutions de remplacement de canon WLT-150"},"content":{"rendered":"<div class=\"fusion-fullwidth fullwidth-box fusion-builder-row-1 fusion-flex-container nonhundred-percent-fullwidth non-hundred-percent-height-scrolling\" style=\"--awb-background-position:left top;--awb-border-sizes-top:0px;--awb-border-sizes-bottom:0px;--awb-border-sizes-left:0px;--awb-border-sizes-right:0px;--awb-border-radius-top-left:0px;--awb-border-radius-top-right:0px;--awb-border-radius-bottom-right:0px;--awb-border-radius-bottom-left:0px;--awb-padding-top:60px;--awb-padding-bottom:0px;--awb-padding-left:0px;--awb-padding-right-small:13px;--awb-padding-left-small:19px;--awb-margin-bottom:0px;--awb-flex-wrap:wrap;\" ><div class=\"fusion-builder-row fusion-row fusion-flex-align-items-stretch fusion-flex-justify-content-center fusion-flex-content-wrap\" style=\"max-width:1216.8px;margin-left: calc(-4% \/ 2 );margin-right: calc(-4% \/ 2 );\"><div class=\"fusion-layout-column fusion_builder_column fusion-builder-column-0 fusion_builder_column_1_1 1_1 fusion-flex-column\" style=\"--awb-bg-blend:overlay;--awb-bg-size:cover;--awb-width-large:100%;--awb-margin-top-large:0px;--awb-spacing-right-large:1.92%;--awb-margin-bottom-large:40px;--awb-spacing-left-large:1.92%;--awb-width-medium:100%;--awb-order-medium:0;--awb-spacing-right-medium:1.92%;--awb-spacing-left-medium:1.92%;--awb-width-small:100%;--awb-order-small:0;--awb-spacing-right-small:1.92%;--awb-spacing-left-small:1.92%;\"><div class=\"fusion-column-wrapper fusion-column-has-shadow fusion-flex-justify-content-flex-start fusion-content-layout-column\"><div class=\"fusion-title title fusion-title-1 fusion-sep-none fusion-title-text fusion-title-size-one\"><h1 class=\"fusion-title-heading title-heading-left fusion-responsive-typography-calculated\" style=\"margin:0;--fontSize:50;line-height:1.16;\">VIEILLISSEMENT DES SPIRITUEUX<\/h1><\/div><div class=\"fusion-text fusion-text-1 payoff\" style=\"--awb-text-transform:none;\"><p>Transformez vos esprits<\/p>\n<\/div><div class=\"fusion-text fusion-text-2\" style=\"--awb-text-transform:none;\"><p>WLT150 a la capacit\u00e9 de transformer votre entreprise, vos processus et finalement les spiritueux de qualit\u00e9 que vous produisez.<\/p>\n<\/div><\/div><\/div><div class=\"fusion-layout-column fusion_builder_column fusion-builder-column-1 fusion_builder_column_1_1 1_1 fusion-flex-column\" style=\"--awb-bg-size:cover;--awb-width-large:100%;--awb-margin-top-large:0px;--awb-spacing-right-large:1.92%;--awb-margin-bottom-large:40px;--awb-spacing-left-large:1.92%;--awb-width-medium:100%;--awb-order-medium:0;--awb-spacing-right-medium:1.92%;--awb-spacing-left-medium:1.92%;--awb-width-small:100%;--awb-order-small:0;--awb-spacing-right-small:1.92%;--awb-spacing-left-small:1.92%;\"><div class=\"fusion-column-wrapper fusion-column-has-shadow fusion-flex-justify-content-flex-start fusion-content-layout-column\"><div class=\"fusion-title title fusion-title-2 fusion-sep-none fusion-title-text fusion-title-size-three\"><h3 class=\"fusion-title-heading title-heading-left fusion-responsive-typography-calculated\" style=\"margin:0;--fontSize:32;line-height:1.25;\">MATURIT\u00c9, LISSAGE ET COULEUR EXCEPTIONNELS<\/h3><\/div><div class=\"fusion-text fusion-text-3 awb-text-cols fusion-text-columns-2\" style=\"--awb-text-transform:none;--awb-columns:2;--awb-column-spacing:2em;--awb-column-min-width:100px;\"><p>L&#039;industrie de l&#039;alcool utilise depuis des si\u00e8cles des f\u00fbts de ch\u00eane fran\u00e7ais et am\u00e9ricain vieux de 150 ans comme moyen efficace de stockage et de transport des produits alcoolis\u00e9s. Il a \u00e9t\u00e9 constat\u00e9 au fil du temps que la boisson alcoolis\u00e9e stock\u00e9e dans ces f\u00fbts de ch\u00eane et conf\u00e9rait des profils de go\u00fbt de bois souhait\u00e9s et complexes et des ar\u00f4mes riches.<\/p>\n<p>Stoak extrait \u00e0 la fois les cong\u00e9n\u00e8res aromatiques (caract\u00e8re du ch\u00eane) et de maturation contenus dans le bois et les convertit en une forme liquide hautement concentr\u00e9e et efficace. Lib\u00e9r\u00e9 dans vos distillats, le WLT150 est capable d&#039;ajouter la couleur, la maturation et le caract\u00e8re que l&#039;on retrouve dans les processus typiques de vieillissement en f\u00fbt.<\/p>\n<\/div><div ><a class=\"fusion-button button-flat fusion-button-default-size button-default fusion-button-default button-1 fusion-button-default-span fusion-button-default-type\" style=\"--button_margin-top:40px;width:calc(100%);\" target=\"_blank\" rel=\"noopener noreferrer\" href=\"https:\/\/www.stoaktechnologies.com\/fr\/wlt150\/\"><span class=\"fusion-button-text awb-button__text awb-button__text--default\">CLIQUEZ ICI POUR ACC\u00c9DER DIRECTEMENT AU SITE WEB WLT150<\/span><\/a><\/div><\/div><\/div><div class=\"fusion-layout-column fusion_builder_column fusion-builder-column-2 fusion_builder_column_1_2 1_2 fusion-flex-column\" style=\"--awb-bg-size:cover;--awb-width-large:50%;--awb-margin-top-large:0px;--awb-spacing-right-large:3.84%;--awb-margin-bottom-large:40px;--awb-spacing-left-large:3.84%;--awb-width-medium:100%;--awb-order-medium:0;--awb-spacing-right-medium:1.92%;--awb-spacing-left-medium:1.92%;--awb-width-small:100%;--awb-order-small:0;--awb-spacing-right-small:1.92%;--awb-spacing-left-small:1.92%;\"><div class=\"fusion-column-wrapper fusion-column-has-shadow fusion-flex-justify-content-flex-start fusion-content-layout-column\"><div class=\"fusion-title title fusion-title-3 fusion-sep-none fusion-title-text fusion-title-size-three\"><h3 class=\"fusion-title-heading title-heading-left fusion-responsive-typography-calculated\" style=\"margin:0;--fontSize:32;line-height:1.25;\">TRAVAILLER AVEC VOS BARILS<\/h3><\/div><div class=\"fusion-text fusion-text-4\" style=\"--awb-text-transform:none;\"><p>Comme de nombreuses industries, les distillateurs subissent une pression financi\u00e8re croissante, surtout lorsqu&#039;ils doivent financer le remplacement annuel des barils, une partie importante du co\u00fbt de production des spiritueux. De nombreux distillateurs choisissent de r\u00e9duire le nombre de barils qu&#039;ils remplacent chaque ann\u00e9e dans le but de limiter les co\u00fbts, mais les barils plus anciens ne fonctionnent tout simplement plus aussi bien que les barils neufs et il ne s&#039;agit pas d&#039;une relation lin\u00e9aire.<\/p>\n<p>WLT150 contient les m\u00eames composants de base trouv\u00e9s dans le processus de maturation traditionnel vieilli en f\u00fbt. Ainsi, le WLT-150 fonctionne avec les programmes de barils existants, les distillateurs choisissent de retarder le remplacement des vieux barils et d&#039;ajouter du WLT150 dans le m\u00e9lange final pour obtenir un produit fini coh\u00e9rent et complexe.<\/p>\n<\/div><div class=\"fusion-title title fusion-title-4 fusion-sep-none fusion-title-text fusion-title-size-three\"><h3 class=\"fusion-title-heading title-heading-left fusion-responsive-typography-calculated\" style=\"margin:0;--fontSize:32;line-height:1.25;\">FOURNIR LES M\u00caMES \u00c9L\u00c9MENTS EN BOIS DE CH\u00caNE<\/h3><\/div><div class=\"fusion-text fusion-text-5\" style=\"--awb-text-transform:none;\"><p>La recherche sur le vieillissement du ch\u00eane a identifi\u00e9 des marqueurs chimiques cl\u00e9s qui sont conf\u00e9r\u00e9s par le processus de mise en f\u00fbt.<\/p>\n<p>Gr\u00e2ce aux m\u00eames processus analytiques d&#039;incorporation de la chromatographie liquide \u00e0 haute pression (HPLC), de la chromatographie en phase gazeuse et de la spectrom\u00e9trie de masse, le WLT150 fournit une quantit\u00e9 massive des m\u00eames compos\u00e9s sous-jacents que ceux pr\u00e9sent\u00e9s dans la recherche.<\/p>\n<p>Cela montre que m\u00eame si nous ne pr\u00e9tendons pas qu&#039;il existe un substitut au vieillissement des spiritueux en f\u00fbt, le WLT150 est en mesure d&#039;aider le distillateur \u00e0 raffiner, \u00e9quilibrer et compl\u00e9ter le processus du f\u00fbt avec les m\u00eames compos\u00e9s et les m\u00eames r\u00e9sultats obtenus \u00e0 partir d&#039;un f\u00fbt.<\/p>\n<\/div><\/div><\/div><div class=\"fusion-layout-column fusion_builder_column fusion-builder-column-3 fusion_builder_column_1_2 1_2 fusion-flex-column\" style=\"--awb-bg-position:center center;--awb-bg-size:cover;--awb-width-large:50%;--awb-margin-top-large:0px;--awb-spacing-right-large:3.84%;--awb-margin-bottom-large:40px;--awb-spacing-left-large:3.84%;--awb-width-medium:100%;--awb-order-medium:0;--awb-spacing-right-medium:1.92%;--awb-spacing-left-medium:1.92%;--awb-width-small:100%;--awb-order-small:0;--awb-spacing-right-small:1.92%;--awb-spacing-left-small:1.92%;\"><div class=\"fusion-column-wrapper lazyload fusion-column-has-shadow fusion-flex-justify-content-flex-start fusion-content-layout-column fusion-empty-column-bg-image fusion-column-has-bg-image\" data-bg-url=\"https:\/\/www.stoaktechnologies.com\/wp-content\/uploads\/2018\/02\/glass-of-whiskey1.png\" data-bg=\"https:\/\/www.stoaktechnologies.com\/wp-content\/uploads\/2018\/02\/glass-of-whiskey1.png\"><img decoding=\"async\" class=\"fusion-empty-dims-img-placeholder fusion-no-large-visibility\" aria-label=\"Whiskey vieilli \u00e0 l&#039;aide d&#039;extraits de ch\u00eane\" src=\"data:image\/svg+xml,%3Csvg%20xmlns%3D%27http%3A%2F%2Fwww.w3.org%2F2000%2Fsvg%27%20width%3D%27632%27%20height%3D%27750%27%20viewBox%3D%270%200%20632%20750%27%3E%3Crect%20width%3D%27632%27%20height%3D%27750%27%20fill-opacity%3D%220%22%2F%3E%3C%2Fsvg%3E\"><\/div><\/div><div class=\"fusion-layout-column fusion_builder_column fusion-builder-column-4 fusion_builder_column_1_1 1_1 fusion-flex-column\" style=\"--awb-bg-size:cover;--awb-width-large:100%;--awb-margin-top-large:0px;--awb-spacing-right-large:1.92%;--awb-margin-bottom-large:40px;--awb-spacing-left-large:1.92%;--awb-width-medium:100%;--awb-order-medium:0;--awb-spacing-right-medium:1.92%;--awb-spacing-left-medium:1.92%;--awb-width-small:100%;--awb-order-small:0;--awb-spacing-right-small:1.92%;--awb-spacing-left-small:1.92%;\"><div class=\"fusion-column-wrapper fusion-column-has-shadow fusion-flex-justify-content-flex-start fusion-content-layout-column\"><div class=\"fusion-title title fusion-title-5 fusion-sep-none fusion-title-text fusion-title-size-three\"><h3 class=\"fusion-title-heading title-heading-left fusion-responsive-typography-calculated\" style=\"margin:0;--fontSize:32;line-height:1.25;\">PRODUITS \u00c0 SPECTRE COMPLET<\/h3><\/div><div class=\"fusion-text fusion-text-6 awb-text-cols fusion-text-columns-2\" style=\"--awb-text-transform:none;--awb-columns:2;--awb-column-spacing:2em;--awb-column-min-width:100px;\"><p>Le m\u00e9lange WLT-150 incorpore le meilleur du ch\u00eane fran\u00e7ais et am\u00e9ricain, offrant du bois, de la vanille et d&#039;autres composants aromatiques.<\/p>\n<p>Le WLT-150 French est fabriqu\u00e9 \u00e0 partir de ch\u00eane fran\u00e7ais de 150 ans et conf\u00e8re des saveurs plus subtiles et des tanins plus fermes mais plus soyeux qui d\u00e9livrent des notes d&#039;\u00e9pices, de vanille et de fum\u00e9e pour une plus grande richesse en milieu de bouche.<\/p>\n<p>WLT-150 American est fabriqu\u00e9 \u00e0 partir de ch\u00eane am\u00e9ricain de 90 ans, qui est plus doux et contient plus de compos\u00e9s de vanilline et conf\u00e8re des ar\u00f4mes et des saveurs plus \u00e9vidents, plus forts et plus sucr\u00e9s. Ceux-ci incluent la noix de coco, les \u00e9pices douces et l&#039;aneth.<\/p>\n<\/div><\/div><\/div><div class=\"fusion-layout-column fusion_builder_column fusion-builder-column-5 fusion_builder_column_1_1 1_1 fusion-flex-column\" style=\"--awb-bg-size:cover;--awb-width-large:100%;--awb-margin-top-large:0px;--awb-spacing-right-large:1.92%;--awb-margin-bottom-large:40px;--awb-spacing-left-large:1.92%;--awb-width-medium:100%;--awb-order-medium:0;--awb-spacing-right-medium:1.92%;--awb-spacing-left-medium:1.92%;--awb-width-small:100%;--awb-order-small:0;--awb-spacing-right-small:1.92%;--awb-spacing-left-small:1.92%;\"><div class=\"fusion-column-wrapper fusion-column-has-shadow fusion-flex-justify-content-flex-start fusion-content-layout-column\"><div class=\"fusion-title title fusion-title-6 fusion-sep-none fusion-title-text fusion-title-size-three\"><h3 class=\"fusion-title-heading title-heading-left fusion-responsive-typography-calculated\" style=\"margin:0;--fontSize:32;line-height:1.25;\">ACTION MOL\u00c9CULAIRE DE NOTRE GAMME CH\u00caNE LIQUIDE<\/h3><\/div><div class=\"fusion-text fusion-text-7 awb-text-cols fusion-text-columns-2\" style=\"--awb-text-transform:none;--awb-columns:2;--awb-column-spacing:2em;--awb-column-min-width:100px;\"><p>Les extraits de Stoak sont tous sous forme liquide hautement concentr\u00e9e, ce qui pr\u00e9sente des avantages majeurs pour nos clients car cela signifie un ajout simple sans m\u00e9lange, pr\u00e9paration, g\u00e2chis ou tracas. L&#039;extrait agit imm\u00e9diatement car il s&#039;engage imm\u00e9diatement avec le produit au niveau mol\u00e9culaire permettant une int\u00e9gration rapide et pr\u00e9visible.<\/p>\n<p>Il n&#039;y a aucun risque de scalpage normalement associ\u00e9 aux poudres, aucun besoin de longue circulation associ\u00e9 aux solides et aucune exigence de filtration post-ajout, il suffit d&#039;ajouter, de pomper et de laisser notre extrait faire son travail.<\/p>\n<\/div><\/div><\/div><div class=\"fusion-layout-column fusion_builder_column fusion-builder-column-6 fusion_builder_column_1_1 1_1 fusion-flex-column\" style=\"--awb-bg-size:cover;--awb-width-large:100%;--awb-margin-top-large:0px;--awb-spacing-right-large:1.92%;--awb-margin-bottom-large:40px;--awb-spacing-left-large:1.92%;--awb-width-medium:100%;--awb-order-medium:0;--awb-spacing-right-medium:1.92%;--awb-spacing-left-medium:1.92%;--awb-width-small:100%;--awb-order-small:0;--awb-spacing-right-small:1.92%;--awb-spacing-left-small:1.92%;\"><div class=\"fusion-column-wrapper fusion-column-has-shadow fusion-flex-justify-content-flex-start fusion-content-layout-column\"><div class=\"fusion-title title fusion-title-7 fusion-sep-none fusion-title-text fusion-title-size-three\"><h3 class=\"fusion-title-heading title-heading-left fusion-responsive-typography-calculated\" style=\"margin:0;--fontSize:32;line-height:1.25;\">100% NATUREL ET SR<\/h3><\/div><div class=\"fusion-text fusion-text-8 awb-text-cols fusion-text-columns-2\" style=\"--awb-text-transform:none;--awb-columns:2;--awb-column-spacing:2em;--awb-column-min-width:100px;\"><p>Tous nos produits sont certifi\u00e9s biologiques et enregistr\u00e9s comme GRAS (g\u00e9n\u00e9ralement reconnus comme s\u00fbrs), ils appartiennent \u00e0 la cat\u00e9gorie des colorants, ar\u00f4mes et m\u00e9langes inoffensifs et conviennent \u00e0 une utilisation dans une grande vari\u00e9t\u00e9 de produits alimentaires et de boissons.<\/p>\n<p>\u00catre enregistr\u00e9 biologique signifie que vous avez la tranquillit\u00e9 d&#039;esprit que nos produits sont s\u00fbrs pour une utilisation dans vos produits tout en garantissant que nous sommes conformes \u00e0 toute certification biologique que vous avez ou que vous demandez.<\/p>\n<p>Les produits Stoak portent des certifications suppl\u00e9mentaires, notamment sans allerg\u00e8ne, sans OGM, casher, sans m\u00e9taux lourds ni pesticides, casher, halal et plus encore.<\/p>\n<\/div><\/div><\/div><div class=\"fusion-layout-column fusion_builder_column fusion-builder-column-7 fusion_builder_column_1_1 1_1 fusion-flex-column\" style=\"--awb-bg-size:cover;--awb-width-large:100%;--awb-margin-top-large:0px;--awb-spacing-right-large:1.92%;--awb-margin-bottom-large:40px;--awb-spacing-left-large:1.92%;--awb-width-medium:100%;--awb-order-medium:0;--awb-spacing-right-medium:1.92%;--awb-spacing-left-medium:1.92%;--awb-width-small:100%;--awb-order-small:0;--awb-spacing-right-small:1.92%;--awb-spacing-left-small:1.92%;\"><div class=\"fusion-column-wrapper fusion-column-has-shadow fusion-flex-justify-content-flex-start fusion-content-layout-column\"><div class=\"fusion-title title fusion-title-8 fusion-sep-none fusion-title-text fusion-title-size-three\"><h3 class=\"fusion-title-heading title-heading-left fusion-responsive-typography-calculated\" style=\"margin:0;--fontSize:32;line-height:1.25;\">RECHERCHE ET D\u00c9VELOPPEMENT EN COURS<\/h3><\/div><div class=\"fusion-text fusion-text-9 awb-text-cols fusion-text-columns-2\" style=\"--awb-text-transform:none;--awb-columns:2;--awb-column-spacing:2em;--awb-column-min-width:100px;\"><p>L&#039;organisation Stoak vise \u00e0 soutenir les connaissances, la compr\u00e9hension et l&#039;expansion continues de notre technologie et de nos produits d&#039;extraction.<\/p>\n<p>De notre \u00e9quipe technique \u00e0 notre infrastructure de vente et de support client, nous d\u00e9veloppons constamment la technologie d&#039;application et d&#039;extraction.<\/p>\n<p>Notre objectif est de mieux comprendre comment la nature agit dans notre produit et comment cela peut aider les clients de l&#039;alimentation et des boissons \u00e0 relever leurs d\u00e9fis actuels et futurs en mati\u00e8re de d\u00e9veloppement et de stabilit\u00e9 de produits, ainsi qu&#039;\u00e0 \u00e9conomiser sur les co\u00fbts des processus de production essentiels.<\/p>\n<\/div><\/div><\/div><div class=\"fusion-layout-column fusion_builder_column fusion-builder-column-8 fusion_builder_column_1_2 1_2 fusion-flex-column\" style=\"--awb-bg-size:cover;--awb-width-large:50%;--awb-margin-top-large:0px;--awb-spacing-right-large:3.84%;--awb-margin-bottom-large:0px;--awb-spacing-left-large:3.84%;--awb-width-medium:100%;--awb-order-medium:0;--awb-spacing-right-medium:1.92%;--awb-spacing-left-medium:1.92%;--awb-width-small:100%;--awb-order-small:0;--awb-spacing-right-small:1.92%;--awb-spacing-left-small:1.92%;\"><div class=\"fusion-column-wrapper fusion-column-has-shadow fusion-flex-justify-content-flex-start fusion-content-layout-column\"><div class=\"fusion-title title fusion-title-9 fusion-sep-none fusion-title-text fusion-title-size-three\"><h3 class=\"fusion-title-heading title-heading-left fusion-responsive-typography-calculated\" style=\"margin:0;--fontSize:32;line-height:1.25;\">SANS SAVEUR, COULEUR OU ARME AJOUT\u00c9<\/h3><\/div><div class=\"fusion-text fusion-text-10\" style=\"--awb-text-transform:none;\"><p>Nos produits de conservation ont tous \u00e9t\u00e9 test\u00e9s de mani\u00e8re approfondie pour s&#039;assurer qu&#039;ils n&#039;interf\u00e8rent en aucune fa\u00e7on avec votre recette existante ou votre profil de produit.<\/p>\n<p>La gamme de conservateurs Stoak a \u00e9t\u00e9 sp\u00e9cifiquement formul\u00e9e et extraite pour s&#039;assurer que nous ne ciblons que les cong\u00e9n\u00e8res, les tanins et les ph\u00e9nols sp\u00e9cifiquement destin\u00e9s \u00e0 pr\u00e9server, pas la saveur.<\/p>\n<p>Les taux de dosage sont extr\u00eamement faibles et des tests ont \u00e9t\u00e9 effectu\u00e9s sur des types d&#039;aliments extr\u00eamement sensibles sans changement identifiable. Nous travaillons en \u00e9troite collaboration avec tous nos clients pour nous assurer que toutes les pr\u00e9occupations sont g\u00e9r\u00e9es lors de la phase d&#039;essai.<\/p>\n<\/div><div class=\"fusion-title title fusion-title-10 fusion-sep-none fusion-title-text fusion-title-size-three\"><h3 class=\"fusion-title-heading title-heading-left fusion-responsive-typography-calculated\" style=\"margin:0;--fontSize:32;line-height:1.25;\">ASSISTANCE ET TESTS SUR MESURE<\/h3><\/div><div class=\"fusion-text fusion-text-11\" style=\"--awb-text-transform:none;\"><p>Stoak s&#039;engage r\u00e9guli\u00e8rement avec ses clients pour \u00e9valuer et tester les exigences uniques de leurs \u00e9quipes de d\u00e9veloppement de produits. Cela implique la formulation du produit, l&#039;analyse des variantes d&#039;extrait ainsi que les tests d&#039;application du produit.<\/p>\n<p>Nous avons mis en place des protocoles de suivi, des livres blancs et des programmes pour entreprendre une \u00e9valuation et des tests complets afin de fournir une preuve de concept et une analyse de stabilit\u00e9 \u00e0 nos clients. Dans tous les cas, nous travaillons main dans la main avec le client pour d\u00e9velopper le bon m\u00e9lange d&#039;ingr\u00e9dients \u00e0 utiliser dans ses produits.<\/p>\n<\/div><\/div><\/div><div class=\"fusion-layout-column fusion_builder_column fusion-builder-column-9 fusion_builder_column_1_2 1_2 fusion-flex-column\" style=\"--awb-bg-position:center center;--awb-bg-size:cover;--awb-width-large:50%;--awb-margin-top-large:0px;--awb-spacing-right-large:3.84%;--awb-margin-bottom-large:0px;--awb-spacing-left-large:3.84%;--awb-width-medium:100%;--awb-order-medium:0;--awb-spacing-right-medium:1.92%;--awb-spacing-left-medium:1.92%;--awb-width-small:100%;--awb-order-small:0;--awb-spacing-right-small:1.92%;--awb-spacing-left-small:1.92%;\"><div class=\"fusion-column-wrapper lazyload fusion-column-has-shadow fusion-flex-justify-content-flex-start fusion-content-layout-column fusion-empty-column-bg-image fusion-column-has-bg-image\" data-bg-url=\"https:\/\/www.stoaktechnologies.com\/wp-content\/uploads\/2022\/02\/test-214185_1280.jpg\" data-bg=\"https:\/\/www.stoaktechnologies.com\/wp-content\/uploads\/2022\/02\/test-214185_1280.jpg\"><img decoding=\"async\" class=\"fusion-empty-dims-img-placeholder fusion-no-large-visibility\" aria-label=\"essai-214185_1280\" src=\"data:image\/svg+xml,%3Csvg%20xmlns%3D%27http%3A%2F%2Fwww.w3.org%2F2000%2Fsvg%27%20width%3D%271280%27%20height%3D%27847%27%20viewBox%3D%270%200%201280%20847%27%3E%3Crect%20width%3D%271280%27%20height%3D%27847%27%20fill-opacity%3D%220%22%2F%3E%3C%2Fsvg%3E\"><\/div><\/div><\/div><\/div>","protected":false},"excerpt":{"rendered":"","protected":false},"author":1,"featured_media":578,"parent":2390,"menu_order":0,"comment_status":"closed","ping_status":"closed","template":"100-width.php","meta":{"footnotes":""},"wf_page_folders":[41],"class_list":["post-1337","page","type-page","status-publish","has-post-thumbnail","hentry"],"_links":{"self":[{"href":"https:\/\/www.stoaktechnologies.com\/fr\/wp-json\/wp\/v2\/pages\/1337","targetHints":{"allow":["GET"]}}],"collection":[{"href":"https:\/\/www.stoaktechnologies.com\/fr\/wp-json\/wp\/v2\/pages"}],"about":[{"href":"https:\/\/www.stoaktechnologies.com\/fr\/wp-json\/wp\/v2\/types\/page"}],"author":[{"embeddable":true,"href":"https:\/\/www.stoaktechnologies.com\/fr\/wp-json\/wp\/v2\/users\/1"}],"replies":[{"embeddable":true,"href":"https:\/\/www.stoaktechnologies.com\/fr\/wp-json\/wp\/v2\/comments?post=1337"}],"version-history":[{"count":38,"href":"https:\/\/www.stoaktechnologies.com\/fr\/wp-json\/wp\/v2\/pages\/1337\/revisions"}],"predecessor-version":[{"id":4465,"href":"https:\/\/www.stoaktechnologies.com\/fr\/wp-json\/wp\/v2\/pages\/1337\/revisions\/4465"}],"up":[{"embeddable":true,"href":"https:\/\/www.stoaktechnologies.com\/fr\/wp-json\/wp\/v2\/pages\/2390"}],"wp:featuredmedia":[{"embeddable":true,"href":"https:\/\/www.stoaktechnologies.com\/fr\/wp-json\/wp\/v2\/media\/578"}],"wp:attachment":[{"href":"https:\/\/www.stoaktechnologies.com\/fr\/wp-json\/wp\/v2\/media?parent=1337"}],"wp:term":[{"taxonomy":"wf_page_folders","embeddable":true,"href":"https:\/\/www.stoaktechnologies.com\/fr\/wp-json\/wp\/v2\/wf_page_folders?post=1337"}],"curies":[{"name":"wp","href":"https:\/\/api.w.org\/{rel}","templated":true}]}}