{"id":1178,"date":"2021-02-03T10:35:43","date_gmt":"2021-02-03T10:35:43","guid":{"rendered":"https:\/\/www.stoaktechnologies.com\/?page_id=1178"},"modified":"2024-08-26T12:39:04","modified_gmt":"2024-08-26T12:39:04","slug":"production","status":"publish","type":"page","link":"https:\/\/www.stoaktechnologies.com\/fr\/domicile\/about\/production\/","title":{"rendered":"Production"},"content":{"rendered":"<p><div class=\"fusion-fullwidth fullwidth-box fusion-builder-row-1 fusion-flex-container nonhundred-percent-fullwidth non-hundred-percent-height-scrolling\" style=\"--awb-background-position:left top;--awb-border-sizes-top:0px;--awb-border-sizes-bottom:0px;--awb-border-sizes-left:0px;--awb-border-sizes-right:0px;--awb-border-radius-top-left:0px;--awb-border-radius-top-right:0px;--awb-border-radius-bottom-right:0px;--awb-border-radius-bottom-left:0px;--awb-padding-top:60px;--awb-padding-bottom:0px;--awb-padding-left:0px;--awb-padding-right-small:13px;--awb-padding-left-small:19px;--awb-margin-bottom:0px;--awb-flex-wrap:wrap;\" ><div class=\"fusion-builder-row fusion-row fusion-flex-align-items-stretch fusion-flex-justify-content-center fusion-flex-content-wrap\" style=\"max-width:1216.8px;margin-left: calc(-4% \/ 2 );margin-right: calc(-4% \/ 2 );\"><div class=\"fusion-layout-column fusion_builder_column fusion-builder-column-0 fusion_builder_column_1_1 1_1 fusion-flex-column\" style=\"--awb-bg-blend:overlay;--awb-bg-size:cover;--awb-width-large:100%;--awb-margin-top-large:0px;--awb-spacing-right-large:1.92%;--awb-margin-bottom-large:40px;--awb-spacing-left-large:1.92%;--awb-width-medium:100%;--awb-order-medium:0;--awb-spacing-right-medium:1.92%;--awb-spacing-left-medium:1.92%;--awb-width-small:100%;--awb-order-small:0;--awb-spacing-right-small:1.92%;--awb-spacing-left-small:1.92%;\"><div class=\"fusion-column-wrapper fusion-column-has-shadow fusion-flex-justify-content-flex-start fusion-content-layout-column\"><div class=\"fusion-title title fusion-title-1 fusion-sep-none fusion-title-text fusion-title-size-one\"><h1 class=\"fusion-title-heading title-heading-left fusion-responsive-typography-calculated\" style=\"margin:0;--fontSize:50;line-height:1.16;\">PRODUCTION<\/h1><\/div><div class=\"fusion-text fusion-text-1 payoff\" style=\"--awb-text-transform:none;\"><p>Installation certifi\u00e9e de classe mondiale<\/p>\n<\/div><div class=\"fusion-text fusion-text-2\" style=\"--awb-text-transform:none;\"><p>Pour des raisons de s\u00e9curit\u00e9 technologique et de protection de la propri\u00e9t\u00e9 intellectuelle, Stoak a centralis\u00e9 toute l&#039;activit\u00e9 de production dans un seul centre d&#039;excellence o\u00f9 toute la production, la recherche et le d\u00e9veloppement sont effectu\u00e9s.<\/p>\n<p>L&#039;usine accr\u00e9dit\u00e9e \u00e0 haut volume de Stoak est capable de fabriquer plus d&#039;un million de litres de produits par an, nous avons s\u00e9curis\u00e9 des fournisseurs de mati\u00e8res premi\u00e8res et sommes en mesure d&#039;adapter notre production rapidement et en fonction de la demande des clients.<\/p>\n<\/div><\/div><\/div><div class=\"fusion-layout-column fusion_builder_column fusion-builder-column-1 fusion_builder_column_1_1 1_1 fusion-flex-column\" style=\"--awb-bg-size:cover;--awb-width-large:100%;--awb-margin-top-large:0px;--awb-spacing-right-large:1.92%;--awb-margin-bottom-large:0px;--awb-spacing-left-large:1.92%;--awb-width-medium:100%;--awb-order-medium:0;--awb-spacing-right-medium:1.92%;--awb-spacing-left-medium:1.92%;--awb-width-small:100%;--awb-order-small:0;--awb-spacing-right-small:1.92%;--awb-spacing-left-small:1.92%;\"><div class=\"fusion-column-wrapper fusion-column-has-shadow fusion-flex-justify-content-flex-start fusion-content-layout-column\"><div class=\"fusion-title title fusion-title-2 fusion-sep-none fusion-title-text fusion-title-size-three\"><h3 class=\"fusion-title-heading title-heading-left fusion-responsive-typography-calculated\" style=\"margin:0;--fontSize:32;line-height:1.25;\">CERTIFICATION ALIMENTAIRE MONDIALE<\/h3><\/div><div class=\"fusion-text fusion-text-3 awb-text-cols fusion-text-columns-2\" style=\"--awb-text-transform:none;--awb-columns:2;--awb-column-spacing:2em;--awb-column-min-width:100px;\"><p>L&#039;usine de fabrication de Stoak est enti\u00e8rement certifi\u00e9e FSSC 2200, ce qui repr\u00e9sente la r\u00e9f\u00e9rence en mati\u00e8re de production alimentaire applicable \u00e0 toutes les normes alimentaires internationales. Cela donne \u00e0 nos clients confiance dans notre syst\u00e8me rigoureux de s\u00e9curit\u00e9 alimentaire.<\/p>\n<p>Le site est audit\u00e9 chaque ann\u00e9e par la NSF, une autre organisation mondialement reconnue dans la gestion des normes internationales de l&#039;industrie alimentaire.<\/p>\n<\/div><\/div><\/div><\/div><\/div><div class=\"fusion-fullwidth fullwidth-box fusion-builder-row-2 fusion-flex-container nonhundred-percent-fullwidth non-hundred-percent-height-scrolling\" style=\"--awb-background-position:left top;--awb-border-sizes-top:0px;--awb-border-sizes-bottom:0px;--awb-border-sizes-left:0px;--awb-border-sizes-right:0px;--awb-border-radius-top-left:0px;--awb-border-radius-top-right:0px;--awb-border-radius-bottom-right:0px;--awb-border-radius-bottom-left:0px;--awb-padding-top:60px;--awb-padding-bottom:0px;--awb-padding-left:0px;--awb-padding-right-small:13px;--awb-padding-left-small:19px;--awb-margin-bottom:0px;--awb-flex-wrap:wrap;\" ><div class=\"fusion-builder-row fusion-row fusion-flex-align-items-stretch fusion-flex-justify-content-center fusion-flex-content-wrap\" style=\"max-width:1216.8px;margin-left: calc(-4% \/ 2 );margin-right: calc(-4% \/ 2 );\"><div class=\"fusion-layout-column fusion_builder_column fusion-builder-column-2 fusion_builder_column_1_2 1_2 fusion-flex-column\" style=\"--awb-bg-size:cover;--awb-width-large:50%;--awb-margin-top-large:0px;--awb-spacing-right-large:3.84%;--awb-margin-bottom-large:0px;--awb-spacing-left-large:3.84%;--awb-width-medium:100%;--awb-order-medium:0;--awb-spacing-right-medium:1.92%;--awb-spacing-left-medium:1.92%;--awb-width-small:100%;--awb-order-small:0;--awb-spacing-right-small:1.92%;--awb-spacing-left-small:1.92%;\"><div class=\"fusion-column-wrapper fusion-column-has-shadow fusion-flex-justify-content-flex-start fusion-content-layout-column\"><div class=\"fusion-title title fusion-title-3 fusion-sep-none fusion-title-text fusion-title-size-three\"><h3 class=\"fusion-title-heading title-heading-left fusion-responsive-typography-calculated\" style=\"margin:0;--fontSize:32;line-height:1.25;\">FDA R\u00c9SIST\u00c9E<\/h3><\/div><div class=\"fusion-text fusion-text-4\" style=\"--awb-text-transform:none;\"><p>Notre installation de production est certifi\u00e9e pour une utilisation par la FDA, ceci sur la base que notre produit r\u00e9pond aux exigences de s\u00e9curit\u00e9, de processus, de FDDC 22000, d&#039;emballage et d&#039;\u00e9tiquetage de la FDA ainsi qu&#039;en raison de sa classification GRAS (g\u00e9n\u00e9ralement reconnue comme s\u00fbre).<\/p>\n<\/div><div class=\"fusion-title title fusion-title-4 fusion-sep-none fusion-title-text fusion-title-size-three\"><h3 class=\"fusion-title-heading title-heading-left fusion-responsive-typography-calculated\" style=\"margin:0;--fontSize:32;line-height:1.25;\">CERTIFICATION BIO<\/h3><\/div><div class=\"fusion-text fusion-text-5\" style=\"--awb-text-transform:none;\"><p>Les produits Stoak sont certifi\u00e9s biologiques par Eccocert et OMRI. Cette certification est bas\u00e9e sur nos processus de production et nos intrants de mati\u00e8res premi\u00e8res.<\/p>\n<p>Ces certifications s&#039;appliquent aux extraits eux-m\u00eames ainsi qu&#039;\u00e0 l&#039;utilisation par nos clients dans leurs produits alimentaires biologiques. Cela offre \u00e0 nos clients la tranquillit\u00e9 d&#039;esprit que nos produits sont naturels et s\u00fbrs tout en pr\u00e9servant l&#039;int\u00e9grit\u00e9 de toute certification biologique et de toute marque sur leurs produits de consommation.<\/p>\n<\/div><\/div><\/div><div class=\"fusion-layout-column fusion_builder_column fusion-builder-column-3 fusion_builder_column_1_2 1_2 fusion-flex-column\" style=\"--awb-bg-position:center center;--awb-bg-size:cover;--awb-width-large:50%;--awb-margin-top-large:0px;--awb-spacing-right-large:3.84%;--awb-margin-bottom-large:0px;--awb-spacing-left-large:3.84%;--awb-width-medium:100%;--awb-order-medium:0;--awb-spacing-right-medium:1.92%;--awb-spacing-left-medium:1.92%;--awb-width-small:100%;--awb-order-small:0;--awb-spacing-right-small:1.92%;--awb-spacing-left-small:1.92%;\"><div class=\"fusion-column-wrapper lazyload fusion-column-has-shadow fusion-flex-justify-content-flex-start fusion-content-layout-column fusion-empty-column-bg-image fusion-column-has-bg-image\" data-bg-url=\"https:\/\/www.stoaktechnologies.com\/wp-content\/uploads\/2021\/02\/traceability-documents-e1612279257430.jpg\" data-bg=\"https:\/\/www.stoaktechnologies.com\/wp-content\/uploads\/2021\/02\/traceability-documents-e1612279257430.jpg\"><img decoding=\"async\" class=\"fusion-empty-dims-img-placeholder fusion-no-large-visibility\" aria-label=\"documents de tra\u00e7abilit\u00e9\" src=\"data:image\/svg+xml,%3Csvg%20xmlns%3D%27http%3A%2F%2Fwww.w3.org%2F2000%2Fsvg%27%20width%3D%27384%27%20height%3D%27384%27%20viewBox%3D%270%200%20384%20384%27%3E%3Crect%20width%3D%27384%27%20height%3D%27384%27%20fill-opacity%3D%220%22%2F%3E%3C%2Fsvg%3E\"><\/div><\/div><\/div><\/div><div class=\"fusion-fullwidth fullwidth-box fusion-builder-row-3 fusion-flex-container nonhundred-percent-fullwidth non-hundred-percent-height-scrolling\" style=\"--awb-background-position:left top;--awb-border-sizes-top:0px;--awb-border-sizes-bottom:0px;--awb-border-sizes-left:0px;--awb-border-sizes-right:0px;--awb-border-radius-top-left:0px;--awb-border-radius-top-right:0px;--awb-border-radius-bottom-right:0px;--awb-border-radius-bottom-left:0px;--awb-padding-top:60px;--awb-padding-bottom:0px;--awb-padding-left:0px;--awb-padding-right-small:13px;--awb-padding-left-small:19px;--awb-margin-bottom:0px;--awb-flex-wrap:wrap;\" ><div class=\"fusion-builder-row fusion-row fusion-flex-align-items-stretch fusion-flex-justify-content-center fusion-flex-content-wrap\" style=\"max-width:1216.8px;margin-left: calc(-4% \/ 2 );margin-right: calc(-4% \/ 2 );\"><div class=\"fusion-layout-column fusion_builder_column fusion-builder-column-4 fusion_builder_column_1_1 1_1 fusion-flex-column\" style=\"--awb-bg-size:cover;--awb-width-large:100%;--awb-margin-top-large:0px;--awb-spacing-right-large:1.92%;--awb-margin-bottom-large:40px;--awb-spacing-left-large:1.92%;--awb-width-medium:100%;--awb-order-medium:0;--awb-spacing-right-medium:1.92%;--awb-spacing-left-medium:1.92%;--awb-width-small:100%;--awb-order-small:0;--awb-spacing-right-small:1.92%;--awb-spacing-left-small:1.92%;\"><div class=\"fusion-column-wrapper fusion-column-has-shadow fusion-flex-justify-content-flex-start fusion-content-layout-column\"><div class=\"fusion-title title fusion-title-5 fusion-sep-none fusion-title-text fusion-title-size-three\"><h3 class=\"fusion-title-heading title-heading-left fusion-responsive-typography-calculated\" style=\"margin:0;--fontSize:32;line-height:1.25;\">PR\u00c9CISION, QUANTIFICATION ET DOCUMENTATION DES PROCESSUS<\/h3><\/div><div class=\"fusion-text fusion-text-6 awb-text-cols fusion-text-columns-2\" style=\"--awb-text-transform:none;--awb-columns:2;--awb-column-spacing:2em;--awb-column-min-width:100px;\"><p>Nous maintenons une tra\u00e7abilit\u00e9 compl\u00e8te des lots pour tous les intrants, la production et le produit fini.<\/p>\n<p>Tous les lots de production sont test\u00e9s par chromatographie en phase gazeuse et par chromatographie liquide \u00e0 haute pression avant l&#039;emballage pour garantir que tous les produits finis sont conformes aux sp\u00e9cifications.<\/p>\n<p>Des fiches signal\u00e9tiques d\u00e9taill\u00e9es, des certificats d&#039;analyse, des certificats d&#039;origine et d&#039;autres informations \u00e0 l&#039;appui sont fournis. Des directives de production sont fournies, y compris des livres blancs et des informations scientifiques \u00e0 l&#039;usage du client. Les protocoles de dosage et d&#039;essai sont inclus dans ce pack.<\/p>\n<\/div><\/div><\/div><div class=\"fusion-layout-column fusion_builder_column fusion-builder-column-5 fusion_builder_column_1_1 1_1 fusion-flex-column\" style=\"--awb-bg-size:cover;--awb-width-large:100%;--awb-margin-top-large:0px;--awb-spacing-right-large:1.92%;--awb-margin-bottom-large:40px;--awb-spacing-left-large:1.92%;--awb-width-medium:100%;--awb-order-medium:0;--awb-spacing-right-medium:1.92%;--awb-spacing-left-medium:1.92%;--awb-width-small:100%;--awb-order-small:0;--awb-spacing-right-small:1.92%;--awb-spacing-left-small:1.92%;\"><div class=\"fusion-column-wrapper fusion-column-has-shadow fusion-flex-justify-content-flex-start fusion-content-layout-column\"><div class=\"fusion-title title fusion-title-6 fusion-sep-none fusion-title-text fusion-title-size-three\"><h3 class=\"fusion-title-heading title-heading-left fusion-responsive-typography-calculated\" style=\"margin:0;--fontSize:32;line-height:1.25;\">CONFORMIT\u00c9, ACCR\u00c9DITATION ET APPROBATIONS<\/h3><\/div><div class=\"fusion-text fusion-text-7 awb-text-cols fusion-text-columns-2\" style=\"--awb-text-transform:none;--awb-columns:2;--awb-column-spacing:2em;--awb-column-min-width:100px;\"><p>Stoak a investi des efforts consid\u00e9rables pour s&#039;assurer qu&#039;il respecte toutes les normes de s\u00e9curit\u00e9 et de qualit\u00e9 des aliments et des boissons. Ces contr\u00f4les et r\u00e9glementations rigoureux couvrent un large \u00e9ventail de domaines commerciaux et de production, de nos processus \u00e0 nos syst\u00e8mes de suivi et de tra\u00e7abilit\u00e9, de qualit\u00e9 et de gestion de la s\u00e9curit\u00e9. Ces enregistrements ne visent pas seulement \u00e0 r\u00e9pondre aux normes de base, mais sont la pierre angulaire de notre engagement envers nos clients et leurs clients.<\/p>\n<p>Toutes les conformit\u00e9s sont audit\u00e9es, examin\u00e9es et approuv\u00e9es chaque ann\u00e9e par des soci\u00e9t\u00e9s de validation ind\u00e9pendantes accr\u00e9dit\u00e9es et autoris\u00e9es.<\/p>\n<p>Stoak a atteint la conformit\u00e9 suivante o\u00f9 toutes les conformit\u00e9s sont \u00e0 jour et sous licence sans aucun probl\u00e8me important enregistr\u00e9.<\/p>\n<\/div><\/div><\/div><div class=\"fusion-layout-column fusion_builder_column fusion-builder-column-6 fusion_builder_column_1_1 1_1 fusion-flex-column\" style=\"--awb-bg-size:cover;--awb-width-large:100%;--awb-margin-top-large:0px;--awb-spacing-right-large:1.92%;--awb-margin-bottom-large:0px;--awb-spacing-left-large:1.92%;--awb-width-medium:100%;--awb-order-medium:0;--awb-spacing-right-medium:1.92%;--awb-spacing-left-medium:1.92%;--awb-width-small:100%;--awb-order-small:0;--awb-spacing-right-small:1.92%;--awb-spacing-left-small:1.92%;\"><div class=\"fusion-column-wrapper fusion-column-has-shadow fusion-flex-justify-content-flex-start fusion-content-layout-column\"><div class=\"fusion-title title fusion-title-7 fusion-sep-none fusion-title-text fusion-title-size-three\"><h3 class=\"fusion-title-heading title-heading-left fusion-responsive-typography-calculated\" style=\"margin:0;--fontSize:32;line-height:1.25;\">PRODUCTION \u00c9VOLUTIVE<\/h3><\/div><div class=\"fusion-text fusion-text-8 awb-text-cols fusion-text-columns-2\" style=\"--awb-text-transform:none;--awb-columns:2;--awb-column-spacing:2em;--awb-column-min-width:100px;\"><p>Notre usine de production a \u00e9t\u00e9 con\u00e7ue pour \u00eatre hautement \u00e9volutive, depuis l&#039;infrastructure et les r\u00e9acteurs de traitement jusqu&#039;\u00e0 la cha\u00eene d&#039;approvisionnement et l&#039;approvisionnement en mati\u00e8res premi\u00e8res disponibles.<\/p>\n<p>Nous sommes en mesure de livrer des produits de haute qualit\u00e9, valid\u00e9s et certifi\u00e9s dans les 60 jours suivant la commande, partout dans le monde.<\/p>\n<\/div><\/div><\/div><\/div><\/div><\/p>","protected":false},"excerpt":{"rendered":"","protected":false},"author":1,"featured_media":2416,"parent":1154,"menu_order":1,"comment_status":"closed","ping_status":"closed","template":"100-width.php","meta":{"footnotes":""},"wf_page_folders":[41],"class_list":["post-1178","page","type-page","status-publish","has-post-thumbnail","hentry"],"_links":{"self":[{"href":"https:\/\/www.stoaktechnologies.com\/fr\/wp-json\/wp\/v2\/pages\/1178","targetHints":{"allow":["GET"]}}],"collection":[{"href":"https:\/\/www.stoaktechnologies.com\/fr\/wp-json\/wp\/v2\/pages"}],"about":[{"href":"https:\/\/www.stoaktechnologies.com\/fr\/wp-json\/wp\/v2\/types\/page"}],"author":[{"embeddable":true,"href":"https:\/\/www.stoaktechnologies.com\/fr\/wp-json\/wp\/v2\/users\/1"}],"replies":[{"embeddable":true,"href":"https:\/\/www.stoaktechnologies.com\/fr\/wp-json\/wp\/v2\/comments?post=1178"}],"version-history":[{"count":26,"href":"https:\/\/www.stoaktechnologies.com\/fr\/wp-json\/wp\/v2\/pages\/1178\/revisions"}],"predecessor-version":[{"id":4392,"href":"https:\/\/www.stoaktechnologies.com\/fr\/wp-json\/wp\/v2\/pages\/1178\/revisions\/4392"}],"up":[{"embeddable":true,"href":"https:\/\/www.stoaktechnologies.com\/fr\/wp-json\/wp\/v2\/pages\/1154"}],"wp:featuredmedia":[{"embeddable":true,"href":"https:\/\/www.stoaktechnologies.com\/fr\/wp-json\/wp\/v2\/media\/2416"}],"wp:attachment":[{"href":"https:\/\/www.stoaktechnologies.com\/fr\/wp-json\/wp\/v2\/media?parent=1178"}],"wp:term":[{"taxonomy":"wf_page_folders","embeddable":true,"href":"https:\/\/www.stoaktechnologies.com\/fr\/wp-json\/wp\/v2\/wf_page_folders?post=1178"}],"curies":[{"name":"wp","href":"https:\/\/api.w.org\/{rel}","templated":true}]}}