{"id":1129,"date":"2021-02-01T14:34:57","date_gmt":"2021-02-01T14:34:57","guid":{"rendered":"https:\/\/www.stoaktechnologies.com\/?page_id=1129"},"modified":"2024-08-26T12:45:29","modified_gmt":"2024-08-26T12:45:29","slug":"sustainability","status":"publish","type":"page","link":"https:\/\/www.stoaktechnologies.com\/fr\/sustainability\/","title":{"rendered":"Durabilit\u00e9"},"content":{"rendered":"<div class=\"fusion-fullwidth fullwidth-box fusion-builder-row-1 fusion-flex-container nonhundred-percent-fullwidth non-hundred-percent-height-scrolling\" style=\"--awb-background-position:left top;--awb-border-sizes-top:0px;--awb-border-sizes-bottom:0px;--awb-border-sizes-left:0px;--awb-border-sizes-right:0px;--awb-border-radius-top-left:0px;--awb-border-radius-top-right:0px;--awb-border-radius-bottom-right:0px;--awb-border-radius-bottom-left:0px;--awb-padding-top:60px;--awb-padding-bottom:0px;--awb-padding-left:0px;--awb-padding-right-small:13px;--awb-padding-left-small:19px;--awb-margin-bottom:0px;--awb-flex-wrap:wrap;\" ><div class=\"fusion-builder-row fusion-row fusion-flex-align-items-stretch fusion-flex-justify-content-center fusion-flex-content-wrap\" style=\"max-width:1216.8px;margin-left: calc(-4% \/ 2 );margin-right: calc(-4% \/ 2 );\"><div class=\"fusion-layout-column fusion_builder_column fusion-builder-column-0 fusion_builder_column_1_1 1_1 fusion-flex-column\" style=\"--awb-bg-blend:overlay;--awb-bg-size:cover;--awb-width-large:100%;--awb-margin-top-large:0px;--awb-spacing-right-large:1.92%;--awb-margin-bottom-large:40px;--awb-spacing-left-large:1.92%;--awb-width-medium:100%;--awb-order-medium:0;--awb-spacing-right-medium:1.92%;--awb-spacing-left-medium:1.92%;--awb-width-small:100%;--awb-order-small:0;--awb-spacing-right-small:1.92%;--awb-spacing-left-small:1.92%;\"><div class=\"fusion-column-wrapper fusion-column-has-shadow fusion-flex-justify-content-flex-start fusion-content-layout-column\"><div class=\"fusion-title title fusion-title-1 fusion-sep-none fusion-title-text fusion-title-size-one\"><h1 class=\"fusion-title-heading title-heading-left fusion-responsive-typography-calculated\" style=\"margin:0;--fontSize:50;line-height:1.16;\">DURABILIT\u00c9<\/h1><\/div><div class=\"fusion-text fusion-text-1 payoff\" style=\"--awb-text-transform:none;\"><p>Au c\u0153ur de qui nous sommes<\/p>\n<\/div><div class=\"fusion-text fusion-text-2\" style=\"--awb-text-transform:none;\"><p>La technologie de Stoak a \u00e9t\u00e9 d\u00e9velopp\u00e9e sur la base de la cr\u00e9ation de solutions naturelles et organiques aux pratiques alimentaires toxiques et inutiles. Les mati\u00e8res premi\u00e8res synth\u00e9tiques, canc\u00e9rig\u00e8nes et non durables utilis\u00e9es dans des applications similaires sont nocives pour les personnes et l&#039;environnement et nous nous effor\u00e7ons de trouver des solutions efficaces et saines \u00e0 celles-ci tout en \u00e9tant bonnes pour la plan\u00e8te.<\/p>\n<\/div><\/div><\/div><div class=\"fusion-layout-column fusion_builder_column fusion-builder-column-1 fusion_builder_column_1_1 1_1 fusion-flex-column\" style=\"--awb-bg-size:cover;--awb-width-large:100%;--awb-margin-top-large:0px;--awb-spacing-right-large:1.92%;--awb-margin-bottom-large:40px;--awb-spacing-left-large:1.92%;--awb-width-medium:100%;--awb-order-medium:0;--awb-spacing-right-medium:1.92%;--awb-spacing-left-medium:1.92%;--awb-width-small:100%;--awb-order-small:0;--awb-spacing-right-small:1.92%;--awb-spacing-left-small:1.92%;\"><div class=\"fusion-column-wrapper fusion-column-has-shadow fusion-flex-justify-content-flex-start fusion-content-layout-column\"><div class=\"fusion-title title fusion-title-2 fusion-sep-none fusion-title-text fusion-title-size-three\"><h3 class=\"fusion-title-heading title-heading-left fusion-responsive-typography-calculated\" style=\"margin:0;--fontSize:32;line-height:1.25;\">CONSERVATION NATURELLE<\/h3><\/div><div class=\"fusion-text fusion-text-3 awb-text-cols fusion-text-columns-2\" style=\"--awb-text-transform:none;--awb-columns:2;--awb-column-spacing:2em;--awb-column-min-width:100px;\"><p>Les conservateurs d&#039;aliments et de boissons modernes vont d&#039;\u00eatre g\u00e9n\u00e9ralement malsains \u00e0 ceux qui sont soup\u00e7onn\u00e9s d&#039;\u00eatre dangereux. Gr\u00e2ce \u00e0 la progression des sciences de l&#039;alimentation et de la sant\u00e9, de nombreux conservateurs utilis\u00e9s dans le pass\u00e9 ont maintenant \u00e9t\u00e9 interdits en raison de leur dangerosit\u00e9 connue. Les conservateurs courants comprennent les benzoates, les sorbates - y compris le sorbate de potassium, les propionates, les nitrites et les sulfites.<\/p>\n<p>Aucun d&#039;entre eux ne peut raisonnablement \u00eatre consid\u00e9r\u00e9 comme naturel et beaucoup ont des probl\u00e8mes d&#039;allergie et de sant\u00e9 connus. Tous les extraits conservateurs de stoaks sont naturels et biologiques et constituent une alternative beaucoup plus saine aux agents de qualit\u00e9 commerciale.<\/p>\n<\/div><\/div><\/div><div class=\"fusion-layout-column fusion_builder_column fusion-builder-column-2 fusion_builder_column_1_2 1_2 fusion-flex-column\" style=\"--awb-bg-size:cover;--awb-width-large:50%;--awb-margin-top-large:0px;--awb-spacing-right-large:3.84%;--awb-margin-bottom-large:40px;--awb-spacing-left-large:3.84%;--awb-width-medium:100%;--awb-order-medium:0;--awb-spacing-right-medium:1.92%;--awb-spacing-left-medium:1.92%;--awb-width-small:100%;--awb-order-small:0;--awb-spacing-right-small:1.92%;--awb-spacing-left-small:1.92%;\"><div class=\"fusion-column-wrapper fusion-column-has-shadow fusion-flex-justify-content-flex-start fusion-content-layout-column\"><div class=\"fusion-title title fusion-title-3 fusion-sep-none fusion-title-text fusion-title-size-three\"><h3 class=\"fusion-title-heading title-heading-left fusion-responsive-typography-calculated\" style=\"margin:0;--fontSize:32;line-height:1.25;\">R\u00c9DUIRE LES \u00c9MISSIONS<\/h3><\/div><div class=\"fusion-text fusion-text-4\" style=\"--awb-text-transform:none;\"><p>Les agents structurants de Stoak fonctionnent de la m\u00eame mani\u00e8re que les f\u00fbts dans le vieillissement des vins et spiritueux, l&#039;EPA d\u00e9taille les compos\u00e9s organiques volatils lib\u00e9r\u00e9s lors du vieillissement, principalement constitu\u00e9s d&#039;\u00e9thanol et en quantit\u00e9s pouvant atteindre 18% de volume de f\u00fbt selon la longueur et conditions de vieillissement. Cela signifie qu&#039;un baril moyen peut se traduire par une \u00e9conomie moyenne de 50 litres d&#039;\u00e9thanol par baril en utilisant la gamme de produits WLT-150.<\/p>\n<\/div><div class=\"fusion-title title fusion-title-4 fusion-sep-none fusion-title-text fusion-title-size-three\"><h3 class=\"fusion-title-heading title-heading-left fusion-responsive-typography-calculated\" style=\"margin:0;--fontSize:32;line-height:1.25;\">PRATIQUES OP\u00c9RATIONNELLES<\/h3><\/div><div class=\"fusion-text fusion-text-5\" style=\"--awb-text-transform:none;\"><p>Chez Stoak, nos pratiques commerciales, de fabrication, de stockage, d&#039;emballage et de vente sont r\u00e9gies par un code strict de principes \u00e9thiques et responsables. Une grande partie de cela est audit\u00e9e par le biais de la certification et de la validation environnementales, mais nos principes directeurs de comportement et de prise de d\u00e9cision au sein de l&#039;entreprise sont ax\u00e9s sur des pratiques environnementales solides et sur le d\u00e9veloppement d&#039;une entreprise qui peut profiter \u00e0 l&#039;environnement, \u00e0 nos communaut\u00e9s et \u00e0 la soci\u00e9t\u00e9 en tant que entier. Nous avons fond\u00e9 cette entreprise sur ces principes et, au fur et \u00e0 mesure de notre croissance, nous les utilisons quotidiennement pour nous guider dans notre responsabilit\u00e9 pour une plan\u00e8te plus saine et plus heureuse \u00e0 long terme.<\/p>\n<\/div><\/div><\/div><div class=\"fusion-layout-column fusion_builder_column fusion-builder-column-3 fusion_builder_column_1_2 1_2 fusion-flex-column\" style=\"--awb-bg-position:center center;--awb-bg-size:cover;--awb-width-large:50%;--awb-margin-top-large:0px;--awb-spacing-right-large:3.84%;--awb-margin-bottom-large:40px;--awb-spacing-left-large:3.84%;--awb-width-medium:100%;--awb-order-medium:0;--awb-spacing-right-medium:1.92%;--awb-spacing-left-medium:1.92%;--awb-width-small:100%;--awb-order-small:0;--awb-spacing-right-small:1.92%;--awb-spacing-left-small:1.92%;\"><div class=\"fusion-column-wrapper lazyload fusion-column-has-shadow fusion-flex-justify-content-flex-start fusion-content-layout-column fusion-empty-column-bg-image fusion-column-has-bg-image\" data-bg-url=\"https:\/\/www.stoaktechnologies.com\/wp-content\/uploads\/2021\/02\/wind-farm.jpg\" data-bg=\"https:\/\/www.stoaktechnologies.com\/wp-content\/uploads\/2021\/02\/wind-farm.jpg\"><img decoding=\"async\" class=\"fusion-empty-dims-img-placeholder fusion-no-large-visibility\" aria-label=\"parc \u00e9olien\" src=\"data:image\/svg+xml,%3Csvg%20xmlns%3D%27http%3A%2F%2Fwww.w3.org%2F2000%2Fsvg%27%20width%3D%27960%27%20height%3D%27635%27%20viewBox%3D%270%200%20960%20635%27%3E%3Crect%20width%3D%27960%27%20height%3D%27635%27%20fill-opacity%3D%220%22%2F%3E%3C%2Fsvg%3E\"><\/div><\/div><div class=\"fusion-layout-column fusion_builder_column fusion-builder-column-4 fusion_builder_column_1_1 1_1 fusion-flex-column\" style=\"--awb-bg-size:cover;--awb-width-large:100%;--awb-margin-top-large:0px;--awb-spacing-right-large:1.92%;--awb-margin-bottom-large:40px;--awb-spacing-left-large:1.92%;--awb-width-medium:100%;--awb-order-medium:0;--awb-spacing-right-medium:1.92%;--awb-spacing-left-medium:1.92%;--awb-width-small:100%;--awb-order-small:0;--awb-spacing-right-small:1.92%;--awb-spacing-left-small:1.92%;\"><div class=\"fusion-column-wrapper fusion-column-has-shadow fusion-flex-justify-content-flex-start fusion-content-layout-column\"><div class=\"fusion-title title fusion-title-5 fusion-sep-none fusion-title-text fusion-title-size-three\"><h3 class=\"fusion-title-heading title-heading-left fusion-responsive-typography-calculated\" style=\"margin:0;--fontSize:32;line-height:1.25;\">APPROVISIONNEMENT<\/h3><\/div><div class=\"fusion-text fusion-text-6 awb-text-cols fusion-text-columns-2\" style=\"--awb-text-transform:none;--awb-columns:2;--awb-column-spacing:2em;--awb-column-min-width:100px;\"><p>Stoak a un protocole d&#039;approvisionnement \u00e9tabli pour s&#039;assurer que tous les fournisseurs de l&#039;entreprise ont un niveau minimum de conformit\u00e9 sociale et environnementale. Nous reconnaissons que ce ne sont pas seulement nos pratiques qui dictent la g\u00e9rance environnementale, mais aussi celle de nos partenaires en aval.<\/p>\n<p>Nous avons investi du temps et de l&#039;argent dans la collaboration avec tous nos partenaires pour \u00e9tablir des pratiques et des activit\u00e9s op\u00e9rationnelles solides qui sont \u00e0 la fois responsables et responsables.<\/p>\n<\/div><\/div><\/div><\/div><\/div>","protected":false},"excerpt":{"rendered":"","protected":false},"author":1,"featured_media":2379,"parent":0,"menu_order":27,"comment_status":"closed","ping_status":"closed","template":"100-width.php","meta":{"footnotes":""},"wf_page_folders":[41],"class_list":["post-1129","page","type-page","status-publish","has-post-thumbnail","hentry"],"_links":{"self":[{"href":"https:\/\/www.stoaktechnologies.com\/fr\/wp-json\/wp\/v2\/pages\/1129","targetHints":{"allow":["GET"]}}],"collection":[{"href":"https:\/\/www.stoaktechnologies.com\/fr\/wp-json\/wp\/v2\/pages"}],"about":[{"href":"https:\/\/www.stoaktechnologies.com\/fr\/wp-json\/wp\/v2\/types\/page"}],"author":[{"embeddable":true,"href":"https:\/\/www.stoaktechnologies.com\/fr\/wp-json\/wp\/v2\/users\/1"}],"replies":[{"embeddable":true,"href":"https:\/\/www.stoaktechnologies.com\/fr\/wp-json\/wp\/v2\/comments?post=1129"}],"version-history":[{"count":29,"href":"https:\/\/www.stoaktechnologies.com\/fr\/wp-json\/wp\/v2\/pages\/1129\/revisions"}],"predecessor-version":[{"id":5264,"href":"https:\/\/www.stoaktechnologies.com\/fr\/wp-json\/wp\/v2\/pages\/1129\/revisions\/5264"}],"wp:featuredmedia":[{"embeddable":true,"href":"https:\/\/www.stoaktechnologies.com\/fr\/wp-json\/wp\/v2\/media\/2379"}],"wp:attachment":[{"href":"https:\/\/www.stoaktechnologies.com\/fr\/wp-json\/wp\/v2\/media?parent=1129"}],"wp:term":[{"taxonomy":"wf_page_folders","embeddable":true,"href":"https:\/\/www.stoaktechnologies.com\/fr\/wp-json\/wp\/v2\/wf_page_folders?post=1129"}],"curies":[{"name":"wp","href":"https:\/\/api.w.org\/{rel}","templated":true}]}}