{"id":1076,"date":"2021-02-01T11:10:43","date_gmt":"2021-02-01T11:10:43","guid":{"rendered":"https:\/\/www.stoaktechnologies.com\/?page_id=1076"},"modified":"2024-08-26T12:46:25","modified_gmt":"2024-08-26T12:46:25","slug":"expertise","status":"publish","type":"page","link":"https:\/\/www.stoaktechnologies.com\/fr\/expertise\/","title":{"rendered":"Comp\u00e9tence"},"content":{"rendered":"<div class=\"fusion-fullwidth fullwidth-box fusion-builder-row-1 fusion-flex-container nonhundred-percent-fullwidth non-hundred-percent-height-scrolling\" style=\"--awb-background-position:left top;--awb-border-sizes-top:0px;--awb-border-sizes-bottom:0px;--awb-border-sizes-left:0px;--awb-border-sizes-right:0px;--awb-border-radius-top-left:0px;--awb-border-radius-top-right:0px;--awb-border-radius-bottom-right:0px;--awb-border-radius-bottom-left:0px;--awb-padding-top:60px;--awb-padding-bottom:0px;--awb-padding-left:0px;--awb-padding-right-small:13px;--awb-padding-left-small:19px;--awb-margin-bottom:0px;--awb-flex-wrap:wrap;\" ><div class=\"fusion-builder-row fusion-row fusion-flex-align-items-stretch fusion-flex-justify-content-center fusion-flex-content-wrap\" style=\"max-width:1216.8px;margin-left: calc(-4% \/ 2 );margin-right: calc(-4% \/ 2 );\"><div class=\"fusion-layout-column fusion_builder_column fusion-builder-column-0 fusion_builder_column_1_1 1_1 fusion-flex-column\" style=\"--awb-bg-blend:overlay;--awb-bg-size:cover;--awb-width-large:100%;--awb-margin-top-large:0px;--awb-spacing-right-large:1.92%;--awb-margin-bottom-large:40px;--awb-spacing-left-large:1.92%;--awb-width-medium:100%;--awb-order-medium:0;--awb-spacing-right-medium:1.92%;--awb-spacing-left-medium:1.92%;--awb-width-small:100%;--awb-order-small:0;--awb-spacing-right-small:1.92%;--awb-spacing-left-small:1.92%;\"><div class=\"fusion-column-wrapper fusion-column-has-shadow fusion-flex-justify-content-flex-start fusion-content-layout-column\"><div class=\"fusion-title title fusion-title-1 fusion-sep-none fusion-title-text fusion-title-size-one\"><h1 class=\"fusion-title-heading title-heading-left fusion-responsive-typography-calculated\" style=\"margin:0;--fontSize:50;line-height:1.16;\">COMP\u00c9TENCE<\/h1><\/div><div class=\"fusion-text fusion-text-1 payoff\" style=\"--awb-text-transform:none;\"><p>La base de nos produits<\/p>\n<\/div><div class=\"fusion-text fusion-text-2\" style=\"--awb-text-transform:none;\"><p>Stoak recherche et teste ses extraits naturels depuis plus de 15 ans, d\u00e9veloppant des proc\u00e9d\u00e9s d&#039;extraction pr\u00e9cis qui sont \u00e0 la fois naturels et tr\u00e8s efficaces pour isoler les principaux cong\u00e9n\u00e8res et ingr\u00e9dients actifs qui peuvent transformer les boissons.<\/p>\n<\/div><\/div><\/div><div class=\"fusion-layout-column fusion_builder_column fusion-builder-column-1 fusion_builder_column_1_1 1_1 fusion-flex-column\" style=\"--awb-bg-size:cover;--awb-width-large:100%;--awb-margin-top-large:0px;--awb-spacing-right-large:1.92%;--awb-margin-bottom-large:40px;--awb-spacing-left-large:1.92%;--awb-width-medium:100%;--awb-order-medium:0;--awb-spacing-right-medium:1.92%;--awb-spacing-left-medium:1.92%;--awb-width-small:100%;--awb-order-small:0;--awb-spacing-right-small:1.92%;--awb-spacing-left-small:1.92%;\"><div class=\"fusion-column-wrapper fusion-column-has-shadow fusion-flex-justify-content-flex-start fusion-content-layout-column\"><div class=\"fusion-title title fusion-title-2 fusion-sep-none fusion-title-text fusion-title-size-three\"><h3 class=\"fusion-title-heading title-heading-left fusion-responsive-typography-calculated\" style=\"margin:0;--fontSize:32;line-height:1.25;\">SOLUTIONS ALIMENTAIRES MODERNES<\/h3><\/div><div class=\"fusion-text fusion-text-3 awb-text-cols fusion-text-columns-2\" style=\"--awb-text-transform:none;--awb-columns:2;--awb-column-spacing:2em;--awb-column-min-width:100px;\"><p>Les exigences des clients et des r\u00e9glementations sur les industries agroalimentaires sont dynamiques et exigeantes. Les demandes de solutions plus saines, plus naturelles et non synth\u00e9tiques obligent les entreprises \u00e0 innover et \u00e0 d\u00e9velopper en permanence de nouvelles solutions pour r\u00e9pondre \u00e0 l&#039;\u00e9volution de la demande.<\/p>\n<p>Stoak collabore depuis de nombreuses ann\u00e9es avec des clients de l&#039;industrie alimentaire pour cr\u00e9er de nouvelles applications innovantes pour nos extraits de bois de ch\u00eane. Nous avons appliqu\u00e9 notre technologie \u00e0 un large \u00e9ventail d&#039;industries o\u00f9 les clients recherchaient des solutions uniques \u00e0 des probl\u00e8mes que les approches traditionnelles \u00e9taient tout simplement incapables de r\u00e9soudre.<\/p>\n<\/div><\/div><\/div><div class=\"fusion-layout-column fusion_builder_column fusion-builder-column-2 fusion_builder_column_1_2 1_2 fusion-flex-column\" style=\"--awb-bg-size:cover;--awb-width-large:50%;--awb-margin-top-large:0px;--awb-spacing-right-large:3.84%;--awb-margin-bottom-large:40px;--awb-spacing-left-large:3.84%;--awb-width-medium:100%;--awb-order-medium:0;--awb-spacing-right-medium:1.92%;--awb-spacing-left-medium:1.92%;--awb-width-small:100%;--awb-order-small:0;--awb-spacing-right-small:1.92%;--awb-spacing-left-small:1.92%;\"><div class=\"fusion-column-wrapper fusion-column-has-shadow fusion-flex-justify-content-flex-start fusion-content-layout-column\"><div class=\"fusion-title title fusion-title-3 fusion-sep-none fusion-title-text fusion-title-size-three\"><h3 class=\"fusion-title-heading title-heading-left fusion-responsive-typography-calculated\" style=\"margin:0;--fontSize:32;line-height:1.25;\">UN INVESTISSEMENT DANS L&#039;AVENIR<\/h3><\/div><div class=\"fusion-text fusion-text-4\" style=\"--awb-text-transform:none;\"><p>Stoak a investi dans une technologie, des mati\u00e8res premi\u00e8res et des infrastructures \u00e9tendues pour s&#039;assurer que les produits que nous vendons r\u00e9pondent \u00e0 l&#039;\u00e9thique de puret\u00e9 et de pr\u00e9servation. Nous pensons que les aliments et les boissons que nous consommons doivent \u00eatre aussi proches que la nature l&#039;a voulu. Pour cette raison, toutes nos mati\u00e8res premi\u00e8res sont durables et cultiv\u00e9es et entretenues de mani\u00e8re responsable.<\/p>\n<p>De m\u00eame, notre processus de production n&#039;utilise aucun produit chimique ou ingr\u00e9dient non naturel, notre processus d&#039;extraction, bien que complexe, est enti\u00e8rement con\u00e7u autour du seul objectif d&#039;\u00eatre durable, sensible et naturel, absent de tous les intrants et processus synth\u00e9tiques ou non naturels.<\/p>\n<p>Nous rencontrons r\u00e9guli\u00e8rement nos fournisseurs pour nous assurer que notre cha\u00eene d&#039;intrants de qualit\u00e9 est maintenue afin que nous puissions continuer \u00e0 assurer \u00e0 nos clients et \u00e0 leurs clients des extraits et des solutions naturels de la plus haute qualit\u00e9.<\/p>\n<\/div><div class=\"fusion-title title fusion-title-4 fusion-sep-none fusion-title-text fusion-title-size-three\"><h3 class=\"fusion-title-heading title-heading-left fusion-responsive-typography-calculated\" style=\"margin:0;--fontSize:32;line-height:1.25;\">NORMES ET PRATIQUES DE QUALIT\u00c9<\/h3><\/div><div class=\"fusion-text fusion-text-5\" style=\"--awb-text-transform:none;\"><p>Nous nous concentrons sur les normes de qualit\u00e9 dans toute notre organisation, cela est ancr\u00e9 dans nos processus, nos attitudes et nos certifications.<\/p>\n<p>La conformit\u00e9 totale aux normes alimentaires et le suivi et la tra\u00e7abilit\u00e9 tout au long des processus sont d&#039;une importance cruciale, tout comme le dosage et l&#039;analyse de chaque lot produit.<\/p>\n<p>Nous travaillons main dans la main avec nos partenaires de distribution mondiaux et nos clients pour nous assurer que cela est maintenu tout au long de la cha\u00eene d&#039;approvisionnement jusqu&#039;au produit alimentaire ou de boisson final, cela offre \u00e0 nos clients la tranquillit\u00e9 d&#039;esprit que l&#039;utilisation ou l&#039;ensemble de produits apporte.<\/p>\n<\/div><\/div><\/div><div class=\"fusion-layout-column fusion_builder_column fusion-builder-column-3 fusion_builder_column_1_2 1_2 fusion-flex-column\" style=\"--awb-bg-position:center center;--awb-bg-size:cover;--awb-width-large:50%;--awb-margin-top-large:0px;--awb-spacing-right-large:3.84%;--awb-margin-bottom-large:40px;--awb-spacing-left-large:3.84%;--awb-width-medium:100%;--awb-order-medium:0;--awb-spacing-right-medium:1.92%;--awb-spacing-left-medium:1.92%;--awb-width-small:100%;--awb-order-small:0;--awb-spacing-right-small:1.92%;--awb-spacing-left-small:1.92%;\"><div class=\"fusion-column-wrapper lazyload fusion-column-has-shadow fusion-flex-justify-content-flex-start fusion-content-layout-column fusion-empty-column-bg-image fusion-column-has-bg-image\" data-bg-url=\"https:\/\/www.stoaktechnologies.com\/wp-content\/uploads\/2021\/02\/RD-e1612189914882.jpg\" data-bg=\"https:\/\/www.stoaktechnologies.com\/wp-content\/uploads\/2021\/02\/RD-e1612189914882.jpg\"><img decoding=\"async\" class=\"fusion-empty-dims-img-placeholder fusion-no-large-visibility\" aria-label=\"R&amp;D\" src=\"data:image\/svg+xml,%3Csvg%20xmlns%3D%27http%3A%2F%2Fwww.w3.org%2F2000%2Fsvg%27%20width%3D%27348%27%20height%3D%27348%27%20viewBox%3D%270%200%20348%20348%27%3E%3Crect%20width%3D%27348%27%20height%3D%27348%27%20fill-opacity%3D%220%22%2F%3E%3C%2Fsvg%3E\"><\/div><\/div><div class=\"fusion-layout-column fusion_builder_column fusion-builder-column-4 fusion_builder_column_1_1 1_1 fusion-flex-column\" style=\"--awb-bg-size:cover;--awb-width-large:100%;--awb-margin-top-large:0px;--awb-spacing-right-large:1.92%;--awb-margin-bottom-large:0px;--awb-spacing-left-large:1.92%;--awb-width-medium:100%;--awb-order-medium:0;--awb-spacing-right-medium:1.92%;--awb-spacing-left-medium:1.92%;--awb-width-small:100%;--awb-order-small:0;--awb-spacing-right-small:1.92%;--awb-spacing-left-small:1.92%;\"><div class=\"fusion-column-wrapper fusion-column-has-shadow fusion-flex-justify-content-flex-start fusion-content-layout-column\"><div class=\"fusion-title title fusion-title-5 fusion-sep-none fusion-title-text fusion-title-size-three\"><h3 class=\"fusion-title-heading title-heading-left fusion-responsive-typography-calculated\" style=\"margin:0;--fontSize:32;line-height:1.25;\">CONFORMIT\u00c9, ACCR\u00c9DITATION ET APPROBATIONS<\/h3><\/div><div class=\"fusion-text fusion-text-6 awb-text-cols fusion-text-columns-2\" style=\"--awb-text-transform:none;--awb-columns:2;--awb-column-spacing:2em;--awb-column-min-width:100px;\"><p>Stoak a investi des efforts consid\u00e9rables pour s&#039;assurer qu&#039;il respecte toutes les normes de s\u00e9curit\u00e9 et de qualit\u00e9 des aliments et des boissons. Ces contr\u00f4les et r\u00e9glementations rigoureux couvrent un large \u00e9ventail de domaines commerciaux et de production, de nos processus \u00e0 nos syst\u00e8mes de suivi et de tra\u00e7abilit\u00e9, de qualit\u00e9 et de gestion de la s\u00e9curit\u00e9. Ces enregistrements ne visent pas seulement \u00e0 r\u00e9pondre aux normes de base, mais sont la pierre angulaire de notre engagement envers nos clients et leurs clients.<\/p>\n<p>Toutes les conformit\u00e9s sont audit\u00e9es, examin\u00e9es et approuv\u00e9es chaque ann\u00e9e par des soci\u00e9t\u00e9s de validation ind\u00e9pendantes accr\u00e9dit\u00e9es et autoris\u00e9es.<\/p>\n<p>Stoak a atteint la conformit\u00e9 suivante o\u00f9 toutes les conformit\u00e9s sont \u00e0 jour et sous licence sans aucun probl\u00e8me important enregistr\u00e9.<\/p>\n<\/div><\/div><\/div><div class=\"fusion-layout-column fusion_builder_column fusion-builder-column-5 fusion_builder_column_1_1 1_1 fusion-flex-column\" style=\"--awb-bg-size:cover;--awb-width-large:100%;--awb-margin-top-large:0px;--awb-spacing-right-large:1.92%;--awb-margin-bottom-large:40px;--awb-spacing-left-large:1.92%;--awb-width-medium:100%;--awb-order-medium:0;--awb-spacing-right-medium:1.92%;--awb-spacing-left-medium:1.92%;--awb-width-small:100%;--awb-order-small:0;--awb-spacing-right-small:1.92%;--awb-spacing-left-small:1.92%;\"><div class=\"fusion-column-wrapper fusion-column-has-shadow fusion-flex-justify-content-flex-start fusion-content-layout-column\"><div class=\"fusion-title title fusion-title-6 fusion-sep-none fusion-title-text fusion-title-size-three\"><h3 class=\"fusion-title-heading title-heading-left fusion-responsive-typography-calculated\" style=\"margin:0;--fontSize:32;line-height:1.25;\">ASSISTANCE ET TESTS SUR MESURE<\/h3><\/div><div class=\"fusion-text fusion-text-7 awb-text-cols fusion-text-columns-2\" style=\"--awb-text-transform:none;--awb-columns:2;--awb-column-spacing:2em;--awb-column-min-width:100px;\"><p>Stoak s&#039;engage r\u00e9guli\u00e8rement avec ses clients pour \u00e9valuer et tester les exigences uniques de leurs \u00e9quipes de d\u00e9veloppement de produits. Cela implique la formulation du produit, l&#039;analyse des variantes d&#039;extrait ainsi que les tests d&#039;application du produit.<\/p>\n<p>Nous avons mis en place des protocoles de suivi, des livres blancs et des programmes pour entreprendre une \u00e9valuation et des tests complets afin de fournir une preuve de concept et une analyse de stabilit\u00e9 \u00e0 nos clients. Dans tous les cas, nous travaillons main dans la main avec le client pour d\u00e9velopper le bon m\u00e9lange d&#039;ingr\u00e9dients \u00e0 utiliser dans ses produits.<\/p>\n<\/div><\/div><\/div><div class=\"fusion-layout-column fusion_builder_column fusion-builder-column-6 fusion_builder_column_1_1 1_1 fusion-flex-column\" style=\"--awb-bg-size:cover;--awb-width-large:100%;--awb-margin-top-large:0px;--awb-spacing-right-large:1.92%;--awb-margin-bottom-large:0px;--awb-spacing-left-large:1.92%;--awb-width-medium:100%;--awb-order-medium:0;--awb-spacing-right-medium:1.92%;--awb-spacing-left-medium:1.92%;--awb-width-small:100%;--awb-order-small:0;--awb-spacing-right-small:1.92%;--awb-spacing-left-small:1.92%;\"><div class=\"fusion-column-wrapper fusion-column-has-shadow fusion-flex-justify-content-flex-start fusion-content-layout-column\"><div class=\"fusion-title title fusion-title-7 fusion-sep-none fusion-title-text fusion-title-size-three\"><h3 class=\"fusion-title-heading title-heading-left fusion-responsive-typography-calculated\" style=\"margin:0;--fontSize:32;line-height:1.25;\">RECHERCHE ET D\u00c9VELOPPEMENT EN COURS<\/h3><\/div><div class=\"fusion-text fusion-text-8 awb-text-cols fusion-text-columns-2\" style=\"--awb-text-transform:none;--awb-columns:2;--awb-column-spacing:2em;--awb-column-min-width:100px;\"><p>L&#039;organisation Stoak vise \u00e0 soutenir les connaissances, la compr\u00e9hension et l&#039;expansion continues de notre technologie et de nos produits d&#039;extraction.<\/p>\n<p>De notre \u00e9quipe technique \u00e0 notre infrastructure de vente et de support client, nous d\u00e9veloppons constamment la technologie d&#039;application et d&#039;extraction.<\/p>\n<p>Notre objectif est de mieux comprendre comment la nature agit dans notre produit et comment cela peut aider les clients de l&#039;alimentation et des boissons \u00e0 relever leurs d\u00e9fis actuels et futurs en mati\u00e8re de d\u00e9veloppement et de stabilit\u00e9 de produits, ainsi qu&#039;\u00e0 \u00e9conomiser sur les co\u00fbts des processus de production essentiels.<\/p>\n<\/div><\/div><\/div><\/div><\/div>","protected":false},"excerpt":{"rendered":"","protected":false},"author":1,"featured_media":2422,"parent":0,"menu_order":10,"comment_status":"closed","ping_status":"closed","template":"100-width.php","meta":{"footnotes":""},"wf_page_folders":[41],"class_list":["post-1076","page","type-page","status-publish","has-post-thumbnail","hentry"],"_links":{"self":[{"href":"https:\/\/www.stoaktechnologies.com\/fr\/wp-json\/wp\/v2\/pages\/1076","targetHints":{"allow":["GET"]}}],"collection":[{"href":"https:\/\/www.stoaktechnologies.com\/fr\/wp-json\/wp\/v2\/pages"}],"about":[{"href":"https:\/\/www.stoaktechnologies.com\/fr\/wp-json\/wp\/v2\/types\/page"}],"author":[{"embeddable":true,"href":"https:\/\/www.stoaktechnologies.com\/fr\/wp-json\/wp\/v2\/users\/1"}],"replies":[{"embeddable":true,"href":"https:\/\/www.stoaktechnologies.com\/fr\/wp-json\/wp\/v2\/comments?post=1076"}],"version-history":[{"count":48,"href":"https:\/\/www.stoaktechnologies.com\/fr\/wp-json\/wp\/v2\/pages\/1076\/revisions"}],"predecessor-version":[{"id":4438,"href":"https:\/\/www.stoaktechnologies.com\/fr\/wp-json\/wp\/v2\/pages\/1076\/revisions\/4438"}],"wp:featuredmedia":[{"embeddable":true,"href":"https:\/\/www.stoaktechnologies.com\/fr\/wp-json\/wp\/v2\/media\/2422"}],"wp:attachment":[{"href":"https:\/\/www.stoaktechnologies.com\/fr\/wp-json\/wp\/v2\/media?parent=1076"}],"wp:term":[{"taxonomy":"wf_page_folders","embeddable":true,"href":"https:\/\/www.stoaktechnologies.com\/fr\/wp-json\/wp\/v2\/wf_page_folders?post=1076"}],"curies":[{"name":"wp","href":"https:\/\/api.w.org\/{rel}","templated":true}]}}