{"id":1337,"date":"2021-02-04T08:26:27","date_gmt":"2021-02-04T08:26:27","guid":{"rendered":"https:\/\/www.stoaktechnologies.com\/?page_id=1337"},"modified":"2024-08-26T12:44:58","modified_gmt":"2024-08-26T12:44:58","slug":"wlt-150-barrel-solutions","status":"publish","type":"page","link":"https:\/\/www.stoaktechnologies.com\/es\/products\/wlt-150-barrel-solutions\/","title":{"rendered":"Soluciones de reemplazo de barriles WLT-150"},"content":{"rendered":"<div class=\"fusion-fullwidth fullwidth-box fusion-builder-row-1 fusion-flex-container nonhundred-percent-fullwidth non-hundred-percent-height-scrolling\" style=\"--awb-background-position:left top;--awb-border-sizes-top:0px;--awb-border-sizes-bottom:0px;--awb-border-sizes-left:0px;--awb-border-sizes-right:0px;--awb-border-radius-top-left:0px;--awb-border-radius-top-right:0px;--awb-border-radius-bottom-right:0px;--awb-border-radius-bottom-left:0px;--awb-padding-top:60px;--awb-padding-bottom:0px;--awb-padding-left:0px;--awb-padding-right-small:13px;--awb-padding-left-small:19px;--awb-margin-bottom:0px;--awb-flex-wrap:wrap;\" ><div class=\"fusion-builder-row fusion-row fusion-flex-align-items-stretch fusion-flex-justify-content-center fusion-flex-content-wrap\" style=\"max-width:1216.8px;margin-left: calc(-4% \/ 2 );margin-right: calc(-4% \/ 2 );\"><div class=\"fusion-layout-column fusion_builder_column fusion-builder-column-0 fusion_builder_column_1_1 1_1 fusion-flex-column\" style=\"--awb-bg-blend:overlay;--awb-bg-size:cover;--awb-width-large:100%;--awb-margin-top-large:0px;--awb-spacing-right-large:1.92%;--awb-margin-bottom-large:40px;--awb-spacing-left-large:1.92%;--awb-width-medium:100%;--awb-order-medium:0;--awb-spacing-right-medium:1.92%;--awb-spacing-left-medium:1.92%;--awb-width-small:100%;--awb-order-small:0;--awb-spacing-right-small:1.92%;--awb-spacing-left-small:1.92%;\"><div class=\"fusion-column-wrapper fusion-column-has-shadow fusion-flex-justify-content-flex-start fusion-content-layout-column\"><div class=\"fusion-title title fusion-title-1 fusion-sep-none fusion-title-text fusion-title-size-one\"><h1 class=\"fusion-title-heading title-heading-left fusion-responsive-typography-calculated\" style=\"margin:0;--fontSize:50;line-height:1.16;\">ENVEJECIMIENTO DE ESPIRITUS<\/h1><\/div><div class=\"fusion-text fusion-text-1 payoff\" style=\"--awb-text-transform:none;\"><p>Transforma tu esp\u00edritu<\/p>\n<\/div><div class=\"fusion-text fusion-text-2\" style=\"--awb-text-transform:none;\"><p>WLT150 tiene la capacidad de transformar su negocio, sus procesos y, en \u00faltima instancia, los licores de calidad que produce.<\/p>\n<\/div><\/div><\/div><div class=\"fusion-layout-column fusion_builder_column fusion-builder-column-1 fusion_builder_column_1_1 1_1 fusion-flex-column\" style=\"--awb-bg-size:cover;--awb-width-large:100%;--awb-margin-top-large:0px;--awb-spacing-right-large:1.92%;--awb-margin-bottom-large:40px;--awb-spacing-left-large:1.92%;--awb-width-medium:100%;--awb-order-medium:0;--awb-spacing-right-medium:1.92%;--awb-spacing-left-medium:1.92%;--awb-width-small:100%;--awb-order-small:0;--awb-spacing-right-small:1.92%;--awb-spacing-left-small:1.92%;\"><div class=\"fusion-column-wrapper fusion-column-has-shadow fusion-flex-justify-content-flex-start fusion-content-layout-column\"><div class=\"fusion-title title fusion-title-2 fusion-sep-none fusion-title-text fusion-title-size-three\"><h3 class=\"fusion-title-heading title-heading-left fusion-responsive-typography-calculated\" style=\"margin:0;--fontSize:32;line-height:1.25;\">MADUREZ, ALISADO Y COLOR EXCEPCIONAL<\/h3><\/div><div class=\"fusion-text fusion-text-3 awb-text-cols fusion-text-columns-2\" style=\"--awb-text-transform:none;--awb-columns:2;--awb-column-spacing:2em;--awb-column-min-width:100px;\"><p>La industria del alcohol ha utilizado barricas de roble franc\u00e9s y americano de 150 a\u00f1os durante siglos como una forma eficaz de almacenar y transportar productos de licor. Con el tiempo, se descubri\u00f3 que la bebida alcoh\u00f3lica almacenada en estas barricas de roble impart\u00eda perfiles de sabor a madera complejos y deseados y ricos aromas.<\/p>\n<p>Stoak extrae los cong\u00e9neres arom\u00e1ticos (car\u00e1cter del roble) y de maduraci\u00f3n contenidos en la madera y los convierte en una forma l\u00edquida altamente concentrada y eficaz. Liberado en sus destilados, WLT150 puede agregar el color, la maduraci\u00f3n y el car\u00e1cter que se encuentran en los procesos t\u00edpicos de envejecimiento en barrica.<\/p>\n<\/div><div ><a class=\"fusion-button button-flat fusion-button-default-size button-default fusion-button-default button-1 fusion-button-default-span fusion-button-default-type\" style=\"--button_margin-top:40px;width:calc(100%);\" target=\"_blank\" rel=\"noopener noreferrer\" href=\"https:\/\/www.stoaktechnologies.com\/es\/wlt150\/\"><span class=\"fusion-button-text awb-button__text awb-button__text--default\">HAGA CLIC AQU\u00cd PARA IR DIRECTAMENTE AL SITIO WEB DE WLT150<\/span><\/a><\/div><\/div><\/div><div class=\"fusion-layout-column fusion_builder_column fusion-builder-column-2 fusion_builder_column_1_2 1_2 fusion-flex-column\" style=\"--awb-bg-size:cover;--awb-width-large:50%;--awb-margin-top-large:0px;--awb-spacing-right-large:3.84%;--awb-margin-bottom-large:40px;--awb-spacing-left-large:3.84%;--awb-width-medium:100%;--awb-order-medium:0;--awb-spacing-right-medium:1.92%;--awb-spacing-left-medium:1.92%;--awb-width-small:100%;--awb-order-small:0;--awb-spacing-right-small:1.92%;--awb-spacing-left-small:1.92%;\"><div class=\"fusion-column-wrapper fusion-column-has-shadow fusion-flex-justify-content-flex-start fusion-content-layout-column\"><div class=\"fusion-title title fusion-title-3 fusion-sep-none fusion-title-text fusion-title-size-three\"><h3 class=\"fusion-title-heading title-heading-left fusion-responsive-typography-calculated\" style=\"margin:0;--fontSize:32;line-height:1.25;\">TRABAJANDO CON TUS BARRILES<\/h3><\/div><div class=\"fusion-text fusion-text-4\" style=\"--awb-text-transform:none;\"><p>Al igual que muchas industrias, los destiladores est\u00e1n bajo una presi\u00f3n financiera cada vez mayor, lo que es m\u00e1s cr\u00edtico cuando tienen que financiar el reemplazo anual del barril, una parte significativa del costo de producci\u00f3n de las bebidas espirituosas. Muchos destiladores est\u00e1n optando por reducir la cantidad de barriles que reemplazan anualmente en un intento de contener los costos; sin embargo, los barriles m\u00e1s viejos simplemente ya no funcionan tan bien como los nuevos y esta no es una relaci\u00f3n lineal.<\/p>\n<p>WLT150 contiene los mismos componentes centrales que se encuentran en el proceso de maduraci\u00f3n tradicional en barrica. Entonces, WLT-150 funciona con los programas de barril existentes, los destiladores est\u00e1n optando por retrasar el reemplazo de barriles viejos y agregar WLT150 en la mezcla final para lograr un producto terminado consistente y complejo.<\/p>\n<\/div><div class=\"fusion-title title fusion-title-4 fusion-sep-none fusion-title-text fusion-title-size-three\"><h3 class=\"fusion-title-heading title-heading-left fusion-responsive-typography-calculated\" style=\"margin:0;--fontSize:32;line-height:1.25;\">ENTREGANDO LOS MISMOS ELEMENTOS DE MADERA DE ROBLE<\/h3><\/div><div class=\"fusion-text fusion-text-5\" style=\"--awb-text-transform:none;\"><p>La investigaci\u00f3n sobre el envejecimiento del roble ha identificado marcadores qu\u00edmicos clave que son impartidos por el proceso de barrido.<\/p>\n<p>A trav\u00e9s de los mismos procesos anal\u00edticos, se ha demostrado que la cromatograf\u00eda l\u00edquida de alta presi\u00f3n (HPLC), la cromatograf\u00eda de gases y la espectrometr\u00eda de masas, WLT150, proporciona una cantidad masiva de los mismos compuestos subyacentes que se muestran en la investigaci\u00f3n.<\/p>\n<p>Esto demuestra que, aunque no pretendemos que exista un sustituto de las bebidas espirituosas envejecidas en barrica, el WLT150 puede ayudar al destilador a refinar, equilibrar y complementar el proceso de la barrica con los mismos compuestos y los resultados obtenidos en barrica.<\/p>\n<\/div><\/div><\/div><div class=\"fusion-layout-column fusion_builder_column fusion-builder-column-3 fusion_builder_column_1_2 1_2 fusion-flex-column\" style=\"--awb-bg-position:center center;--awb-bg-size:cover;--awb-width-large:50%;--awb-margin-top-large:0px;--awb-spacing-right-large:3.84%;--awb-margin-bottom-large:40px;--awb-spacing-left-large:3.84%;--awb-width-medium:100%;--awb-order-medium:0;--awb-spacing-right-medium:1.92%;--awb-spacing-left-medium:1.92%;--awb-width-small:100%;--awb-order-small:0;--awb-spacing-right-small:1.92%;--awb-spacing-left-small:1.92%;\"><div class=\"fusion-column-wrapper lazyload fusion-column-has-shadow fusion-flex-justify-content-flex-start fusion-content-layout-column fusion-empty-column-bg-image fusion-column-has-bg-image\" data-bg-url=\"https:\/\/www.stoaktechnologies.com\/wp-content\/uploads\/2018\/02\/glass-of-whiskey1.png\" data-bg=\"https:\/\/www.stoaktechnologies.com\/wp-content\/uploads\/2018\/02\/glass-of-whiskey1.png\"><img decoding=\"async\" class=\"fusion-empty-dims-img-placeholder fusion-no-large-visibility\" aria-label=\"Whisky envejecido con extractos de roble\" src=\"data:image\/svg+xml,%3Csvg%20xmlns%3D%27http%3A%2F%2Fwww.w3.org%2F2000%2Fsvg%27%20width%3D%27632%27%20height%3D%27750%27%20viewBox%3D%270%200%20632%20750%27%3E%3Crect%20width%3D%27632%27%20height%3D%27750%27%20fill-opacity%3D%220%22%2F%3E%3C%2Fsvg%3E\"><\/div><\/div><div class=\"fusion-layout-column fusion_builder_column fusion-builder-column-4 fusion_builder_column_1_1 1_1 fusion-flex-column\" style=\"--awb-bg-size:cover;--awb-width-large:100%;--awb-margin-top-large:0px;--awb-spacing-right-large:1.92%;--awb-margin-bottom-large:40px;--awb-spacing-left-large:1.92%;--awb-width-medium:100%;--awb-order-medium:0;--awb-spacing-right-medium:1.92%;--awb-spacing-left-medium:1.92%;--awb-width-small:100%;--awb-order-small:0;--awb-spacing-right-small:1.92%;--awb-spacing-left-small:1.92%;\"><div class=\"fusion-column-wrapper fusion-column-has-shadow fusion-flex-justify-content-flex-start fusion-content-layout-column\"><div class=\"fusion-title title fusion-title-5 fusion-sep-none fusion-title-text fusion-title-size-three\"><h3 class=\"fusion-title-heading title-heading-left fusion-responsive-typography-calculated\" style=\"margin:0;--fontSize:32;line-height:1.25;\">PRODUCTOS DE ESPECTRO COMPLETO<\/h3><\/div><div class=\"fusion-text fusion-text-6 awb-text-cols fusion-text-columns-2\" style=\"--awb-text-transform:none;--awb-columns:2;--awb-column-spacing:2em;--awb-column-min-width:100px;\"><p>La mezcla WLT-150 incorpora lo mejor del roble franc\u00e9s y americano, proporcionando madera, vainilla y otros componentes arom\u00e1ticos.<\/p>\n<p>WLT-150 French est\u00e1 elaborado con roble franc\u00e9s de 150 a\u00f1os e imparte sabores m\u00e1s sutiles y taninos m\u00e1s firmes, pero m\u00e1s sedosos que entregan notas de especias, vainilla y humo para una mayor riqueza en el paladar medio.<\/p>\n<p>WLT-150 American est\u00e1 hecho de roble americano de 90 a\u00f1os, que es m\u00e1s dulce y contiene m\u00e1s compuestos de vainillina e imparte aromas y sabores m\u00e1s obvios, fuertes y dulces. Estos incluyen coco, especias dulces y eneldo.<\/p>\n<\/div><\/div><\/div><div class=\"fusion-layout-column fusion_builder_column fusion-builder-column-5 fusion_builder_column_1_1 1_1 fusion-flex-column\" style=\"--awb-bg-size:cover;--awb-width-large:100%;--awb-margin-top-large:0px;--awb-spacing-right-large:1.92%;--awb-margin-bottom-large:40px;--awb-spacing-left-large:1.92%;--awb-width-medium:100%;--awb-order-medium:0;--awb-spacing-right-medium:1.92%;--awb-spacing-left-medium:1.92%;--awb-width-small:100%;--awb-order-small:0;--awb-spacing-right-small:1.92%;--awb-spacing-left-small:1.92%;\"><div class=\"fusion-column-wrapper fusion-column-has-shadow fusion-flex-justify-content-flex-start fusion-content-layout-column\"><div class=\"fusion-title title fusion-title-6 fusion-sep-none fusion-title-text fusion-title-size-three\"><h3 class=\"fusion-title-heading title-heading-left fusion-responsive-typography-calculated\" style=\"margin:0;--fontSize:32;line-height:1.25;\">ACCI\u00d3N MOLECULAR DE NUESTRA GAMA DE ROBLES L\u00cdQUIDOS<\/h3><\/div><div class=\"fusion-text fusion-text-7 awb-text-cols fusion-text-columns-2\" style=\"--awb-text-transform:none;--awb-columns:2;--awb-column-spacing:2em;--awb-column-min-width:100px;\"><p>Los extractos de Stoak est\u00e1n todos en forma l\u00edquida altamente concentrada, esto tiene grandes beneficios para nuestros clientes, ya que significa una adici\u00f3n simple sin mezclar, preparar, ensuciar o complicar. El extracto entra en acci\u00f3n inmediatamente, ya que se relaciona con el producto inmediatamente a nivel molecular, lo que permite una integraci\u00f3n r\u00e1pida y predecible.<\/p>\n<p>No hay riesgos de cuero cabelludo normalmente asociados con los polvos, no hay necesidad de una circulaci\u00f3n prolongada asociada con los s\u00f3lidos y no se requiere una filtraci\u00f3n posterior a la adici\u00f3n, simplemente agregue, bombee y deje que nuestro extracto haga su trabajo.<\/p>\n<\/div><\/div><\/div><div class=\"fusion-layout-column fusion_builder_column fusion-builder-column-6 fusion_builder_column_1_1 1_1 fusion-flex-column\" style=\"--awb-bg-size:cover;--awb-width-large:100%;--awb-margin-top-large:0px;--awb-spacing-right-large:1.92%;--awb-margin-bottom-large:40px;--awb-spacing-left-large:1.92%;--awb-width-medium:100%;--awb-order-medium:0;--awb-spacing-right-medium:1.92%;--awb-spacing-left-medium:1.92%;--awb-width-small:100%;--awb-order-small:0;--awb-spacing-right-small:1.92%;--awb-spacing-left-small:1.92%;\"><div class=\"fusion-column-wrapper fusion-column-has-shadow fusion-flex-justify-content-flex-start fusion-content-layout-column\"><div class=\"fusion-title title fusion-title-7 fusion-sep-none fusion-title-text fusion-title-size-three\"><h3 class=\"fusion-title-heading title-heading-left fusion-responsive-typography-calculated\" style=\"margin:0;--fontSize:32;line-height:1.25;\">100% NATURAL Y SEGURO<\/h3><\/div><div class=\"fusion-text fusion-text-8 awb-text-cols fusion-text-columns-2\" style=\"--awb-text-transform:none;--awb-columns:2;--awb-column-spacing:2em;--awb-column-min-width:100px;\"><p>Todos nuestros productos est\u00e1n certificados como org\u00e1nicos y registrados como GRAS (generalmente reconocidos como seguros), se incluyen en la categor\u00eda de materiales de colorantes, saborizantes y mezclas inofensivos y son adecuados para su uso en una amplia variedad de productos alimenticios y bebidas.<\/p>\n<p>Estar registrado como org\u00e1nico significa que tiene la tranquilidad de que nuestros productos son seguros para usar en sus productos, al tiempo que se asegura de que cumplimos con cualquier certificaci\u00f3n org\u00e1nica que tenga o est\u00e9 solicitando.<\/p>\n<p>Los productos Stoak tienen certificaciones adicionales que incluyen no al\u00e9rgenos, no transg\u00e9nicos, kosher, libres de metales pesados y pesticidas, kosher, halal y m\u00e1s.<\/p>\n<\/div><\/div><\/div><div class=\"fusion-layout-column fusion_builder_column fusion-builder-column-7 fusion_builder_column_1_1 1_1 fusion-flex-column\" style=\"--awb-bg-size:cover;--awb-width-large:100%;--awb-margin-top-large:0px;--awb-spacing-right-large:1.92%;--awb-margin-bottom-large:40px;--awb-spacing-left-large:1.92%;--awb-width-medium:100%;--awb-order-medium:0;--awb-spacing-right-medium:1.92%;--awb-spacing-left-medium:1.92%;--awb-width-small:100%;--awb-order-small:0;--awb-spacing-right-small:1.92%;--awb-spacing-left-small:1.92%;\"><div class=\"fusion-column-wrapper fusion-column-has-shadow fusion-flex-justify-content-flex-start fusion-content-layout-column\"><div class=\"fusion-title title fusion-title-8 fusion-sep-none fusion-title-text fusion-title-size-three\"><h3 class=\"fusion-title-heading title-heading-left fusion-responsive-typography-calculated\" style=\"margin:0;--fontSize:32;line-height:1.25;\">INVESTIGACI\u00d3N Y DESARROLLO CONTINUO<\/h3><\/div><div class=\"fusion-text fusion-text-9 awb-text-cols fusion-text-columns-2\" style=\"--awb-text-transform:none;--awb-columns:2;--awb-column-spacing:2em;--awb-column-min-width:100px;\"><p>La organizaci\u00f3n Stoak est\u00e1 orientada a respaldar el conocimiento, la comprensi\u00f3n y la expansi\u00f3n continuos de nuestra tecnolog\u00eda y productos de extracci\u00f3n.<\/p>\n<p>Desde nuestro equipo t\u00e9cnico hasta nuestra infraestructura de ventas y soporte al cliente, estamos constantemente desarrollando la tecnolog\u00eda de aplicaci\u00f3n y extracci\u00f3n.<\/p>\n<p>Nuestro objetivo es comprender mejor c\u00f3mo act\u00faa la naturaleza en nuestro producto y c\u00f3mo esto puede ayudar a los clientes de alimentos y bebidas a cumplir con sus desaf\u00edos de estabilidad y desarrollo de productos actuales y futuros, as\u00ed como a ahorrar costos en los procesos de producci\u00f3n esenciales.<\/p>\n<\/div><\/div><\/div><div class=\"fusion-layout-column fusion_builder_column fusion-builder-column-8 fusion_builder_column_1_2 1_2 fusion-flex-column\" style=\"--awb-bg-size:cover;--awb-width-large:50%;--awb-margin-top-large:0px;--awb-spacing-right-large:3.84%;--awb-margin-bottom-large:0px;--awb-spacing-left-large:3.84%;--awb-width-medium:100%;--awb-order-medium:0;--awb-spacing-right-medium:1.92%;--awb-spacing-left-medium:1.92%;--awb-width-small:100%;--awb-order-small:0;--awb-spacing-right-small:1.92%;--awb-spacing-left-small:1.92%;\"><div class=\"fusion-column-wrapper fusion-column-has-shadow fusion-flex-justify-content-flex-start fusion-content-layout-column\"><div class=\"fusion-title title fusion-title-9 fusion-sep-none fusion-title-text fusion-title-size-three\"><h3 class=\"fusion-title-heading title-heading-left fusion-responsive-typography-calculated\" style=\"margin:0;--fontSize:32;line-height:1.25;\">SIN SABOR, COLOR O AROMA A\u00d1ADIDOS<\/h3><\/div><div class=\"fusion-text fusion-text-10\" style=\"--awb-text-transform:none;\"><p>Todos nuestros productos de conservaci\u00f3n han sido probados exhaustivamente para garantizar que no interfieran de ninguna manera con su receta o perfil de producto existente.<\/p>\n<p>La gama de conservantes Stoak se ha formulado y extra\u00eddo espec\u00edficamente para asegurarnos de que solo nos dirigimos a los cong\u00e9neres, taninos y fenoles destinados espec\u00edficamente a preservar, no al sabor.<\/p>\n<p>Las tasas de dosificaci\u00f3n son extremadamente bajas y se han realizado pruebas en tipos de alimentos extremadamente sensibles sin cambios identificables. Trabajamos en estrecha colaboraci\u00f3n con todos nuestros clientes para garantizar que cualquier inquietud se gestione en la fase de prueba.<\/p>\n<\/div><div class=\"fusion-title title fusion-title-10 fusion-sep-none fusion-title-text fusion-title-size-three\"><h3 class=\"fusion-title-heading title-heading-left fusion-responsive-typography-calculated\" style=\"margin:0;--fontSize:32;line-height:1.25;\">ASISTENCIA Y PRUEBAS PERSONALIZADAS<\/h3><\/div><div class=\"fusion-text fusion-text-11\" style=\"--awb-text-transform:none;\"><p>Stoak se relaciona regularmente con sus clientes para evaluar y probar los requisitos \u00fanicos de sus equipos de desarrollo de productos. Esto implica la formulaci\u00f3n del producto, el an\u00e1lisis de variantes de extracto y las pruebas de aplicaci\u00f3n del producto.<\/p>\n<p>Contamos con protocolos de seguimiento, informes t\u00e9cnicos y programas configurados para llevar a cabo evaluaciones y pruebas completas para proporcionar pruebas de concepto y an\u00e1lisis de estabilidad con nuestros clientes. En todos los casos trabajamos mano a mano con el cliente desarrollando la combinaci\u00f3n adecuada de ingredientes para utilizar en sus productos.<\/p>\n<\/div><\/div><\/div><div class=\"fusion-layout-column fusion_builder_column fusion-builder-column-9 fusion_builder_column_1_2 1_2 fusion-flex-column\" style=\"--awb-bg-position:center center;--awb-bg-size:cover;--awb-width-large:50%;--awb-margin-top-large:0px;--awb-spacing-right-large:3.84%;--awb-margin-bottom-large:0px;--awb-spacing-left-large:3.84%;--awb-width-medium:100%;--awb-order-medium:0;--awb-spacing-right-medium:1.92%;--awb-spacing-left-medium:1.92%;--awb-width-small:100%;--awb-order-small:0;--awb-spacing-right-small:1.92%;--awb-spacing-left-small:1.92%;\"><div class=\"fusion-column-wrapper lazyload fusion-column-has-shadow fusion-flex-justify-content-flex-start fusion-content-layout-column fusion-empty-column-bg-image fusion-column-has-bg-image\" data-bg-url=\"https:\/\/www.stoaktechnologies.com\/wp-content\/uploads\/2022\/02\/test-214185_1280.jpg\" data-bg=\"https:\/\/www.stoaktechnologies.com\/wp-content\/uploads\/2022\/02\/test-214185_1280.jpg\"><img decoding=\"async\" class=\"fusion-empty-dims-img-placeholder fusion-no-large-visibility\" aria-label=\"prueba-214185_1280\" src=\"data:image\/svg+xml,%3Csvg%20xmlns%3D%27http%3A%2F%2Fwww.w3.org%2F2000%2Fsvg%27%20width%3D%271280%27%20height%3D%27847%27%20viewBox%3D%270%200%201280%20847%27%3E%3Crect%20width%3D%271280%27%20height%3D%27847%27%20fill-opacity%3D%220%22%2F%3E%3C%2Fsvg%3E\"><\/div><\/div><\/div><\/div>","protected":false},"excerpt":{"rendered":"","protected":false},"author":1,"featured_media":578,"parent":2390,"menu_order":0,"comment_status":"closed","ping_status":"closed","template":"100-width.php","meta":{"footnotes":""},"wf_page_folders":[41],"class_list":["post-1337","page","type-page","status-publish","has-post-thumbnail","hentry"],"_links":{"self":[{"href":"https:\/\/www.stoaktechnologies.com\/es\/wp-json\/wp\/v2\/pages\/1337","targetHints":{"allow":["GET"]}}],"collection":[{"href":"https:\/\/www.stoaktechnologies.com\/es\/wp-json\/wp\/v2\/pages"}],"about":[{"href":"https:\/\/www.stoaktechnologies.com\/es\/wp-json\/wp\/v2\/types\/page"}],"author":[{"embeddable":true,"href":"https:\/\/www.stoaktechnologies.com\/es\/wp-json\/wp\/v2\/users\/1"}],"replies":[{"embeddable":true,"href":"https:\/\/www.stoaktechnologies.com\/es\/wp-json\/wp\/v2\/comments?post=1337"}],"version-history":[{"count":38,"href":"https:\/\/www.stoaktechnologies.com\/es\/wp-json\/wp\/v2\/pages\/1337\/revisions"}],"predecessor-version":[{"id":4465,"href":"https:\/\/www.stoaktechnologies.com\/es\/wp-json\/wp\/v2\/pages\/1337\/revisions\/4465"}],"up":[{"embeddable":true,"href":"https:\/\/www.stoaktechnologies.com\/es\/wp-json\/wp\/v2\/pages\/2390"}],"wp:featuredmedia":[{"embeddable":true,"href":"https:\/\/www.stoaktechnologies.com\/es\/wp-json\/wp\/v2\/media\/578"}],"wp:attachment":[{"href":"https:\/\/www.stoaktechnologies.com\/es\/wp-json\/wp\/v2\/media?parent=1337"}],"wp:term":[{"taxonomy":"wf_page_folders","embeddable":true,"href":"https:\/\/www.stoaktechnologies.com\/es\/wp-json\/wp\/v2\/wf_page_folders?post=1337"}],"curies":[{"name":"wp","href":"https:\/\/api.w.org\/{rel}","templated":true}]}}