{"id":1076,"date":"2021-02-01T11:10:43","date_gmt":"2021-02-01T11:10:43","guid":{"rendered":"https:\/\/www.stoaktechnologies.com\/?page_id=1076"},"modified":"2024-08-26T12:46:25","modified_gmt":"2024-08-26T12:46:25","slug":"expertise","status":"publish","type":"page","link":"https:\/\/www.stoaktechnologies.com\/es\/expertise\/","title":{"rendered":"Pericia"},"content":{"rendered":"<div class=\"fusion-fullwidth fullwidth-box fusion-builder-row-1 fusion-flex-container nonhundred-percent-fullwidth non-hundred-percent-height-scrolling\" style=\"--awb-background-position:left top;--awb-border-sizes-top:0px;--awb-border-sizes-bottom:0px;--awb-border-sizes-left:0px;--awb-border-sizes-right:0px;--awb-border-radius-top-left:0px;--awb-border-radius-top-right:0px;--awb-border-radius-bottom-right:0px;--awb-border-radius-bottom-left:0px;--awb-padding-top:60px;--awb-padding-bottom:0px;--awb-padding-left:0px;--awb-padding-right-small:13px;--awb-padding-left-small:19px;--awb-margin-bottom:0px;--awb-flex-wrap:wrap;\" ><div class=\"fusion-builder-row fusion-row fusion-flex-align-items-stretch fusion-flex-justify-content-center fusion-flex-content-wrap\" style=\"max-width:1216.8px;margin-left: calc(-4% \/ 2 );margin-right: calc(-4% \/ 2 );\"><div class=\"fusion-layout-column fusion_builder_column fusion-builder-column-0 fusion_builder_column_1_1 1_1 fusion-flex-column\" style=\"--awb-bg-blend:overlay;--awb-bg-size:cover;--awb-width-large:100%;--awb-margin-top-large:0px;--awb-spacing-right-large:1.92%;--awb-margin-bottom-large:40px;--awb-spacing-left-large:1.92%;--awb-width-medium:100%;--awb-order-medium:0;--awb-spacing-right-medium:1.92%;--awb-spacing-left-medium:1.92%;--awb-width-small:100%;--awb-order-small:0;--awb-spacing-right-small:1.92%;--awb-spacing-left-small:1.92%;\"><div class=\"fusion-column-wrapper fusion-column-has-shadow fusion-flex-justify-content-flex-start fusion-content-layout-column\"><div class=\"fusion-title title fusion-title-1 fusion-sep-none fusion-title-text fusion-title-size-one\"><h1 class=\"fusion-title-heading title-heading-left fusion-responsive-typography-calculated\" style=\"margin:0;--fontSize:50;line-height:1.16;\">PERICIA<\/h1><\/div><div class=\"fusion-text fusion-text-1 payoff\" style=\"--awb-text-transform:none;\"><p>La base de nuestros productos<\/p>\n<\/div><div class=\"fusion-text fusion-text-2\" style=\"--awb-text-transform:none;\"><p>Stoak ha estado investigando y probando sus extractos naturales durante m\u00e1s de 15 a\u00f1os, desarrollando procesos de extracci\u00f3n precisos que son tanto naturales como altamente efectivos para aislar los cong\u00e9neres centrales y los ingredientes activos que pueden transformar las bebidas.<\/p>\n<\/div><\/div><\/div><div class=\"fusion-layout-column fusion_builder_column fusion-builder-column-1 fusion_builder_column_1_1 1_1 fusion-flex-column\" style=\"--awb-bg-size:cover;--awb-width-large:100%;--awb-margin-top-large:0px;--awb-spacing-right-large:1.92%;--awb-margin-bottom-large:40px;--awb-spacing-left-large:1.92%;--awb-width-medium:100%;--awb-order-medium:0;--awb-spacing-right-medium:1.92%;--awb-spacing-left-medium:1.92%;--awb-width-small:100%;--awb-order-small:0;--awb-spacing-right-small:1.92%;--awb-spacing-left-small:1.92%;\"><div class=\"fusion-column-wrapper fusion-column-has-shadow fusion-flex-justify-content-flex-start fusion-content-layout-column\"><div class=\"fusion-title title fusion-title-2 fusion-sep-none fusion-title-text fusion-title-size-three\"><h3 class=\"fusion-title-heading title-heading-left fusion-responsive-typography-calculated\" style=\"margin:0;--fontSize:32;line-height:1.25;\">SOLUCIONES ALIMENTARIAS MODERNAS<\/h3><\/div><div class=\"fusion-text fusion-text-3 awb-text-cols fusion-text-columns-2\" style=\"--awb-text-transform:none;--awb-columns:2;--awb-column-spacing:2em;--awb-column-min-width:100px;\"><p>Las demandas regulatorias y de los clientes en las industrias de alimentos y bebidas son din\u00e1micas y desafiantes. Las demandas de soluciones m\u00e1s saludables, m\u00e1s naturales y no sint\u00e9ticas imponen una carga cada vez mayor a las empresas para innovar y desarrollar continuamente nuevas soluciones para satisfacer la demanda cambiante.<\/p>\n<p>Stoak ha estado trabajando junto con clientes de la industria alimentaria durante muchos a\u00f1os en la creaci\u00f3n de aplicaciones nuevas e innovadoras para nuestros extractos de madera de roble. Hemos aplicado nuestra tecnolog\u00eda a una amplia gama de industrias donde los clientes han estado buscando soluciones \u00fanicas a problemas que los enfoques tradicionales simplemente no han podido resolver.<\/p>\n<\/div><\/div><\/div><div class=\"fusion-layout-column fusion_builder_column fusion-builder-column-2 fusion_builder_column_1_2 1_2 fusion-flex-column\" style=\"--awb-bg-size:cover;--awb-width-large:50%;--awb-margin-top-large:0px;--awb-spacing-right-large:3.84%;--awb-margin-bottom-large:40px;--awb-spacing-left-large:3.84%;--awb-width-medium:100%;--awb-order-medium:0;--awb-spacing-right-medium:1.92%;--awb-spacing-left-medium:1.92%;--awb-width-small:100%;--awb-order-small:0;--awb-spacing-right-small:1.92%;--awb-spacing-left-small:1.92%;\"><div class=\"fusion-column-wrapper fusion-column-has-shadow fusion-flex-justify-content-flex-start fusion-content-layout-column\"><div class=\"fusion-title title fusion-title-3 fusion-sep-none fusion-title-text fusion-title-size-three\"><h3 class=\"fusion-title-heading title-heading-left fusion-responsive-typography-calculated\" style=\"margin:0;--fontSize:32;line-height:1.25;\">UNA INVERSI\u00d3N DE FUTURO<\/h3><\/div><div class=\"fusion-text fusion-text-4\" style=\"--awb-text-transform:none;\"><p>Stoak ha invertido en una amplia tecnolog\u00eda, materias primas e infraestructura para garantizar que los productos que vendemos cumplan con el esp\u00edritu de pureza y conservaci\u00f3n. Creemos que los alimentos y bebidas que consumimos deben ser lo m\u00e1s parecidos a los que pretend\u00eda la naturaleza. Por esta raz\u00f3n, todas nuestras materias primas son sostenibles y se cultivan y mantienen de manera responsable.<\/p>\n<p>De manera similar, nuestro proceso de producci\u00f3n no utiliza productos qu\u00edmicos o ingredientes no naturales, nuestro proceso de extracci\u00f3n, aunque complejo, est\u00e1 dise\u00f1ado completamente en torno al objetivo \u00fanico de ser sostenible, sensible y natural, sin todos los insumos y procesos sint\u00e9ticos o no naturales.<\/p>\n<p>Nos reunimos regularmente con nuestros proveedores para asegurarnos de que nuestra cadena de insumos de calidad se mantenga de manera que podamos continuar garantizando a nuestros clientes y sus clientes extractos y soluciones naturales de la m\u00e1s alta calidad.<\/p>\n<\/div><div class=\"fusion-title title fusion-title-4 fusion-sep-none fusion-title-text fusion-title-size-three\"><h3 class=\"fusion-title-heading title-heading-left fusion-responsive-typography-calculated\" style=\"margin:0;--fontSize:32;line-height:1.25;\">EST\u00c1NDARES Y PR\u00c1CTICAS DE CALIDAD<\/h3><\/div><div class=\"fusion-text fusion-text-5\" style=\"--awb-text-transform:none;\"><p>Tenemos un enfoque en los est\u00e1ndares de calidad en toda nuestra organizaci\u00f3n, esto est\u00e1 incrustado en nuestros procesos, nuestras actitudes y nuestras certificaciones.<\/p>\n<p>El cumplimiento total de las normas alimentarias y el seguimiento y rastreo en todos los procesos son de vital importancia, al igual que el ensayo y el an\u00e1lisis de todos y cada uno de los lotes producidos.<\/p>\n<p>Trabajamos de la mano con nuestros socios y clientes de distribuci\u00f3n global para asegurarnos de que esto se mantenga a lo largo de la cadena de suministro hasta el producto final de alimentos o bebidas, esto brinda a nuestros clientes la tranquilidad que brinda el uso o el conjunto de productos.<\/p>\n<\/div><\/div><\/div><div class=\"fusion-layout-column fusion_builder_column fusion-builder-column-3 fusion_builder_column_1_2 1_2 fusion-flex-column\" style=\"--awb-bg-position:center center;--awb-bg-size:cover;--awb-width-large:50%;--awb-margin-top-large:0px;--awb-spacing-right-large:3.84%;--awb-margin-bottom-large:40px;--awb-spacing-left-large:3.84%;--awb-width-medium:100%;--awb-order-medium:0;--awb-spacing-right-medium:1.92%;--awb-spacing-left-medium:1.92%;--awb-width-small:100%;--awb-order-small:0;--awb-spacing-right-small:1.92%;--awb-spacing-left-small:1.92%;\"><div class=\"fusion-column-wrapper lazyload fusion-column-has-shadow fusion-flex-justify-content-flex-start fusion-content-layout-column fusion-empty-column-bg-image fusion-column-has-bg-image\" data-bg-url=\"https:\/\/www.stoaktechnologies.com\/wp-content\/uploads\/2021\/02\/RD-e1612189914882.jpg\" data-bg=\"https:\/\/www.stoaktechnologies.com\/wp-content\/uploads\/2021\/02\/RD-e1612189914882.jpg\"><img decoding=\"async\" class=\"fusion-empty-dims-img-placeholder fusion-no-large-visibility\" aria-label=\"I + D\" src=\"data:image\/svg+xml,%3Csvg%20xmlns%3D%27http%3A%2F%2Fwww.w3.org%2F2000%2Fsvg%27%20width%3D%27348%27%20height%3D%27348%27%20viewBox%3D%270%200%20348%20348%27%3E%3Crect%20width%3D%27348%27%20height%3D%27348%27%20fill-opacity%3D%220%22%2F%3E%3C%2Fsvg%3E\"><\/div><\/div><div class=\"fusion-layout-column fusion_builder_column fusion-builder-column-4 fusion_builder_column_1_1 1_1 fusion-flex-column\" style=\"--awb-bg-size:cover;--awb-width-large:100%;--awb-margin-top-large:0px;--awb-spacing-right-large:1.92%;--awb-margin-bottom-large:0px;--awb-spacing-left-large:1.92%;--awb-width-medium:100%;--awb-order-medium:0;--awb-spacing-right-medium:1.92%;--awb-spacing-left-medium:1.92%;--awb-width-small:100%;--awb-order-small:0;--awb-spacing-right-small:1.92%;--awb-spacing-left-small:1.92%;\"><div class=\"fusion-column-wrapper fusion-column-has-shadow fusion-flex-justify-content-flex-start fusion-content-layout-column\"><div class=\"fusion-title title fusion-title-5 fusion-sep-none fusion-title-text fusion-title-size-three\"><h3 class=\"fusion-title-heading title-heading-left fusion-responsive-typography-calculated\" style=\"margin:0;--fontSize:32;line-height:1.25;\">CUMPLIMIENTO, ACREDITACI\u00d3N Y APROBACIONES<\/h3><\/div><div class=\"fusion-text fusion-text-6 awb-text-cols fusion-text-columns-2\" style=\"--awb-text-transform:none;--awb-columns:2;--awb-column-spacing:2em;--awb-column-min-width:100px;\"><p>Stoak ha invertido un esfuerzo significativo para garantizar que cumpla con todos los requisitos de calidad y seguridad de alimentos y bebidas. Estos estrictos controles y regulaciones cubren una amplia gama de \u00e1reas comerciales y de producci\u00f3n, desde nuestros procesos hasta nuestros sistemas de gesti\u00f3n de seguimiento y localizaci\u00f3n, calidad y seguridad. Estos registros no son solo para cumplir con los est\u00e1ndares b\u00e1sicos, sino que son la piedra angular de nuestro compromiso con nuestros clientes y sus clientes.<\/p>\n<p>Todos los cumplimientos son auditados, revisados y aprobados anualmente por empresas de validaci\u00f3n independientes acreditadas y autorizadas.<\/p>\n<p>Stoak ha logrado el siguiente cumplimiento en el que todos los cumplimientos est\u00e1n vigentes y cuentan con licencia sin ning\u00fan asunto material registrado.<\/p>\n<\/div><\/div><\/div><div class=\"fusion-layout-column fusion_builder_column fusion-builder-column-5 fusion_builder_column_1_1 1_1 fusion-flex-column\" style=\"--awb-bg-size:cover;--awb-width-large:100%;--awb-margin-top-large:0px;--awb-spacing-right-large:1.92%;--awb-margin-bottom-large:40px;--awb-spacing-left-large:1.92%;--awb-width-medium:100%;--awb-order-medium:0;--awb-spacing-right-medium:1.92%;--awb-spacing-left-medium:1.92%;--awb-width-small:100%;--awb-order-small:0;--awb-spacing-right-small:1.92%;--awb-spacing-left-small:1.92%;\"><div class=\"fusion-column-wrapper fusion-column-has-shadow fusion-flex-justify-content-flex-start fusion-content-layout-column\"><div class=\"fusion-title title fusion-title-6 fusion-sep-none fusion-title-text fusion-title-size-three\"><h3 class=\"fusion-title-heading title-heading-left fusion-responsive-typography-calculated\" style=\"margin:0;--fontSize:32;line-height:1.25;\">ASISTENCIA Y PRUEBAS PERSONALIZADAS<\/h3><\/div><div class=\"fusion-text fusion-text-7 awb-text-cols fusion-text-columns-2\" style=\"--awb-text-transform:none;--awb-columns:2;--awb-column-spacing:2em;--awb-column-min-width:100px;\"><p>Stoak se relaciona regularmente con sus clientes para evaluar y probar los requisitos \u00fanicos de sus equipos de desarrollo de productos. Esto implica la formulaci\u00f3n del producto, el an\u00e1lisis de variantes de extracto y las pruebas de aplicaci\u00f3n del producto.<\/p>\n<p>Contamos con protocolos de seguimiento, informes t\u00e9cnicos y programas configurados para llevar a cabo evaluaciones y pruebas completas para proporcionar pruebas de concepto y an\u00e1lisis de estabilidad con nuestros clientes. En todos los casos trabajamos mano a mano con el cliente desarrollando la combinaci\u00f3n adecuada de ingredientes para utilizar en sus productos.<\/p>\n<\/div><\/div><\/div><div class=\"fusion-layout-column fusion_builder_column fusion-builder-column-6 fusion_builder_column_1_1 1_1 fusion-flex-column\" style=\"--awb-bg-size:cover;--awb-width-large:100%;--awb-margin-top-large:0px;--awb-spacing-right-large:1.92%;--awb-margin-bottom-large:0px;--awb-spacing-left-large:1.92%;--awb-width-medium:100%;--awb-order-medium:0;--awb-spacing-right-medium:1.92%;--awb-spacing-left-medium:1.92%;--awb-width-small:100%;--awb-order-small:0;--awb-spacing-right-small:1.92%;--awb-spacing-left-small:1.92%;\"><div class=\"fusion-column-wrapper fusion-column-has-shadow fusion-flex-justify-content-flex-start fusion-content-layout-column\"><div class=\"fusion-title title fusion-title-7 fusion-sep-none fusion-title-text fusion-title-size-three\"><h3 class=\"fusion-title-heading title-heading-left fusion-responsive-typography-calculated\" style=\"margin:0;--fontSize:32;line-height:1.25;\">INVESTIGACI\u00d3N Y DESARROLLO CONTINUO<\/h3><\/div><div class=\"fusion-text fusion-text-8 awb-text-cols fusion-text-columns-2\" style=\"--awb-text-transform:none;--awb-columns:2;--awb-column-spacing:2em;--awb-column-min-width:100px;\"><p>La organizaci\u00f3n Stoak est\u00e1 orientada a respaldar el conocimiento, la comprensi\u00f3n y la expansi\u00f3n continuos de nuestra tecnolog\u00eda y productos de extracci\u00f3n.<\/p>\n<p>Desde nuestro equipo t\u00e9cnico hasta nuestra infraestructura de ventas y soporte al cliente, estamos constantemente desarrollando la tecnolog\u00eda de aplicaci\u00f3n y extracci\u00f3n.<\/p>\n<p>Nuestro objetivo es comprender mejor c\u00f3mo act\u00faa la naturaleza en nuestro producto y c\u00f3mo esto puede ayudar a los clientes de alimentos y bebidas a cumplir con sus desaf\u00edos de estabilidad y desarrollo de productos actuales y futuros, as\u00ed como a ahorrar costos en los procesos de producci\u00f3n esenciales.<\/p>\n<\/div><\/div><\/div><\/div><\/div>","protected":false},"excerpt":{"rendered":"","protected":false},"author":1,"featured_media":2422,"parent":0,"menu_order":10,"comment_status":"closed","ping_status":"closed","template":"100-width.php","meta":{"footnotes":""},"wf_page_folders":[41],"class_list":["post-1076","page","type-page","status-publish","has-post-thumbnail","hentry"],"_links":{"self":[{"href":"https:\/\/www.stoaktechnologies.com\/es\/wp-json\/wp\/v2\/pages\/1076","targetHints":{"allow":["GET"]}}],"collection":[{"href":"https:\/\/www.stoaktechnologies.com\/es\/wp-json\/wp\/v2\/pages"}],"about":[{"href":"https:\/\/www.stoaktechnologies.com\/es\/wp-json\/wp\/v2\/types\/page"}],"author":[{"embeddable":true,"href":"https:\/\/www.stoaktechnologies.com\/es\/wp-json\/wp\/v2\/users\/1"}],"replies":[{"embeddable":true,"href":"https:\/\/www.stoaktechnologies.com\/es\/wp-json\/wp\/v2\/comments?post=1076"}],"version-history":[{"count":48,"href":"https:\/\/www.stoaktechnologies.com\/es\/wp-json\/wp\/v2\/pages\/1076\/revisions"}],"predecessor-version":[{"id":4438,"href":"https:\/\/www.stoaktechnologies.com\/es\/wp-json\/wp\/v2\/pages\/1076\/revisions\/4438"}],"wp:featuredmedia":[{"embeddable":true,"href":"https:\/\/www.stoaktechnologies.com\/es\/wp-json\/wp\/v2\/media\/2422"}],"wp:attachment":[{"href":"https:\/\/www.stoaktechnologies.com\/es\/wp-json\/wp\/v2\/media?parent=1076"}],"wp:term":[{"taxonomy":"wf_page_folders","embeddable":true,"href":"https:\/\/www.stoaktechnologies.com\/es\/wp-json\/wp\/v2\/wf_page_folders?post=1076"}],"curies":[{"name":"wp","href":"https:\/\/api.w.org\/{rel}","templated":true}]}}