{"id":2390,"date":"2022-01-31T14:36:07","date_gmt":"2022-01-31T14:36:07","guid":{"rendered":"https:\/\/www.stoaktechnologies.com\/?page_id=2390"},"modified":"2025-02-25T07:23:52","modified_gmt":"2025-02-25T07:23:52","slug":"products","status":"publish","type":"page","link":"https:\/\/www.stoaktechnologies.com\/de\/products\/","title":{"rendered":"Produkte"},"content":{"rendered":"<div class=\"fusion-fullwidth fullwidth-box fusion-builder-row-1 fusion-flex-container nonhundred-percent-fullwidth non-hundred-percent-height-scrolling\" style=\"--awb-border-radius-top-left:0px;--awb-border-radius-top-right:0px;--awb-border-radius-bottom-right:0px;--awb-border-radius-bottom-left:0px;--awb-padding-top:60px;--awb-padding-right:60px;--awb-padding-bottom:60px;--awb-padding-left:60px;--awb-flex-wrap:wrap;\" ><div class=\"fusion-builder-row fusion-row fusion-flex-align-items-flex-start fusion-flex-content-wrap\" style=\"max-width:1216.8px;margin-left: calc(-4% \/ 2 );margin-right: calc(-4% \/ 2 );\"><div class=\"fusion-layout-column fusion_builder_column fusion-builder-column-0 fusion_builder_column_1_1 1_1 fusion-flex-column\" style=\"--awb-bg-size:cover;--awb-width-large:100%;--awb-margin-top-large:0px;--awb-spacing-right-large:1.92%;--awb-margin-bottom-large:0px;--awb-spacing-left-large:1.92%;--awb-width-medium:100%;--awb-order-medium:0;--awb-spacing-right-medium:1.92%;--awb-spacing-left-medium:1.92%;--awb-width-small:100%;--awb-order-small:0;--awb-spacing-right-small:1.92%;--awb-spacing-left-small:1.92%;\"><div class=\"fusion-column-wrapper fusion-column-has-shadow fusion-flex-justify-content-flex-start fusion-content-layout-column\"><div class=\"fusion-title title fusion-title-1 fusion-sep-none fusion-title-text fusion-title-size-two\" style=\"--awb-font-size:50px;\"><h2 class=\"fusion-title-heading title-heading-left fusion-responsive-typography-calculated\" style=\"margin:0;font-size:1em;--fontSize:50;line-height:1.16;\">UNSERE NACHHALTIGEN L\u00d6SUNGEN<\/h2><\/div><div class=\"fusion-text fusion-text-1 payoff\" style=\"--awb-text-transform:none;\"><p style=\"text-align: left;\">Nachhaltiger, sparsamer, effizienter \u2013 unsere drei Angebote<\/p>\n<\/div><\/div><\/div><div class=\"fusion-layout-column fusion_builder_column fusion-builder-column-1 fusion_builder_column_1_3 1_3 fusion-flex-column fusion-flex-align-self-stretch\" style=\"--awb-bg-size:cover;--awb-width-large:33.333333333333%;--awb-margin-top-large:0px;--awb-spacing-right-large:5.76%;--awb-margin-bottom-large:0px;--awb-spacing-left-large:5.76%;--awb-width-medium:100%;--awb-order-medium:0;--awb-spacing-right-medium:1.92%;--awb-spacing-left-medium:1.92%;--awb-width-small:100%;--awb-order-small:0;--awb-spacing-right-small:1.92%;--awb-spacing-left-small:1.92%;\"><div class=\"fusion-column-wrapper fusion-column-has-shadow fusion-flex-justify-content-space-between fusion-content-layout-column\"><div class=\"jag-himg-wrapper qybVbRRgBk\">\t<div class=\"jag-hoverimage-card  jag-himg-s1  jag-title-default\" onclick=\"\">\n\t\t\n\t\t\t\t\t<a class=\"jag-wrapper-link\" href=\"https:\/\/www.stoaktechnologies.com\/de\/products\/preserve\/\">\n\t\t\t\t\t\t<img decoding=\"async\" src=\"Daten: Bild\/gif; Base64, R0lGODlhAQABAAAAACH5BAEKAAEALAAAAAABAAEAAAICTAEAOw==\" data-orig-src=\"https:\/\/www.stoaktechnologies.com\/wp-content\/uploads\/2022\/02\/beer-closeup.jpg\" class=\"lazyload jag_fimg_main\">\n\t\t\t\t\t\t\t\t<div class=\"jag-hoverimage-image2\"><img decoding=\"async\" src=\"data:image\/svg+xml,%3Csvg%20xmlns%3D%27http%3A%2F%2Fwww.w3.org%2F2000%2Fsvg%27%20width%3D%271536%27%20height%3D%271024%27%20viewBox%3D%270%200%201536%201024%27%3E%3Crect%20width%3D%271536%27%20height%3D%271024%27%20fill-opacity%3D%220%22%2F%3E%3C%2Fsvg%3E\" data-orig-src=\"https:\/\/www.stoaktechnologies.com\/wp-content\/uploads\/2021\/12\/beer-3803425_1920.jpg\" class=\"lazyload fimg\"><\/div>\n\t\t\t\t\n            \n\t\t\t<div class=\"jag-hoverimage-overlay\"><\/div>\n\t\t\t\n\t\t\t\t\t\t\n\t\t\t<div class=\"jag-hover-content-wrapper\">\n\t\t\t\t<div class=\"jag-hoverimage-content jag-align-center jag-align-middle\">\n\t\t\t\t\t\t\t\t\t\t\t<i class=\"jag-himg-icon fusion-prefix-icon-custprodIcons-template_beer-can jag_icon_large\" aria-hidden=\"true\"><\/i>\n\t\t\t\t\t\t\t\t\t\t\t<div class=\"clearfix\"><\/div>\n\t\t\t\t\t\t<div class=\"jag-hoverimage-title\">\n\t\t\t\t\t\t\tBewahren\t\t\t\t\t\t<\/div>\n\t\t\t\t\t\t\t\t\t\t<div class=\"jag-title-default-wrapper\">\n\t\t\t\t\t\t\t\t\t\t<\/div>\n\t\t\t\t\t\t\t\t\t<\/div>\n\t\t\t<\/div>\n\t\t\t\t\t<\/a>\n\t\t\t<\/div>\n\t<\/div><div class=\"fusion-text fusion-text-2\" style=\"--awb-text-transform:none;--awb-margin-top:20px;\"><p>Aus Eichenholz extrahieren wir bew\u00e4hrte Antioxidantien, die Getr\u00e4nke auf nat\u00fcrliche Weise konservieren, ohne ihren Geschmack zu ver\u00e4ndern. Wir schneidern Produkte f\u00fcr die Craft-Beer-, Bio- und Fassweinindustrie sowie f\u00fcr nat\u00fcrliche Getr\u00e4nke wie Kombucha.<\/p>\n<p>Unsere Produkte ersetzen den Einsatz von Chemikalien wie Sulfiten und geschmackssch\u00e4digenden Prozessen wie der Pasteurisierung. Unsere Produkte verl\u00e4ngern die Haltbarkeit und tragen dazu bei, die frisch zubereitete Frische, Farbe und das Aroma von Getr\u00e4nken zu erhalten.<\/p>\n<p>Es gibt eine globale Bewegung weg von synthetischen Zusatzstoffen sowie anderen Allergenen hin zu nat\u00fcrlichen und organischen L\u00f6sungen ohne Kompromisse bei der Qualit\u00e4t. Stoak ist Teil dieser Revolution und eine nat\u00fcrliche Alternative f\u00fcr Markeninhaber und Hersteller.<\/p>\n<\/div><div ><a class=\"fusion-button button-flat fusion-button-default-size button-default fusion-button-default button-1 fusion-button-default-span fusion-button-default-type\" style=\"width:calc(100%);\" target=\"_self\" href=\"https:\/\/www.stoaktechnologies.com\/de\/products\/preserve\/\"><span class=\"fusion-button-text awb-button__text awb-button__text--default\">Weiterlesen<\/span><\/a><\/div><\/div><\/div><div class=\"fusion-layout-column fusion_builder_column fusion-builder-column-2 fusion_builder_column_1_3 1_3 fusion-flex-column fusion-flex-align-self-stretch\" style=\"--awb-bg-size:cover;--awb-width-large:33.333333333333%;--awb-margin-top-large:0px;--awb-spacing-right-large:5.76%;--awb-margin-bottom-large:0px;--awb-spacing-left-large:5.76%;--awb-width-medium:100%;--awb-order-medium:0;--awb-spacing-right-medium:1.92%;--awb-spacing-left-medium:1.92%;--awb-width-small:100%;--awb-order-small:0;--awb-spacing-right-small:1.92%;--awb-spacing-left-small:1.92%;\"><div class=\"fusion-column-wrapper fusion-column-has-shadow fusion-flex-justify-content-space-between fusion-content-layout-column\"><div class=\"jag-himg-wrapper MINHetpryz\">\t<div class=\"jag-hoverimage-card  jag-himg-s1  jag-title-default\" onclick=\"\">\n\t\t\n\t\t\t\t\t<a class=\"jag-wrapper-link\" href=\"https:\/\/www.stoaktechnologies.com\/de\/products\/wlt-150-barrel-solutions\/\">\n\t\t\t\t\t\t<img decoding=\"async\" src=\"data:image\/svg+xml,%3Csvg%20xmlns%3D%27http%3A%2F%2Fwww.w3.org%2F2000%2Fsvg%27%20width%3D%271152%27%20height%3D%27864%27%20viewBox%3D%270%200%201152%20864%27%3E%3Crect%20width%3D%271152%27%20height%3D%27864%27%20fill-opacity%3D%220%22%2F%3E%3C%2Fsvg%3E\" data-orig-src=\"https:\/\/www.stoaktechnologies.com\/wp-content\/uploads\/2018\/02\/oak-barrels.jpg\" class=\"lazyload jag_fimg_main\">\n\t\t\t\t\t\t\t\t<div class=\"jag-hoverimage-image2\"><img decoding=\"async\" src=\"data:image\/svg+xml,%3Csvg%20xmlns%3D%27http%3A%2F%2Fwww.w3.org%2F2000%2Fsvg%27%20width%3D%271024%27%20height%3D%27768%27%20viewBox%3D%270%200%201024%20768%27%3E%3Crect%20width%3D%271024%27%20height%3D%27768%27%20fill-opacity%3D%220%22%2F%3E%3C%2Fsvg%3E\" data-orig-src=\"https:\/\/www.stoaktechnologies.com\/wp-content\/uploads\/2021\/02\/helping-to-age-spirits-with-WLT150.jpg\" class=\"lazyload fimg\"><\/div>\n\t\t\t\t\n            \n\t\t\t<div class=\"jag-hoverimage-overlay\"><\/div>\n\t\t\t\n\t\t\t\t\t\t\n\t\t\t<div class=\"jag-hover-content-wrapper\">\n\t\t\t\t<div class=\"jag-hoverimage-content jag-align-center jag-align-middle\">\n\t\t\t\t\t\t\t\t\t\t\t<i class=\"jag-himg-icon fusion-prefix-icon-custprodIcons-template_spirits-bottle jag_icon_large\" aria-hidden=\"true\"><\/i>\n\t\t\t\t\t\t\t\t\t\t\t<div class=\"clearfix\"><\/div>\n\t\t\t\t\t\t<div class=\"jag-hoverimage-title\">\n\t\t\t\t\t\t\tSpirituosen\t\t\t\t\t\t<\/div>\n\t\t\t\t\t\t\t\t\t\t<div class=\"jag-title-default-wrapper\">\n\t\t\t\t\t\t\t\t\t\t<\/div>\n\t\t\t\t\t\t\t\t\t<\/div>\n\t\t\t<\/div>\n\t\t\t\t\t<\/a>\n\t\t\t<\/div>\n\t<\/div><div class=\"fusion-text fusion-text-3\" style=\"--awb-text-transform:none;--awb-margin-top:20px;\"><p>Spirituosenhersteller stehen unter zunehmendem Druck, der steigenden Nachfrage nach Premium- und Qualit\u00e4tsspirituosen gerecht zu werden. Eine Erh\u00f6hung des Angebots ist derzeit aufgrund des au\u00dferordentlichen Drucks auf das Angebot an Barrel und den Preis nicht machbar.<\/p>\n<p>Fassalterung ist eine kostenintensive mehrj\u00e4hrige Investition in F\u00e4sser und Betriebskapital, die sich auf die Endproduktkosten auswirkt. Es gibt eine generationen\u00fcbergreifende Angebotsbeschr\u00e4nkung, die die Barrelpreise immer weiter in die H\u00f6he treibt.<\/p>\n<p>Unsere nachhaltigen Holzextrakte aus 150 Jahre alter franz\u00f6sischer Eiche und 90 Jahre alter amerikanischer Eiche revolutionieren die Qualit\u00e4t, Geschwindigkeit und Verfeinerung der Produktion f\u00fcr Spirituosenhersteller und liefern jedes Mal neue Fassproduktqualit\u00e4t.<\/p>\n<\/div><div ><a class=\"fusion-button button-flat fusion-button-default-size button-default fusion-button-default button-2 fusion-button-default-span fusion-button-default-type\" style=\"width:calc(100%);\" target=\"_self\" href=\"https:\/\/www.stoaktechnologies.com\/de\/products\/wlt-150-barrel-solutions\/\"><span class=\"fusion-button-text awb-button__text awb-button__text--default\">Weiterlesen<\/span><\/a><\/div><\/div><\/div><div class=\"fusion-layout-column fusion_builder_column fusion-builder-column-3 fusion_builder_column_1_3 1_3 fusion-flex-column fusion-flex-align-self-stretch\" style=\"--awb-bg-size:cover;--awb-width-large:33.333333333333%;--awb-margin-top-large:0px;--awb-spacing-right-large:5.76%;--awb-margin-bottom-large:0px;--awb-spacing-left-large:5.76%;--awb-width-medium:100%;--awb-order-medium:0;--awb-spacing-right-medium:1.92%;--awb-spacing-left-medium:1.92%;--awb-width-small:100%;--awb-order-small:0;--awb-spacing-right-small:1.92%;--awb-spacing-left-small:1.92%;\"><div class=\"fusion-column-wrapper fusion-column-has-shadow fusion-flex-justify-content-space-between fusion-content-layout-column\"><div class=\"jag-himg-wrapper rnnemFcNOm\">\t<div class=\"jag-hoverimage-card  jag-himg-s1  jag-title-default\" onclick=\"\">\n\t\t\n\t\t\t\t\t<a class=\"jag-wrapper-link\" href=\"https:\/\/www.stoaktechnologies.com\/de\/structan-2\/\">\n\t\t\t\t\t\t<img decoding=\"async\" src=\"data:image\/svg+xml,%3Csvg%20xmlns%3D%27http%3A%2F%2Fwww.w3.org%2F2000%2Fsvg%27%20width%3D%271690%27%20height%3D%271024%27%20viewBox%3D%270%200%201690%201024%27%3E%3Crect%20width%3D%271690%27%20height%3D%271024%27%20fill-opacity%3D%220%22%2F%3E%3C%2Fsvg%3E\" data-orig-src=\"https:\/\/www.stoaktechnologies.com\/wp-content\/uploads\/2018\/02\/Structan-banner.gif\" class=\"lazyload jag_fimg_main\">\n\t\t\t\t\t\t\t\t<div class=\"jag-hoverimage-image2\"><img decoding=\"async\" src=\"data:image\/svg+xml,%3Csvg%20xmlns%3D%27http%3A%2F%2Fwww.w3.org%2F2000%2Fsvg%27%20width%3D%271536%27%20height%3D%271024%27%20viewBox%3D%270%200%201536%201024%27%3E%3Crect%20width%3D%271536%27%20height%3D%271024%27%20fill-opacity%3D%220%22%2F%3E%3C%2Fsvg%3E\" data-orig-src=\"https:\/\/www.stoaktechnologies.com\/wp-content\/uploads\/2021\/12\/fruit-6633086_1920.jpg\" class=\"lazyload fimg\"><\/div>\n\t\t\t\t\n            \n\t\t\t<div class=\"jag-hoverimage-overlay\"><\/div>\n\t\t\t\n\t\t\t\t\t\t\n\t\t\t<div class=\"jag-hover-content-wrapper\">\n\t\t\t\t<div class=\"jag-hoverimage-content jag-align-center jag-align-middle\">\n\t\t\t\t\t\t\t\t\t\t\t<i class=\"jag-himg-icon fusion-prefix-icon-custprodIcons-template_wine-bottle jag_icon_large\" aria-hidden=\"true\"><\/i>\n\t\t\t\t\t\t\t\t\t\t\t<div class=\"clearfix\"><\/div>\n\t\t\t\t\t\t<div class=\"jag-hoverimage-title\">\n\t\t\t\t\t\t\tWein\t\t\t\t\t\t<\/div>\n\t\t\t\t\t\t\t\t\t\t<div class=\"jag-title-default-wrapper\">\n\t\t\t\t\t\t\t\t\t\t<\/div>\n\t\t\t\t\t\t\t\t\t<\/div>\n\t\t\t<\/div>\n\t\t\t\t\t<\/a>\n\t\t\t<\/div>\n\t<\/div><div class=\"fusion-text fusion-text-4\" style=\"--awb-text-transform:none;--awb-margin-top:20px;\"><div class=\"fusion-text fusion-text-9\">\n<p style=\"text-align: left;\">Die Massenweinherstellung ist zu einem sehr gro\u00dfen Gesch\u00e4ft geworden. Gr\u00f6\u00dfenvorteile sind wichtig, da Fasswein jetzt 341 TP1 t des gesamten weltweiten Absatzes ausmacht. Dieser Wein wird in Containern versandt und im Bestimmungsland abgef\u00fcllt.<\/p>\n<p style=\"text-align: left;\">Dieser Teil der Branche fordert Weinhersteller heraus, schnell und in gro\u00dfen Mengen ein gut strukturiertes und fertiges Produkt zu liefern.<\/p>\n<p style=\"text-align: left;\">Unser Structan-Sortiment an Naturprodukten spricht viele der Herausforderungen an, denen sich diese Winzer gegen\u00fcbersehen, von reduziertem Chemikalieneinsatz bis hin zu verbesserter Qualit\u00e4t, Struktur, Farbe und Mundgef\u00fchl.<\/p>\n<\/div>\n<\/div><div ><a class=\"fusion-button button-flat fusion-button-default-size button-default fusion-button-default button-3 fusion-button-default-span fusion-button-default-type\" style=\"width:calc(100%);\" target=\"_self\" href=\"https:\/\/www.stoaktechnologies.com\/de\/structan-2\/\"><span class=\"fusion-button-text awb-button__text awb-button__text--default\">Weiterlesen<\/span><\/a><\/div><\/div><\/div><\/div><\/div>","protected":false},"excerpt":{"rendered":"","protected":false},"author":10,"featured_media":496,"parent":0,"menu_order":24,"comment_status":"closed","ping_status":"closed","template":"100-width.php","meta":{"footnotes":""},"wf_page_folders":[41],"class_list":["post-2390","page","type-page","status-publish","has-post-thumbnail","hentry"],"_links":{"self":[{"href":"https:\/\/www.stoaktechnologies.com\/de\/wp-json\/wp\/v2\/pages\/2390","targetHints":{"allow":["GET"]}}],"collection":[{"href":"https:\/\/www.stoaktechnologies.com\/de\/wp-json\/wp\/v2\/pages"}],"about":[{"href":"https:\/\/www.stoaktechnologies.com\/de\/wp-json\/wp\/v2\/types\/page"}],"author":[{"embeddable":true,"href":"https:\/\/www.stoaktechnologies.com\/de\/wp-json\/wp\/v2\/users\/10"}],"replies":[{"embeddable":true,"href":"https:\/\/www.stoaktechnologies.com\/de\/wp-json\/wp\/v2\/comments?post=2390"}],"version-history":[{"count":13,"href":"https:\/\/www.stoaktechnologies.com\/de\/wp-json\/wp\/v2\/pages\/2390\/revisions"}],"predecessor-version":[{"id":5393,"href":"https:\/\/www.stoaktechnologies.com\/de\/wp-json\/wp\/v2\/pages\/2390\/revisions\/5393"}],"wp:featuredmedia":[{"embeddable":true,"href":"https:\/\/www.stoaktechnologies.com\/de\/wp-json\/wp\/v2\/media\/496"}],"wp:attachment":[{"href":"https:\/\/www.stoaktechnologies.com\/de\/wp-json\/wp\/v2\/media?parent=2390"}],"wp:term":[{"taxonomy":"wf_page_folders","embeddable":true,"href":"https:\/\/www.stoaktechnologies.com\/de\/wp-json\/wp\/v2\/wf_page_folders?post=2390"}],"curies":[{"name":"wp","href":"https:\/\/api.w.org\/{rel}","templated":true}]}}