{"id":2248,"date":"2022-01-25T08:14:40","date_gmt":"2022-01-25T08:14:40","guid":{"rendered":"https:\/\/www.stoaktechnologies.com\/?page_id=2248"},"modified":"2024-08-26T12:40:48","modified_gmt":"2024-08-26T12:40:48","slug":"technology","status":"publish","type":"page","link":"https:\/\/www.stoaktechnologies.com\/de\/startseite\/about\/technology\/","title":{"rendered":"Technologie"},"content":{"rendered":"<div class=\"fusion-fullwidth fullwidth-box fusion-builder-row-1 fusion-flex-container nonhundred-percent-fullwidth non-hundred-percent-height-scrolling\" style=\"--awb-background-position:left top;--awb-border-sizes-top:0px;--awb-border-sizes-bottom:0px;--awb-border-sizes-left:0px;--awb-border-sizes-right:0px;--awb-border-radius-top-left:0px;--awb-border-radius-top-right:0px;--awb-border-radius-bottom-right:0px;--awb-border-radius-bottom-left:0px;--awb-padding-top:60px;--awb-padding-bottom:0px;--awb-padding-left:0px;--awb-padding-right-small:13px;--awb-padding-left-small:19px;--awb-margin-bottom:0px;--awb-flex-wrap:wrap;\" ><div class=\"fusion-builder-row fusion-row fusion-flex-align-items-stretch fusion-flex-justify-content-center fusion-flex-content-wrap\" style=\"max-width:1216.8px;margin-left: calc(-4% \/ 2 );margin-right: calc(-4% \/ 2 );\"><div class=\"fusion-layout-column fusion_builder_column fusion-builder-column-0 fusion_builder_column_1_1 1_1 fusion-flex-column\" style=\"--awb-bg-blend:overlay;--awb-bg-size:cover;--awb-width-large:100%;--awb-margin-top-large:0px;--awb-spacing-right-large:1.92%;--awb-margin-bottom-large:40px;--awb-spacing-left-large:1.92%;--awb-width-medium:100%;--awb-order-medium:0;--awb-spacing-right-medium:1.92%;--awb-spacing-left-medium:1.92%;--awb-width-small:100%;--awb-order-small:0;--awb-spacing-right-small:1.92%;--awb-spacing-left-small:1.92%;\"><div class=\"fusion-column-wrapper fusion-column-has-shadow fusion-flex-justify-content-flex-start fusion-content-layout-column\"><div class=\"fusion-title title fusion-title-1 fusion-sep-none fusion-title-text fusion-title-size-one\"><h1 class=\"fusion-title-heading title-heading-left fusion-responsive-typography-calculated\" style=\"margin:0;--fontSize:50;line-height:1.16;\">TECHNOLOGIE<\/h1><\/div><div class=\"fusion-text fusion-text-1 payoff\" style=\"--awb-text-transform:none;\"><p>Das Fundament unserer Produkte<\/p>\n<\/div><div class=\"fusion-text fusion-text-2\" style=\"--awb-text-transform:none;\"><p>Stoak erforscht und testet seine nat\u00fcrlichen Extrakte seit \u00fcber 15 Jahren und entwickelt hochpr\u00e4zise biotechnologische Extraktionsverfahren, die sowohl nat\u00fcrlich als auch hochwirksam sind, um die wichtigsten Kongenere und Wirkstoffe zu isolieren, die Lebensmittel- und Getr\u00e4nkeprodukte ver\u00e4ndern k\u00f6nnen.<\/p>\n<\/div><\/div><\/div><div class=\"fusion-layout-column fusion_builder_column fusion-builder-column-1 fusion_builder_column_1_1 1_1 fusion-flex-column\" style=\"--awb-bg-size:cover;--awb-width-large:100%;--awb-margin-top-large:0px;--awb-spacing-right-large:1.92%;--awb-margin-bottom-large:40px;--awb-spacing-left-large:1.92%;--awb-width-medium:100%;--awb-order-medium:0;--awb-spacing-right-medium:1.92%;--awb-spacing-left-medium:1.92%;--awb-width-small:100%;--awb-order-small:0;--awb-spacing-right-small:1.92%;--awb-spacing-left-small:1.92%;\"><div class=\"fusion-column-wrapper fusion-column-has-shadow fusion-flex-justify-content-flex-start fusion-content-layout-column\"><div class=\"fusion-title title fusion-title-2 fusion-sep-none fusion-title-text fusion-title-size-three\"><h3 class=\"fusion-title-heading title-heading-left fusion-responsive-typography-calculated\" style=\"margin:0;--fontSize:32;line-height:1.25;\">HOLZ \u2013 ORGANISCHE ALCHEMIE<\/h3><\/div><div class=\"fusion-text fusion-text-3 awb-text-cols fusion-text-columns-2\" style=\"--awb-text-transform:none;--awb-columns:2;--awb-column-spacing:2em;--awb-column-min-width:100px;\"><p>Holz ist ein hochkomplexer Werkstoff, der aus Kernelementen wie Hemicellulose, Lignin, Tanninen und Lactonen besteht. Untergruppen von Holz werden als Kongenere bezeichnet und gelten als die Hauptgr\u00fcnde daf\u00fcr, was Holz einzigartig macht, insbesondere Eichenholz.<\/p>\n<p>Im Eichenholz sind \u00fcber 20.000 Kongenere enthalten, von denen nur wenige Hundert benannt sind und die meisten von ihnen hinsichtlich ihrer organischen Relevanz weitgehend unbekannt sind. Es sind diese Schl\u00fcsselkongenere, auf die sich unsere Technologie konzentriert hat, es ist nicht besonders kompliziert, einen botanischen Extrakt herzustellen, die Duft- und Aromaindustrie wurde auf Extrakten aufgebaut, aber wie extrahiert man die Schl\u00fcsselmagie aus Eichenholz, um gezielte L\u00f6sungen zu liefern ?<\/p>\n<p>Stoak hat viele Jahre mit einem hochrangigen Wissenschaftsteam gearbeitet, um seine Extraktionsmethode zu perfektionieren, die sich auf zwei unterschiedliche Gruppen von Kongeneren konzentriert, die es uns erm\u00f6glichen, die wirksame Konservierung von Lebensmitteln und Getr\u00e4nken zu liefern, und in unserer separaten Produktgruppe die Strukturierung und Veredelung von Wein und Spirituosen.<\/p>\n<\/div><\/div><\/div><div class=\"fusion-layout-column fusion_builder_column fusion-builder-column-2 fusion_builder_column_1_2 1_2 fusion-flex-column\" style=\"--awb-bg-size:cover;--awb-width-large:50%;--awb-margin-top-large:0px;--awb-spacing-right-large:3.84%;--awb-margin-bottom-large:40px;--awb-spacing-left-large:3.84%;--awb-width-medium:100%;--awb-order-medium:0;--awb-spacing-right-medium:1.92%;--awb-spacing-left-medium:1.92%;--awb-width-small:100%;--awb-order-small:0;--awb-spacing-right-small:1.92%;--awb-spacing-left-small:1.92%;\"><div class=\"fusion-column-wrapper fusion-column-has-shadow fusion-flex-justify-content-flex-start fusion-content-layout-column\"><div class=\"fusion-title title fusion-title-3 fusion-sep-none fusion-title-text fusion-title-size-three\"><h3 class=\"fusion-title-heading title-heading-left fusion-responsive-typography-calculated\" style=\"margin:0;--fontSize:32;line-height:1.25;\">EICHENHOLZ, NATURLEKTION IN RESILIENZ<\/h3><\/div><div class=\"fusion-text fusion-text-4\" style=\"--awb-text-transform:none;\"><p>Die \u00e4lteste heute lebende Eiche ist \u00fcber 2000 Jahre alt.<\/p>\n<p>Das Holz dieser B\u00e4ume enth\u00e4lt Schl\u00fcsselbestandteile, um seine langfristige Erhaltung zu gew\u00e4hrleisten, F\u00e4ulnis zu verhindern, die Struktur zu erhalten und ein gesundes \u00d6kosystem zu unterst\u00fctzen. Dies ist umso bemerkenswerter, wenn man bedenkt, dass die inneren Baumabschnitte nicht mehr im Wesentlichen lebendig sind, sondern gut zerfallen und verrotten k\u00f6nnen. Wie bleibt der Baum ein Jahrzehnt oder ein Jahrhundert sp\u00e4ter in makellosem Zustand?<\/p>\n<p>Stoak ist es gelungen, eine Familie von Kongeneren zu identifizieren und zu einem hochkonzentrierten nat\u00fcrlichen und organischen Konservierungsmittel f\u00fcr die Lebensmittel- und Getr\u00e4nkeindustrie zu extrahieren.<\/p>\n<\/div><\/div><\/div><div class=\"fusion-layout-column fusion_builder_column fusion-builder-column-3 fusion_builder_column_1_2 1_2 fusion-flex-column\" style=\"--awb-bg-position:center center;--awb-bg-size:cover;--awb-width-large:50%;--awb-margin-top-large:0px;--awb-spacing-right-large:3.84%;--awb-margin-bottom-large:40px;--awb-spacing-left-large:3.84%;--awb-width-medium:100%;--awb-order-medium:0;--awb-spacing-right-medium:1.92%;--awb-spacing-left-medium:1.92%;--awb-width-small:100%;--awb-order-small:0;--awb-spacing-right-small:1.92%;--awb-spacing-left-small:1.92%;\"><div class=\"fusion-column-wrapper lazyload fusion-column-has-shadow fusion-flex-justify-content-flex-start fusion-content-layout-column fusion-empty-column-bg-image fusion-column-has-bg-image\" data-bg-url=\"https:\/\/www.stoaktechnologies.com\/wp-content\/uploads\/2022\/01\/avenue-g1af52538f_1920.jpg\" data-bg=\"https:\/\/www.stoaktechnologies.com\/wp-content\/uploads\/2022\/01\/avenue-g1af52538f_1920.jpg\"><img decoding=\"async\" class=\"fusion-empty-dims-img-placeholder fusion-no-large-visibility\" alt=\"Eiche als Konservierungsmittel wird seit jeher zur Konservierung von Fl\u00fcssigkeiten verwendet\" aria-label=\"Eiche als Konservierungsmittel im Wandel der Zeit\" src=\"data:image\/svg+xml,%3Csvg%20xmlns%3D%27http%3A%2F%2Fwww.w3.org%2F2000%2Fsvg%27%20width%3D%271536%27%20height%3D%271024%27%20viewBox%3D%270%200%201536%201024%27%3E%3Crect%20width%3D%271536%27%20height%3D%271024%27%20fill-opacity%3D%220%22%2F%3E%3C%2Fsvg%3E\"><\/div><\/div><div class=\"fusion-layout-column fusion_builder_column fusion-builder-column-4 fusion_builder_column_1_2 1_2 fusion-flex-column\" style=\"--awb-bg-position:center center;--awb-bg-size:cover;--awb-width-large:50%;--awb-margin-top-large:0px;--awb-spacing-right-large:3.84%;--awb-margin-bottom-large:40px;--awb-spacing-left-large:3.84%;--awb-width-medium:100%;--awb-order-medium:0;--awb-spacing-right-medium:1.92%;--awb-spacing-left-medium:1.92%;--awb-width-small:100%;--awb-order-small:0;--awb-spacing-right-small:1.92%;--awb-spacing-left-small:1.92%;\"><div class=\"fusion-column-wrapper lazyload fusion-column-has-shadow fusion-flex-justify-content-flex-start fusion-content-layout-column fusion-empty-column-bg-image fusion-column-has-bg-image\" data-bg-url=\"https:\/\/www.stoaktechnologies.com\/wp-content\/uploads\/2021\/12\/barrels-52934.jpg\" data-bg=\"https:\/\/www.stoaktechnologies.com\/wp-content\/uploads\/2021\/12\/barrels-52934.jpg\"><img decoding=\"async\" class=\"fusion-empty-dims-img-placeholder fusion-no-large-visibility\" aria-label=\"F\u00e4sser-52934\" src=\"data:image\/svg+xml,%3Csvg%20xmlns%3D%27http%3A%2F%2Fwww.w3.org%2F2000%2Fsvg%27%20width%3D%271365%27%20height%3D%271024%27%20viewBox%3D%270%200%201365%201024%27%3E%3Crect%20width%3D%271365%27%20height%3D%271024%27%20fill-opacity%3D%220%22%2F%3E%3C%2Fsvg%3E\"><\/div><\/div><div class=\"fusion-layout-column fusion_builder_column fusion-builder-column-5 fusion_builder_column_1_2 1_2 fusion-flex-column\" style=\"--awb-bg-size:cover;--awb-width-large:50%;--awb-margin-top-large:0px;--awb-spacing-right-large:3.84%;--awb-margin-bottom-large:40px;--awb-spacing-left-large:3.84%;--awb-width-medium:100%;--awb-order-medium:0;--awb-spacing-right-medium:1.92%;--awb-spacing-left-medium:1.92%;--awb-width-small:100%;--awb-order-small:0;--awb-spacing-right-small:1.92%;--awb-spacing-left-small:1.92%;\"><div class=\"fusion-column-wrapper fusion-column-has-shadow fusion-flex-justify-content-flex-start fusion-content-layout-column\"><div class=\"fusion-title title fusion-title-4 fusion-sep-none fusion-title-text fusion-title-size-three\"><h3 class=\"fusion-title-heading title-heading-left fusion-responsive-typography-calculated\" style=\"margin:0;--fontSize:32;line-height:1.25;\">F\u00c4SSE, EINE PERFEKTE L\u00d6SUNG F\u00dcR DIE GESCHICHTE<\/h3><\/div><div class=\"fusion-text fusion-text-5\" style=\"--awb-text-transform:none;\"><p>Eichenf\u00e4sser werden seit Tausenden von Jahren verwendet, sind einfach herzustellen, wasserdicht, rund und k\u00f6nnen leicht bewegt und in einem effizienten Raum gestapelt werden. F\u00e4sser waren lange Zeit die einzige Massenspeicherl\u00f6sung.<\/p>\n<p>In dieser Zeit haben wir uns an den Geschmack von Spirituosen und Wein w\u00e4hrend der Fasslagerung gew\u00f6hnt.<\/p>\n<p>Stoak ist es gelungen, dieselben Aroma-, Finishing- und Reifungskongenere zu extrahieren, die es Brennern und Winzern erm\u00f6glichen, den Fassprozess nachzuahmen.<\/p>\n<\/div><\/div><\/div><div class=\"fusion-layout-column fusion_builder_column fusion-builder-column-6 fusion_builder_column_1_2 1_2 fusion-flex-column\" style=\"--awb-bg-size:cover;--awb-width-large:50%;--awb-margin-top-large:0px;--awb-spacing-right-large:3.84%;--awb-margin-bottom-large:0px;--awb-spacing-left-large:3.84%;--awb-width-medium:100%;--awb-order-medium:0;--awb-spacing-right-medium:1.92%;--awb-spacing-left-medium:1.92%;--awb-width-small:100%;--awb-order-small:0;--awb-spacing-right-small:1.92%;--awb-spacing-left-small:1.92%;\"><div class=\"fusion-column-wrapper fusion-column-has-shadow fusion-flex-justify-content-flex-start fusion-content-layout-column\"><div class=\"fusion-title title fusion-title-5 fusion-sep-none fusion-title-text fusion-title-size-three\"><h3 class=\"fusion-title-heading title-heading-left fusion-responsive-typography-calculated\" style=\"margin:0;--fontSize:32;line-height:1.25;\">LAUFENDE FORSCHUNG UND ENTWICKLUNG<\/h3><\/div><div class=\"fusion-text fusion-text-6\" style=\"--awb-text-transform:none;\"><p>Stoak ist darauf ausgerichtet, das fortlaufende Wissen, das Verst\u00e4ndnis und die Erweiterung unserer Extraktionstechnologie und -produkte zu unterst\u00fctzen.<\/p>\n<p>Von unserem technischen Team bis hin zu unserer Vertriebs- und Kundenbetreuungsinfrastruktur entwickeln wir st\u00e4ndig die Anwendungs- und Absaugtechnik weiter.<\/p>\n<p>Unser Bestreben ist es, besser zu verstehen, wie die Natur in unserem Produkt wirkt und wie dies den Lebensmittel- und Getr\u00e4nkekunden dabei helfen kann, ihre aktuellen und zuk\u00fcnftigen Herausforderungen in der Produktentwicklung und Stabilit\u00e4t zu meistern und Kosten in wesentlichen Produktionsprozessen einzusparen.<\/p>\n<\/div><\/div><\/div><div class=\"fusion-layout-column fusion_builder_column fusion-builder-column-7 fusion_builder_column_1_2 1_2 fusion-flex-column\" style=\"--awb-bg-position:center center;--awb-bg-size:cover;--awb-width-large:50%;--awb-margin-top-large:0px;--awb-spacing-right-large:3.84%;--awb-margin-bottom-large:0px;--awb-spacing-left-large:3.84%;--awb-width-medium:100%;--awb-order-medium:0;--awb-spacing-right-medium:1.92%;--awb-spacing-left-medium:1.92%;--awb-width-small:100%;--awb-order-small:0;--awb-spacing-right-small:1.92%;--awb-spacing-left-small:1.92%;\"><div class=\"fusion-column-wrapper fusion-column-has-shadow fusion-flex-justify-content-flex-start fusion-content-layout-column\"><div class=\"fusion-video fusion-youtube\" style=\"--awb-max-width:600px;--awb-max-height:360px;\"><div class=\"video-shortcode\"><lite-youtube videoid=\"MNyFYHAnUwU\" class=\"landscape\" params=\"wmode=transparent&autoplay=1&enablejsapi=1\" title=\"YouTube-Videoplayer 1\" width=\"600\" height=\"360\" data-thumbnail-size=\"auto\" data-no-cookie=\"on\"><\/lite-youtube><\/div><\/div><\/div><\/div><\/div><\/div>","protected":false},"excerpt":{"rendered":"","protected":false},"author":10,"featured_media":1187,"parent":1154,"menu_order":3,"comment_status":"closed","ping_status":"closed","template":"100-width.php","meta":{"footnotes":""},"wf_page_folders":[41],"class_list":["post-2248","page","type-page","status-publish","has-post-thumbnail","hentry"],"_links":{"self":[{"href":"https:\/\/www.stoaktechnologies.com\/de\/wp-json\/wp\/v2\/pages\/2248","targetHints":{"allow":["GET"]}}],"collection":[{"href":"https:\/\/www.stoaktechnologies.com\/de\/wp-json\/wp\/v2\/pages"}],"about":[{"href":"https:\/\/www.stoaktechnologies.com\/de\/wp-json\/wp\/v2\/types\/page"}],"author":[{"embeddable":true,"href":"https:\/\/www.stoaktechnologies.com\/de\/wp-json\/wp\/v2\/users\/10"}],"replies":[{"embeddable":true,"href":"https:\/\/www.stoaktechnologies.com\/de\/wp-json\/wp\/v2\/comments?post=2248"}],"version-history":[{"count":14,"href":"https:\/\/www.stoaktechnologies.com\/de\/wp-json\/wp\/v2\/pages\/2248\/revisions"}],"predecessor-version":[{"id":2462,"href":"https:\/\/www.stoaktechnologies.com\/de\/wp-json\/wp\/v2\/pages\/2248\/revisions\/2462"}],"up":[{"embeddable":true,"href":"https:\/\/www.stoaktechnologies.com\/de\/wp-json\/wp\/v2\/pages\/1154"}],"wp:featuredmedia":[{"embeddable":true,"href":"https:\/\/www.stoaktechnologies.com\/de\/wp-json\/wp\/v2\/media\/1187"}],"wp:attachment":[{"href":"https:\/\/www.stoaktechnologies.com\/de\/wp-json\/wp\/v2\/media?parent=2248"}],"wp:term":[{"taxonomy":"wf_page_folders","embeddable":true,"href":"https:\/\/www.stoaktechnologies.com\/de\/wp-json\/wp\/v2\/wf_page_folders?post=2248"}],"curies":[{"name":"wp","href":"https:\/\/api.w.org\/{rel}","templated":true}]}}