{"id":1335,"date":"2021-02-04T08:26:10","date_gmt":"2021-02-04T08:26:10","guid":{"rendered":"https:\/\/www.stoaktechnologies.com\/?page_id=1335"},"modified":"2024-08-26T12:59:53","modified_gmt":"2024-08-26T12:59:53","slug":"structan-2","status":"publish","type":"page","link":"https:\/\/www.stoaktechnologies.com\/de\/products\/structan-2\/","title":{"rendered":"Structan Finishing Tannine"},"content":{"rendered":"<div class=\"fusion-fullwidth fullwidth-box fusion-builder-row-1 fusion-flex-container nonhundred-percent-fullwidth non-hundred-percent-height-scrolling\" style=\"--awb-background-position:left top;--awb-border-sizes-top:0px;--awb-border-sizes-bottom:0px;--awb-border-sizes-left:0px;--awb-border-sizes-right:0px;--awb-border-radius-top-left:0px;--awb-border-radius-top-right:0px;--awb-border-radius-bottom-right:0px;--awb-border-radius-bottom-left:0px;--awb-padding-top:60px;--awb-padding-bottom:0px;--awb-padding-left:0px;--awb-padding-right-small:13px;--awb-padding-left-small:19px;--awb-margin-bottom:0px;--awb-flex-wrap:wrap;\" ><div class=\"fusion-builder-row fusion-row fusion-flex-align-items-stretch fusion-flex-justify-content-center fusion-flex-content-wrap\" style=\"max-width:1216.8px;margin-left: calc(-4% \/ 2 );margin-right: calc(-4% \/ 2 );\"><div class=\"fusion-layout-column fusion_builder_column fusion-builder-column-0 fusion_builder_column_1_1 1_1 fusion-flex-column\" style=\"--awb-bg-blend:overlay;--awb-bg-size:cover;--awb-width-large:100%;--awb-margin-top-large:0px;--awb-spacing-right-large:1.92%;--awb-margin-bottom-large:40px;--awb-spacing-left-large:1.92%;--awb-width-medium:100%;--awb-order-medium:0;--awb-spacing-right-medium:1.92%;--awb-spacing-left-medium:1.92%;--awb-width-small:100%;--awb-order-small:0;--awb-spacing-right-small:1.92%;--awb-spacing-left-small:1.92%;\"><div class=\"fusion-column-wrapper fusion-column-has-shadow fusion-flex-justify-content-flex-start fusion-content-layout-column\"><div class=\"fusion-title title fusion-title-1 fusion-sep-none fusion-title-text fusion-title-size-one\"><h1 class=\"fusion-title-heading title-heading-left fusion-responsive-typography-calculated\" style=\"margin:0;--fontSize:50;line-height:1.16;\">STRUKAN-FINISHING-TANNINE<\/h1><\/div><div class=\"fusion-text fusion-text-1 payoff\" style=\"--awb-text-transform:none;\"><p>Nat\u00fcrliches Strukturmittel zur Entwicklung des Weincharakters<\/p>\n<\/div><div class=\"fusion-text fusion-text-2\" style=\"--awb-text-transform:none;\"><p>Structans Palette an abschlie\u00dfenden Tanninen sorgt f\u00fcr ultimative Struktur, Komplexit\u00e4t, Ausgewogenheit und Mundgef\u00fchl. Winzer, die nach der neuesten Technologie in der Eichenholzextraktion suchen, die f\u00fcr eine \u00e4u\u00dferst einfache Dosierung entwickelt wurde, ohne dass eine Filtration erforderlich ist, 100% nat\u00fcrlich und biologisch, haben jetzt Zugang zu einem einzigartigen Satz von Werkzeugen, um ihre Weine zu strukturieren, zu veredeln und zu perfektionieren.<\/p>\n<\/div><\/div><\/div><div class=\"fusion-layout-column fusion_builder_column fusion-builder-column-1 fusion_builder_column_1_1 1_1 fusion-flex-column\" style=\"--awb-bg-size:cover;--awb-width-large:100%;--awb-margin-top-large:0px;--awb-spacing-right-large:1.92%;--awb-margin-bottom-large:40px;--awb-spacing-left-large:1.92%;--awb-width-medium:100%;--awb-order-medium:0;--awb-spacing-right-medium:1.92%;--awb-spacing-left-medium:1.92%;--awb-width-small:100%;--awb-order-small:0;--awb-spacing-right-small:1.92%;--awb-spacing-left-small:1.92%;\"><div class=\"fusion-column-wrapper fusion-column-has-shadow fusion-flex-justify-content-flex-start fusion-content-layout-column\"><div class=\"fusion-title title fusion-title-2 fusion-sep-none fusion-title-text fusion-title-size-three\"><h3 class=\"fusion-title-heading title-heading-left fusion-responsive-typography-calculated\" style=\"margin:0;--fontSize:32;line-height:1.25;\">BEENDEN SIE IHREN WEIN<\/h3><\/div><div class=\"fusion-text fusion-text-3 awb-text-cols fusion-text-columns-2\" style=\"--awb-text-transform:none;--awb-columns:2;--awb-column-spacing:2em;--awb-column-min-width:100px;\"><p>Structan wurde als Finishing-Tannin aus 150-j\u00e4hriger franz\u00f6sischer Eiche und 90-j\u00e4hriger amerikanischer Eiche entwickelt, dem gleichen Rohstoff, der f\u00fcr die Herstellung von F\u00e4ssern verwendet wird.<\/p>\n<p>Die gleichen Kongenere, die in einem neuen Eichenfass gefunden werden, finden sich in Structan mit wesentlich verbesserter Konsistenz und Konzentration, was zu einem effizienteren und effektiveren Ergebnis bei der Verwendung in der Weinproduktion beitr\u00e4gt. Unser Extraktionsprozess ist hochgradig sequenziert, aber bew\u00e4hrt und enth\u00e4lt keine Chemikalien oder synthetischen Inhaltsstoffe. Aus diesem Grund sind alle unsere Produkte 100% nat\u00fcrlich und biologisch zertifiziert, entscheidend f\u00fcr organische und schwefelfreie Weine.<\/p>\n<\/div><div ><a class=\"fusion-button button-flat fusion-button-default-size button-default fusion-button-default button-1 fusion-button-default-span fusion-button-default-type\" style=\"--button_margin-top:40px;width:calc(100%);\" target=\"_blank\" rel=\"noopener noreferrer\" href=\"https:\/\/www.stoaktechnologies.com\/de\/structan-2\/\"><span class=\"fusion-button-text awb-button__text awb-button__text--default\">KLICKEN SIE HIER, UM DIREKT ZUR STRUCTAN\/WINESHIELD-WEBSITE ZU GEHEN<\/span><\/a><\/div><\/div><\/div><div class=\"fusion-layout-column fusion_builder_column fusion-builder-column-2 fusion_builder_column_1_2 1_2 fusion-flex-column\" style=\"--awb-bg-size:cover;--awb-width-large:50%;--awb-margin-top-large:0px;--awb-spacing-right-large:3.84%;--awb-margin-bottom-large:40px;--awb-spacing-left-large:3.84%;--awb-width-medium:100%;--awb-order-medium:0;--awb-spacing-right-medium:1.92%;--awb-spacing-left-medium:1.92%;--awb-width-small:100%;--awb-order-small:0;--awb-spacing-right-small:1.92%;--awb-spacing-left-small:1.92%;\"><div class=\"fusion-column-wrapper fusion-column-has-shadow fusion-flex-justify-content-flex-start fusion-content-layout-column\"><div class=\"fusion-title title fusion-title-3 fusion-sep-none fusion-title-text fusion-title-size-three\"><h3 class=\"fusion-title-heading title-heading-left fusion-responsive-typography-calculated\" style=\"margin:0;--fontSize:32;line-height:1.25;\">EINZIGARTIGE TANINPROFILE<\/h3><\/div><div class=\"fusion-text fusion-text-4\" style=\"--awb-text-transform:none;\"><p>\u00d6nologische Tannine werden in der Weinindustrie h\u00e4ufig verwendet, um die Weinqualit\u00e4t zu verbessern. Der Gro\u00dfteil davon wird entweder durch alternative Eichenprodukte wie Chips, Dauben und Pulver geliefert oder aus Traubenkernen, Galln\u00fcssen und anderen botanischen Quellen gewonnen.<\/p>\n<p>Structans Angebot an \u00f6nologischen Tanninen liefert die vertraute Tiefe, den Charakter, die Struktur und das Mundgef\u00fchl, wie Sie es in Eichenf\u00e4ssern finden w\u00fcrden. Structan wird verwendet, um die nat\u00fcrlichen Aromen und Aromastoffe in Ihrem Wein zu strukturieren, zu entwickeln und zu verst\u00e4rken und an Anthocyane zu binden, um die Farbstabilit\u00e4t zu verbessern.<\/p>\n<p>Strucan vermittelt die typischen organoleptischen Sinne, die normalerweise von der Fassreifung abgeleitet werden, und besteht aus gallo-ellagischen Tanninen, die aus franz\u00f6sischer und amerikanischer Eiche gewonnen werden.<\/p>\n<\/div><div class=\"fusion-title title fusion-title-4 fusion-sep-none fusion-title-text fusion-title-size-three\"><h3 class=\"fusion-title-heading title-heading-left fusion-responsive-typography-calculated\" style=\"margin:0;--fontSize:32;line-height:1.25;\">KOMPLETTES WEINSORTIMENT<\/h3><\/div><div class=\"fusion-text fusion-text-5\" style=\"--awb-text-transform:none;\"><p>Das Structan-Sortiment an Finishing-Tanninen deckt das gesamte Spektrum der Weinanwendungen von Rot- und Wei\u00dfwein ab, die eine Mischung aus franz\u00f6sischer und amerikanischer Eiche sind, wobei der Wei\u00dfwein weniger Farbe und Intensit\u00e4t ausdr\u00fcckt als der Rotwein.<\/p>\n<p>Wir haben auch spezifische franz\u00f6sische und amerikanische Extrakte formuliert, die die wichtigsten Vorteile dieser beiden Rebsorten bieten:<\/p>\n<p>Franz\u00f6sisch \u2013 konzentriert sich mehr auf eine gr\u00f6\u00dfere Reichhaltigkeit des mittleren Gaumens<\/p>\n<p>American \u2013 liefert mehr Vanillin und Geruchsstoffe, was zu einem aggressiveren Mundgef\u00fchl und Aroma f\u00fchrt.<\/p>\n<\/div><\/div><\/div><div class=\"fusion-layout-column fusion_builder_column fusion-builder-column-3 fusion_builder_column_1_2 1_2 fusion-flex-column\" style=\"--awb-bg-position:center center;--awb-bg-size:cover;--awb-width-large:50%;--awb-margin-top-large:0px;--awb-spacing-right-large:3.84%;--awb-margin-bottom-large:40px;--awb-spacing-left-large:3.84%;--awb-width-medium:100%;--awb-order-medium:0;--awb-spacing-right-medium:1.92%;--awb-spacing-left-medium:1.92%;--awb-width-small:100%;--awb-order-small:0;--awb-spacing-right-small:1.92%;--awb-spacing-left-small:1.92%;\"><div class=\"fusion-column-wrapper lazyload fusion-column-has-shadow fusion-flex-justify-content-flex-start fusion-content-layout-column fusion-empty-column-bg-image fusion-column-has-bg-image\" data-bg-url=\"https:\/\/www.stoaktechnologies.com\/wp-content\/uploads\/2022\/01\/corks.jpg\" data-bg=\"https:\/\/www.stoaktechnologies.com\/wp-content\/uploads\/2022\/01\/corks.jpg\"><img decoding=\"async\" class=\"fusion-empty-dims-img-placeholder fusion-no-large-visibility\" aria-label=\"Korken\" src=\"data:image\/svg+xml,%3Csvg%20xmlns%3D%27http%3A%2F%2Fwww.w3.org%2F2000%2Fsvg%27%20width%3D%271536%27%20height%3D%271024%27%20viewBox%3D%270%200%201536%201024%27%3E%3Crect%20width%3D%271536%27%20height%3D%271024%27%20fill-opacity%3D%220%22%2F%3E%3C%2Fsvg%3E\"><\/div><\/div><div class=\"fusion-layout-column fusion_builder_column fusion-builder-column-4 fusion_builder_column_1_1 1_1 fusion-flex-column\" style=\"--awb-bg-size:cover;--awb-width-large:100%;--awb-margin-top-large:0px;--awb-spacing-right-large:1.92%;--awb-margin-bottom-large:40px;--awb-spacing-left-large:1.92%;--awb-width-medium:100%;--awb-order-medium:0;--awb-spacing-right-medium:1.92%;--awb-spacing-left-medium:1.92%;--awb-width-small:100%;--awb-order-small:0;--awb-spacing-right-small:1.92%;--awb-spacing-left-small:1.92%;\"><div class=\"fusion-column-wrapper fusion-column-has-shadow fusion-flex-justify-content-flex-start fusion-content-layout-column\"><div class=\"fusion-title title fusion-title-5 fusion-sep-none fusion-title-text fusion-title-size-three\"><h3 class=\"fusion-title-heading title-heading-left fusion-responsive-typography-calculated\" style=\"margin:0;--fontSize:32;line-height:1.25;\">NICHT W\u00c4SSIG, EINE KRITISCHE UNTERSCHEIDUNG<\/h3><\/div><div class=\"fusion-text fusion-text-6 awb-text-cols fusion-text-columns-2\" style=\"--awb-text-transform:none;--awb-columns:2;--awb-column-spacing:2em;--awb-column-min-width:100px;\"><p>W\u00e4ssrige Tannine werden seit vielen Jahren in der Weinbereitung verwendet. Typischerweise werden diese Tannine aus gr\u00fcnen und frischen vegetativen Quellen gewonnen, in vielen F\u00e4llen aus Traubenprodukten. Um w\u00e4ssrige Tannine zu extrahieren, muss das Rohmaterial mazeriert und erhitzt werden, bis es zerf\u00e4llt, wodurch ein Gro\u00dfteil des wesentlichen Charakters verloren geht, den die Winzer w\u00fcnschen ihr Endprodukt.<\/p>\n<p>Structans Angebot an nicht-w\u00e4ssrigen Tanninen wird nur aus gealtertem Eichenholz mit dem typischen Charakter, der Tiefe und dem Profil gewonnen, die das Fassen mit sich bringt. Unsere Extrakte sind alle in fl\u00fcssiger Form, aber n\u00e4her am gew\u00fcnschten Mundgef\u00fchl, das Eichenholz mit sich bringt, sagen viele unserer Kunden, dass es weitaus besser ist als alles, was sie zuvor probiert haben<\/p>\n<\/div><\/div><\/div><div class=\"fusion-layout-column fusion_builder_column fusion-builder-column-5 fusion_builder_column_1_1 1_1 fusion-flex-column\" style=\"--awb-bg-size:cover;--awb-width-large:100%;--awb-margin-top-large:0px;--awb-spacing-right-large:1.92%;--awb-margin-bottom-large:40px;--awb-spacing-left-large:1.92%;--awb-width-medium:100%;--awb-order-medium:0;--awb-spacing-right-medium:1.92%;--awb-spacing-left-medium:1.92%;--awb-width-small:100%;--awb-order-small:0;--awb-spacing-right-small:1.92%;--awb-spacing-left-small:1.92%;\"><div class=\"fusion-column-wrapper fusion-column-has-shadow fusion-flex-justify-content-flex-start fusion-content-layout-column\"><div class=\"fusion-title title fusion-title-6 fusion-sep-none fusion-title-text fusion-title-size-three\"><h3 class=\"fusion-title-heading title-heading-left fusion-responsive-typography-calculated\" style=\"margin:0;--fontSize:32;line-height:1.25;\">MOLEKULARE WIRKUNG UNSERER LIQUID OAK RANGE<\/h3><\/div><div class=\"fusion-text fusion-text-7 awb-text-cols fusion-text-columns-2\" style=\"--awb-text-transform:none;--awb-columns:2;--awb-column-spacing:2em;--awb-column-min-width:100px;\"><p>Die Extrakte von Stoak liegen alle in hochkonzentrierter fl\u00fcssiger Form vor. Dies hat gro\u00dfe Vorteile f\u00fcr unsere Kunden, da es eine einfache Zugabe ohne Mischen, Zubereiten, Durcheinander oder Aufhebens bedeutet. Der Extrakt wirkt sofort, da er sofort auf molekularer Ebene in das Produkt eingreift und eine schnelle und vorhersehbare Integration erm\u00f6glicht.<\/p>\n<p>Es besteht keine Gefahr des Scalpings, die normalerweise mit Pulvern verbunden ist, keine langwierige Zirkulation bei Feststoffen und keine Notwendigkeit einer Nachfiltration.<\/p>\n<\/div><\/div><\/div><div class=\"fusion-layout-column fusion_builder_column fusion-builder-column-6 fusion_builder_column_1_1 1_1 fusion-flex-column\" style=\"--awb-bg-size:cover;--awb-width-large:100%;--awb-margin-top-large:0px;--awb-spacing-right-large:1.92%;--awb-margin-bottom-large:40px;--awb-spacing-left-large:1.92%;--awb-width-medium:100%;--awb-order-medium:0;--awb-spacing-right-medium:1.92%;--awb-spacing-left-medium:1.92%;--awb-width-small:100%;--awb-order-small:0;--awb-spacing-right-small:1.92%;--awb-spacing-left-small:1.92%;\"><div class=\"fusion-column-wrapper fusion-column-has-shadow fusion-flex-justify-content-flex-start fusion-content-layout-column\"><div class=\"fusion-title title fusion-title-7 fusion-sep-none fusion-title-text fusion-title-size-three\"><h3 class=\"fusion-title-heading title-heading-left fusion-responsive-typography-calculated\" style=\"margin:0;--fontSize:32;line-height:1.25;\">100% NAT\u00dcRLICH UND SICHER<\/h3><\/div><div class=\"fusion-text fusion-text-8 awb-text-cols fusion-text-columns-2\" style=\"--awb-text-transform:none;--awb-columns:2;--awb-column-spacing:2em;--awb-column-min-width:100px;\"><p>Alle unsere Produkte sind biologisch zertifiziert und als GRAS (Allgemein anerkannt als sicher) registriert, sie fallen in die Kategorie der unbedenklichen Farb-, Aroma- und Mischmaterialien und eignen sich f\u00fcr die Verwendung in einer Vielzahl von Lebensmitteln und Getr\u00e4nken.<\/p>\n<p>Bio-registriert zu sein bedeutet, dass Sie sich sicher sein k\u00f6nnen, dass unsere Produkte f\u00fcr die Verwendung in Ihren Produkten sicher sind und gleichzeitig sicherstellen, dass wir alle Bio-Zertifizierungen einhalten, die Sie haben oder beantragen.<\/p>\n<p>Stoak-Produkte tragen zus\u00e4tzliche Zertifizierungen, einschlie\u00dflich Nicht-Allergen, Nicht-GMO, Koscher, Schwermetall- und Pestizidfrei, Koscher, Halal und mehr.<\/p>\n<\/div><\/div><\/div><div class=\"fusion-layout-column fusion_builder_column fusion-builder-column-7 fusion_builder_column_1_1 1_1 fusion-flex-column\" style=\"--awb-bg-size:cover;--awb-width-large:100%;--awb-margin-top-large:0px;--awb-spacing-right-large:1.92%;--awb-margin-bottom-large:40px;--awb-spacing-left-large:1.92%;--awb-width-medium:100%;--awb-order-medium:0;--awb-spacing-right-medium:1.92%;--awb-spacing-left-medium:1.92%;--awb-width-small:100%;--awb-order-small:0;--awb-spacing-right-small:1.92%;--awb-spacing-left-small:1.92%;\"><div class=\"fusion-column-wrapper fusion-column-has-shadow fusion-flex-justify-content-flex-start fusion-content-layout-column\"><div class=\"fusion-title title fusion-title-8 fusion-sep-none fusion-title-text fusion-title-size-three\"><h3 class=\"fusion-title-heading title-heading-left fusion-responsive-typography-calculated\" style=\"margin:0;--fontSize:32;line-height:1.25;\">LAUFENDE FORSCHUNG UND ENTWICKLUNG<\/h3><\/div><div class=\"fusion-text fusion-text-9 awb-text-cols fusion-text-columns-2\" style=\"--awb-text-transform:none;--awb-columns:2;--awb-column-spacing:2em;--awb-column-min-width:100px;\"><p>Die Stoak-Organisation ist darauf ausgerichtet, das kontinuierliche Wissen, das Verst\u00e4ndnis und die Erweiterung unserer Absaugtechnologie und -produkte zu unterst\u00fctzen.<\/p>\n<p>Von unserem technischen Team bis hin zu unserer Vertriebs- und Kundenbetreuungsinfrastruktur entwickeln wir st\u00e4ndig die Anwendungs- und Absaugtechnik weiter.<\/p>\n<p>Unser Bestreben ist es, besser zu verstehen, wie die Natur in unserem Produkt wirkt und wie dies den Lebensmittel- und Getr\u00e4nkekunden dabei helfen kann, ihre aktuellen und zuk\u00fcnftigen Herausforderungen in der Produktentwicklung und Stabilit\u00e4t zu meistern und Kosten in wesentlichen Produktionsprozessen einzusparen.<\/p>\n<\/div><\/div><\/div><div class=\"fusion-layout-column fusion_builder_column fusion-builder-column-8 fusion_builder_column_1_2 1_2 fusion-flex-column\" style=\"--awb-bg-size:cover;--awb-width-large:50%;--awb-margin-top-large:0px;--awb-spacing-right-large:3.84%;--awb-margin-bottom-large:0px;--awb-spacing-left-large:3.84%;--awb-width-medium:100%;--awb-order-medium:0;--awb-spacing-right-medium:1.92%;--awb-spacing-left-medium:1.92%;--awb-width-small:100%;--awb-order-small:0;--awb-spacing-right-small:1.92%;--awb-spacing-left-small:1.92%;\"><div class=\"fusion-column-wrapper fusion-column-has-shadow fusion-flex-justify-content-flex-start fusion-content-layout-column\"><div class=\"fusion-title title fusion-title-9 fusion-sep-none fusion-title-text fusion-title-size-three\"><h3 class=\"fusion-title-heading title-heading-left fusion-responsive-typography-calculated\" style=\"margin:0;--fontSize:32;line-height:1.25;\">KEIN ZUS\u00c4TZLICHES GESCHMACK, FARBE ODER AROMA<\/h3><\/div><div class=\"fusion-text fusion-text-10\" style=\"--awb-text-transform:none;\"><p>Unsere Konservierungsprodukte wurden alle ausgiebig getestet, um sicherzustellen, dass sie Ihre bestehende Rezeptur oder Ihr Produktprofil in keiner Weise beeintr\u00e4chtigen.<\/p>\n<p>Die Stoak-Konservierungsstoffe wurden speziell formuliert und extrahiert, um sicherzustellen, dass wir nur auf die Kongenere, Tannine und Phenole abzielen, die speziell auf die Erhaltung und nicht auf den Geschmack ausgerichtet sind.<\/p>\n<p>Die Dosierraten sind extrem niedrig und es wurden Tests an extrem empfindlichen Lebensmitteltypen ohne erkennbare Ver\u00e4nderung durchgef\u00fchrt. Wir arbeiten eng mit allen unseren Kunden zusammen, um sicherzustellen, dass alle Bedenken in der Testphase ber\u00fccksichtigt werden.<\/p>\n<\/div><div class=\"fusion-title title fusion-title-10 fusion-sep-none fusion-title-text fusion-title-size-three\"><h3 class=\"fusion-title-heading title-heading-left fusion-responsive-typography-calculated\" style=\"margin:0;--fontSize:32;line-height:1.25;\">MASSGESCHNEIDERTE UNTERST\u00dcTZUNG UND TESTS<\/h3><\/div><div class=\"fusion-text fusion-text-11\" style=\"--awb-text-transform:none;\"><p>Stoak arbeitet regelm\u00e4\u00dfig mit seinen Kunden zusammen, um die einzigartigen Anforderungen ihrer Produktentwicklungsteams zu bewerten und zu testen. Dies umfasst Produktformulierung, Extraktvariantenanalyse sowie Produktanwendungstests.<\/p>\n<p>Wir haben Trail-Protokolle, Whitepaper und Programme eingerichtet, um eine vollst\u00e4ndige Bewertung und Pr\u00fcfung durchzuf\u00fchren, um unseren Kunden einen Konzeptnachweis und eine Stabilit\u00e4tsanalyse zu bieten. In allen F\u00e4llen arbeiten wir Hand in Hand mit dem Kunden zusammen, um die richtige Mischung von Inhaltsstoffen f\u00fcr die Verwendung in seinen Produkten zu entwickeln.<\/p>\n<\/div><\/div><\/div><div class=\"fusion-layout-column fusion_builder_column fusion-builder-column-9 fusion_builder_column_1_2 1_2 fusion-flex-column\" style=\"--awb-bg-position:center center;--awb-bg-size:cover;--awb-width-large:50%;--awb-margin-top-large:0px;--awb-spacing-right-large:3.84%;--awb-margin-bottom-large:0px;--awb-spacing-left-large:3.84%;--awb-width-medium:100%;--awb-order-medium:0;--awb-spacing-right-medium:1.92%;--awb-spacing-left-medium:1.92%;--awb-width-small:100%;--awb-order-small:0;--awb-spacing-right-small:1.92%;--awb-spacing-left-small:1.92%;\"><div class=\"fusion-column-wrapper lazyload fusion-column-has-shadow fusion-flex-justify-content-flex-start fusion-content-layout-column fusion-empty-column-bg-image fusion-column-has-bg-image\" data-bg-url=\"https:\/\/www.stoaktechnologies.com\/wp-content\/uploads\/2022\/02\/test-214185_1280.jpg\" data-bg=\"https:\/\/www.stoaktechnologies.com\/wp-content\/uploads\/2022\/02\/test-214185_1280.jpg\"><img decoding=\"async\" class=\"fusion-empty-dims-img-placeholder fusion-no-large-visibility\" aria-label=\"test-214185_1280\" src=\"data:image\/svg+xml,%3Csvg%20xmlns%3D%27http%3A%2F%2Fwww.w3.org%2F2000%2Fsvg%27%20width%3D%271280%27%20height%3D%27847%27%20viewBox%3D%270%200%201280%20847%27%3E%3Crect%20width%3D%271280%27%20height%3D%27847%27%20fill-opacity%3D%220%22%2F%3E%3C%2Fsvg%3E\"><\/div><\/div><\/div><\/div>","protected":false},"excerpt":{"rendered":"","protected":false},"author":1,"featured_media":2388,"parent":2390,"menu_order":0,"comment_status":"closed","ping_status":"closed","template":"100-width.php","meta":{"footnotes":""},"wf_page_folders":[41],"class_list":["post-1335","page","type-page","status-publish","has-post-thumbnail","hentry"],"_links":{"self":[{"href":"https:\/\/www.stoaktechnologies.com\/de\/wp-json\/wp\/v2\/pages\/1335","targetHints":{"allow":["GET"]}}],"collection":[{"href":"https:\/\/www.stoaktechnologies.com\/de\/wp-json\/wp\/v2\/pages"}],"about":[{"href":"https:\/\/www.stoaktechnologies.com\/de\/wp-json\/wp\/v2\/types\/page"}],"author":[{"embeddable":true,"href":"https:\/\/www.stoaktechnologies.com\/de\/wp-json\/wp\/v2\/users\/1"}],"replies":[{"embeddable":true,"href":"https:\/\/www.stoaktechnologies.com\/de\/wp-json\/wp\/v2\/comments?post=1335"}],"version-history":[{"count":32,"href":"https:\/\/www.stoaktechnologies.com\/de\/wp-json\/wp\/v2\/pages\/1335\/revisions"}],"predecessor-version":[{"id":4468,"href":"https:\/\/www.stoaktechnologies.com\/de\/wp-json\/wp\/v2\/pages\/1335\/revisions\/4468"}],"up":[{"embeddable":true,"href":"https:\/\/www.stoaktechnologies.com\/de\/wp-json\/wp\/v2\/pages\/2390"}],"wp:featuredmedia":[{"embeddable":true,"href":"https:\/\/www.stoaktechnologies.com\/de\/wp-json\/wp\/v2\/media\/2388"}],"wp:attachment":[{"href":"https:\/\/www.stoaktechnologies.com\/de\/wp-json\/wp\/v2\/media?parent=1335"}],"wp:term":[{"taxonomy":"wf_page_folders","embeddable":true,"href":"https:\/\/www.stoaktechnologies.com\/de\/wp-json\/wp\/v2\/wf_page_folders?post=1335"}],"curies":[{"name":"wp","href":"https:\/\/api.w.org\/{rel}","templated":true}]}}