{"id":1129,"date":"2021-02-01T14:34:57","date_gmt":"2021-02-01T14:34:57","guid":{"rendered":"https:\/\/www.stoaktechnologies.com\/?page_id=1129"},"modified":"2024-08-26T12:45:29","modified_gmt":"2024-08-26T12:45:29","slug":"sustainability","status":"publish","type":"page","link":"https:\/\/www.stoaktechnologies.com\/de\/sustainability\/","title":{"rendered":"Nachhaltigkeit"},"content":{"rendered":"<div class=\"fusion-fullwidth fullwidth-box fusion-builder-row-1 fusion-flex-container nonhundred-percent-fullwidth non-hundred-percent-height-scrolling\" style=\"--awb-background-position:left top;--awb-border-sizes-top:0px;--awb-border-sizes-bottom:0px;--awb-border-sizes-left:0px;--awb-border-sizes-right:0px;--awb-border-radius-top-left:0px;--awb-border-radius-top-right:0px;--awb-border-radius-bottom-right:0px;--awb-border-radius-bottom-left:0px;--awb-padding-top:60px;--awb-padding-bottom:0px;--awb-padding-left:0px;--awb-padding-right-small:13px;--awb-padding-left-small:19px;--awb-margin-bottom:0px;--awb-flex-wrap:wrap;\" ><div class=\"fusion-builder-row fusion-row fusion-flex-align-items-stretch fusion-flex-justify-content-center fusion-flex-content-wrap\" style=\"max-width:1216.8px;margin-left: calc(-4% \/ 2 );margin-right: calc(-4% \/ 2 );\"><div class=\"fusion-layout-column fusion_builder_column fusion-builder-column-0 fusion_builder_column_1_1 1_1 fusion-flex-column\" style=\"--awb-bg-blend:overlay;--awb-bg-size:cover;--awb-width-large:100%;--awb-margin-top-large:0px;--awb-spacing-right-large:1.92%;--awb-margin-bottom-large:40px;--awb-spacing-left-large:1.92%;--awb-width-medium:100%;--awb-order-medium:0;--awb-spacing-right-medium:1.92%;--awb-spacing-left-medium:1.92%;--awb-width-small:100%;--awb-order-small:0;--awb-spacing-right-small:1.92%;--awb-spacing-left-small:1.92%;\"><div class=\"fusion-column-wrapper fusion-column-has-shadow fusion-flex-justify-content-flex-start fusion-content-layout-column\"><div class=\"fusion-title title fusion-title-1 fusion-sep-none fusion-title-text fusion-title-size-one\"><h1 class=\"fusion-title-heading title-heading-left fusion-responsive-typography-calculated\" style=\"margin:0;--fontSize:50;line-height:1.16;\">NACHHALTIGKEIT<\/h1><\/div><div class=\"fusion-text fusion-text-1 payoff\" style=\"--awb-text-transform:none;\"><p>Am Eckpfeiler dessen, wer wir sind<\/p>\n<\/div><div class=\"fusion-text fusion-text-2\" style=\"--awb-text-transform:none;\"><p>Die Technologie von Stoak wurde auf der Grundlage der Schaffung nat\u00fcrlicher und organischer L\u00f6sungen f\u00fcr toxische und verschwenderische Lebensmittelpraktiken entwickelt. Die synthetischen, krebserregenden und nicht nachhaltigen Rohstoffe, die in \u00e4hnlichen Anwendungen verwendet werden, sind sch\u00e4dlich f\u00fcr Mensch und Umwelt, und wir streben danach, effiziente und gesunde L\u00f6sungen daf\u00fcr zu finden und gleichzeitig gut f\u00fcr den Planeten zu sein.<\/p>\n<\/div><\/div><\/div><div class=\"fusion-layout-column fusion_builder_column fusion-builder-column-1 fusion_builder_column_1_1 1_1 fusion-flex-column\" style=\"--awb-bg-size:cover;--awb-width-large:100%;--awb-margin-top-large:0px;--awb-spacing-right-large:1.92%;--awb-margin-bottom-large:40px;--awb-spacing-left-large:1.92%;--awb-width-medium:100%;--awb-order-medium:0;--awb-spacing-right-medium:1.92%;--awb-spacing-left-medium:1.92%;--awb-width-small:100%;--awb-order-small:0;--awb-spacing-right-small:1.92%;--awb-spacing-left-small:1.92%;\"><div class=\"fusion-column-wrapper fusion-column-has-shadow fusion-flex-justify-content-flex-start fusion-content-layout-column\"><div class=\"fusion-title title fusion-title-2 fusion-sep-none fusion-title-text fusion-title-size-three\"><h3 class=\"fusion-title-heading title-heading-left fusion-responsive-typography-calculated\" style=\"margin:0;--fontSize:32;line-height:1.25;\">NAT\u00dcRLICHE KONSERVIERUNG<\/h3><\/div><div class=\"fusion-text fusion-text-3 awb-text-cols fusion-text-columns-2\" style=\"--awb-text-transform:none;--awb-columns:2;--awb-column-spacing:2em;--awb-column-min-width:100px;\"><p>Moderne Lebensmittel- und Getr\u00e4nkekonservierungsmittel reichen von allgemein ungesund bis hin zu solchen, die im Verdacht stehen, gef\u00e4hrlich zu sein. Durch den Fortschritt der Lebensmittel- und Gesundheitswissenschaften wurden viele Konservierungsstoffe, die in der Vergangenheit verwendet wurden, jetzt wegen ihrer bekannten Gefahr verboten. \u00dcbliche Konservierungsmittel sind Benzoate, Sorbate \u2013 einschlie\u00dflich Kaliumsorbat, Propionate, Nitrite und Sulfite.<\/p>\n<p>Keines davon kann vern\u00fcnftigerweise als nat\u00fcrlich angesehen werden und viele haben bekannte Allergie- und Gesundheitsprobleme. Alle Konservierungsextrakte von Stoaks sind nat\u00fcrlich und biologisch und eine weitaus ges\u00fcndere Alternative zu handels\u00fcblichen Wirkstoffen.<\/p>\n<\/div><\/div><\/div><div class=\"fusion-layout-column fusion_builder_column fusion-builder-column-2 fusion_builder_column_1_2 1_2 fusion-flex-column\" style=\"--awb-bg-size:cover;--awb-width-large:50%;--awb-margin-top-large:0px;--awb-spacing-right-large:3.84%;--awb-margin-bottom-large:40px;--awb-spacing-left-large:3.84%;--awb-width-medium:100%;--awb-order-medium:0;--awb-spacing-right-medium:1.92%;--awb-spacing-left-medium:1.92%;--awb-width-small:100%;--awb-order-small:0;--awb-spacing-right-small:1.92%;--awb-spacing-left-small:1.92%;\"><div class=\"fusion-column-wrapper fusion-column-has-shadow fusion-flex-justify-content-flex-start fusion-content-layout-column\"><div class=\"fusion-title title fusion-title-3 fusion-sep-none fusion-title-text fusion-title-size-three\"><h3 class=\"fusion-title-heading title-heading-left fusion-responsive-typography-calculated\" style=\"margin:0;--fontSize:32;line-height:1.25;\">EMISSIONEN REDUZIEREN<\/h3><\/div><div class=\"fusion-text fusion-text-4\" style=\"--awb-text-transform:none;\"><p>Die Strukturierungsmittel von Stoak wirken auf die gleiche Weise wie F\u00e4sser bei der Reifung von Wein und Spirituosen. Die EPA beschreibt die w\u00e4hrend der Reifung freigesetzten fl\u00fcchtigen organischen Verbindungen, die haupts\u00e4chlich aus Ethanol bestehen und je nach L\u00e4nge und in Mengen von bis zu 181 TP1T Fassvolumen betragen Bedingungen des Alterns. Dies bedeutet, dass ein durchschnittliches Fass durch die Verwendung der WLT-150-Produktreihe zu einer durchschnittlichen Einsparung von 50 l Ethanol pro Fass f\u00fchren kann.<\/p>\n<\/div><div class=\"fusion-title title fusion-title-4 fusion-sep-none fusion-title-text fusion-title-size-three\"><h3 class=\"fusion-title-heading title-heading-left fusion-responsive-typography-calculated\" style=\"margin:0;--fontSize:32;line-height:1.25;\">BETRIEBSPRAXIS<\/h3><\/div><div class=\"fusion-text fusion-text-5\" style=\"--awb-text-transform:none;\"><p>Bei Stoak unterliegen unsere Gesch\u00e4fts-, Herstellungs-, Lagerungs-, Verpackungs- und Verkaufspraktiken einem strengen Kodex ethischer und verantwortungsvoller Prinzipien. Vieles davon wird durch Umweltzertifizierung und -validierung gepr\u00fcft, unsere Leitprinzipien f\u00fcr Verhalten und Entscheidungsfindung innerhalb des Unternehmens werden jedoch von einem Kernfokus auf solide Umweltpraktiken und der Entwicklung eines Unternehmens angetrieben, das der Umwelt, unseren Gemeinschaften und der Gesellschaft zugute kommt ganz. Wir haben dieses Unternehmen auf Grundlage dieser Prinzipien gegr\u00fcndet und verwenden sie w\u00e4hrend unseres Wachstums t\u00e4glich, um uns als Leitfaden f\u00fcr unsere Verantwortung f\u00fcr einen l\u00e4ngerfristig ges\u00fcnderen und gl\u00fccklicheren Planeten zu dienen.<\/p>\n<\/div><\/div><\/div><div class=\"fusion-layout-column fusion_builder_column fusion-builder-column-3 fusion_builder_column_1_2 1_2 fusion-flex-column\" style=\"--awb-bg-position:center center;--awb-bg-size:cover;--awb-width-large:50%;--awb-margin-top-large:0px;--awb-spacing-right-large:3.84%;--awb-margin-bottom-large:40px;--awb-spacing-left-large:3.84%;--awb-width-medium:100%;--awb-order-medium:0;--awb-spacing-right-medium:1.92%;--awb-spacing-left-medium:1.92%;--awb-width-small:100%;--awb-order-small:0;--awb-spacing-right-small:1.92%;--awb-spacing-left-small:1.92%;\"><div class=\"fusion-column-wrapper lazyload fusion-column-has-shadow fusion-flex-justify-content-flex-start fusion-content-layout-column fusion-empty-column-bg-image fusion-column-has-bg-image\" data-bg-url=\"https:\/\/www.stoaktechnologies.com\/wp-content\/uploads\/2021\/02\/wind-farm.jpg\" data-bg=\"https:\/\/www.stoaktechnologies.com\/wp-content\/uploads\/2021\/02\/wind-farm.jpg\"><img decoding=\"async\" class=\"fusion-empty-dims-img-placeholder fusion-no-large-visibility\" aria-label=\"Windpark\" src=\"data:image\/svg+xml,%3Csvg%20xmlns%3D%27http%3A%2F%2Fwww.w3.org%2F2000%2Fsvg%27%20width%3D%27960%27%20height%3D%27635%27%20viewBox%3D%270%200%20960%20635%27%3E%3Crect%20width%3D%27960%27%20height%3D%27635%27%20fill-opacity%3D%220%22%2F%3E%3C%2Fsvg%3E\"><\/div><\/div><div class=\"fusion-layout-column fusion_builder_column fusion-builder-column-4 fusion_builder_column_1_1 1_1 fusion-flex-column\" style=\"--awb-bg-size:cover;--awb-width-large:100%;--awb-margin-top-large:0px;--awb-spacing-right-large:1.92%;--awb-margin-bottom-large:40px;--awb-spacing-left-large:1.92%;--awb-width-medium:100%;--awb-order-medium:0;--awb-spacing-right-medium:1.92%;--awb-spacing-left-medium:1.92%;--awb-width-small:100%;--awb-order-small:0;--awb-spacing-right-small:1.92%;--awb-spacing-left-small:1.92%;\"><div class=\"fusion-column-wrapper fusion-column-has-shadow fusion-flex-justify-content-flex-start fusion-content-layout-column\"><div class=\"fusion-title title fusion-title-5 fusion-sep-none fusion-title-text fusion-title-size-three\"><h3 class=\"fusion-title-heading title-heading-left fusion-responsive-typography-calculated\" style=\"margin:0;--fontSize:32;line-height:1.25;\">BESCHAFFUNG<\/h3><\/div><div class=\"fusion-text fusion-text-6 awb-text-cols fusion-text-columns-2\" style=\"--awb-text-transform:none;--awb-columns:2;--awb-column-spacing:2em;--awb-column-min-width:100px;\"><p>Stoak verf\u00fcgt \u00fcber ein etabliertes Beschaffungsprotokoll, um sicherzustellen, dass alle Lieferanten des Unternehmens ein Mindestma\u00df an sozialer und \u00f6kologischer Compliance einhalten. Wir erkennen an, dass nicht nur unsere Praktiken die Umweltverantwortung bestimmen, sondern auch die unserer nachgelagerten Partner.<\/p>\n<p>Wir haben Zeit und Geld in die Zusammenarbeit mit allen unseren Partnern investiert, um solide Betriebspraktiken und Aktivit\u00e4ten zu etablieren, die sowohl rechenschaftspflichtig als auch verantwortungsbewusst sind.<\/p>\n<\/div><\/div><\/div><\/div><\/div>","protected":false},"excerpt":{"rendered":"","protected":false},"author":1,"featured_media":2379,"parent":0,"menu_order":27,"comment_status":"closed","ping_status":"closed","template":"100-width.php","meta":{"footnotes":""},"wf_page_folders":[41],"class_list":["post-1129","page","type-page","status-publish","has-post-thumbnail","hentry"],"_links":{"self":[{"href":"https:\/\/www.stoaktechnologies.com\/de\/wp-json\/wp\/v2\/pages\/1129","targetHints":{"allow":["GET"]}}],"collection":[{"href":"https:\/\/www.stoaktechnologies.com\/de\/wp-json\/wp\/v2\/pages"}],"about":[{"href":"https:\/\/www.stoaktechnologies.com\/de\/wp-json\/wp\/v2\/types\/page"}],"author":[{"embeddable":true,"href":"https:\/\/www.stoaktechnologies.com\/de\/wp-json\/wp\/v2\/users\/1"}],"replies":[{"embeddable":true,"href":"https:\/\/www.stoaktechnologies.com\/de\/wp-json\/wp\/v2\/comments?post=1129"}],"version-history":[{"count":29,"href":"https:\/\/www.stoaktechnologies.com\/de\/wp-json\/wp\/v2\/pages\/1129\/revisions"}],"predecessor-version":[{"id":5264,"href":"https:\/\/www.stoaktechnologies.com\/de\/wp-json\/wp\/v2\/pages\/1129\/revisions\/5264"}],"wp:featuredmedia":[{"embeddable":true,"href":"https:\/\/www.stoaktechnologies.com\/de\/wp-json\/wp\/v2\/media\/2379"}],"wp:attachment":[{"href":"https:\/\/www.stoaktechnologies.com\/de\/wp-json\/wp\/v2\/media?parent=1129"}],"wp:term":[{"taxonomy":"wf_page_folders","embeddable":true,"href":"https:\/\/www.stoaktechnologies.com\/de\/wp-json\/wp\/v2\/wf_page_folders?post=1129"}],"curies":[{"name":"wp","href":"https:\/\/api.w.org\/{rel}","templated":true}]}}