{"id":1076,"date":"2021-02-01T11:10:43","date_gmt":"2021-02-01T11:10:43","guid":{"rendered":"https:\/\/www.stoaktechnologies.com\/?page_id=1076"},"modified":"2024-08-26T12:46:25","modified_gmt":"2024-08-26T12:46:25","slug":"expertise","status":"publish","type":"page","link":"https:\/\/www.stoaktechnologies.com\/de\/expertise\/","title":{"rendered":"Sachverstand"},"content":{"rendered":"<div class=\"fusion-fullwidth fullwidth-box fusion-builder-row-1 fusion-flex-container nonhundred-percent-fullwidth non-hundred-percent-height-scrolling\" style=\"--awb-background-position:left top;--awb-border-sizes-top:0px;--awb-border-sizes-bottom:0px;--awb-border-sizes-left:0px;--awb-border-sizes-right:0px;--awb-border-radius-top-left:0px;--awb-border-radius-top-right:0px;--awb-border-radius-bottom-right:0px;--awb-border-radius-bottom-left:0px;--awb-padding-top:60px;--awb-padding-bottom:0px;--awb-padding-left:0px;--awb-padding-right-small:13px;--awb-padding-left-small:19px;--awb-margin-bottom:0px;--awb-flex-wrap:wrap;\" ><div class=\"fusion-builder-row fusion-row fusion-flex-align-items-stretch fusion-flex-justify-content-center fusion-flex-content-wrap\" style=\"max-width:1216.8px;margin-left: calc(-4% \/ 2 );margin-right: calc(-4% \/ 2 );\"><div class=\"fusion-layout-column fusion_builder_column fusion-builder-column-0 fusion_builder_column_1_1 1_1 fusion-flex-column\" style=\"--awb-bg-blend:overlay;--awb-bg-size:cover;--awb-width-large:100%;--awb-margin-top-large:0px;--awb-spacing-right-large:1.92%;--awb-margin-bottom-large:40px;--awb-spacing-left-large:1.92%;--awb-width-medium:100%;--awb-order-medium:0;--awb-spacing-right-medium:1.92%;--awb-spacing-left-medium:1.92%;--awb-width-small:100%;--awb-order-small:0;--awb-spacing-right-small:1.92%;--awb-spacing-left-small:1.92%;\"><div class=\"fusion-column-wrapper fusion-column-has-shadow fusion-flex-justify-content-flex-start fusion-content-layout-column\"><div class=\"fusion-title title fusion-title-1 fusion-sep-none fusion-title-text fusion-title-size-one\"><h1 class=\"fusion-title-heading title-heading-left fusion-responsive-typography-calculated\" style=\"margin:0;--fontSize:50;line-height:1.16;\">SACHVERSTAND<\/h1><\/div><div class=\"fusion-text fusion-text-1 payoff\" style=\"--awb-text-transform:none;\"><p>Das Fundament unserer Produkte<\/p>\n<\/div><div class=\"fusion-text fusion-text-2\" style=\"--awb-text-transform:none;\"><p>Stoak erforscht und testet seine nat\u00fcrlichen Extrakte seit \u00fcber 15 Jahren und entwickelt pr\u00e4zise Extraktionsverfahren, die sowohl nat\u00fcrlich als auch hochwirksam sind, um die wichtigsten Kongenere und Wirkstoffe zu isolieren, die Getr\u00e4nkeprodukte ver\u00e4ndern k\u00f6nnen.<\/p>\n<\/div><\/div><\/div><div class=\"fusion-layout-column fusion_builder_column fusion-builder-column-1 fusion_builder_column_1_1 1_1 fusion-flex-column\" style=\"--awb-bg-size:cover;--awb-width-large:100%;--awb-margin-top-large:0px;--awb-spacing-right-large:1.92%;--awb-margin-bottom-large:40px;--awb-spacing-left-large:1.92%;--awb-width-medium:100%;--awb-order-medium:0;--awb-spacing-right-medium:1.92%;--awb-spacing-left-medium:1.92%;--awb-width-small:100%;--awb-order-small:0;--awb-spacing-right-small:1.92%;--awb-spacing-left-small:1.92%;\"><div class=\"fusion-column-wrapper fusion-column-has-shadow fusion-flex-justify-content-flex-start fusion-content-layout-column\"><div class=\"fusion-title title fusion-title-2 fusion-sep-none fusion-title-text fusion-title-size-three\"><h3 class=\"fusion-title-heading title-heading-left fusion-responsive-typography-calculated\" style=\"margin:0;--fontSize:32;line-height:1.25;\">MODERNE LEBENSMITTELL\u00d6SUNGEN<\/h3><\/div><div class=\"fusion-text fusion-text-3 awb-text-cols fusion-text-columns-2\" style=\"--awb-text-transform:none;--awb-columns:2;--awb-column-spacing:2em;--awb-column-min-width:100px;\"><p>Kunden- und regulatorische Anforderungen an die Lebensmittel- und Getr\u00e4nkeindustrie sind dynamisch und herausfordernd. Die Nachfrage nach ges\u00fcnderen, nat\u00fcrlicheren und nicht-synthetischen L\u00f6sungen belastet Unternehmen zunehmend, innovativ zu sein und st\u00e4ndig neue L\u00f6sungen zu entwickeln, um der sich \u00e4ndernden Nachfrage gerecht zu werden.<\/p>\n<p>Stoak arbeitet seit vielen Jahren mit Kunden aus der Lebensmittelindustrie zusammen, um neue und innovative Anwendungen f\u00fcr unsere Eichenholzextrakte zu schaffen. Wir haben unsere Technologie in einer Vielzahl von Branchen eingesetzt, in denen Kunden nach einzigartigen L\u00f6sungen f\u00fcr Probleme gesucht haben, die herk\u00f6mmliche Ans\u00e4tze einfach nicht l\u00f6sen konnten.<\/p>\n<\/div><\/div><\/div><div class=\"fusion-layout-column fusion_builder_column fusion-builder-column-2 fusion_builder_column_1_2 1_2 fusion-flex-column\" style=\"--awb-bg-size:cover;--awb-width-large:50%;--awb-margin-top-large:0px;--awb-spacing-right-large:3.84%;--awb-margin-bottom-large:40px;--awb-spacing-left-large:3.84%;--awb-width-medium:100%;--awb-order-medium:0;--awb-spacing-right-medium:1.92%;--awb-spacing-left-medium:1.92%;--awb-width-small:100%;--awb-order-small:0;--awb-spacing-right-small:1.92%;--awb-spacing-left-small:1.92%;\"><div class=\"fusion-column-wrapper fusion-column-has-shadow fusion-flex-justify-content-flex-start fusion-content-layout-column\"><div class=\"fusion-title title fusion-title-3 fusion-sep-none fusion-title-text fusion-title-size-three\"><h3 class=\"fusion-title-heading title-heading-left fusion-responsive-typography-calculated\" style=\"margin:0;--fontSize:32;line-height:1.25;\">EINE INVESTITION IN DIE ZUKUNFT<\/h3><\/div><div class=\"fusion-text fusion-text-4\" style=\"--awb-text-transform:none;\"><p>Stoak hat in umfangreiche Technologie, Rohstoffe und Infrastruktur investiert, um sicherzustellen, dass die von uns verkauften Produkte dem Ethos der Reinheit und Konservierung entsprechen. Wir glauben, dass die Lebensmittel und Getr\u00e4nke, die wir konsumieren, so nah an der Natur sein sollten, wie es die Natur vorgesehen hat. Aus diesem Grund werden alle unsere Rohstoffe nachhaltig und verantwortungsvoll angebaut und gepflegt.<\/p>\n<p>Ebenso verwendet unser Produktionsprozess keine Chemikalien oder nicht-nat\u00fcrlichen Inhaltsstoffe, unser Extraktionsprozess ist zwar komplex, aber ganz auf das einzige Ziel ausgerichtet, nachhaltig, sensibel und nat\u00fcrlich ohne alle synthetischen oder unnat\u00fcrlichen Inputs und Prozesse zu sein.<\/p>\n<p>Wir treffen uns regelm\u00e4\u00dfig mit unseren Lieferanten, um sicherzustellen, dass unsere Qualit\u00e4tskette der Inputs aufrechterhalten wird, damit wir unseren Kunden und ihren Kunden weiterhin die hochwertigsten nat\u00fcrlichen Extrakte und L\u00f6sungen garantieren k\u00f6nnen.<\/p>\n<\/div><div class=\"fusion-title title fusion-title-4 fusion-sep-none fusion-title-text fusion-title-size-three\"><h3 class=\"fusion-title-heading title-heading-left fusion-responsive-typography-calculated\" style=\"margin:0;--fontSize:32;line-height:1.25;\">QUALIT\u00c4TSSTANDARDS UND PRAXIS<\/h3><\/div><div class=\"fusion-text fusion-text-5\" style=\"--awb-text-transform:none;\"><p>Wir konzentrieren uns in unserer gesamten Organisation auf Qualit\u00e4tsstandards, die in unseren Prozessen, unserer Einstellung und unseren Zertifizierungen verankert sind.<\/p>\n<p>Die vollst\u00e4ndige Einhaltung der Lebensmittelstandards und die Nachverfolgung w\u00e4hrend des gesamten Prozesses sind von entscheidender Bedeutung, ebenso wie die Analyse und Analyse jeder einzelnen produzierten Charge.<\/p>\n<p>Wir arbeiten Hand in Hand mit unseren globalen Vertriebspartnern und Kunden, um sicherzustellen, dass dies \u00fcber die gesamte Lieferkette bis hin zum fertigen Lebensmittel- oder Getr\u00e4nkeprodukt aufrechterhalten wird.<\/p>\n<\/div><\/div><\/div><div class=\"fusion-layout-column fusion_builder_column fusion-builder-column-3 fusion_builder_column_1_2 1_2 fusion-flex-column\" style=\"--awb-bg-position:center center;--awb-bg-size:cover;--awb-width-large:50%;--awb-margin-top-large:0px;--awb-spacing-right-large:3.84%;--awb-margin-bottom-large:40px;--awb-spacing-left-large:3.84%;--awb-width-medium:100%;--awb-order-medium:0;--awb-spacing-right-medium:1.92%;--awb-spacing-left-medium:1.92%;--awb-width-small:100%;--awb-order-small:0;--awb-spacing-right-small:1.92%;--awb-spacing-left-small:1.92%;\"><div class=\"fusion-column-wrapper lazyload fusion-column-has-shadow fusion-flex-justify-content-flex-start fusion-content-layout-column fusion-empty-column-bg-image fusion-column-has-bg-image\" data-bg-url=\"https:\/\/www.stoaktechnologies.com\/wp-content\/uploads\/2021\/02\/RD-e1612189914882.jpg\" data-bg=\"https:\/\/www.stoaktechnologies.com\/wp-content\/uploads\/2021\/02\/RD-e1612189914882.jpg\"><img decoding=\"async\" class=\"fusion-empty-dims-img-placeholder fusion-no-large-visibility\" aria-label=\"F&amp;E\" src=\"data:image\/svg+xml,%3Csvg%20xmlns%3D%27http%3A%2F%2Fwww.w3.org%2F2000%2Fsvg%27%20width%3D%27348%27%20height%3D%27348%27%20viewBox%3D%270%200%20348%20348%27%3E%3Crect%20width%3D%27348%27%20height%3D%27348%27%20fill-opacity%3D%220%22%2F%3E%3C%2Fsvg%3E\"><\/div><\/div><div class=\"fusion-layout-column fusion_builder_column fusion-builder-column-4 fusion_builder_column_1_1 1_1 fusion-flex-column\" style=\"--awb-bg-size:cover;--awb-width-large:100%;--awb-margin-top-large:0px;--awb-spacing-right-large:1.92%;--awb-margin-bottom-large:0px;--awb-spacing-left-large:1.92%;--awb-width-medium:100%;--awb-order-medium:0;--awb-spacing-right-medium:1.92%;--awb-spacing-left-medium:1.92%;--awb-width-small:100%;--awb-order-small:0;--awb-spacing-right-small:1.92%;--awb-spacing-left-small:1.92%;\"><div class=\"fusion-column-wrapper fusion-column-has-shadow fusion-flex-justify-content-flex-start fusion-content-layout-column\"><div class=\"fusion-title title fusion-title-5 fusion-sep-none fusion-title-text fusion-title-size-three\"><h3 class=\"fusion-title-heading title-heading-left fusion-responsive-typography-calculated\" style=\"margin:0;--fontSize:32;line-height:1.25;\">COMPLIANCE, AKKREDITIERUNG UND GENEHMIGUNGEN<\/h3><\/div><div class=\"fusion-text fusion-text-6 awb-text-cols fusion-text-columns-2\" style=\"--awb-text-transform:none;--awb-columns:2;--awb-column-spacing:2em;--awb-column-min-width:100px;\"><p>Stoak hat erhebliche Anstrengungen unternommen, um sicherzustellen, dass alle Lebensmittel- und Getr\u00e4nkesicherheits- und Qualit\u00e4tsvorschriften eingehalten werden. Diese strengen Kontrollen und Vorschriften decken ein breites Spektrum von Handels- und Produktionsbereichen ab, von unseren Prozessen bis hin zu unseren Track-and-Trace-, Qualit\u00e4ts- und Sicherheitsmanagementsystemen. Diese Registrierungen sollen nicht nur grundlegende Standards erf\u00fcllen, sondern sind ein Eckpfeiler unseres Engagements f\u00fcr unsere Kunden und deren Kunden.<\/p>\n<p>Alle Konformit\u00e4ten werden j\u00e4hrlich von akkreditierten und autorisierten unabh\u00e4ngigen Validierungsunternehmen gepr\u00fcft, \u00fcberpr\u00fcft und abgezeichnet.<\/p>\n<p>Stoak hat die folgende Konformit\u00e4t erreicht, wobei alle Konformit\u00e4ten aktuell und lizenziert sind, ohne dass wesentliche Angelegenheiten bekannt sind.<\/p>\n<\/div><\/div><\/div><div class=\"fusion-layout-column fusion_builder_column fusion-builder-column-5 fusion_builder_column_1_1 1_1 fusion-flex-column\" style=\"--awb-bg-size:cover;--awb-width-large:100%;--awb-margin-top-large:0px;--awb-spacing-right-large:1.92%;--awb-margin-bottom-large:40px;--awb-spacing-left-large:1.92%;--awb-width-medium:100%;--awb-order-medium:0;--awb-spacing-right-medium:1.92%;--awb-spacing-left-medium:1.92%;--awb-width-small:100%;--awb-order-small:0;--awb-spacing-right-small:1.92%;--awb-spacing-left-small:1.92%;\"><div class=\"fusion-column-wrapper fusion-column-has-shadow fusion-flex-justify-content-flex-start fusion-content-layout-column\"><div class=\"fusion-title title fusion-title-6 fusion-sep-none fusion-title-text fusion-title-size-three\"><h3 class=\"fusion-title-heading title-heading-left fusion-responsive-typography-calculated\" style=\"margin:0;--fontSize:32;line-height:1.25;\">MASSGESCHNEIDERTE UNTERST\u00dcTZUNG UND TESTS<\/h3><\/div><div class=\"fusion-text fusion-text-7 awb-text-cols fusion-text-columns-2\" style=\"--awb-text-transform:none;--awb-columns:2;--awb-column-spacing:2em;--awb-column-min-width:100px;\"><p>Stoak arbeitet regelm\u00e4\u00dfig mit seinen Kunden zusammen, um die einzigartigen Anforderungen ihrer Produktentwicklungsteams zu bewerten und zu testen. Dies umfasst Produktformulierung, Extraktvariantenanalyse sowie Produktanwendungstests.<\/p>\n<p>Wir haben Trail-Protokolle, Whitepaper und Programme eingerichtet, um eine vollst\u00e4ndige Bewertung und Pr\u00fcfung durchzuf\u00fchren, um unseren Kunden einen Konzeptnachweis und eine Stabilit\u00e4tsanalyse zu bieten. In allen F\u00e4llen arbeiten wir Hand in Hand mit dem Kunden zusammen, um die richtige Mischung von Inhaltsstoffen f\u00fcr die Verwendung in seinen Produkten zu entwickeln.<\/p>\n<\/div><\/div><\/div><div class=\"fusion-layout-column fusion_builder_column fusion-builder-column-6 fusion_builder_column_1_1 1_1 fusion-flex-column\" style=\"--awb-bg-size:cover;--awb-width-large:100%;--awb-margin-top-large:0px;--awb-spacing-right-large:1.92%;--awb-margin-bottom-large:0px;--awb-spacing-left-large:1.92%;--awb-width-medium:100%;--awb-order-medium:0;--awb-spacing-right-medium:1.92%;--awb-spacing-left-medium:1.92%;--awb-width-small:100%;--awb-order-small:0;--awb-spacing-right-small:1.92%;--awb-spacing-left-small:1.92%;\"><div class=\"fusion-column-wrapper fusion-column-has-shadow fusion-flex-justify-content-flex-start fusion-content-layout-column\"><div class=\"fusion-title title fusion-title-7 fusion-sep-none fusion-title-text fusion-title-size-three\"><h3 class=\"fusion-title-heading title-heading-left fusion-responsive-typography-calculated\" style=\"margin:0;--fontSize:32;line-height:1.25;\">LAUFENDE FORSCHUNG UND ENTWICKLUNG<\/h3><\/div><div class=\"fusion-text fusion-text-8 awb-text-cols fusion-text-columns-2\" style=\"--awb-text-transform:none;--awb-columns:2;--awb-column-spacing:2em;--awb-column-min-width:100px;\"><p>Die Stoak-Organisation ist darauf ausgerichtet, das kontinuierliche Wissen, das Verst\u00e4ndnis und die Erweiterung unserer Absaugtechnologie und -produkte zu unterst\u00fctzen.<\/p>\n<p>Von unserem technischen Team bis hin zu unserer Vertriebs- und Kundenbetreuungsinfrastruktur entwickeln wir st\u00e4ndig die Anwendungs- und Absaugtechnik weiter.<\/p>\n<p>Unser Bestreben ist es, besser zu verstehen, wie die Natur in unserem Produkt wirkt und wie dies den Lebensmittel- und Getr\u00e4nkekunden dabei helfen kann, ihre aktuellen und zuk\u00fcnftigen Herausforderungen in der Produktentwicklung und Stabilit\u00e4t zu meistern und Kosten in wesentlichen Produktionsprozessen einzusparen.<\/p>\n<\/div><\/div><\/div><\/div><\/div>","protected":false},"excerpt":{"rendered":"","protected":false},"author":1,"featured_media":2422,"parent":0,"menu_order":10,"comment_status":"closed","ping_status":"closed","template":"100-width.php","meta":{"footnotes":""},"wf_page_folders":[41],"class_list":["post-1076","page","type-page","status-publish","has-post-thumbnail","hentry"],"_links":{"self":[{"href":"https:\/\/www.stoaktechnologies.com\/de\/wp-json\/wp\/v2\/pages\/1076","targetHints":{"allow":["GET"]}}],"collection":[{"href":"https:\/\/www.stoaktechnologies.com\/de\/wp-json\/wp\/v2\/pages"}],"about":[{"href":"https:\/\/www.stoaktechnologies.com\/de\/wp-json\/wp\/v2\/types\/page"}],"author":[{"embeddable":true,"href":"https:\/\/www.stoaktechnologies.com\/de\/wp-json\/wp\/v2\/users\/1"}],"replies":[{"embeddable":true,"href":"https:\/\/www.stoaktechnologies.com\/de\/wp-json\/wp\/v2\/comments?post=1076"}],"version-history":[{"count":48,"href":"https:\/\/www.stoaktechnologies.com\/de\/wp-json\/wp\/v2\/pages\/1076\/revisions"}],"predecessor-version":[{"id":4438,"href":"https:\/\/www.stoaktechnologies.com\/de\/wp-json\/wp\/v2\/pages\/1076\/revisions\/4438"}],"wp:featuredmedia":[{"embeddable":true,"href":"https:\/\/www.stoaktechnologies.com\/de\/wp-json\/wp\/v2\/media\/2422"}],"wp:attachment":[{"href":"https:\/\/www.stoaktechnologies.com\/de\/wp-json\/wp\/v2\/media?parent=1076"}],"wp:term":[{"taxonomy":"wf_page_folders","embeddable":true,"href":"https:\/\/www.stoaktechnologies.com\/de\/wp-json\/wp\/v2\/wf_page_folders?post=1076"}],"curies":[{"name":"wp","href":"https:\/\/api.w.org\/{rel}","templated":true}]}}